{"id":999,"date":"2017-04-27T10:33:38","date_gmt":"2017-04-27T12:36:57","guid":{"rendered":"http:\/\/getanabolics.biz\/product\/boldenone-100-1-doos-met-10-ampullen-elke-versterker-bevat-100-mg-boldenone-undecylenate-koop\/"},"modified":"2018-01-18T08:23:24","modified_gmt":"2018-01-18T08:23:24","slug":"boldenone-100-1-box-of-10-ampoules-each-amp-contains-100-mg-boldenone-undecylenate","status":"publish","type":"product","link":"https:\/\/getanabolics.biz\/nl\/product\/boldenone-100-1-box-of-10-ampoules-each-amp-contains-100-mg-boldenone-undecylenate\/","title":{"rendered":"Boldenone 100 &#8211; Maxtreme"},"content":{"rendered":"<h2>Kopen Boldenone 100 &#8211; Maxtreme (Bold-One)<\/h2>\n<p><a title=\"Kopen Boldenone 100 in GetAnabolics\"><img src=\"http:\/\/getanabolics.biz\/images\/boldmax-400-10-la.jpg\" alt=\"Boldenone 100\" width=\"30%\" align=\"right\" \/><\/a><br \/>\n<em>Voor degenen die op zoek is naar Boldenone 100 en vraagt u zich af waar te kopen Boldenone 100 van Maxtreme contractuele wij bieden Bold-One als de beste keuze voor echte bodybuilders.<\/em><br \/>\n<em> Van nu af aan een grote verscheidenheid van injecteerbare stero\u00efden en orale stero\u00efden en post-cyclus therapie van Maxtreme kan worden gekocht op <b>GetAnabolics<\/b>. Wij blij met de invoering van de nieuwe Boldenone 100 van <span style=\"font-weight: bold;\">Maxtreme<\/span>.<\/em><br \/>\n<em> Alle producten die wij aanbieden zijn gemaakt van authentieke, hoge kwaliteit stoffen en hebben een doel: om mensen te helpen winnen spiermassa, algehele kracht, om vet te verbranden en hen te helpen op het pad naar lichamelijke perfectie. Om tot een constructieve en beschaafde verbinding met onze klanten maken we maximale inspanningen te verzekeren van een kwalitatief hoge dienstverlening en zal de aanpak van elke persoon die adres van onze winkel met beleefdheid en respect.<\/em><br \/>\n<em> Het opbouwen en onderhouden van een prachtige lichaam door een combinatie van methoden. Een goede voeding komt op de eerste plaats in de lijst van essenti\u00eble componenten die nodig zijn door het lichaam. Ten tweede, zorg ervoor dat je altijd kopen en gebruik maken van de wettelijke stero\u00efden online niet alleen om te voorkomen dat het conflict met de wet, maar belangrijker nog, om te voorkomen dat de gezondheid van complicaties.<\/em><br \/>\n<em> <span style=\"font-weight: bold;\">GetAnabolics.Biz<\/span> is de online stero\u00efde leverancier speciaal gemaakt en gewijd om elke sporter en bodybuilder met de beste <span style=\"font-weight: bold;\">anabolic steroids<\/span> tegen lage prijzen. We hebben gekozen voor de meest betrouwbare merken om samen te werken om te zorgen voor een veilige, eerlijke en top-notch stero\u00efden aan onze klanten.<\/em><br \/>\n<em> Verzendkosten stero\u00efden zeer veilig is de belangrijkste zorg voor de levering van stero\u00efden wereldwijd. Onze discrete verzending garandeert dat niemand anders weet dat u het kopen van stero\u00efden online.<\/em><\/p>\n<h2>Meer Boldenone 100 Maxtreme Informatie<\/h2>\n<p><b>1 doos met 10 ampullen, elke versterker bevat 100 mg Boldenone Undecylenate<\/b><br \/>\n<strong>Farmaceutische Naam:<\/strong> Boldenone Undecylenate<br \/>\n<strong>Moleculair gewicht van de basis<\/strong>: 286.4132<br \/>\n<strong>Moleculair gewicht van ester<\/strong>: 186.2936 (undecylic zuur, 11 koolstofatomen)<br \/>\n<strong>Chemische structuur<\/strong>: 1,4-androstadiene-3-one,17b-ol<br \/>\n<strong>Active Life:<\/strong> 14-16 dagen<br \/>\n<strong>Anabole\/Androgene Ratio (Bereik)<\/strong>: 100:50<br \/>\n<strong>Detectie Tijd:<\/strong> 4-5 Maanden)<\/p>\n<p><em>Boldenone undecylenate is een zeer anabole en matig androgene stero\u00efden. Het primaire gebruik is in de veterinaire geneeskunde meestal met paarden, maar is uitgegroeid tot een favoriet van krachtsporters en bodybuilders. Er is zeer weinig aromatisatie in verband met de compound met een zeer beperkte hoeveelheid water vasthouden ervaren door de meeste gebruikers. Een andere aantrekkelijke kwaliteit van de verbinding wordt de daaruit voortvloeiende toename van de eetlust vaak gemeld door de gebruikers bij het uitvoeren van deze stero\u00efden en vaak opgenomen in &#8220;bulk&#8221; cycli voor dit doel. Boldenone undecylenate verhoogt ook hemaglobin en hematocriet (het aantal rode bloedcellen en het percentage van de rode bloedcellen)[1], waardoor een grotere &#8220;pompen&#8221; tijdens het werken. Hoewel dit geldt voor bijna alle anabole stero\u00efden, de effecten zijn naar verluidt meer uitgesproken met boldenone undecylenate. Een verbetering in de vasculariteit moet ook worden ervaren door deze verhogingen, als lichaamsvet wordt op een voldoende laag niveau.<\/em><\/p>\n<p>Atleten van andere dan bodybuilders of die zich vooral op kracht kunnen ook profiteren van boldenone undecylenate. Dit is te wijten aan het feit dat de samenstelling stimuleert de release van erytropo\u00ebtine, meestal aangeduid als EPO, in de nieren. Erythropoeitin signalen van het lichaam te verhogen de aanmaak van erytrocyten (rode bloedcellen). Erytrocyten zijn de drager van zuurstof in het lichaam en daarom als hun concentratie is verhoogd in het lichaam, een hogere maximale zuurstof capaciteit wordt geproduceerd en de prestaties verbeterd kunnen worden door een vertraging in het stellen van vermoeidheid, inclusief de opbouw van melkzuur. Terwijl de resultaten niet worden overdreven dramatisch, een gebruiker moet zeker een verbetering ziet alle dingen gelijk zijn.<\/p>\n<p><b>Gebruik\/Dosering<\/b><\/p>\n<p>Door de verbindingen actief leven, de injecties zijn meestal twee keer per week bloed stabiel niveau te houden, hoewel sommige gebruikers verkiezen het injecteren van alleen \u00e9\u00e9n keer per week. De meeste gebruikers anekdotische rapport dat de minimale dosis voor de meeste mannen is tussen 300 mg tot 400 mg op enkele belangrijke effecten van de drug. Vrouwen natuurlijk ziet de resultaten in een veel lagere dosis, meestal vari\u00ebrend van 50-150 mg per week voor minder ervaren gebruikers.<\/p>\n<p>Zoals de meeste verbindingen, de meerderheid van de gebruikers de voorkeur geven om het stapelen van boldenone undecylenate met testosteron. Dit moet het ontkennen van elke libido gebruikt die een gebruiker kan tegenkomen, evenals het verstrekken van een krachtige combinatie die moeten leiden tot een dramatische toename van de lean body mass. Door het ontbreken van levertoxiciteit, geassocieerd met de verbinding, andere stoffen die kunnen verhogen de lever waarden (zoals een 17-alfa gealkyleerde stero\u00efden) kan worden uitgevoerd met boldenone undecylenate zonder verdere complicaties.<\/p>\n<p><strong>Veel gebruikers zijn van mening dat boldenone undecylenate kan worden gebruikt in de &#8220;bulk&#8221; van de cycli en &#8220;snijden&#8221; cycli, net als het ontbreken van het vasthouden van water in verband met het gebruik en de verbetering van de vasculariteit, terwijl op het terrein kan bijdragen aan een verbetering zien in de definitie, terwijl een gebruiker is het verminderen van zijn of haar lichaam vet. Op hetzelfde moment, de stof heeft een diepgaand effect op de spiermassa en de resultaten kunnen dramatisch zijn wanneer uitgevoerd met een dieet hoog in eiwitten en calorie\u00ebn, in combinatie met een goed trainingsschema.<\/strong><\/p>\n<p>Niet beschouwd worden als een snelle massa bouwer in vergelijking tot de andere anabole stero\u00efden, <a href=\"http:\/\/getanabolics.biz\/nl\/product\/boldenone-250-1-flesje-10ml-elk-1-ml-bevat-250-mg-boldenone-koop\/\">boldenone undecylenate<\/a> zal het toevoegen van kwaliteit spiermassa constant gedurende een cyclus. Anekdotische, gebruikers hebben gemeld dat de cycli van ten minste tien tot twaalf weken uitgevoerd boldenone undecylenate nodig zijn om de volledige effecten van de verbinding.<\/p>\n<p><b> Risico &#8216; s\/bijwerkingen<\/b><\/p>\n<p>Voor het grootste deel, problemen, zoals gynaecomastie en een hoge mate van water\/zout retentie zijn bijna ongehoord van deze stof. Boldenone undecylenate tarief van oestrogeen omzetting is ongeveer vijftig procent van die van testosteron[2,3]. En, aangezien boldenone undecylenate is niet hepatoxic ernstige mate kan worden gebruikt voor lange periodes van tijd tijdens de uitgebreide cycli. Sommige bijwerkingen kunnen worden ervaren zijn acne en een verhoogde lichaam-haar groei, evenals de gebruikelijke virilizing effecten bij vrouwen, maar deze zal waarschijnlijk op een veel lager niveau dan andere verbindingen[3]. Als een gebruiker niet stapelen de verbinding met testosteron ze kunnen last hebben van seksuele bijwerkingen, zoals het geval is met het merendeel van anabole stero\u00efden.<\/p>\n<blockquote><p>Een gebruiker lipidenprofiel zal negatief worden be\u00efnvloed, zoals bij elke stero\u00efde, maar niet in dezelfde mate als met een sterke androgeen. Boldenone undecylenate kan converteren naar DHN (een zeer milde androgeen in vergelijking tot DHT) via 5 &#8211; alpha-reductase, maar slechts een klein bedrag daadwerkelijk zal worden omgezet, wat betekent dat het samengesteld is het niet moeilijk op de lijn van het haar[4,5]. Echter, net als de meeste andere verbindingen als u gevoelig bent voor mannelijke kaalheid, boldenone undecylenate kan de snelheid of de aandoening een meer uitgesproken. Prostaat problemen zijn ook onwaarschijnlijk ervaren.<\/p><\/blockquote>\n<p>De verbindingen actief leven is 14-16 dagen, maar <a href=\"http:\/\/getanabolics.biz\/nl\/product\/boldenone-300-1-doos-van-10-ml-flacon-elk-1-ml-bevat-300-mg-boldenone-koop\/\">boldenone undecylenate<\/a> produceert detecteerbare metabolieten die worden weergegeven in een gebruikers urine voor enkele maanden na toediening van de drug heeft opgehouden te bestaan(2). Dit maakt de verbinding minder dan ideaal als drug testen is een punt van zorg.<\/p>\n<h3>Lees verder<\/h3>\n<p><a href=\"http:\/\/getanabolics.biz\/nl\/deca-durabolin-bijwerkingen\/\">DECA DURABOLIN BIJWERKINGEN<\/a><\/p>\n<p><a href=\"http:\/\/getanabolics.biz\/nl\/alles-over-proviron-mesterolone\/\">ALLES OVER PROVIRON (MESTEROLONE)<\/a><\/p>\n<p><a href=\"http:\/\/getanabolics.biz\/nl\/wat-moet-de-duur-van-de-kuur-met-steroiden-zijn\/\">WAT MOET DE DUUR VAN DE STERO\u00cfDENCURSUS ZIJN?<\/a><\/p>\n<p><a href=\"http:\/\/getanabolics.biz\/nl\/creatine-op-een-cursus-van-steroiden\/\">CREATINE OP EEN CURSUS STERO\u00cfDEN<\/a><\/p>\n<p><a href=\"http:\/\/getanabolics.biz\/nl\/crossfit-en-steroiden\/\">CROSSFIT EN STEROIDS<\/a><\/p>\n","protected":false},"excerpt":{"rendered":"<p>Pakket: 1 doos met 10 ampullen, elke versterker bevat 100 mg Boldenone Undecylenate<br \/>Fabrikant: Maxtreme<br \/>Merknaam: Boldenone 100<br \/>Bekend: Bold-One<\/p>\n","protected":false},"featured_media":567,"comment_status":"open","ping_status":"closed","template":"","meta":[],"product_cat":[103],"product_tag":[31],"_links":{"self":[{"href":"https:\/\/getanabolics.biz\/nl\/wp-json\/wp\/v2\/product\/999"}],"collection":[{"href":"https:\/\/getanabolics.biz\/nl\/wp-json\/wp\/v2\/product"}],"about":[{"href":"https:\/\/getanabolics.biz\/nl\/wp-json\/wp\/v2\/types\/product"}],"replies":[{"embeddable":true,"href":"https:\/\/getanabolics.biz\/nl\/wp-json\/wp\/v2\/comments?post=999"}],"wp:featuredmedia":[{"embeddable":true,"href":"https:\/\/getanabolics.biz\/nl\/wp-json\/wp\/v2\/media\/567"}],"wp:attachment":[{"href":"https:\/\/getanabolics.biz\/nl\/wp-json\/wp\/v2\/media?parent=999"}],"wp:term":[{"taxonomy":"product_cat","embeddable":true,"href":"https:\/\/getanabolics.biz\/nl\/wp-json\/wp\/v2\/product_cat?post=999"},{"taxonomy":"product_tag","embeddable":true,"href":"https:\/\/getanabolics.biz\/nl\/wp-json\/wp\/v2\/product_tag?post=999"}],"curies":[{"name":"wp","href":"https:\/\/api.w.org\/{rel}","templated":true}]}}