{"id":32350816,"date":"2017-11-30T07:12:10","date_gmt":"2017-11-30T07:12:10","guid":{"rendered":"http:\/\/getanabolics.biz\/product\/force-mass-cycle\/"},"modified":"2018-01-21T18:13:04","modified_gmt":"2018-01-21T18:13:04","slug":"force-mass-cycle","status":"publish","type":"product","link":"https:\/\/getanabolics.biz\/nl\/product\/force-mass-cycle\/","title":{"rendered":"Force Mass Cycle"},"content":{"rendered":"<p>Stero\u00efde cycli verwijst naar het frame van de tijd anabole stero\u00efden worden gebruikt. Deze periode wordt vaak aangeduid als <strong>&#8220;Op-Cyclus.&#8221;<\/strong> Wanneer stero\u00efden niet gebruikt worden, dit wordt aangeduid als <strong>&#8220;Off-Cyclus.&#8221;<\/strong> Voor de op-cyclus fase, zijn er talloze mogelijkheden en stapels. &#8220;Stapels&#8221; verwijzen naar de combinatie van anabole stero\u00efden en niet-stero\u00efdale items gebruikt tijdens het op-cyclus fase. Met honderden anabole stero\u00efden, vari\u00ebrend peptide hormonen, SERM &#8216;s, AI&#8217; s, schildklier hormonen en nog veel meer, er zijn echt ontelbaar veel mogelijk stapels. De mogelijkheden zijn zo uitgebreid, elke stapel en fietst u verbindt zich ertoe kan geheel verschillend zijn. Echter, de meeste stero\u00efde gebruikers zal worden comfortabel met bepaalde stapels; ze zullen ontdekken specifieke combinaties die de beste resultaten opleveren, en zij zullen de stok met die plannen.<\/p>\n<p>Geavanceerde anabole stero\u00efde gebruikers zijn de bovenste laag van de ervaren gebruikers, en het is duidelijk dat er van uitgegaan dat op dit punt, de anabole stero\u00efde gebruiker heeft verkregen genoeg ervaring en verzamelde genoeg kennis te nemen van de status van een geavanceerde gebruiker. Geavanceerde stero\u00efde stapels betrekking hebben op veel van de meer geavanceerde niveau verbindingen (zoals <a href=\"http:\/\/getanabolics.biz\/nl\/product\/anadrol-50-tabs-each-tab-contains-50-mg-oxymetholone\/\">Anadrol <\/a>en <a href=\"http:\/\/getanabolics.biz\/nl\/product\/anadrol-50-tabs-each-tab-contains-50-mg-oxymetholone\/\">Trenbolone<\/a>)maar dit wil niet zeggen dat geavanceerde anabole stero\u00efde cycli kan ook van de standaard <strong>Testosteron alleen-cyclus protocol.<\/strong> Dit is al eerder aangeroerd, waarbij is duidelijk gemaakt dat de intermediaire en geavanceerde anabole stero\u00efde gebruikers zijn niet beperkt tot, het gebruik van zeer harde stoffen, extreem hoge doses, of complexe cyclus stapels. Vaak zijn de meerderheid van de gevorderde gebruikers zullen kiezen voor het uitvoeren van de basic geprobeerd, vertrouwde, en waar methoden van Testosteron alleen-cycli, of heel basic anabole stero\u00efde cycli. Dit is meestal veel verrassing voor zowel beginners als zeer vaak beginners (en potenti\u00eble anabole stero\u00efde gebruikers) zal het bezit zijn van een gebrekkig begrip van wat het is om een geavanceerde anabole stero\u00efde gebruiker.<\/p>\n<p>Ongeacht de stack of fietst u uitvoeren, maar er zijn enkele algemene regels: adviseringen en dat zal helpen houden u veilig. Bijvoorbeeld, de primaire regel van elke cyclus is dat ook een vorm van testosteron. De vorm van testosteron gebruikt wordt, is van geen belang. Het enige dat telt is dat het lichaam voldoende van deze essenti\u00eble hormoon om goed te kunnen functioneren.<\/p>\n<p>&nbsp;<\/p>\n<table border=\"1\" width=\"65%\" cellpadding=\"2\" bgcolor=\"#fefefe\">\n<tbody>\n<tr>\n<td align=\"center\" width=\"60\">week van<br \/>\ncyclus<\/td>\n<td align=\"center\" bgcolor=\"#FF9999\"><span style=\"font-family: verdana; font-size: small;\">Winstrol &#8211; Alpha Pharma<br \/>\n10mg tab<\/span><\/td>\n<td align=\"center\" bgcolor=\"#99CCFF\"><span style=\"font-family: verdana; font-size: small;\">Deca 250 &#8211; Alpha Pharma<br \/>\n250mg\/ml<br \/>\n<\/span><\/td>\n<td align=\"center\" bgcolor=\"#99FFCC\"><span style=\"font-family: verdana; font-size: small;\">Clomid &#8211; Alpha pharma<br \/>\n5mg tab<\/span><\/td>\n<\/tr>\n<tr>\n<td align=\"center\" width=\"60\"><span style=\"font-family: verdana; font-size: small;\"><b>1<\/b><\/span><\/td>\n<td bgcolor=\"#FF9999\">2 tabs per dag<\/td>\n<td bgcolor=\"#99CCFF\"><span style=\"font-family: verdana; font-size: small;\">250 mg\/week<\/span><\/td>\n<td><\/td>\n<\/tr>\n<tr>\n<td align=\"center\" width=\"60\"><span style=\"font-family: verdana; font-size: small;\"><b>2<\/b><\/span><\/td>\n<td bgcolor=\"#FF9999\">3 tabs\/dag<\/td>\n<td bgcolor=\"#99CCFF\">250 mg\/week<\/td>\n<td><\/td>\n<\/tr>\n<tr>\n<td align=\"center\" width=\"60\"><span style=\"font-family: verdana; font-size: small;\"><b>3<\/b><\/span><\/td>\n<td bgcolor=\"#FF9999\">3 tabs\/dag<\/td>\n<td bgcolor=\"#99CCFF\">250 mg\/week<\/td>\n<td><\/td>\n<\/tr>\n<tr>\n<td align=\"center\" width=\"60\"><span style=\"font-family: verdana; font-size: small;\"><b>4<\/b><\/span><\/td>\n<td bgcolor=\"#FF9999\">3 tabs\/dag<\/td>\n<td bgcolor=\"#99CCFF\">250 mg\/week<\/td>\n<td><\/td>\n<\/tr>\n<tr>\n<td align=\"center\" width=\"60\"><span style=\"font-family: verdana; font-size: small;\"><b>5<\/b><\/span><\/td>\n<td bgcolor=\"#FF9999\">3 tabs\/dag<\/td>\n<td bgcolor=\"#99CCFF\">250 mg\/week<\/td>\n<td><\/td>\n<\/tr>\n<tr>\n<td align=\"center\" width=\"60\"><span style=\"font-family: verdana; font-size: small;\"><b>6<\/b><\/span><\/td>\n<td><\/td>\n<td><\/td>\n<td bgcolor=\"#99FFCC\">2 tabs per dag<\/td>\n<\/tr>\n<tr>\n<td align=\"center\" width=\"60\"><span style=\"font-family: verdana; font-size: small;\"><b>7<\/b><\/span><\/td>\n<td><\/td>\n<td><\/td>\n<td bgcolor=\"#99FFCC\">1 tabs\/dag<\/td>\n<\/tr>\n<\/tbody>\n<\/table>\n<p>&nbsp;<\/p>\n<p>100 Winstrol tabs &#8211; Alpha Pharma<br \/>\n2500mg Deca 250 &#8211; Alpha Pharma<br \/>\n20 tabbladen Clomid &#8211; Alpha pharma<\/p>\n<p><a href=\"http:\/\/getanabolics.biz\/nl\/product\/deca-250-doos-met-10-ampullen-van-1-ml-250mg-ml-totaal-2500mg-nandrolon-decaonate-koop\/\">Deca <\/a>en <a href=\"http:\/\/getanabolics.biz\/nl\/product\/winstrol-tabs-10-kopen-winstrol-pillen-50-tabbladen-elk-bevat-10-mg-stanozolol-koop\/\">Winstrol <\/a>&#8211; behoren tot de meest populaire en effectieve medicijnen in Nederland. Ze worden geaccepteerd als ervaren atleten en bodybuilders, en beginners. Ter versterking van het effect van de stero\u00efden, veel liever om drugs te combineren. Dus, als de bereikte resultaten zijn niet genoeg, dan is de parallel ontvangst van een meer stero\u00efden (op de baan) &#8211; testosteron cypionate, in een dosering van 100 mg is toegestaan. om de drie dagen.<\/p>\n<p><strong>Forceren Massa Cyclus<\/strong> cursus biedt uitstekende resultaten in spiermassa, evenals het verbeteren van de kracht en het uithoudingsvermogen van de atleet. Als de decanostanol getuigt, gecombineerd met het gebruik van deze drugs niet leidt tot onaangename bijwerkingen. Ook is er geen negatieve invloed op de sporter van de lever.<\/p>\n<p>De stijging in spiermassa, op de baan, kan bereiken zeven kilogram. Op hetzelfde moment, het &#8220;dek&#8221; is effectief voor gewichtstoename, en de actie van stanozolol is gericht op het verbeteren van de kracht van indicatoren, het verwijderen van overtollige vloeistof uit de weefsels en het verhogen van de hardheid van de spieren. <strong>De Kracht Massa Cyclus<\/strong> cursus is geschikt voor sporters met verschillende niveaus van opleiding.<\/p>\n<p>De term <strong>Stero\u00efde Cycli<\/strong> verwijst naar het periodiek gebruik van anabole\/androgene stero\u00efden (AAS), wat typisch is voor de spier-gebouw doeleinden. AAS zijn niet medisch goedgekeurd voor het bevorderen van overmatige spiermassa winsten (bodybuilding) of het verbeteren van atletische prestaties. Afgezien van het begin van de experimenten op de atleten door een handvol van sportartsen, een uitgebreide poging om de studie van de lichaamsbouw &#8211; en prestatiebevorderende eigenschappen van deze drugs, specifiek met het oog op het ontwikkelen van strategie\u00ebn om met hen om te maximaliseren van de voordelen en het minimaliseren van negatieve effecten, heeft niet zijn uitgevoerd door de medische gemeenschap. Vanwege dit, illegale gebruikers hebben achtergelaten bij het ontwikkelen van hun eigen protocollen voor het toedienen van deze medicijnen. Het resultaat is een grote verscheidenheid van verschillende benaderingen om het gebruik van deze middelen, wat veiliger of effectiever zijn dan anderen. Terwijl het niet mogelijk zou zijn om uitgebreid te evalueren van alle bekende benaderingen, is deze paragraaf bespreekt een aantal van de meest fundamentele en tijd-bewezen methoden voor het gebruik van AAS.<\/p>\n<p><span id=\"result_box\" class=\"short_text\" lang=\"nl\"><span class=\"\">Deze cyclus kunt u kopen op <a href=\"http:\/\/getanabolics.biz\">getanabolics.biz<\/a><\/span><\/span><\/p>\n<h3>Lees verder<\/h3>\n<p><a href=\"http:\/\/getanabolics.biz\/nl\/deca-durabolin-bijwerkingen\/\">DECA DURABOLIN BIJWERKINGEN<\/a><\/p>\n<p><a href=\"http:\/\/getanabolics.biz\/nl\/alles-over-proviron-mesterolone\/\">ALLES OVER PROVIRON (MESTEROLONE)<\/a><\/p>\n<p><a href=\"http:\/\/getanabolics.biz\/nl\/wat-moet-de-duur-van-de-kuur-met-steroiden-zijn\/\">WAT MOET DE DUUR VAN DE STERO\u00cfDENCURSUS ZIJN?<\/a><\/p>\n<p><a href=\"http:\/\/getanabolics.biz\/nl\/creatine-op-een-cursus-van-steroiden\/\">CREATINE OP EEN CURSUS STERO\u00cfDEN<\/a><\/p>\n<p><a href=\"http:\/\/getanabolics.biz\/nl\/crossfit-en-steroiden\/\">CROSSFIT EN STEROIDS<\/a><\/p>\n","protected":false},"excerpt":{"rendered":"<p>100 tabs\u00a0<a href=\"http:\/\/getanabolics.biz\/nl\/product\/winstrol-tabs-10-kopen-winstrol-pillen-50-tabbladen-elk-bevat-10-mg-stanozolol-koop\/\">Winstrol &#8211; Alpha Pharma<\/a><br \/>\n2500mg\u00a0<a href=\"http:\/\/getanabolics.biz\/nl\/product\/deca-250-doos-met-10-ampullen-van-1-ml-250mg-ml-totaal-2500mg-nandrolon-decaonate-koop\/\">Deca 250\u00a0&#8211; Alpha Pharma<\/a><br \/>\n20\u00a0tabs\u00a0<a href=\"http:\/\/getanabolics.biz\/nl\/product\/clomid-10-tabs-bevat-50-mg-clomifeen-citraat-koop\/\">Clomid\u00a0&#8211; Alpha pharma<\/a><\/p>\n","protected":false},"featured_media":32350811,"comment_status":"closed","ping_status":"closed","template":"","meta":[],"product_cat":[451],"product_tag":[39,484,490,539,489],"_links":{"self":[{"href":"https:\/\/getanabolics.biz\/nl\/wp-json\/wp\/v2\/product\/32350816"}],"collection":[{"href":"https:\/\/getanabolics.biz\/nl\/wp-json\/wp\/v2\/product"}],"about":[{"href":"https:\/\/getanabolics.biz\/nl\/wp-json\/wp\/v2\/types\/product"}],"replies":[{"embeddable":true,"href":"https:\/\/getanabolics.biz\/nl\/wp-json\/wp\/v2\/comments?post=32350816"}],"wp:featuredmedia":[{"embeddable":true,"href":"https:\/\/getanabolics.biz\/nl\/wp-json\/wp\/v2\/media\/32350811"}],"wp:attachment":[{"href":"https:\/\/getanabolics.biz\/nl\/wp-json\/wp\/v2\/media?parent=32350816"}],"wp:term":[{"taxonomy":"product_cat","embeddable":true,"href":"https:\/\/getanabolics.biz\/nl\/wp-json\/wp\/v2\/product_cat?post=32350816"},{"taxonomy":"product_tag","embeddable":true,"href":"https:\/\/getanabolics.biz\/nl\/wp-json\/wp\/v2\/product_tag?post=32350816"}],"curies":[{"name":"wp","href":"https:\/\/api.w.org\/{rel}","templated":true}]}}