{"id":32350804,"date":"2017-11-29T20:47:10","date_gmt":"2017-11-29T20:47:10","guid":{"rendered":"http:\/\/getanabolics.biz\/product\/strength-muscle-cycle\/"},"modified":"2018-01-21T18:24:10","modified_gmt":"2018-01-21T18:24:10","slug":"strength-muscle-cycle","status":"publish","type":"product","link":"https:\/\/getanabolics.biz\/nl\/product\/strength-muscle-cycle\/","title":{"rendered":"Strength &#038; Muscle Cycle"},"content":{"rendered":"<p>Stero\u00efde cycli verwijst naar het frame van de tijd anabole stero\u00efden worden gebruikt. Deze periode wordt vaak aangeduid als <strong>&#8220;Op-Cyclus.&#8221;<\/strong> Wanneer stero\u00efden niet gebruikt worden, dit wordt aangeduid als <strong>&#8220;Off-Cyclus.&#8221;<\/strong> Voor de op-cyclus fase, zijn er talloze mogelijkheden en stapels. &#8220;Stapels&#8221; verwijzen naar de combinatie van anabole stero\u00efden en niet-stero\u00efdale items gebruikt tijdens het op-cyclus fase. Met honderden anabole stero\u00efden, vari\u00ebrend peptide hormonen, SERM &#8216;s, AI&#8217; s, schildklier hormonen en nog veel meer, er zijn echt ontelbaar veel mogelijk stapels. De mogelijkheden zijn zo uitgebreid, elke stapel en fietst u verbindt zich ertoe kan geheel verschillend zijn. Echter, de meeste stero\u00efde gebruikers zal worden comfortabel met bepaalde stapels; ze zullen ontdekken specifieke combinaties die de beste resultaten opleveren, en zij zullen de stok met die plannen.<\/p>\n<p>Geavanceerde anabole stero\u00efde gebruikers zijn de bovenste laag van de ervaren gebruikers, en het is duidelijk dat er van uitgegaan dat op dit punt, de anabole stero\u00efde gebruiker heeft verkregen genoeg ervaring en verzamelde genoeg kennis te nemen van de status van een geavanceerde gebruiker. Geavanceerde stero\u00efde stapels betrekking hebben op veel van de meer geavanceerde niveau verbindingen, maar dit is niet om te zeggen dat geavanceerde anabole stero\u00efde cycli kan ook van de standaard <strong>Testosteron alleen-cyclus protocol.<\/strong> Dit is al eerder in aanraking gekomen, waarbij is duidelijk gemaakt dat de intermediaire en geavanceerde anabole stero\u00efde gebruikers zijn niet beperkt tot, het gebruik van zeer harde stoffen, extreem hoge doses, of complexe cyclus stapels. Vaak zijn de meerderheid van de gevorderde gebruikers zullen kiezen voor het uitvoeren van de basic geprobeerd, vertrouwde, en waar methoden van Testosteron alleen-cycli, of heel basic anabole stero\u00efde cycli. Dit is meestal veel verrassing voor zowel beginners als zeer vaak beginners (en potenti\u00eble anabole stero\u00efde gebruikers) zal het bezit zijn van een gebrekkig begrip van wat het is om een geavanceerde anabole stero\u00efde gebruiker.<\/p>\n<p>Ongeacht de stack of fietst u uitvoeren, maar er zijn enkele algemene regels: adviseringen en dat zal helpen houden u veilig. Bijvoorbeeld, de primaire regel van elke cyclus is dat ook een vorm van testosteron. De vorm van testosteron gebruikt wordt, is van geen belang. Het enige dat telt is dat het lichaam voldoende van deze essenti\u00eble hormoon om goed te kunnen functioneren.<\/p>\n<p>&nbsp;<\/p>\n<table style=\"height: 418px;\" border=\"1\" width=\"796\" cellpadding=\"2\" bgcolor=\"#fefefe\">\n<tbody>\n<tr>\n<td align=\"center\" width=\"60\">week van<br \/>\ncyclus<\/td>\n<td align=\"center\" bgcolor=\"#FF9999\">Danabol &#8211; Alpha Pharma<br \/>\n10mg tab<\/td>\n<td align=\"center\" bgcolor=\"#99CCFF\"><span style=\"font-family: verdana; font-size: small;\">Deca 250 &#8211; Alpha Pharma<br \/>\n250mg\/ml<\/span><\/td>\n<td align=\"center\" bgcolor=\"#FFFFCC\"><span style=\"font-family: verdana; font-size: small;\">Sustanon-250 &#8211; Alpha Pharma<br \/>\n250mg\/ml<br \/>\n<\/span><\/td>\n<td align=\"center\" bgcolor=\"#99FFCC\"><span style=\"font-family: verdana; font-size: small;\">Proviron &#8211; Bayer\/Shering<br \/>\n25mg tab<\/span><\/td>\n<\/tr>\n<tr>\n<td align=\"center\" width=\"60\"><span style=\"font-family: verdana; font-size: small;\"><b>1<\/b><\/span><\/td>\n<td bgcolor=\"#FF9999\"><span style=\"font-family: verdana; font-size: small;\">2 tabs per dag<\/span><\/td>\n<td bgcolor=\"#99CCFF\">250mg\/ml<\/td>\n<td bgcolor=\"#FFFFCC\">250mg\/ml<\/td>\n<td><\/td>\n<\/tr>\n<tr>\n<td align=\"center\" width=\"60\"><span style=\"font-family: verdana; font-size: small;\"><b>2<\/b><\/span><\/td>\n<td bgcolor=\"#FF9999\">3 tabs\/dag<\/td>\n<td bgcolor=\"#99CCFF\">250mg\/ml<\/td>\n<td bgcolor=\"#FFFFCC\">250mg\/ml<\/td>\n<td bgcolor=\"#99FFCC\"><span style=\"font-family: verdana; font-size: small;\">1 tab\/dag<\/span><\/td>\n<\/tr>\n<tr>\n<td align=\"center\" width=\"60\"><span style=\"font-family: verdana; font-size: small;\"><b>3<\/b><\/span><\/td>\n<td bgcolor=\"#FF9999\">3 tabs\/dag<\/td>\n<td bgcolor=\"#99CCFF\">250mg\/ml<\/td>\n<td bgcolor=\"#FFFFCC\">250mg\/ml<\/td>\n<td bgcolor=\"#99FFCC\"><span style=\"font-family: verdana; font-size: small;\">1 tab\/dag<\/span><\/td>\n<\/tr>\n<tr>\n<td align=\"center\" width=\"60\"><span style=\"font-family: verdana; font-size: small;\"><b>4<\/b><\/span><\/td>\n<td bgcolor=\"#FF9999\">3 tabs\/dag<\/td>\n<td bgcolor=\"#99CCFF\">250mg\/ml<\/td>\n<td bgcolor=\"#FFFFCC\">250mg\/ml<\/td>\n<td bgcolor=\"#99FFCC\"><span style=\"font-family: verdana; font-size: small;\">1 tab\/dag<\/span><\/td>\n<\/tr>\n<tr>\n<td align=\"center\" width=\"60\"><span style=\"font-family: verdana; font-size: small;\"><b>5<\/b><\/span><\/td>\n<td bgcolor=\"#FF9999\">3 tabs\/dag<\/td>\n<td bgcolor=\"#99CCFF\">250mg\/ml<\/td>\n<td bgcolor=\"#FFFFCC\">250mg\/ml<\/td>\n<td><\/td>\n<\/tr>\n<\/tbody>\n<\/table>\n<p>&nbsp;<\/p>\n<p>500 tabbladen Danabol &#8211; Alpha Pharma<br \/>\n2500 mg Deca 250 &#8211; Alpha Pharma<br \/>\n2500 mg Sustanon-250 &#8211; Alpha Pharma<br \/>\n50 tabbladen Proviron &#8211; Bayer\/Shering<\/p>\n<p>In de loop van de <a href=\"http:\/\/getanabolics.biz\/nl\/product\/danabol-500-tabbladen-elke-tablet-bevat-10-mg-methandienone-koop\/\">Danabol <\/a>+ <a href=\"http:\/\/getanabolics.biz\/nl\/product\/deca-250-doos-met-10-ampullen-van-1-ml-250mg-ml-totaal-2500mg-nandrolon-decaonate-koop\/\">Deca <\/a>+ <a href=\"http:\/\/getanabolics.biz\/nl\/product\/sustanon-250-1-box-of-10-ampoules-each-1-amp-contains-250-mg-testosterone-esters\/\">Sustanon-250<\/a> is de sleutel tot succes in het werven van een grote spiermassa en kracht. Deze stero\u00efden cursus is in staat om te helpen de sporter in de groei van kracht en massa op een zeer hoog niveau. Het is wenselijk dat de atleet zou een dergelijke cursus niet voor de eerste keer. En met de ervaring in het passeren van dergelijke cursussen met een zwakkere stero\u00efden. Methaan en decan (nandrolon decanoaat) zijn stero\u00efden voor de groei van het lichaamsgewicht van de atleet in hen is erg sterk en snel anabole activiteit. <a href=\"http:\/\/getanabolics.biz\/nl\/product\/sustanon-250-1-box-of-10-ampoules-each-1-amp-contains-250-mg-testosterone-esters\/\">Sustanon-250<\/a> is een androgene stero\u00efden, testosteron, die zeer snel en sterk verhoogt de kracht en het totale gewicht van de atleet. Alle drie van de stero\u00efden in deze cursus kan worden toegeschreven aan de meest krachtige medicijnen. En met hen op een cursus moet zeer gecontroleerd en redelijk, zonder overschrijding van de dosering. Na de cursus therapie in de vorm van <a href=\"http:\/\/getanabolics.biz\/nl\/product\/proviron-buy-proviron-50-tabs-each-tab-25mg-mesterolone\/\">Proviron <\/a>moet verplicht. Dit oraal geneesmiddel kunt u het opslaan van de vele bijwerkingen van sterke stero\u00efden en maken uw spieren veel zwaarder en moeilijker.<\/p>\n<p>Als stero\u00efde cycli verwijzen naar de tijd waarin we daadwerkelijk aan te vullen met anabole stero\u00efden, de voor de hand liggende vraag is wat is de aanvaardbare termijn? Wat is het minimum voor positieve voordelen en wat is de maximale hoeveelheid tijd in-op het gebied van veiligheid? Dit kan een moeilijke vraag om te beantwoorden, maar nogmaals er zijn richtlijnen die u zullen helpen veilig blijven. Ongeacht de stero\u00efde cycli kunt implementeren, hoe basic-of advanced-uw plan is gaat nodig hebben om te verlengen voor een fatsoenlijk bedrag van de tijd. Het menselijk lichaam houdt niet van veranderen; zelfs indien een dergelijke wijziging is in het beste belang van het bestrijden en doen er alles aan om het verblijf van haar gewend zijn normaal. We moeten voldoende tijd voor dit &#8220;normaal&#8221; te veranderen; we moeten een nieuwe set normaal als wij zijn om op te hangen op een van de gemaakte winst. Echter, zelfs wanneer dit is gedaan, als je off-cycle voor een langere periode van tijd dat je gaat om te verliezen van een deel van de winsten gemaakt, en zonder de hoge instroom van hormonen aanwezig ter ondersteuning van de winst die u gemaakt, zij zullen niet eeuwig duren. De winst die wordt geboekt door het gebruik van hormonen, dit is niet nep spier-of sterkte, het is zo echt als alle andere winsten die gemaakt kunnen worden. Wanneer maak je winst in kracht en grootte, ze worden ondersteund door de voedingsstoffen die u verbruikt. Het wegnemen van de voedingsstoffen en de ondersteuning van het systeem uit elkaar valt. Hormonen zijn ook belangrijk, misschien wel net zo belangrijk als voedsel. Samen met voedingsstoffen, de hormonen in uw lichaam ondersteuning van uw grootte en sterkte of nature voorkomende verstrekt of exogeen. Neem de hormonen weg, en moet je weer verwijderd van een systeem voor ondersteuning.<\/p>\n<h3>Lees verder<\/h3>\n<p><a href=\"http:\/\/getanabolics.biz\/nl\/alles-over-proviron-mesterolone\/\">ALLES OVER PROVIRON (MESTEROLONE)<\/a><\/p>\n<p><a href=\"http:\/\/getanabolics.biz\/nl\/koop-clomid-online-op-getanabolics-biz\/\">KOOP CLOMID ONLINE OP GETANABOLICS.BIZ<\/a><\/p>\n<p><a href=\"http:\/\/getanabolics.biz\/nl\/creatine-op-een-cursus-van-steroiden\/\">CREATINE OP EEN CURSUS STERO\u00cfDEN<\/a><\/p>\n<p><a href=\"http:\/\/getanabolics.biz\/nl\/verzamel-een-droge-massa-zonder-bijwerkingen\/\">VERZAMEL EEN DROGE MASSA MET GEEN BIJWERKINGEN<\/a><\/p>\n<p><a href=\"http:\/\/getanabolics.biz\/nl\/wat-moet-de-duur-van-de-kuur-met-steroiden-zijn\/\">WAT MOET DE DUUR VAN DE STERO\u00cfDENCURSUS ZIJN?<\/a><\/p>\n","protected":false},"excerpt":{"rendered":"<p>500 tabs\u00a0<a href=\"http:\/\/getanabolics.biz\/nl\/product\/danabol-500-tabbladen-elke-tablet-bevat-10-mg-methandienone-koop\/\">Danabol &#8211; Alpha Pharma<\/a><br \/>\n2500 mg\u00a0<a href=\"http:\/\/getanabolics.biz\/nl\/product\/deca-250-doos-met-10-ampullen-van-1-ml-250mg-ml-totaal-2500mg-nandrolon-decaonate-koop\/\">Deca\u00a0250 &#8211; Alpha Pharma<\/a><br \/>\n2500 mg\u00a0<a href=\"http:\/\/getanabolics.biz\/nl\/product\/sustanon-250-1-box-of-10-ampoules-each-1-amp-contains-250-mg-testosterone-esters\/\">Sustanon-250 &#8211;\u00a0Alpha Pharma<\/a><br \/>\n50\u00a0tabs\u00a0<a href=\"http:\/\/getanabolics.biz\/nl\/product\/proviron-buy-proviron-50-tabs-each-tab-25mg-mesterolone\/\">Proviron &#8211; Bayer\/Shering<\/a><\/p>\n","protected":false},"featured_media":32350799,"comment_status":"closed","ping_status":"closed","template":"","meta":[],"product_cat":[451],"product_tag":[39,484,490,539,524],"_links":{"self":[{"href":"https:\/\/getanabolics.biz\/nl\/wp-json\/wp\/v2\/product\/32350804"}],"collection":[{"href":"https:\/\/getanabolics.biz\/nl\/wp-json\/wp\/v2\/product"}],"about":[{"href":"https:\/\/getanabolics.biz\/nl\/wp-json\/wp\/v2\/types\/product"}],"replies":[{"embeddable":true,"href":"https:\/\/getanabolics.biz\/nl\/wp-json\/wp\/v2\/comments?post=32350804"}],"wp:featuredmedia":[{"embeddable":true,"href":"https:\/\/getanabolics.biz\/nl\/wp-json\/wp\/v2\/media\/32350799"}],"wp:attachment":[{"href":"https:\/\/getanabolics.biz\/nl\/wp-json\/wp\/v2\/media?parent=32350804"}],"wp:term":[{"taxonomy":"product_cat","embeddable":true,"href":"https:\/\/getanabolics.biz\/nl\/wp-json\/wp\/v2\/product_cat?post=32350804"},{"taxonomy":"product_tag","embeddable":true,"href":"https:\/\/getanabolics.biz\/nl\/wp-json\/wp\/v2\/product_tag?post=32350804"}],"curies":[{"name":"wp","href":"https:\/\/api.w.org\/{rel}","templated":true}]}}