{"id":32350778,"date":"2017-11-29T12:43:43","date_gmt":"2017-11-29T12:43:43","guid":{"rendered":"http:\/\/getanabolics.biz\/product\/top-power-cycle\/"},"modified":"2018-01-21T18:37:35","modified_gmt":"2018-01-21T18:37:35","slug":"beginners-top-power-cycle","status":"publish","type":"product","link":"https:\/\/getanabolics.biz\/nl\/product\/beginners-top-power-cycle\/","title":{"rendered":"Beginners Top Power Cycle"},"content":{"rendered":"<p>Stero\u00efde cycli verwijst naar het frame van de tijd anabole stero\u00efden worden gebruikt. Deze periode wordt vaak aangeduid als <strong>&#8220;Op-Cyclus.&#8221;<\/strong> Wanneer stero\u00efden niet gebruikt worden, dit wordt aangeduid als <strong>&#8220;Off-Cyclus.&#8221;<\/strong> Voor de op-cyclus fase, zijn er talloze mogelijkheden en stapels. &#8220;Stapels&#8221; verwijzen naar de combinatie van anabole stero\u00efden en niet-stero\u00efdale items gebruikt tijdens het op-cyclus fase. Met honderden anabole stero\u00efden, vari\u00ebrend peptide hormonen, SERM &#8216;s, AI&#8217; s, schildklier hormonen en nog veel meer, er zijn echt ontelbaar veel mogelijk stapels. De mogelijkheden zijn zo uitgebreid, elke stapel en fietst u verbindt zich ertoe kan geheel verschillend zijn. Echter, de meeste stero\u00efde gebruikers zal worden comfortabel met bepaalde stapels; ze zullen ontdekken specifieke combinaties die de beste resultaten opleveren, en zij zullen de stok met die plannen.<\/p>\n<p>Geavanceerde anabole stero\u00efde gebruikers zijn de bovenste laag van de ervaren gebruikers, en het is duidelijk dat er van uitgegaan dat op dit punt, de anabole stero\u00efde gebruiker heeft verkregen genoeg ervaring en verzamelde genoeg kennis te nemen van de status van een geavanceerde gebruiker. Geavanceerde stero\u00efde stapels betrekking hebben op veel van de meer geavanceerde niveau verbindingen (zoals <a href=\"http:\/\/getanabolics.biz\/nl\/product\/anadrol-50-tabs-each-tab-contains-50-mg-oxymetholone\/\">Anadrol <\/a>en <a href=\"http:\/\/getanabolics.biz\/nl\/product\/trenbolone-acetate-10-amps-each-1-ampoule-has-100mg-trenbolone-acetate\/\">Trenbolone<\/a>)maar dit wil niet zeggen dat geavanceerde anabole stero\u00efde cycli kan ook van de standaard <strong>Testosteron alleen-cyclus protocol.<\/strong> Dit is al eerder aangeroerd, waarbij is duidelijk gemaakt dat de intermediaire en geavanceerde anabole stero\u00efde gebruikers zijn niet beperkt tot, het gebruik van zeer harde stoffen, extreem hoge doses, of complexe cyclus stapels. Vaak zijn de meerderheid van de gevorderde gebruikers zullen kiezen voor het uitvoeren van de basic geprobeerd, vertrouwde, en waar methoden van Testosteron alleen-cycli, of heel basic anabole stero\u00efde cycli. Dit is meestal veel verrassing voor zowel beginners als zeer vaak beginners (en potenti\u00eble anabole stero\u00efde gebruikers) zal het bezit zijn van een gebrekkig begrip van wat het is om een geavanceerde anabole stero\u00efde gebruiker.<\/p>\n<p>Ongeacht de stack of fietst u uitvoeren, maar er zijn enkele algemene regels: adviseringen en dat zal helpen houden u veilig. Bijvoorbeeld, de primaire regel van elke cyclus is dat ook een vorm van testosteron. De vorm van testosteron gebruikt wordt, is van geen belang. Het enige dat telt is dat het lichaam voldoende van deze essenti\u00eble hormoon om goed te kunnen functioneren.<\/p>\n<p>&nbsp;<\/p>\n<table border=\"1\" width=\"65%\" cellpadding=\"2\" bgcolor=\"#fefefe\">\n<tbody>\n<tr>\n<td align=\"center\" width=\"60\">week van<br \/>\ncyclus<\/td>\n<td align=\"center\" bgcolor=\"#FF9999\"><span style=\"font-family: verdana; font-size: small;\">Testosteron Enant. 250 &#8211; Alpha Pharma<br \/>\n250mg\/ml<\/span><\/td>\n<td align=\"center\" bgcolor=\"#99CCFF\"><span style=\"font-family: verdana; font-size: small;\">Danabol &#8211; Alpha Pharma<br \/>\n10mg tab<br \/>\n<\/span><\/td>\n<td align=\"center\" bgcolor=\"#99FFCC\"><span style=\"font-family: verdana; font-size: small;\">Nolvadex &#8211; Alpha pharma<br \/>\n20mg tab<\/span><\/td>\n<\/tr>\n<tr>\n<td align=\"center\" width=\"60\"><span style=\"font-family: verdana; font-size: small;\"><b>1<\/b><\/span><\/td>\n<td bgcolor=\"#FF9999\">250 mg\/week<\/td>\n<td bgcolor=\"#99CCFF\"><span style=\"font-family: verdana; font-size: small;\">30 mg\/dag<\/span><\/td>\n<td><\/td>\n<\/tr>\n<tr>\n<td align=\"center\" width=\"60\"><span style=\"font-family: verdana; font-size: small;\"><b>2<\/b><\/span><\/td>\n<td bgcolor=\"#FF9999\">250 mg\/week<\/td>\n<td bgcolor=\"#99CCFF\">30 mg\/dag<\/td>\n<td><\/td>\n<\/tr>\n<tr>\n<td align=\"center\" width=\"60\"><span style=\"font-family: verdana; font-size: small;\"><b>3<\/b><\/span><\/td>\n<td bgcolor=\"#FF9999\">250 mg\/week<\/td>\n<td bgcolor=\"#99CCFF\">30 mg\/dag<\/td>\n<td><\/td>\n<\/tr>\n<tr>\n<td align=\"center\" width=\"60\"><span style=\"font-family: verdana; font-size: small;\"><b>4<\/b><\/span><\/td>\n<td bgcolor=\"#FF9999\">250 mg\/week<\/td>\n<td bgcolor=\"#99CCFF\">30 mg\/dag<\/td>\n<td><\/td>\n<\/tr>\n<tr>\n<td align=\"center\" width=\"60\"><span style=\"font-family: verdana; font-size: small;\"><b>5<\/b><\/span><\/td>\n<td bgcolor=\"#FF9999\">250 mg\/week<\/td>\n<td bgcolor=\"#99CCFF\">30 mg\/dag<\/td>\n<td><\/td>\n<\/tr>\n<tr>\n<td align=\"center\" width=\"60\"><span style=\"font-family: verdana; font-size: small;\"><b>6<\/b><\/span><\/td>\n<td bgcolor=\"#FF9999\">250 mg\/week<\/td>\n<td bgcolor=\"#99CCFF\">30 mg\/dag<\/td>\n<td><\/td>\n<\/tr>\n<tr>\n<td align=\"center\" width=\"60\"><span style=\"font-family: verdana; font-size: small;\"><b>7<\/b><\/span><\/td>\n<td bgcolor=\"#FF9999\">250 mg\/week<\/td>\n<td bgcolor=\"#99CCFF\">30 mg\/dag<\/td>\n<td><\/td>\n<\/tr>\n<tr>\n<td align=\"center\" width=\"60\"><span style=\"font-family: verdana; font-size: small;\"><b>8<\/b><\/span><\/td>\n<td bgcolor=\"#FF9999\">250 mg\/week<\/td>\n<td bgcolor=\"#99CCFF\">30 mg\/dag<\/td>\n<td><\/td>\n<\/tr>\n<tr>\n<td align=\"center\" width=\"60\"><span style=\"font-family: verdana; font-size: small;\"><b>9<\/b><\/span><\/td>\n<td><\/td>\n<td bgcolor=\"#99CCFF\">30 mg\/dag<\/td>\n<td><\/td>\n<\/tr>\n<tr>\n<td align=\"center\" width=\"60\"><span style=\"font-family: verdana; font-size: small;\"><b>10<\/b><\/span><\/td>\n<td><\/td>\n<td><\/td>\n<td bgcolor=\"#99FFCC\">20mg\/dag<\/td>\n<\/tr>\n<tr>\n<td align=\"center\" width=\"60\"><span style=\"font-family: verdana; font-size: small;\"><b>11<\/b><\/span><\/td>\n<td><\/td>\n<td><\/td>\n<td bgcolor=\"#99FFCC\">20mg\/dag<\/td>\n<\/tr>\n<tr>\n<td align=\"center\" width=\"60\"><span style=\"font-family: verdana; font-size: small;\"><b>12<\/b><\/span><\/td>\n<td><\/td>\n<td><\/td>\n<td bgcolor=\"#99FFCC\">20mg\/dag<\/td>\n<\/tr>\n<\/tbody>\n<\/table>\n<p>&nbsp;<\/p>\n<p><b>Totaal:<\/b><br \/>\n2500 mg Testosteron Enant. 250 &#8211; Alpha Pharma<br \/>\n500 tabbladen Danabol &#8211; Alpha Pharma<br \/>\n50 tabbladen Nolvadex &#8211; Alpha pharma<\/p>\n<p>&nbsp;<\/p>\n<p>Deze cursus is een uitstekende combinatie van deze twee medicijnen. <a href=\"http:\/\/getanabolics.biz\/nl\/product\/testosterone-enant-250-10-ml-vial-each-1-ml-contains-250-mg-testosterone-enanthate\/\">Testosteron Enanthate<\/a> is een injecteerbare stero\u00efden met een androgene werking. <a href=\"http:\/\/getanabolics.biz\/nl\/product\/danabol-500-tabbladen-elke-tablet-bevat-10-mg-methandienone-koop\/\">Danabol <\/a>fungeert als een orale stero\u00efden, waarvan de doeltreffendheid is een sterke anabole activiteit. Met het gecombineerde gebruik van deze drugs, spiermassa en fysieke kracht kunnen worden verhoogd in een korte tijd.<\/p>\n<h3>Effici\u00ebntie.<\/h3>\n<p>Enanthate is een van de meest krachtige testosterones. Het bevordert de retentie van vocht in de spier vezels en eiwit bewaren en de nodige elementen dragen bij aan een toename van de massa van het spierweefsel. Het helpt om de spieren te verzadigen met het bloed en zuurstof. Naast het verhogen van het volume van de spier massa, dus is de fysieke kracht en uithoudingsvermogen tijdens de training.<\/p>\n<h3>Geopend.<\/h3>\n<p>De duur van deze cursus is 8 weken. <a href=\"http:\/\/getanabolics.biz\/nl\/product\/testosterone-enant-250-10-ml-vial-each-1-ml-contains-250-mg-testosterone-enanthate\/\">Testosteron Enanthate<\/a> wordt aanbevolen om 250 mg. een week, 500 mg (250 2 keer per week) kan worden gebruikt door atleten, waarvan het gewicht meer dan 75 kg. <a href=\"http:\/\/getanabolics.biz\/nl\/product\/danabol-500-tabbladen-elke-tablet-bevat-10-mg-methandienone-koop\/\">Danabol <\/a>moeten worden genomen 10 mg 3 keer per dag gedurende 9 weken. Danabol wordt aanbevolen voor het innemen van voedsel, dus het zal beter worden geabsorbeerd.<br \/>\nOok na het passeren van de cursus, PTC nodig is, is het aanbevolen om de <a href=\"http:\/\/getanabolics.biz\/nl\/product\/nolvadex-50-tabbladen-op-elk-tabblad-bevat-20-mg-tamoxifen-citraat-koop\/\">Nolvadex<\/a> na 9 weken van de cursus, 20 mg elke morgen voor 3 weken.<\/p>\n<p>De term <strong>Stero\u00efde Cycli<\/strong> verwijst naar het periodiek gebruik van anabole\/androgene stero\u00efden (AAS), wat typisch is voor de spier-gebouw doeleinden. AAS zijn niet medisch goedgekeurd voor het bevorderen van overmatige spiermassa winsten (bodybuilding) of het verbeteren van atletische prestaties. Afgezien van het begin van de experimenten op de atleten door een handvol van sportartsen, een uitgebreide poging om de studie van de lichaamsbouw &#8211; en prestatiebevorderende eigenschappen van deze drugs, specifiek met het oog op het ontwikkelen van strategie\u00ebn om met hen om te maximaliseren van de voordelen en het minimaliseren van negatieve effecten, heeft niet zijn uitgevoerd door de medische gemeenschap. Vanwege dit, illegale gebruikers hebben achtergelaten bij het ontwikkelen van hun eigen protocollen voor het toedienen van deze medicijnen. Het resultaat is een grote verscheidenheid van verschillende benaderingen om het gebruik van deze middelen, wat veiliger of effectiever zijn dan anderen. Terwijl het niet mogelijk zou zijn om uitgebreid te evalueren van alle bekende benaderingen, is deze paragraaf bespreekt een aantal van de meest fundamentele en tijd-bewezen methoden voor het gebruik van AAS.<\/p>\n<p><span id=\"result_box\" class=\"short_text\" lang=\"nl\"><span class=\"\">Deze cyclus kunt u kopen op <a href=\"http:\/\/getanabolics.biz\">getanabolics.biz<\/a><\/span><\/span><\/p>\n<h3>Lees verder<\/h3>\n<p><a href=\"http:\/\/getanabolics.biz\/nl\/koop-clomid-online-op-getanabolics-biz\/\">KOOP CLOMID ONLINE OP GETANABOLICS.BIZ<\/a><\/p>\n<p><a href=\"http:\/\/getanabolics.biz\/nl\/groeihormoon-hgh-de-belangrijkste-feiten\/\">GROWTH HORMONE HGH &#8211; DE BELANGRIJKSTE FEITEN<\/a><\/p>\n<p><a href=\"http:\/\/getanabolics.biz\/nl\/kenmerken-van-korte-cursussen-van-steroiden\/\">KENMERKEN VAN KORTE CURSUSSEN VAN STERO\u00cfDEN<\/a><\/p>\n<p><a href=\"http:\/\/getanabolics.biz\/nl\/pauzeer-tussen-steroide-cursussen-en-pct\/\">PAUZE TUSSEN STERO\u00cfNCURSUSSEN EN PCT<\/a><\/p>\n<p><a href=\"http:\/\/getanabolics.biz\/nl\/hoe-effectief-de-steroide-brug\/\">HOE EFFECTIEF IS DE STERO\u00cfDEBRUG?<\/a><\/p>\n","protected":false},"excerpt":{"rendered":"<p>2500\u00a0mg\u00a0<a href=\"http:\/\/getanabolics.biz\/nl\/product\/testosterone-enant-250-10-ml-vial-each-1-ml-contains-250-mg-testosterone-enanthate\/\">Testosterone Enant. 250 &#8211; Alpha Pharma<\/a><br \/>\n500\u00a0tabs\u00a0<a href=\"http:\/\/getanabolics.biz\/nl\/product\/danabol-500-tabbladen-elke-tablet-bevat-10-mg-methandienone-koop\/\">Danabol &#8211; Alpha Pharma<\/a><br \/>\n50\u00a0tabs\u00a0<a href=\"http:\/\/getanabolics.biz\/nl\/product\/nolvadex-50-tabbladen-op-elk-tabblad-bevat-20-mg-tamoxifen-citraat-koop\/\">Nolvadex &#8211; Alpha pharma<\/a><\/p>\n","protected":false},"featured_media":32350773,"comment_status":"closed","ping_status":"closed","template":"","meta":[],"product_cat":[451],"product_tag":[484,558,489],"_links":{"self":[{"href":"https:\/\/getanabolics.biz\/nl\/wp-json\/wp\/v2\/product\/32350778"}],"collection":[{"href":"https:\/\/getanabolics.biz\/nl\/wp-json\/wp\/v2\/product"}],"about":[{"href":"https:\/\/getanabolics.biz\/nl\/wp-json\/wp\/v2\/types\/product"}],"replies":[{"embeddable":true,"href":"https:\/\/getanabolics.biz\/nl\/wp-json\/wp\/v2\/comments?post=32350778"}],"wp:featuredmedia":[{"embeddable":true,"href":"https:\/\/getanabolics.biz\/nl\/wp-json\/wp\/v2\/media\/32350773"}],"wp:attachment":[{"href":"https:\/\/getanabolics.biz\/nl\/wp-json\/wp\/v2\/media?parent=32350778"}],"wp:term":[{"taxonomy":"product_cat","embeddable":true,"href":"https:\/\/getanabolics.biz\/nl\/wp-json\/wp\/v2\/product_cat?post=32350778"},{"taxonomy":"product_tag","embeddable":true,"href":"https:\/\/getanabolics.biz\/nl\/wp-json\/wp\/v2\/product_tag?post=32350778"}],"curies":[{"name":"wp","href":"https:\/\/api.w.org\/{rel}","templated":true}]}}