{"id":32350628,"date":"2017-06-07T04:33:57","date_gmt":"2017-06-07T04:33:57","guid":{"rendered":"http:\/\/getanabolics.biz\/product\/massa-cyclus-ons-top\/"},"modified":"2018-01-21T19:21:20","modified_gmt":"2018-01-21T19:21:20","slug":"massa-cyclus-ons-top","status":"publish","type":"product","link":"https:\/\/getanabolics.biz\/nl\/product\/massa-cyclus-ons-top\/","title":{"rendered":"MASSA CYCLUS ONS TOP"},"content":{"rendered":"<p class=\"tekst\">Stero\u00efde cycli verwijst naar het frame van de tijd anabole stero\u00efden worden gebruikt. Deze periode wordt vaak aangeduid als <strong>&#8220;Op-Cyclus.&#8221;<\/strong> Wanneer stero\u00efden niet gebruikt worden, dit wordt aangeduid als <strong>&#8220;Off-Cyclus.&#8221;<\/strong> Voor de op-cyclus fase, zijn er talloze mogelijkheden en stapels. &#8220;Stapels&#8221; verwijzen naar de combinatie van anabole stero\u00efden en niet-stero\u00efdale items gebruikt tijdens het op-cyclus fase. Met honderden anabole stero\u00efden, vari\u00ebrend peptide hormonen, SERM &#8216;s, AI&#8217; s, schildklier hormonen en nog veel meer, er zijn echt ontelbaar veel mogelijk stapels. De mogelijkheden zijn zo uitgebreid, elke stapel en fietst u verbindt zich ertoe kan geheel verschillend zijn. Echter, de meeste stero\u00efde gebruikers zal worden comfortabel met bepaalde stapels; ze zullen ontdekken specifieke combinaties die de beste resultaten opleveren, en zij zullen de stok met die plannen.<\/p>\n<p class=\"tekst\">Geavanceerde anabole stero\u00efde gebruikers zijn de bovenste laag van de ervaren gebruikers, en het is duidelijk dat er van uitgegaan dat op dit punt, de anabole stero\u00efde gebruiker heeft verkregen genoeg ervaring en verzamelde genoeg kennis te nemen van de status van een geavanceerde gebruiker. Geavanceerde stero\u00efde stapels betrekking hebben op veel van de meer geavanceerde niveau verbindingen (zoals <a href=\"http:\/\/getanabolics.biz\/product\/anadrol-50-tabs-each-tab-contains-50-mg-oxymetholone\/\">Anadrol <\/a>en <a href=\"http:\/\/getanabolics.biz\/product\/trenbolone-acetate-10-amps-each-1-ampoule-has-100mg-trenbolone-acetate\/\">Trenbolone<\/a>)maar dit wil niet zeggen dat geavanceerde anabole stero\u00efde cycli kan ook van de standaard <strong>Testosteron alleen-cyclus protocol.<\/strong> Dit is al eerder aangeroerd, waarbij is duidelijk gemaakt dat de intermediaire en geavanceerde anabole stero\u00efde gebruikers zijn niet beperkt tot, het gebruik van zeer harde stoffen, extreem hoge doses, of complexe cyclus stapels. Vaak zijn de meerderheid van de gevorderde gebruikers zullen kiezen voor het uitvoeren van de basic geprobeerd, vertrouwde, en waar methoden van Testosteron alleen-cycli, of heel basic anabole stero\u00efde cycli. Dit is meestal veel verrassing voor zowel beginners als zeer vaak beginners (en potenti\u00eble anabole stero\u00efde gebruikers) zal het bezit zijn van een gebrekkig begrip van wat het is om een geavanceerde anabole stero\u00efde gebruiker.<\/p>\n<p>Ongeacht de stack of fietst u uitvoeren, maar er zijn enkele algemene regels: adviseringen en dat zal helpen houden u veilig. Bijvoorbeeld, de primaire regel van elke cyclus is dat ook een vorm van testosteron. De vorm van testosteron gebruikt wordt, is van geen belang. Het enige dat telt is dat het lichaam voldoende van deze essenti\u00eble hormoon om goed te kunnen functioneren.<\/p>\n<p class=\"tekst\">Deze cyclus is een sterkere versie van <a href=\"http:\/\/getanabolics.biz\/product\/mass-cycle-advanced\/\">Massa Cyclus Geavanceerd<\/a>. Het heeft ook <a href=\"http:\/\/getanabolics.biz\/product\/deca-250-box-of-10-ampoules-of-1ml-250mg-ml-total-2500mg-nandrolone-decaonate\/\">Deca 250<\/a> naast <a href=\"http:\/\/getanabolics.biz\/product\/dianabol-100-tabs-each-contains-10-mg-methandienone\/\">Dianabol<\/a> en <a href=\"http:\/\/getanabolics.biz\/product\/testosterone-enant-250-10-ml-vial-each-1-ml-contains-250-mg-testosterone-enanthate\/\">Testosteron Enant. 250<\/a>.<\/p>\n<p>Consumeren eiwit minimaal 3 gram per kg\/lichaamsgewicht en uw dagelijkse calorie-inname is 50 cal per kg\/lichaamsgewicht. Volg een hoge intensiteit training training 4-5 dagen in de week en drink veel water tijdens de cyclus.<\/p>\n<div id=\"printablediv\">\n<p>&nbsp;<\/p>\n<table border=\"1\" width=\"65%\" cellpadding=\"2\" bgcolor=\"#fefefe\">\n<tbody>\n<tr>\n<td align=\"center\" width=\"60\">week van<br \/>\ncyclus<\/td>\n<td align=\"center\" bgcolor=\"#FF9999\"><span style=\"font-family: verdana; font-size: small;\">Testosteron Enant. 250<br \/>\n250mg\/ml<\/span><\/td>\n<td align=\"center\" bgcolor=\"#99CCFF\"><span style=\"font-family: verdana; font-size: small;\">Deca 250<br \/>\n250mg\/ml<\/span><\/td>\n<td align=\"center\" bgcolor=\"#FFFFCC\"><span style=\"font-family: verdana; font-size: small;\">Dianabol<br \/>\n10mg tab<\/span><\/td>\n<td align=\"center\" bgcolor=\"#99FFCC\"><span style=\"font-family: verdana; font-size: small;\">Aromasin<br \/>\n25mg tab<\/span><\/td>\n<\/tr>\n<tr>\n<td align=\"center\" width=\"60\"><span style=\"font-family: verdana; font-size: small;\"><b>1<\/b><\/span><\/td>\n<td bgcolor=\"#FF9999\"><span style=\"font-family: verdana; font-size: small;\">3 ml\/week<\/span><\/td>\n<td bgcolor=\"#99CCFF\"><span style=\"font-family: verdana; font-size: small;\">2 ml\/week<\/span><\/td>\n<td bgcolor=\"#FFFFCC\"><span style=\"font-family: verdana; font-size: small;\">2 tabs per dag<\/span><\/td>\n<td bgcolor=\"#99FFCC\"><span style=\"font-family: verdana; font-size: small;\">0.5 tab\/dag<\/span><\/td>\n<\/tr>\n<tr>\n<td align=\"center\" width=\"60\"><span style=\"font-family: verdana; font-size: small;\"><b>2<\/b><\/span><\/td>\n<td bgcolor=\"#FF9999\"><span style=\"font-family: verdana; font-size: small;\">3 ml\/week<\/span><\/td>\n<td bgcolor=\"#99CCFF\"><span style=\"font-family: verdana; font-size: small;\">2 ml\/week<\/span><\/td>\n<td bgcolor=\"#FFFFCC\"><span style=\"font-family: verdana; font-size: small;\">2 tabs per dag<\/span><\/td>\n<td bgcolor=\"#99FFCC\"><span style=\"font-family: verdana; font-size: small;\">0.5 tab\/dag<\/span><\/td>\n<\/tr>\n<tr>\n<td align=\"center\" width=\"60\"><span style=\"font-family: verdana; font-size: small;\"><b>3<\/b><\/span><\/td>\n<td bgcolor=\"#FF9999\"><span style=\"font-family: verdana; font-size: small;\">3 ml\/week<\/span><\/td>\n<td bgcolor=\"#99CCFF\"><span style=\"font-family: verdana; font-size: small;\">2 ml\/week<\/span><\/td>\n<td bgcolor=\"#FFFFCC\"><span style=\"font-family: verdana; font-size: small;\">3 tabs\/dag<\/span><\/td>\n<td bgcolor=\"#99FFCC\"><span style=\"font-family: verdana; font-size: small;\">0.5 tab\/dag<\/span><\/td>\n<\/tr>\n<tr>\n<td align=\"center\" width=\"60\"><span style=\"font-family: verdana; font-size: small;\"><b>4<\/b><\/span><\/td>\n<td bgcolor=\"#FF9999\"><span style=\"font-family: verdana; font-size: small;\">3 ml\/week<\/span><\/td>\n<td bgcolor=\"#99CCFF\"><span style=\"font-family: verdana; font-size: small;\">2 ml\/week<\/span><\/td>\n<td bgcolor=\"#FFFFCC\"><span style=\"font-family: verdana; font-size: small;\">3 tabs\/dag<\/span><\/td>\n<td bgcolor=\"#99FFCC\"><span style=\"font-family: verdana; font-size: small;\">0.5 tab\/dag<\/span><\/td>\n<\/tr>\n<tr>\n<td align=\"center\" width=\"60\"><span style=\"font-family: verdana; font-size: small;\"><b>5<\/b><\/span><\/td>\n<td bgcolor=\"#FF9999\"><span style=\"font-family: verdana; font-size: small;\">2 ml\/week<\/span><\/td>\n<td bgcolor=\"#99CCFF\"><span style=\"font-family: verdana; font-size: small;\">2 ml\/week<\/span><\/td>\n<td bgcolor=\"#FFFFCC\"><span style=\"font-family: verdana; font-size: small;\">2 tabs per dag<\/span><\/td>\n<td><\/td>\n<\/tr>\n<tr>\n<td align=\"center\" width=\"60\"><span style=\"font-family: verdana; font-size: small;\"><b>6<\/b><\/span><\/td>\n<td bgcolor=\"#FF9999\"><span style=\"font-family: verdana; font-size: small;\">2 ml\/week<\/span><\/td>\n<td bgcolor=\"#99CCFF\"><span style=\"font-family: verdana; font-size: small;\">2 ml\/week<\/span><\/td>\n<td bgcolor=\"#FFFFCC\"><span style=\"font-family: verdana; font-size: small;\">2 tabs per dag<\/span><\/td>\n<td bgcolor=\"#99FFCC\"><span style=\"font-family: verdana; font-size: small;\">0.5 tab\/dag<\/span><\/td>\n<\/tr>\n<tr>\n<td align=\"center\" width=\"60\"><span style=\"font-family: verdana; font-size: small;\"><b>7<\/b><\/span><\/td>\n<td bgcolor=\"#FF9999\"><span style=\"font-family: verdana; font-size: small;\">2 ml\/week<\/span><\/td>\n<td bgcolor=\"#99CCFF\"><span style=\"font-family: verdana; font-size: small;\">2 ml\/week<\/span><\/td>\n<td><\/td>\n<td bgcolor=\"#99FFCC\"><span style=\"font-family: verdana; font-size: small;\">0.5 tab\/dag<\/span><\/td>\n<\/tr>\n<tr>\n<td align=\"center\" width=\"60\"><span style=\"font-family: verdana; font-size: small;\"><b>8<\/b><\/span><\/td>\n<td bgcolor=\"#FF9999\"><span style=\"font-family: verdana; font-size: small;\">2 ml\/week<\/span><\/td>\n<td bgcolor=\"#99CCFF\"><span style=\"font-family: verdana; font-size: small;\">2 ml\/week<\/span><\/td>\n<td><\/td>\n<td bgcolor=\"#99FFCC\"><span style=\"font-family: verdana; font-size: small;\">0.5 tab\/dag<\/span><\/td>\n<\/tr>\n<tr>\n<td align=\"center\" width=\"60\"><span style=\"font-family: verdana; font-size: small;\"><b>9<\/b><\/span><\/td>\n<td><\/td>\n<td><\/td>\n<td><\/td>\n<td><\/td>\n<\/tr>\n<tr>\n<td align=\"center\" width=\"60\"><span style=\"font-family: verdana; font-size: small;\"><b>10<\/b><\/span><\/td>\n<td><\/td>\n<td><\/td>\n<td><\/td>\n<td><\/td>\n<\/tr>\n<tr>\n<td align=\"center\" width=\"60\"><span style=\"font-family: verdana; font-size: small;\"><b>11<\/b><\/span><\/td>\n<td><\/td>\n<td><\/td>\n<td><\/td>\n<td bgcolor=\"#99FFCC\"><span style=\"font-family: verdana; font-size: small;\">0.5 tab\/dag<\/span><\/td>\n<\/tr>\n<tr>\n<td align=\"center\" width=\"60\"><span style=\"font-family: verdana; font-size: small;\"><b>12<\/b><\/span><\/td>\n<td><\/td>\n<td><\/td>\n<td><\/td>\n<td bgcolor=\"#99FFCC\"><span style=\"font-family: verdana; font-size: small;\">0.5 tab\/dag<\/span><\/td>\n<\/tr>\n<\/tbody>\n<\/table>\n<p>&nbsp;<\/p>\n<p><b>Totaal:<\/b><br \/>\n20 ml <a href=\"http:\/\/getanabolics.biz\/nl\/product\/testosterone-enant-250-10-ml-vial-each-1-ml-contains-250-mg-testosterone-enanthate\/\">Testosteron Enant. 250 &#8211; Alpha Pharma<\/a><br \/>\n20 ml <a href=\"http:\/\/getanabolics.biz\/nl\/product\/deca-250-doos-met-10-ampullen-van-1-ml-250mg-ml-totaal-2500mg-nandrolon-decaonate-koop\/\">Deca 250 &#8211; Alpha Pharma<\/a><br \/>\n100 tabs <a href=\"http:\/\/getanabolics.biz\/nl\/product\/dianabol-100-tabs-each-contains-10-mg-methandienone\/\">Dianabol &#8211; Maxtreme<\/a><br \/>\n30 tabs <a href=\"http:\/\/getanabolics.biz\/nl\/product\/aromasin-30-tabs-elke-kamer-heeft-25mg-exemestane-koop\/\">Aromasin &#8211; Alpha Pharma<\/a><\/p>\n<p>&nbsp;<\/p>\n<\/div>\n<p>U moet tabbladen na de maaltijd om te voorkomen dat de maag van streek. En de split-up van de dosering twee keer per dag. Een in de ochtend en \u00e9\u00e9n in de avond.l<br \/>\n<b>mariadistel supplementen worden aanbevolen door de cyclus om de lever te ondersteunen en drink veel water en neem levertraan ter ondersteuning van de nier.<br \/>\nDit is een voorbeeld van een cyclus met max. doseringen. Altijd beginnen met een cyclus met lagere doseringen en iets bereiken, max. niveaus. Als je je slecht voelt verlagen van de dosering of stoppen.<br \/>\nNadat de cyclus, indien nodig, ZMA of Tribulus kan worden gebruikt voor de verhoging van de natuurlijke testosteron niveaus weer normaal.<\/b><\/p>\n<p>&nbsp;<\/p>\n<p>Nogmaals, het moet worden herinnerd aan de lezer dat de volgende twee punten uit het defini\u00ebren van een geavanceerde anabole stero\u00efde gebruiker:<\/p>\n<p>\u2013 De cumulatieve het verzamelen van de cyclus van ervaring, opleiding ervaring, de kennis en het inzicht die zijn allemaal op slechts mogelijk het hele jaar van anabole stero\u00efden te gebruiken.<br \/>\n\u2013 Een volledig begrip van het eigen lichaam, haar antwoorden en reacties op de verschillende verbindingen, stoffen en prikkels die door de jarenlange ervaring van anabole stero\u00efde cycli.<\/p>\n<p>De definitie van een geavanceerde gebruiker is NIET: een persoon die gebruik maakt van een steeds hogere en hogere doses anabole stero\u00efden in elke volgende cyclus.<\/p>\n<p>&nbsp;<\/p>\n<p>De term <strong>Stero\u00efde Cycli<\/strong> verwijst naar het periodiek gebruik van anabole\/androgene stero\u00efden (AAS), wat typisch is voor de spier-gebouw doeleinden. AAS zijn niet medisch goedgekeurd voor het bevorderen van overmatige spiermassa winsten (bodybuilding) of het verbeteren van atletische prestaties. Afgezien van het begin van de experimenten op de atleten door een handvol van sportartsen, een uitgebreide poging om de studie van de lichaamsbouw &#8211; en prestatiebevorderende eigenschappen van deze drugs, specifiek met het oog op het ontwikkelen van strategie\u00ebn om met hen om te maximaliseren van de voordelen en het minimaliseren van negatieve effecten, heeft niet zijn uitgevoerd door de medische gemeenschap. Vanwege dit, illegale gebruikers hebben achtergelaten bij het ontwikkelen van hun eigen protocollen voor het toedienen van deze medicijnen. Het resultaat is een grote verscheidenheid van verschillende benaderingen om het gebruik van deze middelen, wat veiliger of effectiever zijn dan anderen. Terwijl het niet mogelijk zou zijn om uitgebreid te evalueren van alle bekende benaderingen, is deze paragraaf bespreekt een aantal van de meest fundamentele en tijd-bewezen methoden voor het gebruik van AAS.<\/p>\n<p><span id=\"result_box\" class=\"short_text\" lang=\"nl\"><span class=\"\">Deze cyclus kunt u kopen op <a href=\"http:\/\/getanabolics.biz\">getanabolics.biz<\/a><\/span><\/span><\/p>\n<h3>Lees verder<\/h3>\n<p><a href=\"http:\/\/getanabolics.biz\/nl\/deca-durabolin-bijwerkingen\/\">DECA DURABOLIN BIJWERKINGEN<\/a><\/p>\n<p><a href=\"http:\/\/getanabolics.biz\/nl\/alles-over-proviron-mesterolone\/\">ALLES OVER PROVIRON (MESTEROLONE)<\/a><\/p>\n<p><a href=\"http:\/\/getanabolics.biz\/nl\/wat-moet-de-duur-van-de-kuur-met-steroiden-zijn\/\">WAT MOET DE DUUR VAN DE STERO\u00cfDENCURSUS ZIJN?<\/a><\/p>\n<p><a href=\"http:\/\/getanabolics.biz\/nl\/creatine-op-een-cursus-van-steroiden\/\">CREATINE OP EEN CURSUS STERO\u00cfDEN<\/a><\/p>\n<p><a href=\"http:\/\/getanabolics.biz\/nl\/crossfit-en-steroiden\/\">CROSSFIT EN STEROIDS<\/a><\/p>\n","protected":false},"excerpt":{"rendered":"<p>20 ml <a href=\"http:\/\/getanabolics.biz\/nl\/product\/testosterone-enant-250-10-ml-vial-each-1-ml-contains-250-mg-testosterone-enanthate\/\">Testosterone Enant. 250 &#8211; Alpha Pharma<\/a><br \/>\n20 ml <a href=\"http:\/\/getanabolics.biz\/nl\/product\/deca-250-doos-met-10-ampullen-van-1-ml-250mg-ml-totaal-2500mg-nandrolon-decaonate-koop\/\">Deca\u00a0250 &#8211; Alpha Pharma<\/a><br \/>\n100 tabs <a href=\"http:\/\/getanabolics.biz\/nl\/product\/dianabol-100-tabs-each-contains-10-mg-methandienone\/\">Dianabol &#8211; Maxtreme<\/a><br \/>\n30 tabs <a href=\"http:\/\/getanabolics.biz\/nl\/product\/aromasin-30-tabs-elke-kamer-heeft-25mg-exemestane-koop\/\">Aromasin &#8211;\u00a0Alpha Pharma<\/a><\/p>\n","protected":false},"featured_media":32350553,"comment_status":"closed","ping_status":"closed","template":"","meta":[],"product_cat":[451],"product_tag":[454,484,539,565],"_links":{"self":[{"href":"https:\/\/getanabolics.biz\/nl\/wp-json\/wp\/v2\/product\/32350628"}],"collection":[{"href":"https:\/\/getanabolics.biz\/nl\/wp-json\/wp\/v2\/product"}],"about":[{"href":"https:\/\/getanabolics.biz\/nl\/wp-json\/wp\/v2\/types\/product"}],"replies":[{"embeddable":true,"href":"https:\/\/getanabolics.biz\/nl\/wp-json\/wp\/v2\/comments?post=32350628"}],"wp:featuredmedia":[{"embeddable":true,"href":"https:\/\/getanabolics.biz\/nl\/wp-json\/wp\/v2\/media\/32350553"}],"wp:attachment":[{"href":"https:\/\/getanabolics.biz\/nl\/wp-json\/wp\/v2\/media?parent=32350628"}],"wp:term":[{"taxonomy":"product_cat","embeddable":true,"href":"https:\/\/getanabolics.biz\/nl\/wp-json\/wp\/v2\/product_cat?post=32350628"},{"taxonomy":"product_tag","embeddable":true,"href":"https:\/\/getanabolics.biz\/nl\/wp-json\/wp\/v2\/product_tag?post=32350628"}],"curies":[{"name":"wp","href":"https:\/\/api.w.org\/{rel}","templated":true}]}}