{"id":32350613,"date":"2017-06-06T21:09:41","date_gmt":"2017-06-06T21:09:41","guid":{"rendered":"http:\/\/getanabolics.biz\/product\/power-fat-burner-cyclus\/"},"modified":"2018-01-21T19:47:30","modified_gmt":"2018-01-21T19:47:30","slug":"power-fat-burner-cyclus","status":"publish","type":"product","link":"https:\/\/getanabolics.biz\/nl\/product\/power-fat-burner-cyclus\/","title":{"rendered":"POWER FAT BURNER CYCLUS"},"content":{"rendered":"<p>Stero\u00efde cycli verwijst naar het frame van de tijd anabole stero\u00efden worden gebruikt. Deze periode wordt vaak aangeduid als &#8220;On-Cyclus.&#8221; Wanneer stero\u00efden niet gebruikt worden, dit wordt aangeduid als &#8220;Off-Cyclus.&#8221; Voor de on-cyclus fase, zijn er talloze mogelijkheden en stapels. &#8220;Stapels&#8221; verwijzen naar de combinatie van anabole stero\u00efden en niet-stero\u00efdale items gebruikt tijdens het op-cyclus fase. Met honderden anabole stero\u00efden, vari\u00ebrend peptide hormonen, SERM &#8216;s, AI&#8217; s, schildklier hormonen en nog veel meer, er zijn echt ontelbaar veel mogelijk stapels. De mogelijkheden zijn zo uitgebreid, elke stapel en fietst u verbindt zich ertoe kan geheel verschillend zijn. Echter, de meeste stero\u00efde gebruikers zal worden comfortabel met bepaalde stapels; ze zullen ontdekken specifieke combinaties die de beste resultaten opleveren, en zij zullen de stok met die plannen.<\/p>\n<p>Geavanceerde anabole stero\u00efde gebruikers zijn de bovenste laag van de ervaren gebruikers, en het is duidelijk dat er van uitgegaan dat op dit punt, de anabole stero\u00efde gebruiker heeft verkregen genoeg ervaring en verzamelde genoeg kennis te nemen van de status van een geavanceerde gebruiker. Geavanceerde stero\u00efde stapels betrekking hebben op veel van de meer geavanceerde niveau verbindingen (zoals <a href=\"http:\/\/getanabolics.biz\/product\/anadrol-100-tabs-each-tab-contains-50-mg-oxymetholone\/\">Anadrol <\/a>en Trenbolonacetaat), maar dit is niet om te zeggen dat geavanceerde anabole stero\u00efde cycli kan ook worden van de basic Testosteron alleen-cyclus protocol. Dit is al eerder in aanraking gekomen, waarbij is duidelijk gemaakt dat de intermediaire en geavanceerde anabole stero\u00efde gebruikers zijn niet beperkt tot, het gebruik van zeer harde stoffen, extreem hoge doses, of complexe cyclus stapels. Vaak zijn de meerderheid van de gevorderde gebruikers zullen kiezen voor het uitvoeren van de basic geprobeerd, vertrouwde, en waar methoden van Testosteron alleen-cycli, of heel basic anabole stero\u00efde cycli. Dit is meestal veel verrassing voor zowel beginners als zeer vaak beginners (en potenti\u00eble anabole stero\u00efde gebruikers) zal het bezit zijn van een gebrekkig begrip van wat het is om een geavanceerde anabole stero\u00efde gebruiker.<\/p>\n<p>Ongeacht de stack of fietst u uitvoeren, maar er zijn enkele algemene regels: adviseringen en dat zal helpen houden u veilig. Bijvoorbeeld, de primaire regel van elke cyclus is dat ook een vorm van testosteron. De vorm van testosteron gebruikt wordt, is van geen belang. Het enige dat telt is dat het lichaam voldoende van deze essenti\u00eble hormoon om goed te kunnen functioneren.<\/p>\n<p class=\"tekst\">Zeer effectieve vet verlies stack met de beste bekende vetverbranders <a href=\"http:\/\/getanabolics.biz\/product\/clenbuterol-40-100-tabs-each-40-mcg-clenbuterol-hydrochloride\/\">Clenbuterol <\/a>en <a href=\"http:\/\/getanabolics.biz\/product\/cytomel-t3-100-50-tabs-each-100-mcg-liothyronine-sodium\/\">Cytomel 100<\/a>.<\/p>\n<p>Je moet het volgen van een eiwitrijk dieet met weinig koolhydraten, doe cardio 30. min in de ochtend voor het ontbijt en gewichtheffen in de avond . Dan kunt u gemakkelijk vet te verbranden, niet lichaamsgewicht inbegrip van de spieren.<\/p>\n<div id=\"printablediv\">\n<p>&nbsp;<\/p>\n<table border=\"1\" width=\"40%\" cellpadding=\"2\" bgcolor=\"#FEFEFE\">\n<tbody>\n<tr>\n<td align=\"center\" width=\"60\"><span style=\"color: #000000; font-family: verdana; font-size: small;\">week van<br \/>\ncyclus<\/span><\/td>\n<td align=\"center\" bgcolor=\"#FF9999\"><span style=\"color: #000000; font-family: verdana; font-size: small;\">Clenbuterol 40<br \/>\n40mcg tab<\/span><\/td>\n<td align=\"center\" bgcolor=\"#99CCFF\"><span style=\"color: #000000; font-family: verdana; font-size: small;\">Cytomel 100<br \/>\n100mcg tab<\/span><\/td>\n<\/tr>\n<tr>\n<td align=\"center\" width=\"60\"><span style=\"color: #000000; font-family: verdana; font-size: small;\"><b>1<\/b><\/span><\/td>\n<td bgcolor=\"#FF9999\"><span style=\"color: #000000; font-family: verdana; font-size: small;\">1 tab\/dag<\/span><\/td>\n<td bgcolor=\"#99CCFF\"><span style=\"color: #000000; font-family: verdana; font-size: small;\">0.5 tab\/dag<\/span><\/td>\n<\/tr>\n<tr>\n<td align=\"center\" width=\"60\"><span style=\"color: #000000; font-family: verdana; font-size: small;\"><b>2<\/b><\/span><\/td>\n<td bgcolor=\"#FF9999\"><span style=\"color: #000000; font-family: verdana; font-size: small;\">2 tabs per dag<\/span><\/td>\n<td bgcolor=\"#99CCFF\"><span style=\"color: #000000; font-family: verdana; font-size: small;\">1 tab\/dag<\/span><\/td>\n<\/tr>\n<tr>\n<td align=\"center\" width=\"60\"><span style=\"color: #000000; font-family: verdana; font-size: small;\"><b>3<\/b><\/span><\/td>\n<td bgcolor=\"#FF9999\"><span style=\"color: #000000; font-family: verdana; font-size: small;\">2 tabs per dag<\/span><\/td>\n<td bgcolor=\"#99CCFF\"><span style=\"color: #000000; font-family: verdana; font-size: small;\">1 tab\/dag<\/span><\/td>\n<\/tr>\n<tr>\n<td align=\"center\" width=\"60\"><span style=\"color: #000000; font-family: verdana; font-size: small;\"><b>4<\/b><\/span><\/td>\n<td><\/td>\n<td><\/td>\n<\/tr>\n<tr>\n<td align=\"center\" width=\"60\"><span style=\"color: #000000; font-family: verdana; font-size: small;\"><b>5<\/b><\/span><\/td>\n<td><\/td>\n<td><\/td>\n<\/tr>\n<tr>\n<td align=\"center\" width=\"60\"><span style=\"color: #000000; font-family: verdana; font-size: small;\"><b>6<\/b><\/span><\/td>\n<td bgcolor=\"#FF9999\"><span style=\"color: #000000; font-family: verdana; font-size: small;\">2 tabs per dag<\/span><\/td>\n<td bgcolor=\"#99CCFF\"><span style=\"color: #000000; font-family: verdana; font-size: small;\">1 tab\/dag<\/span><\/td>\n<\/tr>\n<tr>\n<td align=\"center\" width=\"60\"><span style=\"color: #000000; font-family: verdana; font-size: small;\"><b>7<\/b><\/span><\/td>\n<td bgcolor=\"#FF9999\"><span style=\"color: #000000; font-family: verdana; font-size: small;\">2 tabs per dag<\/span><\/td>\n<td bgcolor=\"#99CCFF\"><span style=\"color: #000000; font-family: verdana; font-size: small;\">1 tab\/dag<\/span><\/td>\n<\/tr>\n<tr>\n<td align=\"center\" width=\"60\"><span style=\"color: #000000; font-family: verdana; font-size: small;\"><b>8<\/b><\/span><\/td>\n<td bgcolor=\"#FF9999\"><span style=\"color: #000000; font-family: verdana; font-size: small;\">1 tabs\/dag<\/span><\/td>\n<td bgcolor=\"#99CCFF\"><span style=\"color: #000000; font-family: verdana; font-size: small;\">0.5 tab\/dag<\/span><\/td>\n<\/tr>\n<\/tbody>\n<\/table>\n<p>&nbsp;<\/p>\n<p><b>Totaal:<\/b><br \/>\n100 tablets <a href=\"http:\/\/getanabolics.biz\/nl\/product\/clenbuterol-40-100-tabs-each-40-mcg-clenbuterol-hydrochloride\/\">Clenbuterol 40 &#8211; Maxtreme<\/a><br \/>\n100 tablets <a href=\"http:\/\/getanabolics.biz\/nl\/product\/cytomel-t3-100-50-tabs-each-100-mcg-liothyronine-sodium\/\">Cytomel \u00a0&#8211; 100 &#8211;\u00a0Maxtreme<\/a><\/p>\n<p>&nbsp;<\/p>\n<\/div>\n<p>Als u wilt om gewicht te verliezen en op een spier raden u om te controleren <a href=\"http:\/\/getanabolics.biz\/product\/strong-cutting-cycle\/\">Sterke snijden cyclus<\/a>.<br \/>\n<a href=\"http:\/\/getanabolics.biz\/product\/clenbuterol-40-100-tabs-each-40-mcg-clenbuterol-hydrochloride\/\">Clenbuterol 40 <\/a>en <a href=\"http:\/\/getanabolics.biz\/product\/cytomel-t3-100-50-tabs-each-100-mcg-liothyronine-sodium\/\">Cytomel 100<\/a> zijn niet stero\u00efden, deze combinatie is zeer effectief, vrouwen tolereren ze goed en (in iets kleinere doseringen).<br \/>\nU moet tabbladen ten minste 30 min. voor de maaltijd. En de split-up van de dosering twee keer per dag. Een in de ochtend en \u00e9\u00e9n in de avond.<\/p>\n<p>Je moet het volgen van een eiwitrijk dieet met weinig koolhydraten, doe cardio 30. min in de ochtend voor het ontbijt en gewichtheffen in de avond . Dan kunt u gemakkelijk vet te verbranden, niet lichaamsgewicht inbegrip van de spieren.<br \/>\nWanneer u klaar bent met de cyclus geven een pauze van minimaal 8 weken. Je kunt niet permanent vet verlies als je het niet repareren van je dieet en op een spier.<\/p>\n<p>&nbsp;<\/p>\n<p><b>mariadistel supplementen worden aanbevolen door de cyclus om de lever te ondersteunen en drink veel water en neem levertraan ter ondersteuning van de nier. Neem ook Omega-3 en CLA voor een meer effectieve vetverbranding. Om te voorkomen dat clenbuterol krampen aan te vullen met aminozuur Taurine.<br \/>\nDit is een voorbeeld van een cyclus met max. doseringen. Altijd beginnen met een cyclus met lagere doseringen en iets bereiken, max. niveaus. Als je je slecht voelt verlagen van de dosering of stoppen.<br \/>\nMag niet genomen worden wanneer u hoge bloeddruk, een ernstige hyperfunction van de schildklier, onregelmatige hartslag, of een recente myocardiac infarct aanwezig zijn.<br \/>\n<\/b><\/p>\n<p>&nbsp;<\/p>\n<p>Als stero\u00efde cycli verwijzen naar de tijd waarin we daadwerkelijk aan te vullen met anabole stero\u00efden, de voor de hand liggende vraag is wat is de aanvaardbare termijn? Wat is het minimum voor positieve voordelen en wat is de maximale hoeveelheid tijd in-op het gebied van veiligheid? Dit kan een moeilijke vraag om te beantwoorden, maar nogmaals er zijn richtlijnen die u zullen helpen veilig blijven. Ongeacht de stero\u00efde cycli kunt implementeren, hoe basic-of advanced-uw plan is gaat nodig hebben om te verlengen voor een fatsoenlijk bedrag van de tijd. Het menselijk lichaam houdt niet van veranderen; zelfs indien een dergelijke wijziging is in het beste belang van het bestrijden en doen er alles aan om het verblijf van haar gewend zijn normaal. We moeten voldoende tijd voor dit &#8220;normaal&#8221; te veranderen; we moeten een nieuwe set normaal als wij zijn om op te hangen op een van de gemaakte winst. Echter, zelfs wanneer dit is gedaan, als je off-cycle voor een langere periode van tijd dat je gaat om te verliezen van een deel van de winsten gemaakt, en zonder de hoge instroom van hormonen aanwezig ter ondersteuning van de winst die u gemaakt, zij zullen niet eeuwig duren. De winst die wordt geboekt door het gebruik van hormonen, dit is niet nep spier-of sterkte, het is zo echt als alle andere winsten die gemaakt kunnen worden. Wanneer maak je winst in kracht en grootte, ze worden ondersteund door de voedingsstoffen die u verbruikt. Het wegnemen van de voedingsstoffen en de ondersteuning van het systeem uit elkaar valt. Hormonen zijn ook belangrijk, misschien wel net zo belangrijk als voedsel. Samen met voedingsstoffen, de hormonen in uw lichaam ondersteuning van uw grootte en sterkte of nature voorkomende verstrekt of exogeen. Neem de hormonen weg, en moet je weer verwijderd van een systeem voor ondersteuning.<\/p>\n<p>&nbsp;<\/p>\n<p>De term <strong>Stero\u00efde Cycli<\/strong> verwijst naar het periodiek gebruik van anabole\/androgene stero\u00efden (AAS), wat typisch is voor de spier-gebouw doeleinden. AAS zijn niet medisch goedgekeurd voor het bevorderen van overmatige spiermassa winsten (bodybuilding) of het verbeteren van atletische prestaties. Afgezien van het begin van de experimenten op de atleten door een handvol van sportartsen, een uitgebreide poging om de studie van de lichaamsbouw &#8211; en prestatiebevorderende eigenschappen van deze drugs, specifiek met het oog op het ontwikkelen van strategie\u00ebn om met hen om te maximaliseren van de voordelen en het minimaliseren van negatieve effecten, heeft niet zijn uitgevoerd door de medische gemeenschap. Vanwege dit, illegale gebruikers hebben achtergelaten bij het ontwikkelen van hun eigen protocollen voor het toedienen van deze medicijnen. Het resultaat is een grote verscheidenheid van verschillende benaderingen om het gebruik van deze middelen, wat veiliger of effectiever zijn dan anderen. Terwijl het niet mogelijk zou zijn om uitgebreid te evalueren van alle bekende benaderingen, is deze paragraaf bespreekt een aantal van de meest fundamentele en tijd-bewezen methoden voor het gebruik van AAS.<\/p>\n<p>Deze cyclus kunt u kopen op <a href=\"http:\/\/getanabolics.biz\/\">getanabolics.biz<\/a><\/p>\n<h3>Lees verder<\/h3>\n<p><a href=\"http:\/\/getanabolics.biz\/nl\/cytomel-t3-reviews-op-getanabolics-biz\/\">CYTOMEL T3 BEOORDELINGEN OVER GETANABOLICS.BIZ<\/a><\/p>\n<p><a href=\"http:\/\/getanabolics.biz\/nl\/genotropin-review-op-getanabolics-biz\/\">GENOTROPIN REVIEW OP GETANABOLICS.BIZ<\/a><\/p>\n<p><a href=\"http:\/\/getanabolics.biz\/nl\/bodybuilding-en-steroiden\/\">LICHAAMSBOUW EN STERO\u00cfDEN<\/a><\/p>\n<p><a href=\"http:\/\/getanabolics.biz\/nl\/wat-moet-de-duur-van-de-kuur-met-steroiden-zijn\/\">WAT MOET DE DUUR VAN DE STERO\u00cfDENCURSUS ZIJN?<\/a><\/p>\n<p><a href=\"http:\/\/getanabolics.biz\/nl\/verzamel-een-droge-massa-zonder-bijwerkingen\/\">VERZAMEL EEN DROGE MASSA MET GEEN BIJWERKINGEN<\/a><\/p>\n","protected":false},"excerpt":{"rendered":"<p>100 tablets <a href=\"http:\/\/getanabolics.biz\/nl\/product\/clenbuterol-40-100-tabs-each-40-mcg-clenbuterol-hydrochloride\/\">Clenbuterol 40 &#8211; Maxtreme<\/a><br \/>\n100 tablets <a href=\"http:\/\/getanabolics.biz\/nl\/product\/cytomel-t3-100-50-tabs-each-100-mcg-liothyronine-sodium\/\">Cytomel \u00a0&#8211; 100 &#8211;\u00a0Maxtreme<\/a><\/p>\n","protected":false},"featured_media":32350504,"comment_status":"closed","ping_status":"closed","template":"","meta":[],"product_cat":[451],"product_tag":[499,500],"_links":{"self":[{"href":"https:\/\/getanabolics.biz\/nl\/wp-json\/wp\/v2\/product\/32350613"}],"collection":[{"href":"https:\/\/getanabolics.biz\/nl\/wp-json\/wp\/v2\/product"}],"about":[{"href":"https:\/\/getanabolics.biz\/nl\/wp-json\/wp\/v2\/types\/product"}],"replies":[{"embeddable":true,"href":"https:\/\/getanabolics.biz\/nl\/wp-json\/wp\/v2\/comments?post=32350613"}],"wp:featuredmedia":[{"embeddable":true,"href":"https:\/\/getanabolics.biz\/nl\/wp-json\/wp\/v2\/media\/32350504"}],"wp:attachment":[{"href":"https:\/\/getanabolics.biz\/nl\/wp-json\/wp\/v2\/media?parent=32350613"}],"wp:term":[{"taxonomy":"product_cat","embeddable":true,"href":"https:\/\/getanabolics.biz\/nl\/wp-json\/wp\/v2\/product_cat?post=32350613"},{"taxonomy":"product_tag","embeddable":true,"href":"https:\/\/getanabolics.biz\/nl\/wp-json\/wp\/v2\/product_tag?post=32350613"}],"curies":[{"name":"wp","href":"https:\/\/api.w.org\/{rel}","templated":true}]}}