{"id":32350588,"date":"2017-06-06T18:15:04","date_gmt":"2017-06-06T18:15:04","guid":{"rendered":"http:\/\/getanabolics.biz\/product\/beginners-oral-cycle\/"},"modified":"2018-01-21T20:22:32","modified_gmt":"2018-01-21T20:22:32","slug":"beginners-oral-cycle","status":"publish","type":"product","link":"https:\/\/getanabolics.biz\/nl\/product\/beginners-oral-cycle\/","title":{"rendered":"BEGINNERS ORAL CYCLE"},"content":{"rendered":"<p>Stero\u00efde cycli verwijst naar het frame van de tijd anabole stero\u00efden worden gebruikt. Deze periode wordt vaak aangeduid als &#8220;On-Cyclus.&#8221; Wanneer stero\u00efden niet gebruikt worden, dit wordt aangeduid als &#8220;Off-Cyclus.&#8221; Voor de on-cyclus fase, zijn er talloze mogelijkheden en stapels. &#8220;Stapels&#8221; verwijzen naar de combinatie van anabole stero\u00efden en niet-stero\u00efdale items gebruikt tijdens het op-cyclus fase. Met honderden anabole stero\u00efden, vari\u00ebrend peptide hormonen, SERM &#8216;s, AI&#8217; s, schildklier hormonen en nog veel meer, er zijn echt ontelbaar veel mogelijk stapels. De mogelijkheden zijn zo uitgebreid, elke stapel en fietst u verbindt zich ertoe kan geheel verschillend zijn. Echter, de meeste stero\u00efde gebruikers zal worden comfortabel met bepaalde stapels; ze zullen ontdekken specifieke combinaties die de beste resultaten opleveren, en zij zullen de stok met die plannen.<\/p>\n<p>Geavanceerde anabole stero\u00efde gebruikers zijn de bovenste laag van de ervaren gebruikers, en het is duidelijk dat er van uitgegaan dat op dit punt, de anabole stero\u00efde gebruiker heeft verkregen genoeg ervaring en verzamelde genoeg kennis te nemen van de status van een geavanceerde gebruiker. Geavanceerde stero\u00efde stapels betrekking hebben op veel van de meer geavanceerde niveau verbindingen (zoals Anadrol en Trenbolonacetaat), maar dit is niet om te zeggen dat geavanceerde anabole stero\u00efde cycli kan ook worden van de basic Testosteron alleen-cyclus protocol. Dit is al eerder in aanraking gekomen, waarbij is duidelijk gemaakt dat de intermediaire en geavanceerde anabole stero\u00efde gebruikers zijn niet beperkt tot, het gebruik van zeer harde stoffen, extreem hoge doses, of complexe cyclus stapels. Vaak zijn de meerderheid van de gevorderde gebruikers zullen kiezen voor het uitvoeren van de basic geprobeerd, vertrouwde, en waar methoden van Testosteron alleen-cycli, of heel basic anabole stero\u00efde cycli. Dit is meestal veel verrassing voor zowel beginners als zeer vaak beginners (en potenti\u00eble anabole stero\u00efde gebruikers) zal het bezit zijn van een gebrekkig begrip van wat het is om een geavanceerde anabole stero\u00efde gebruiker.<\/p>\n<p>Ongeacht de stack of fietst u uitvoeren, maar er zijn enkele algemene regels: adviseringen en dat zal helpen houden u veilig. Bijvoorbeeld, de primaire regel van elke cyclus is dat ook een vorm van testosteron. De vorm van testosteron gebruikt wordt, is van geen belang. Het enige dat telt is dat het lichaam voldoende van deze essenti\u00eble hormoon om goed te kunnen functioneren.<\/p>\n<p>Orale stero\u00efde cyclus van twee populaire en krachtige orale stero\u00efden; <a href=\"http:\/\/getanabolics.biz\/product\/dianabol-100-tabs-each-contains-10-mg-methandienone\/\">Dianabol <\/a>en <a href=\"http:\/\/getanabolics.biz\/product\/anadrol-50-tabs-each-tab-contains-50-mg-oxymetholone\/\">Anadrol<\/a>. Ook de beste aromatase remmer <a href=\"http:\/\/getanabolics.biz\/product\/aromasin-30-tabs-each-has-25mg-exemestane\/\">Aromasin <\/a>toegevoegd voor oestrogeen controle.<\/p>\n<p>Consumeren eiwit minimaal 3 gram per kg\/lichaamsgewicht en uw dagelijkse calorie-inname is 50 cal per kg\/lichaamsgewicht. Volg een hoge intensiteit training training 4-5 dagen in de week en drink veel water tijdens de cyclus.<\/p>\n<p>&nbsp;<\/p>\n<div id=\"printablediv\">\n<p>&nbsp;<\/p>\n<table border=\"1\" width=\"40%\" cellpadding=\"2\" bgcolor=\"#fefefe\">\n<tbody>\n<tr>\n<td align=\"center\" width=\"60\">week van<br \/>\ncyclus<\/td>\n<td align=\"center\" bgcolor=\"#FF9999\"><span style=\"font-family: verdana; font-size: small;\">DIANABOL<br \/>\n10mg tab<\/span><\/td>\n<td align=\"center\" bgcolor=\"#99CCFF\"><span style=\"font-family: verdana; font-size: small;\">ANADROL<br \/>\n50mg tab<\/span><\/td>\n<td align=\"center\" bgcolor=\"#FFFFCC\"><span style=\"font-family: verdana; font-size: small;\">AROMASIN<br \/>\n25mg tab<\/span><\/td>\n<\/tr>\n<tr>\n<td align=\"center\" width=\"60\"><span style=\"font-family: verdana; font-size: small;\"><b>1<\/b><\/span><\/td>\n<td bgcolor=\"#FF9999\"><span style=\"font-family: verdana; font-size: small;\">4 tabs\/dag<\/span><\/td>\n<td bgcolor=\"#99CCFF\"><span style=\"font-family: verdana; font-size: small;\">1 tab\/dag<\/span><\/td>\n<td><\/td>\n<\/tr>\n<tr>\n<td align=\"center\" width=\"60\"><span style=\"font-family: verdana; font-size: small;\"><b>2<\/b><\/span><\/td>\n<td bgcolor=\"#FF9999\"><span style=\"font-family: verdana; font-size: small;\">4 tabs\/dag<\/span><\/td>\n<td bgcolor=\"#99CCFF\"><span style=\"font-family: verdana; font-size: small;\">1 tab\/dag<\/span><\/td>\n<td><\/td>\n<\/tr>\n<tr>\n<td align=\"center\" width=\"60\"><span style=\"font-family: verdana; font-size: small;\"><b>3<\/b><\/span><\/td>\n<td bgcolor=\"#FF9999\"><span style=\"font-family: verdana; font-size: small;\">5 tabs\/dag<\/span><\/td>\n<td bgcolor=\"#99CCFF\"><span style=\"font-family: verdana; font-size: small;\">1 tab\/dag<\/span><\/td>\n<td bgcolor=\"#FFFFCC\"><span style=\"font-family: verdana; font-size: small;\">1 tab\/dag<\/span><\/td>\n<\/tr>\n<tr>\n<td align=\"center\" width=\"60\"><span style=\"font-family: verdana; font-size: small;\"><b>4<\/b><\/span><\/td>\n<td bgcolor=\"#FF9999\"><span style=\"font-family: verdana; font-size: small;\">5 tabs\/dag<\/span><\/td>\n<td bgcolor=\"#99CCFF\"><span style=\"font-family: verdana; font-size: small;\">1 tab\/dag<\/span><\/td>\n<td><\/td>\n<\/tr>\n<tr>\n<td align=\"center\" width=\"60\"><span style=\"font-family: verdana; font-size: small;\"><b>5<\/b><\/span><\/td>\n<td bgcolor=\"#FF9999\"><span style=\"font-family: verdana; font-size: small;\">4 tabs\/dag<\/span><\/td>\n<td bgcolor=\"#99CCFF\"><span style=\"font-family: verdana; font-size: small;\">1 tab\/dag<\/span><\/td>\n<td bgcolor=\"#FFFFCC\"><span style=\"font-family: verdana; font-size: small;\">1 tab\/dag<\/span><\/td>\n<\/tr>\n<tr>\n<td align=\"center\" width=\"60\"><span style=\"font-family: verdana; font-size: small;\"><b>6<\/b><\/span><\/td>\n<td bgcolor=\"#FF9999\"><span style=\"font-family: verdana; font-size: small;\">4 tabs\/dag<\/span><\/td>\n<td><\/td>\n<td><\/td>\n<\/tr>\n<tr>\n<td align=\"center\" width=\"60\"><span style=\"font-family: verdana; font-size: small;\"><b>7<\/b><\/span><\/td>\n<td><\/td>\n<td><\/td>\n<td bgcolor=\"#FFFFCC\"><span style=\"font-family: verdana; font-size: small;\">1 tab\/dag<\/span><\/td>\n<\/tr>\n<tr>\n<td align=\"center\" width=\"60\"><span style=\"font-family: verdana; font-size: small;\"><b>8<\/b><\/span><\/td>\n<td><\/td>\n<td><\/td>\n<td bgcolor=\"#FFFFCC\"><span style=\"font-family: verdana; font-size: small;\">1 tab\/dag<\/span><\/td>\n<\/tr>\n<\/tbody>\n<\/table>\n<p>&nbsp;<\/p>\n<p><b>Totaal:<\/b><br \/>\n200 tabs <a href=\"http:\/\/getanabolics.biz\/nl\/product\/dianabol-100-tabs-each-contains-10-mg-methandienone\/\">Dianabol \u2013 Maxtreme<\/a><br \/>\n50 tabs <a href=\"http:\/\/getanabolics.biz\/nl\/product\/anadrol-50-tabs-each-tab-contains-50-mg-oxymetholone\/\">Anadrol \u2013 Maxtreme<\/a><br \/>\n30 tabs <a href=\"http:\/\/getanabolics.biz\/nl\/product\/aromasin-30-tabs-elke-kamer-heeft-25mg-exemestane-koop\/\">Aromasin\u00a0\u2013 Alpha Pharma<\/a><\/p>\n<\/div>\n<p>&nbsp;<\/p>\n<p>U moet tabbladen na de maaltijd om te voorkomen dat de maag van streek. En de split-up van de dosering twee keer per dag. Een in de ochtend en \u00e9\u00e9n in de avond.<\/p>\n<p>Milk Thistle en Alfa-liponzuur supplementen worden aanbevolen door de cyclus om de lever te ondersteunen en drink veel water en neem levertraan ter ondersteuning van de nier.<br \/>\nDit is een voorbeeld van een cyclus met max. doseringen. Altijd beginnen met een cyclus met lagere doseringen en iets bereiken, max. niveaus. Als je je slecht voelt verlagen van de dosering of stoppen.<br \/>\nNadat de cyclus, indien nodig, ZMA of Tribulus kan worden gebruikt voor de verhoging van de natuurlijke testosteron niveaus weer normaal.<\/p>\n<p>Een zeer belangrijk punt te worden gemaakt voor de lezer is het feit dat veel beginners en gemiddelde anabole stero\u00efde gebruikers maken vaak de fout van de veronderstelling dat ze bereid zijn te gaan in geavanceerde stero\u00efde cycli cyclus en protocollen. Dit is potentieel een zeer gevaarlijke fout die elk individu moet ervoor zorgen om niet te vallen in, als de progressie in de gevorderde stadia wanneer men niet bereid of niet in het bezit is van de juiste ervaring kan en zal vaak leiden tot letsel, schade en\/of potenti\u00eble lichamelijke schade en tegenslagen.<\/p>\n<p>De term <strong>Stero\u00efde Cycli<\/strong> verwijst naar het periodiek gebruik van anabole\/androgene stero\u00efden (AAS), wat typisch is voor de spier-gebouw doeleinden. AAS zijn niet medisch goedgekeurd voor het bevorderen van overmatige spiermassa winsten (bodybuilding) of het verbeteren van atletische prestaties. Afgezien van het begin van de experimenten op de atleten door een handvol van sportartsen, een uitgebreide poging om de studie van de lichaamsbouw &#8211; en prestatiebevorderende eigenschappen van deze drugs, specifiek met het oog op het ontwikkelen van strategie\u00ebn om met hen om te maximaliseren van de voordelen en het minimaliseren van negatieve effecten, heeft niet zijn uitgevoerd door de medische gemeenschap. Vanwege dit, illegale gebruikers hebben achtergelaten bij het ontwikkelen van hun eigen protocollen voor het toedienen van deze medicijnen. Het resultaat is een grote verscheidenheid van verschillende benaderingen om het gebruik van deze middelen, wat veiliger of effectiever zijn dan anderen. Terwijl het niet mogelijk zou zijn om uitgebreid te evalueren van alle bekende benaderingen, is deze paragraaf bespreekt een aantal van de meest fundamentele en tijd-bewezen methoden voor het gebruik van AAS.<\/p>\n<h3>Lees verder<\/h3>\n<p><a href=\"http:\/\/getanabolics.biz\/nl\/geweldige-resultaten-van-het-beste-trenbolonacetaat\/\">GEWELDIGE RESULTATEN VAN DE BESTE TRENBOLONEACETAAT<\/a><\/p>\n<p><a href=\"http:\/\/getanabolics.biz\/nl\/alles-wat-u-moet-weten-anadrol\/\">ALLES WAT U moet weten over ANADROL<\/a><\/p>\n<p><a href=\"http:\/\/getanabolics.biz\/nl\/het-effect-van-steroiden-op-de-menselijke-huid\/\">HET EFFECT VAN STERO\u00cfDEN OP DE MENSELIJKE HUID<\/a><\/p>\n<p><a href=\"http:\/\/getanabolics.biz\/nl\/verzamel-een-droge-massa-zonder-bijwerkingen\/\">VERZAMEL EEN DROGE MASSA MET GEEN BIJWERKINGEN<\/a><\/p>\n<p><a href=\"http:\/\/getanabolics.biz\/nl\/wat-moet-de-duur-van-de-kuur-met-steroiden-zijn\/\">WAT MOET DE DUUR VAN DE STERO\u00cfDENCURSUS ZIJN?<\/a><\/p>\n","protected":false},"excerpt":{"rendered":"<p>200 tabs <a href=\"http:\/\/getanabolics.biz\/nl\/product\/dianabol-100-tabs-each-contains-10-mg-methandienone\/\">Dianabol \u2013 Maxtreme<\/a><br \/>\n50 tabs <a href=\"http:\/\/getanabolics.biz\/nl\/product\/anadrol-50-tabs-each-tab-contains-50-mg-oxymetholone\/\">Anadrol \u2013 Maxtreme<\/a><br \/>\n30 tabs <a href=\"http:\/\/getanabolics.biz\/nl\/product\/aromasin-30-tabs-elke-kamer-heeft-25mg-exemestane-koop\/\">Aromasin\u00a0\u2013 Alpha Pharma<\/a><\/p>\n","protected":false},"featured_media":32350194,"comment_status":"closed","ping_status":"closed","template":"","meta":[],"product_cat":[451],"product_tag":[39,484,452,455],"_links":{"self":[{"href":"https:\/\/getanabolics.biz\/nl\/wp-json\/wp\/v2\/product\/32350588"}],"collection":[{"href":"https:\/\/getanabolics.biz\/nl\/wp-json\/wp\/v2\/product"}],"about":[{"href":"https:\/\/getanabolics.biz\/nl\/wp-json\/wp\/v2\/types\/product"}],"replies":[{"embeddable":true,"href":"https:\/\/getanabolics.biz\/nl\/wp-json\/wp\/v2\/comments?post=32350588"}],"wp:featuredmedia":[{"embeddable":true,"href":"https:\/\/getanabolics.biz\/nl\/wp-json\/wp\/v2\/media\/32350194"}],"wp:attachment":[{"href":"https:\/\/getanabolics.biz\/nl\/wp-json\/wp\/v2\/media?parent=32350588"}],"wp:term":[{"taxonomy":"product_cat","embeddable":true,"href":"https:\/\/getanabolics.biz\/nl\/wp-json\/wp\/v2\/product_cat?post=32350588"},{"taxonomy":"product_tag","embeddable":true,"href":"https:\/\/getanabolics.biz\/nl\/wp-json\/wp\/v2\/product_tag?post=32350588"}],"curies":[{"name":"wp","href":"https:\/\/api.w.org\/{rel}","templated":true}]}}