{"id":1039,"date":"2017-04-27T10:33:38","date_gmt":"2017-04-27T12:40:57","guid":{"rendered":"http:\/\/getanabolics.biz\/product\/arimidex-25-tabbladen-elk-bevat-1-mg-anastrozol-koop\/"},"modified":"2018-01-19T06:26:36","modified_gmt":"2018-01-19T06:26:36","slug":"arimidex-25-tabs-each-contains-1-mg-anastrozole","status":"publish","type":"product","link":"https:\/\/getanabolics.biz\/nl\/product\/arimidex-25-tabs-each-contains-1-mg-anastrozole\/","title":{"rendered":"Arimidex &#8211; Vermodje"},"content":{"rendered":"<h2>Kopen Arimidex &#8211; Vermodje (Anastrover)<\/h2>\n<p><a title=\"Kopen Arimidex in GetAnabolics\"><img src=\"http:\/\/getanabolics.biz\/images\/arimidex-1-30-meditech.jpg\" alt=\"Arimidex\" width=\"30%\" align=\"right\" \/><\/a><br \/>\nVoor degenen die op zoek is naar Arimidex en vraagt u zich af waar te kopen Arimidex van Vermodje contractuele wij bieden Anastrover als de beste keuze voor echte bodybuilders.<br \/>\nVan nu af aan een grote verscheidenheid van injecteerbare stero\u00efden en orale stero\u00efden en post-cyclus therapie van Vermodje kan worden gekocht op <b>GetAnabolics<\/b>. Wij blij met de invoering van de nieuwe Arimidex van <span style=\"font-weight: bold;\">Vermodje<\/span>.<br \/>\n<em>Alle producten die wij aanbieden zijn gemaakt van authentieke, hoge kwaliteit stoffen en hebben een doel: om mensen te helpen winnen spiermassa, algehele kracht, om vet te verbranden en hen te helpen op het pad naar lichamelijke perfectie. Om tot een constructieve en beschaafde verbinding met onze klanten maken we maximale inspanningen te verzekeren van een kwalitatief hoge dienstverlening en zal de aanpak van elke persoon die adres van onze winkel met beleefdheid en respect.<\/em><br \/>\nHet opbouwen en onderhouden van een prachtige lichaam door een combinatie van methoden. Een goede voeding komt op de eerste plaats in de lijst van essenti\u00eble componenten die nodig zijn door het lichaam. Ten tweede, zorg ervoor dat je altijd kopen en gebruik maken van de wettelijke stero\u00efden online niet alleen om te voorkomen dat het conflict met de wet, maar belangrijker nog, om te voorkomen dat de gezondheid van complicaties.<br \/>\n<em><span style=\"font-weight: bold;\">GetAnabolics.Biz<\/span> is de online stero\u00efde leverancier speciaal gemaakt en gewijd om elke sporter en bodybuilder met de beste <span style=\"font-weight: bold;\">anabolic steroids<\/span> tegen lage prijzen. We hebben gekozen voor de meest betrouwbare merken om samen te werken om te zorgen voor een veilige, eerlijke en top-notch stero\u00efden aan onze klanten.<\/em><br \/>\nVerzendkosten stero\u00efden zeer veilig is de belangrijkste zorg voor de levering van stero\u00efden wereldwijd. Onze discrete verzending garandeert dat niemand anders weet dat u het kopen van stero\u00efden online.<\/p>\n<h2>Meer Arimidex Vermodje Informatie<\/h2>\n<p><b>25 tabbladen elk bevat 1 mg Anastrozol<\/b><\/p>\n<p><strong>Drug klasse: Orale Aromatase remmer<\/strong><br \/>\n<strong> Aanbevolen gemiddelde dosering: Tussen 0,25 mg en 1 mg per dag<\/strong><br \/>\n<strong> Active life: 48 uur<\/strong><br \/>\n<strong> Waterberging: Nee<\/strong><br \/>\n<strong> Giftig voor de lever: Ja<\/strong><br \/>\n<strong> Vermindert HPTA functie: Nee<\/strong><br \/>\n<strong> Acne: Ja<\/strong><\/p>\n<p>Arimidex, waarvan de generieke naam is <a href=\"http:\/\/getanabolics.biz\/nl\/product\/arimidex-30-tabs-elk-bevat-1-mg-anastrozol-koop\/\">Anastrozole<\/a>, wordt vooral gebruikt werd voor het eerst geproduceerd als een behandeling voor borstkanker onder vrouwen. De drug werd voor het eerst beschikbaar gesteld in December 1995 is geproduceerd en op de markt gebracht door Zenica Farmaceutische producten. Het is een van de nieuwste drugs worden geproduceerd voor de behandeling van gevorderde borstkanker. Arimidex is ook het eerste medicijn in de groep van de derde generatie drugs of selectieve orale aromatase-remmers ontworpen <strong>voor de bestrijding van borstkanker.<\/strong><\/p>\n<p><em><strong>Arimidex werkt door h<\/strong>et blokkeren van het aromatase enzym, die blokkeert de productie van oestrogeen in het lichaam. Vele vormen van borstkanker cellen worden verergerd door oestrogeen en de <strong>vermindering<\/strong> van oestrogeen effectief vertraagt en zelfs stopt de opmars van de kanker. Als gevolg van de oestrogeen remmende eigenschappen, het is een geweldige stero\u00efde voor mannelijke atleten. <strong>Dit medicijn vermindert<\/strong> het niveau van oestrogeen in de mannelijke atleten en is veel effectiever dan andere soortgelijke stero\u00efden zoals <strong>Proviron<\/strong>. Dit geneesmiddel is uitzonderlijk sterk is. Een dagelijkse dosering van 1 mg of \u00e9\u00e9n tablet kunnen onderdrukken oestrogeen productie met meer dan 80%. Als het zo &#8216; n krachtig medicijn, de maximale dosering voor mannelijke gebruikers is 1 mg per dag of \u00e9\u00e9n tablet.<\/em><\/p>\n<p>De meeste gebruikers hebben gezien goede resultaten met doses zo laag als 0,25 mg per dag. Arimidex mag niet worden gebruikt door jonge vrouwen en vrouwelijke atleten vanwege de extreme oestrogeen remmende eigenschappen. Zelfs als een behandeling voor borstkanker Arimidex mag alleen worden gebruikt door post-menopauzale vrouwen met een vergevorderd stadium van borstkanker die niet kunnen worden behandeld met andere geneesmiddelen zoals <a href=\"http:\/\/getanabolics.biz\/nl\/product\/nolvadex-100-tabs-each-tab-contains-20mg-tamoxifen-citrate\/\">Nolvadex<\/a>.<\/p>\n<p>A<strong>ls het blokkeert de productie van oestrogeen<\/strong> in de mannelijke atleten die gebruik maken van de drug, het leidt tot verbeterde spiergroei en een toename van spiermassa. Arimidex gebruikt in combinatie met aromatiserende androgenen zoals testosteron leidt tot de gebruiker het bouwen van solide spiermassa zonder merkbare vasthouden van water. In combinatie met dergelijke aromatiserende androgenen, bijwerkingen, zoals gynaecomastie en oestrogeen gerelateerde bijwerkingen kan worden verminderd, terwijl de kwaliteit van de spiermassa kan worden verbeterd.<\/p>\n<p><span style=\"text-decoration: underline;\"><strong>Langdurig gebruik van de drug<\/strong> in een lange behandeling met stero\u00efden, kan schadelijke bijwerkingen. Belangrijker nog, het kan leiden tot de onderdrukking van de goede cholesterol of HDL-cholesterol in het lichaam. Ook is het gebruik van deze drug maakt de gunstige effecten die oestrogeen <a href=\"http:\/\/getanabolics.biz\/nl\/groeihormoon-hgh-de-belangrijkste-feiten\/\">heeft op langdurig gebruik van stero\u00efden.<\/a><\/span><\/p>\n<h3>Lees verder<\/h3>\n<p><a href=\"http:\/\/getanabolics.biz\/nl\/koop-clomid-online-op-getanabolics-biz\/\">KOOP CLOMID ONLINE OP GETANABOLICS.BIZ<\/a><\/p>\n<p><a href=\"http:\/\/getanabolics.biz\/nl\/groeihormoon-hgh-de-belangrijkste-feiten\/\">GROWTH HORMONE HGH &#8211; DE BELANGRIJKSTE FEITEN<\/a><\/p>\n<p><a href=\"http:\/\/getanabolics.biz\/nl\/kenmerken-van-korte-cursussen-van-steroiden\/\">KENMERKEN VAN KORTE CURSUSSEN VAN STERO\u00cfDEN<\/a><\/p>\n<p><a href=\"http:\/\/getanabolics.biz\/nl\/pauzeer-tussen-steroide-cursussen-en-pct\/\">PAUZE TUSSEN STERO\u00cfNCURSUSSEN EN PCT<\/a><\/p>\n<p><a href=\"http:\/\/getanabolics.biz\/nl\/hoe-effectief-de-steroide-brug\/\">HOE EFFECTIEF IS DE STERO\u00cfDEBRUG?<\/a><\/p>\n","protected":false},"excerpt":{"rendered":"<p>Pakket: 25 tabbladen elk bevat 1 mg Anastrozol<br \/>Fabrikant: Vermodje<br \/>Merknaam: Arimidex<br \/>Bekend: Anastrover<\/p>\n","protected":false},"featured_media":603,"comment_status":"open","ping_status":"closed","template":"","meta":[],"product_cat":[88,107],"product_tag":[30],"_links":{"self":[{"href":"https:\/\/getanabolics.biz\/nl\/wp-json\/wp\/v2\/product\/1039"}],"collection":[{"href":"https:\/\/getanabolics.biz\/nl\/wp-json\/wp\/v2\/product"}],"about":[{"href":"https:\/\/getanabolics.biz\/nl\/wp-json\/wp\/v2\/types\/product"}],"replies":[{"embeddable":true,"href":"https:\/\/getanabolics.biz\/nl\/wp-json\/wp\/v2\/comments?post=1039"}],"wp:featuredmedia":[{"embeddable":true,"href":"https:\/\/getanabolics.biz\/nl\/wp-json\/wp\/v2\/media\/603"}],"wp:attachment":[{"href":"https:\/\/getanabolics.biz\/nl\/wp-json\/wp\/v2\/media?parent=1039"}],"wp:term":[{"taxonomy":"product_cat","embeddable":true,"href":"https:\/\/getanabolics.biz\/nl\/wp-json\/wp\/v2\/product_cat?post=1039"},{"taxonomy":"product_tag","embeddable":true,"href":"https:\/\/getanabolics.biz\/nl\/wp-json\/wp\/v2\/product_tag?post=1039"}],"curies":[{"name":"wp","href":"https:\/\/api.w.org\/{rel}","templated":true}]}}