{"id":1036,"date":"2017-04-27T10:32:35","date_gmt":"2017-04-27T12:40:57","guid":{"rendered":"http:\/\/getanabolics.biz\/product\/trenbolone-enanthate-10-ml-flacon-elke-1-ml-bevat-200-mg-trenbolone-enanthate-koop\/"},"modified":"2018-01-19T07:15:23","modified_gmt":"2018-01-19T07:15:23","slug":"trenbolone-enanthate-10-ml-vial-each-1-ml-contains-200-mg-trenbolone-enanthate","status":"publish","type":"product","link":"https:\/\/getanabolics.biz\/nl\/product\/trenbolone-enanthate-10-ml-vial-each-1-ml-contains-200-mg-trenbolone-enanthate\/","title":{"rendered":"Trenbolone Enanthate &#8211; British Dragon"},"content":{"rendered":"<h2>Kopen Trenbolone Enanthate &#8211; British Dragon (Trenabol- E)<\/h2>\n<p><a title=\"Kopen Trenbolone Enanthate in GetAnabolics\"><img src=\"http:\/\/getanabolics.biz\/images\/tren-e-200-10-lapharma.jpg\" alt=\"Trenbolone Enanthate\" width=\"30%\" align=\"right\" \/><\/a><br \/>\nVoor degenen die op zoek is naar Trenbolone Enanthate en vraagt u zich af waar te kopen Trenbolone Enanthate van British Dragon contractuele wij bieden Trenabol- E als de beste keuze voor echte bodybuilders.<br \/>\nVan nu af aan een grote verscheidenheid van injecteerbare stero\u00efden en orale stero\u00efden en post-cyclus therapie van British Dragon kan worden gekocht op <b>GetAnabolics<\/b>. Wij blij met de invoering van de nieuwe Trenbolone Enanthate van <span style=\"font-weight: bold;\">British Dragon<\/span>.<br \/>\n<em>Alle producten die wij aanbieden zijn gemaakt van authentieke, hoge kwaliteit stoffen en hebben een doel: om mensen te helpen winnen spiermassa, algehele kracht, om vet te verbranden en hen te helpen op het pad naar lichamelijke perfectie. Om tot een constructieve en beschaafde verbinding met onze klanten maken we maximale inspanningen te verzekeren van een kwalitatief hoge dienstverlening en zal de aanpak van elke persoon die adres van onze winkel met beleefdheid en respect.<\/em><br \/>\nHet opbouwen en onderhouden van een prachtige lichaam door een combinatie van methoden. Een goede voeding komt op de eerste plaats in de lijst van essenti\u00eble componenten die nodig zijn door het lichaam. Ten tweede, zorg ervoor dat je altijd kopen en gebruik maken van de wettelijke stero\u00efden online niet alleen om te voorkomen dat het conflict met de wet, maar belangrijker nog, om te voorkomen dat de gezondheid van complicaties.<br \/>\n<em><span style=\"font-weight: bold;\">GetAnabolics.Biz<\/span> is de online stero\u00efde leverancier speciaal gemaakt en gewijd om elke sporter en bodybuilder met de beste <span style=\"font-weight: bold;\">anabolic steroids<\/span> tegen lage prijzen. We hebben gekozen voor de meest betrouwbare merken om samen te werken om te zorgen voor een veilige, eerlijke en top-notch stero\u00efden aan onze klanten.<\/em><br \/>\nVerzendkosten stero\u00efden zeer veilig is de belangrijkste zorg voor de levering van stero\u00efden wereldwijd. Onze discrete verzending garandeert dat niemand anders weet dat u het kopen van stero\u00efden online.<\/p>\n<h2>Meer Trenbolone Enanthate British Dragon Informatie<\/h2>\n<p><b>10 ml flacon elke 1 ml bevat 200 mg Trenbolone Enanthate<\/b><\/p>\n<p><strong>Drug klasse: Injecteerbare androgene en anabole stero\u00efden.<\/strong><br \/>\n<strong> Aanbevolen gemiddelde dosering: Tussen de 400 en 600 mg per week voor mannen<\/strong><br \/>\n<strong> Active life: Ongeveer een week<\/strong><br \/>\n<strong> Waterberging: Nee<\/strong><br \/>\n<strong> Giftig voor de lever: Ja.<\/strong><br \/>\n<strong> Vermindert HPTA functie: Ja<\/strong><br \/>\n<strong> DTH-Conversie: Nee<\/strong><br \/>\n<strong> Aromatisatie: Nee<\/strong><\/p>\n<p><a href=\"http:\/\/getanabolics.biz\/nl\/product\/trenbolone-enanthate-10-ml-vial-each-1-ml-contains-200-mg-trenbolone-enanthate\/\">Trenbolone Enanthate <\/a>is een injecteerbare vorm van het hormoon Trenbolone die het eerst werd gemaakt in de late jaren 1960. Hoewel Trenbolone Acetaat is veel populairder dan de Enanthate tegenhanger, Trenbolone Enanthate is langzaam aan populariteit wint onder atleten en bodybuilders. Echter, Trenbolone Enanthate is niet een in de handel verkrijgbare stof geproduceerd door grote farmaceutische bedrijf en een ondergrondse drug nog steeds voornamelijk gebruikt voor veterinaire doeleinden.<\/p>\n<p>Hoewel de acetate versie van dit hormoon is een zeer krachtig en effectief, het heeft een korte actieve leven. Door het toevoegen van een enanthate ester, de helft van het leven van de mens kan worden verhoogd tot ongeveer een week, wat betekent dat gebruikers niet hebben om zoveel injecties. <a href=\"http:\/\/getanabolics.biz\/nl\/geweldige-resultaten-van-het-beste-trenbolonacetaat\/\">Bij het vergelijken milligram voor<\/a> milligram, Trenbolonacetaat is sterker dan Trenbolone Enanthate als de Enanthate component is veel groter, maar de effecten van Trenbolone Enanthate langer duren. De aanbevolen dosering van Trenbolone Enanthate is groter dan de acetate versie. Atleten en bodybuilders gebruiken ongeveer 400 tot 600 mg per week. Echter, vrouwen moeten niet gebruiken stero\u00efden is vanwege de hoge androgene eigenschappen.<\/p>\n<p>Als de acetate versie, Trenbolone Enanthate verbetert de stikstof retentie in de spieren en de eiwitsynthese. Gebruikers kunnen hun spiermassa en de kwaliteit van het spierweefsel heel dramatisch. Als het bevordert de productie van IGF-1 in het lichaam, het geeft gebruikers ook de mogelijkheid tot het verbeteren van kracht, uithoudingsvermogen en de botdichtheid en sterkte en ook het verhogen van het kraakbeen, bindweefsel-en zenuwcellen. Dit betekent ook dat de gebruikers ervaren een betere genezing van spier -, bot-en bindweefsel met het gebruik van dit stero\u00efde. Als het niet aromatiseert, het heeft geen oestrogeen gerelateerde bijwerkingen, zoals Gynaecomastie en water retentie.<\/p>\n<blockquote><p><a href=\"http:\/\/getanabolics.biz\/nl\/deca-durabolin-bijwerkingen\/\">Trenlobone ook obligaties met een androgeen<\/a> receptoren zeer sterk, waardoor een betere spier-groei, waardoor een verbetering van de stofwisseling en vetverbranding. Het voorkomt ook dat de spieren te voorkomen en behoudt de spiermassa wanneer de gebruikers op een calorie-beperkt dieet.<\/p><\/blockquote>\n<p>Er zijn echter nogal wat bijwerkingen te Trenbolone Enanthate. Testiculaire atrofie is gegarandeerd gebruikers. Het zorgt ook voor een vette huid, acne, agressief gedrag en andere androgene bijwerkingen. Het kan invloed hebben op de lever-en nierfunctie. Zowel acetaat en enanthate versies van Trenbolone kan leiden tot ernstige haaruitval in vergelijking met andere anabole stero\u00efden en ze mogen niet worden gebruikt door mensen die last hebben van mannelijke kaalheid.<\/p>\n<h3>Lees verder<\/h3>\n<p><a href=\"http:\/\/getanabolics.biz\/nl\/geweldige-resultaten-van-het-beste-trenbolonacetaat\/\">GEWELDIGE RESULTATEN VAN DE BESTE TRENBOLONEACETAAT<\/a><\/p>\n<p><a href=\"http:\/\/getanabolics.biz\/nl\/alles-wat-u-moet-weten-anadrol\/\">ALLES WAT U moet weten over ANADROL<\/a><\/p>\n<p><a href=\"http:\/\/getanabolics.biz\/nl\/het-effect-van-steroiden-op-de-menselijke-huid\/\">HET EFFECT VAN STERO\u00cfDEN OP DE MENSELIJKE HUID<\/a><\/p>\n<p><a href=\"http:\/\/getanabolics.biz\/nl\/verzamel-een-droge-massa-zonder-bijwerkingen\/\">VERZAMEL EEN DROGE MASSA MET GEEN BIJWERKINGEN<\/a><\/p>\n<p><a href=\"http:\/\/getanabolics.biz\/nl\/wat-moet-de-duur-van-de-kuur-met-steroiden-zijn\/\">WAT MOET DE DUUR VAN DE STERO\u00cfDENCURSUS ZIJN?<\/a><\/p>\n","protected":false},"excerpt":{"rendered":"<p>Pakket: 10 ml flacon elke 1 ml bevat 200 mg Trenbolone Enanthate<br \/>Fabrikant: British Dragon<br \/>Merknaam: Trenbolone Enanthate<br \/>Bekend: Trenabol- E<\/p>\n","protected":false},"featured_media":441,"comment_status":"open","ping_status":"closed","template":"","meta":[],"product_cat":[116,103],"product_tag":[35],"_links":{"self":[{"href":"https:\/\/getanabolics.biz\/nl\/wp-json\/wp\/v2\/product\/1036"}],"collection":[{"href":"https:\/\/getanabolics.biz\/nl\/wp-json\/wp\/v2\/product"}],"about":[{"href":"https:\/\/getanabolics.biz\/nl\/wp-json\/wp\/v2\/types\/product"}],"replies":[{"embeddable":true,"href":"https:\/\/getanabolics.biz\/nl\/wp-json\/wp\/v2\/comments?post=1036"}],"wp:featuredmedia":[{"embeddable":true,"href":"https:\/\/getanabolics.biz\/nl\/wp-json\/wp\/v2\/media\/441"}],"wp:attachment":[{"href":"https:\/\/getanabolics.biz\/nl\/wp-json\/wp\/v2\/media?parent=1036"}],"wp:term":[{"taxonomy":"product_cat","embeddable":true,"href":"https:\/\/getanabolics.biz\/nl\/wp-json\/wp\/v2\/product_cat?post=1036"},{"taxonomy":"product_tag","embeddable":true,"href":"https:\/\/getanabolics.biz\/nl\/wp-json\/wp\/v2\/product_tag?post=1036"}],"curies":[{"name":"wp","href":"https:\/\/api.w.org\/{rel}","templated":true}]}}