{"id":1032,"date":"2017-04-27T10:32:35","date_gmt":"2017-04-27T12:40:57","guid":{"rendered":"http:\/\/getanabolics.biz\/product\/verschillende-plantaardige-ingredienten-100-tabletten-van-verschillende-plantaardige-ingredienten-koop\/"},"modified":"2018-01-19T11:13:27","modified_gmt":"2018-01-19T11:13:27","slug":"verschillende-plantaardige-ingredienten-100-tabletten-van-verschillende-plantaardige-ingredienten-koop","status":"publish","type":"product","link":"https:\/\/getanabolics.biz\/nl\/product\/verschillende-plantaardige-ingredienten-100-tabletten-van-verschillende-plantaardige-ingredienten-koop\/","title":{"rendered":"Verschillende Plantaardige Ingredi\u00ebnten &#8211; Himalaya"},"content":{"rendered":"<h2>Kopen Verschillende Plantaardige Ingredi\u00ebnten &#8211; Himalaya (Liv.52)<\/h2>\n<p><a title=\"Kopen Verschillende Plantaardige Ingredi\u00ebnten in GetAnabolics\"><img src=\"http:\/\/getanabolics.biz\/images\/samarin-140.jpg\" alt=\"Verschillende Plantaardige Ingredi\u00ebnten\" width=\"30%\" align=\"right\" \/><\/a><br \/>\nVoor degenen die op zoek is naar Verschillende Plantaardige Ingredi\u00ebnten en vraagt u zich af waar te kopen Verschillende Plantaardige Ingredi\u00ebnten van Himalaya contractuele wij bieden Liv.52 als de beste keuze voor echte bodybuilders.<br \/>\nVan nu af aan een grote verscheidenheid van injecteerbare stero\u00efden en orale stero\u00efden en post-cyclus therapie van Himalaya kan worden gekocht op <b>GetAnabolics<\/b>. Wij blij met de invoering van de nieuwe Verschillende Plantaardige Ingredi\u00ebnten van <span style=\"font-weight: bold;\">Himalaya<\/span>.<br \/>\n<em>Alle producten die wij aanbieden zijn gemaakt van authentieke, hoge kwaliteit stoffen en hebben een doel: om mensen te helpen winnen spiermassa, algehele kracht, om vet te verbranden en hen te helpen op het pad naar lichamelijke perfectie. Om tot een constructieve en beschaafde verbinding met onze klanten maken we maximale inspanningen te verzekeren van een kwalitatief hoge dienstverlening en zal de aanpak van elke persoon die adres van onze winkel met beleefdheid en respect.<\/em><br \/>\nHet opbouwen en onderhouden van een prachtige lichaam door een combinatie van methoden. Een goede voeding komt op de eerste plaats in de lijst van essenti\u00eble componenten die nodig zijn door het lichaam. Ten tweede, zorg ervoor dat je altijd kopen en gebruik maken van de wettelijke stero\u00efden online niet alleen om te voorkomen dat het conflict met de wet, maar belangrijker nog, om te voorkomen dat de gezondheid van complicaties.<br \/>\n<span style=\"font-weight: bold;\">GetAnabolics.Biz<\/span> is de online stero\u00efde leverancier speciaal gemaakt en gewijd om elke sporter en bodybuilder met de beste <span style=\"font-weight: bold;\">anabolic steroids<\/span> tegen lage prijzen. We hebben gekozen voor de meest betrouwbare merken om samen te werken om te zorgen voor een veilige, eerlijke en top-notch stero\u00efden aan onze klanten.<br \/>\nVerzendkosten stero\u00efden zeer veilig is de belangrijkste zorg voor de levering van stero\u00efden wereldwijd. Onze discrete verzending garandeert dat niemand anders weet dat u het kopen van stero\u00efden online.<\/p>\n<h2>Meer Verschillende Plantaardige Ingredi\u00ebnten Himalaya Informatie<\/h2>\n<p><b>100 tabletten van Verschillende Plantaardige Ingredi\u00ebnten<\/b><\/p>\n<ul>\n<li><strong>Presentatie<\/strong> : <em>Doos van 100 tabletten <\/em><\/li>\n<\/ul>\n<p><em>Een vitaal orgaan van het menselijk lichaam, de lever vervult vele belangrijke functies, en speelt een toonaangevende rol in de stofwisseling en de spijsvertering, samen met het assimileren en verwerken van koolhydraten, eiwitten en lipiden, en het ontgiften van het lichaam van acrimonious afscheidingen en ongezonde elementen.<\/em><\/p>\n<p><strong>Start de behandeling met een redelijke dagelijkse dosis van Liv.52, dat wil zeggen: 3 maal daags 1 capsule.<br \/>\nhet Nemen van Liv.52 heeft geen bijwerkingen; echter, in ge\u00efsoleerde gevallen, milde laxerende effecten werden waargenomen.<\/strong><\/p>\n<h3>Lees verder<\/h3>\n<p><a href=\"http:\/\/getanabolics.biz\/nl\/groeihormoon-hgh-de-belangrijkste-feiten\/\">GROWTH HORMONE HGH &#8211; DE BELANGRIJKSTE FEITEN<\/a><\/p>\n<p><a href=\"http:\/\/getanabolics.biz\/nl\/winstrol-wat-is-het-en-waar-is-het-voor\/\">WINSTROL, WAT IS HET EN WAARVOOR IS HET?<\/a><\/p>\n<p><a href=\"http:\/\/getanabolics.biz\/nl\/kan-ik-gewicht-besparen-na-een-steroide-cursus\/\">KAN IK GEWICHT NA EEN STERO\u00cfNCURSUS BESPAREN?<\/a><\/p>\n<p><a href=\"http:\/\/getanabolics.biz\/nl\/pauzeer-tussen-steroide-cursussen-en-pct\/\">PAUZE TUSSEN STERO\u00cfNCURSUSSEN EN PCT<\/a><\/p>\n<p><a href=\"http:\/\/getanabolics.biz\/nl\/bodybuilding-en-steroiden\/\">LICHAAMSBOUW EN STERO\u00cfDEN<\/a><\/p>\n","protected":false},"excerpt":{"rendered":"<p>Pakket: 100 tabletten van Verschillende Plantaardige Ingredi\u00ebnten<br \/>Fabrikant: Himalaya<br \/>Merknaam: Verschillende Plantaardige Ingredi\u00ebnten<br \/>Bekend: Liv.52<\/p>\n","protected":false},"featured_media":1181,"comment_status":"open","ping_status":"closed","template":"","meta":[],"product_cat":[88],"product_tag":[32],"_links":{"self":[{"href":"https:\/\/getanabolics.biz\/nl\/wp-json\/wp\/v2\/product\/1032"}],"collection":[{"href":"https:\/\/getanabolics.biz\/nl\/wp-json\/wp\/v2\/product"}],"about":[{"href":"https:\/\/getanabolics.biz\/nl\/wp-json\/wp\/v2\/types\/product"}],"replies":[{"embeddable":true,"href":"https:\/\/getanabolics.biz\/nl\/wp-json\/wp\/v2\/comments?post=1032"}],"wp:featuredmedia":[{"embeddable":true,"href":"https:\/\/getanabolics.biz\/nl\/wp-json\/wp\/v2\/media\/1181"}],"wp:attachment":[{"href":"https:\/\/getanabolics.biz\/nl\/wp-json\/wp\/v2\/media?parent=1032"}],"wp:term":[{"taxonomy":"product_cat","embeddable":true,"href":"https:\/\/getanabolics.biz\/nl\/wp-json\/wp\/v2\/product_cat?post=1032"},{"taxonomy":"product_tag","embeddable":true,"href":"https:\/\/getanabolics.biz\/nl\/wp-json\/wp\/v2\/product_tag?post=1032"}],"curies":[{"name":"wp","href":"https:\/\/api.w.org\/{rel}","templated":true}]}}