{"id":1030,"date":"2017-04-27T10:32:35","date_gmt":"2017-04-27T12:40:57","guid":{"rendered":"http:\/\/getanabolics.biz\/product\/hcg-10000-1-flesje-van-10000-iu-hcg-koop\/"},"modified":"2018-01-19T08:20:58","modified_gmt":"2018-01-19T08:20:58","slug":"hcg-10000-1-vial-of-10000-iu-hcg","status":"publish","type":"product","link":"https:\/\/getanabolics.biz\/nl\/product\/hcg-10000-1-vial-of-10000-iu-hcg\/","title":{"rendered":"HCG 10000 &#8211; Bharat serums"},"content":{"rendered":"<h2>Kopen HCG 10000 &#8211; Bharat serums (HCG 10000IU)<\/h2>\n<p><a title=\"Kopen HCG 10000 in GetAnabolics\"><img src=\"http:\/\/getanabolics.biz\/images\/hcg5000.jpg\" alt=\"HCG 10000\" width=\"30%\" align=\"right\" \/><\/a><br \/>\nVoor degenen die op zoek is naar HCG 10000 en vraagt u zich af waar te kopen HCG 10000 van Bharat serums contractuele wij bieden HCG 10000IU als de beste keuze voor echte bodybuilders.<br \/>\nVan nu af aan een grote verscheidenheid van injecteerbare stero\u00efden en orale stero\u00efden en post-cyclus therapie van Bharat serums kan worden gekocht op <b>GetAnabolics<\/b>. Wij blij met de invoering van de nieuwe HCG 10000 van <span style=\"font-weight: bold;\">Bharat serums<\/span>.<br \/>\n<em>Alle producten die wij aanbieden zijn gemaakt van authentieke, hoge kwaliteit stoffen en hebben een doel: om mensen te helpen winnen spiermassa, algehele kracht, om vet te verbranden en hen te helpen op het pad naar lichamelijke perfectie. Om tot een constructieve en beschaafde verbinding met onze klanten maken we maximale inspanningen te verzekeren van een kwalitatief hoge dienstverlening en zal de aanpak van elke persoon die adres van onze winkel met beleefdheid en respect.<\/em><br \/>\nHet opbouwen en onderhouden van een prachtige lichaam door een combinatie van methoden. Een goede voeding komt op de eerste plaats in de lijst van essenti\u00eble componenten die nodig zijn door het lichaam. Ten tweede, zorg ervoor dat je altijd kopen en gebruik maken van de wettelijke stero\u00efden online niet alleen om te voorkomen dat het conflict met de wet, maar belangrijker nog, om te voorkomen dat de gezondheid van complicaties.<br \/>\n<em><span style=\"font-weight: bold;\">GetAnabolics.Biz<\/span> is de online stero\u00efde leverancier speciaal gemaakt en gewijd om elke sporter en bodybuilder met de beste <span style=\"font-weight: bold;\">anabolic steroids<\/span> tegen lage prijzen. We hebben gekozen voor de meest betrouwbare merken om samen te werken om te zorgen voor een veilige, eerlijke en top-notch stero\u00efden aan onze klanten.<\/em><br \/>\nVerzendkosten stero\u00efden zeer veilig is de belangrijkste zorg voor de levering van stero\u00efden wereldwijd. Onze discrete verzending garandeert dat niemand anders weet dat u het kopen van stero\u00efden online.<\/p>\n<h2>Meer HCG 10000 Bharat serums Informatie<\/h2>\n<p><b>1 flesje van 10000 IU HCG (geen oplossing in water inbegrepen)<\/b><\/p>\n<blockquote><p>HCG is niet een anabole\/androgene stero\u00efden, maar een natuurlijk eiwit hormoon dat zich ontwikkelt in de placenta van een zwangere vrouw. Het HCG-hormoon wordt gemaakt uit de urine van zwangere vrouwen omdat het wordt uitgescheiden in ongewijzigde vorm uit het bloed via de vrouw&#8217;s urine, die door de nieren. De in de handel verkrijgbare HCG wordt verkocht als een droge stof en kan gebruikt worden zowel bij mannen en vrouwen. bij vrouwen injecteerbare HCG zorgt voor de eisprong, omdat het een invloed heeft op de laatste fasen van de ontwikkeling van de eicel, dus het stimuleren van de eisprong. Bij mannen, HCG stimuleert de productie van androgene hormonen (testosteron). Om deze reden atleten gebruiken injecteerbare HCG verhoging van de testosteron productie. HCG wordt vaak gebruikt in combinatie met anabole\/androgene stero\u00efden tijdens of na de behandeling.<\/p><\/blockquote>\n<p>Omdat het lichaam meestal heeft een bepaalde hoeveelheid tijd om de testosteron productie weer op gang, de atleet, na het staken van stero\u00efde verbindingen, ervaringen van een moeilijke overgangsfase, die vaak hand in hand gaat met een aanzienlijk verlies in kracht en spiermassa. Het toedienen van HCG direct na behandeling met stero\u00efden helpt bij het verminderen van deze aandoening, omdat het HCG-hormoon verhoogt de productie van testosteron in de teelballen zeer snel en betrouwbaar. In het geval van testiculaire atrofie veroorzaakt door mega-doses en voor zeer lange perioden van gebruik, HCG helpt ook om snel te brengen in de testikels terug naar hun oorspronkelijke toestand (grootte). Sinds incidentele injecties van HCG tijdens stero\u00efde inname kan voorkomen dat een testiculaire atrofie, vele atleten gebruik van HCG voor twee tot drie weken in het midden van hun behandeling met stero\u00efden. Het is vaak opgemerkt dat in deze tijd de atleet doet zijn best vooruitgang te boeken met betrekking tot winsten in kracht en spiermassa. Degenen die op het sap, het hele jaar door, die zou lijden aan de psychische gevolgen of die zou misschien het risico van het uiteenvallen van een relatie, omdat dit zou moeten overwegen dit nadeel is bij het nemen van HCG in regelmatige intervallen. Een verminderd libido en spermatogenese door stero\u00efden, in de meeste gevallen met succes kan worden genezen door behandeling met HCG.<\/p>\n<p><em>De meeste atleten, echter, het gebruik van <strong>HCG<\/strong> aan het einde van een behandeling om te voorkomen dat een &#8220;crash,&#8221; dat is, om het bereiken van de best mogelijke overgang naar een &#8220;natuurlijke training.&#8221; op voorwaarde, echter, is dat de stero\u00efde inname of de dosering langzaam worden afgebouwd en gelijkmatig voordat het HCG-hormoon. Hoewel het HCG-hormoon zorgt voor een snelle en aanzienlijke stijging van de endogenic plasma testosteron niveau, helaas, het is niet een perfecte oplossing om te voorkomen dat het verlies van kracht en massa aan het einde van een behandeling met stero\u00efden. Hoewel HCG is het stimuleren van endogene testosteron productie, het niet helpt bij het herstellen van de normale hypothalamus\/hypofyse-testiculaire as hebben. De hypothalamus en de hypofyse zijn nog steeds in een vuurvaste staat na langdurig stero\u00efden gebruik en op deze wijze blijven terwijl <strong>HCG<\/strong> wordt gebruikt vanwege de endogene testosteron geproduceerd als gevolg van de exogene het HCG-hormoon onderdrukt de endogene LH-productie. Nadat het HCG is stopgezet, moet de atleet moet nog steeds via een re-periode van aanpassing. Dit is slechts vertraagd door de HCG gebruiken.&#8221; Om deze reden wordt ervaren sporters nemen vaak <a href=\"http:\/\/getanabolics.biz\/nl\/product\/clomid-10-tabs-bevat-50-mg-clomifeen-citraat-koop\/\">Clomid <\/a>en <a href=\"http:\/\/getanabolics.biz\/nl\/product\/clenbuterol-40-100-tabs-each-40-mcg-clenbuterol-hydrochloride\/\">Clenbuterol<\/a> na de inname van HCG of ze direct te beginnen met een andere behandeling met stero\u00efden. Sommige nemen het HCG-alleen te krijgen uit de &#8220;stero\u00efden&#8221; voor ten minste twee tot drie weken.<\/em><\/p>\n<p>HCG de bijsluiter staat duidelijk dat HCG &#8220;heeft geen bekend effect van vet mobilisatie, de eetlust of op het gevoel van honger, of lichaam vet distributie.&#8221; Het stelt verder, &#8220;HCG is niet aangetoond effectief te zijn adjuvante therapie bij de behandeling van obesitas, het verhoogt niet vet verliezen dan dat als gevolg van calorische restrictie. 6000 I. U. van HCG in een enkele injectie resulteerde in een verhoogde testosteron niveaus voor zes dagen na de injectie. Bij een dosering van 1500 I. U. de pharma testosteron niveau verhoogt door 250-300% (2.5-3fold) in vergelijking met de initi\u00eble waarde. De sporter moet injecteren een ampul <strong>HCG<\/strong> <strong>elke 5 dagen<\/strong>. Omdat het testosteron niveau blijft aanzienlijk verhoogd voor meerdere dagen, is het onnodig om te injecteren <strong>HCG<\/strong> meer dan \u00e9\u00e9n keer per 5 dagen. De effectieve dosering voor atleten is meestal 2000-5000 I. U. per injectie en moet-zoals reeds vermeld worden ingespoten om de 5 dagen. <strong>HCG<\/strong> mag alleen worden genomen voor een paar weken. Als <strong>HCG<\/strong> is genomen door de mannelijke atleten gedurende vele weken en in hoge doseringen, is het mogelijk dat de testikels zullen reageren slecht op een later HCG-inname en een release van het lichaam&#8217;s eigen LH. Dit kan resulteren in een permanente onvoldoende gonadal functie.<\/p>\n<p>HCG kan in deel bijwerkingen veroorzaken, vergelijkbaar met die van injecteerbare testosteron. Een hogere testosteron productie gaat ook hand in hand met een verhoogde oestrogeen niveau, die kunnen leiden tot gynaecomastie. Dit kan zich uiten in een tijdelijke groei van de borsten of versterken van reeds bestaande borstgroei bij mannen. <a href=\"http:\/\/getanabolics.biz\/nl\/32350052\/\">Vooruitziende atleten dus combineren HCG<\/a> met een anti-oestrogeen. Man atleten ook verslag meer frequente erecties en een verhoogd seksueel verlangen. In hoge doses kan leiden tot acne vulgaris en de opslag van mineralen en water. Het laatste punt moet met name worden waargenomen sinds het vasthouden van water, die mogelijk is door het gebruik van HCG kunnen geven heeft de spier systeem een gezwollen en waterige uitstraling. Atleten die al steeg hun endogene testosteron niveau door het nemen van Clomid en zijn van plan daarna te nemen HCG zou kunnen ondervinden aanzienlijke vasthouden van water en duidelijke vervrouwelijking van de symptomen (gynaecomastie, de tendens in de richting van vetophopingen op de heupen). Dit is te wijten aan het feit dat een hoge testosteron leidt tot een hoge conversie snelheid voor oestrogenen. Bij zeer jonge atleten HCG, zoals anabole stero\u00efden kan leiden tot een vroege stunt van de groei sinds het voortijdig sluit de epiphysial groei van de platen. Stemmingswisselingen en een hoge bloeddruk kan ook worden toegeschreven aan de inname van <strong>HCG<\/strong>.<\/p>\n<p><strong>HCG&#8217;s<\/strong> <strong>vorm van beheer<\/strong> is ook ongebruikelijk. De stof choriongonadotropin is een witte, poederachtige gevriesdroogde stof die meestal wordt gebruikt als een kompres. Injectie-oplossing met isotone natriumchloride wordt ge\u00efnjecteerd in de ampul HCG en gemengd met de droge stof. De oplossing is dan klaar voor gebruik en moet worden intramusculair. Indien slechts een deel van de stof wordt ge\u00efnjecteerd het resterende oplossing dient in de koelkast bewaard worden. Het is niet nodig voor het opslaan van de ongemengde HCG in de koelkast; het moet echter worden gehouden van licht en onder een temperatuur van 25* C.<\/p>\n<h3>Lees verder<\/h3>\n<p><a href=\"http:\/\/getanabolics.biz\/nl\/groeihormoon-hgh-de-belangrijkste-feiten\/\">GROWTH HORMONE HGH &#8211; DE BELANGRIJKSTE FEITEN<\/a><\/p>\n<p><a href=\"http:\/\/getanabolics.biz\/nl\/winstrol-wat-is-het-en-waar-is-het-voor\/\">WINSTROL, WAT IS HET EN WAARVOOR IS HET?<\/a><\/p>\n<p><a href=\"http:\/\/getanabolics.biz\/nl\/kan-ik-gewicht-besparen-na-een-steroide-cursus\/\">KAN IK GEWICHT NA EEN STERO\u00cfNCURSUS BESPAREN?<\/a><\/p>\n<p><a href=\"http:\/\/getanabolics.biz\/nl\/pauzeer-tussen-steroide-cursussen-en-pct\/\">PAUZE TUSSEN STERO\u00cfNCURSUSSEN EN PCT<\/a><\/p>\n<p><a href=\"http:\/\/getanabolics.biz\/nl\/bodybuilding-en-steroiden\/\">LICHAAMSBOUW EN STERO\u00cfDEN<\/a><\/p>\n","protected":false},"excerpt":{"rendered":"<p>Pakket: 1 flesje van 10000 IU HCG<br \/>Fabrikant: Bharat serums<br \/>Merknaam: HCG 10000<br \/>Bekend: HCG 10000IU<\/p>\n","protected":false},"featured_media":423,"comment_status":"open","ping_status":"closed","template":"","meta":[],"product_cat":[88,92],"product_tag":[37],"_links":{"self":[{"href":"https:\/\/getanabolics.biz\/nl\/wp-json\/wp\/v2\/product\/1030"}],"collection":[{"href":"https:\/\/getanabolics.biz\/nl\/wp-json\/wp\/v2\/product"}],"about":[{"href":"https:\/\/getanabolics.biz\/nl\/wp-json\/wp\/v2\/types\/product"}],"replies":[{"embeddable":true,"href":"https:\/\/getanabolics.biz\/nl\/wp-json\/wp\/v2\/comments?post=1030"}],"wp:featuredmedia":[{"embeddable":true,"href":"https:\/\/getanabolics.biz\/nl\/wp-json\/wp\/v2\/media\/423"}],"wp:attachment":[{"href":"https:\/\/getanabolics.biz\/nl\/wp-json\/wp\/v2\/media?parent=1030"}],"wp:term":[{"taxonomy":"product_cat","embeddable":true,"href":"https:\/\/getanabolics.biz\/nl\/wp-json\/wp\/v2\/product_cat?post=1030"},{"taxonomy":"product_tag","embeddable":true,"href":"https:\/\/getanabolics.biz\/nl\/wp-json\/wp\/v2\/product_tag?post=1030"}],"curies":[{"name":"wp","href":"https:\/\/api.w.org\/{rel}","templated":true}]}}