{"id":1025,"date":"2017-04-27T10:31:41","date_gmt":"2017-04-27T12:40:57","guid":{"rendered":"http:\/\/getanabolics.biz\/product\/nandrorapid-n-phenylpropionate-doos-met-10-ampullen-van-1-ml-100-mg-ml-nandrolon-phenylpropionate-koop\/"},"modified":"2018-01-21T11:51:53","modified_gmt":"2018-01-21T11:51:53","slug":"nandrorapid-n-phenylpropionate-box-of-10-ampoules-of-1-ml-100mg-ml-nandrolone-phenylpropionate","status":"publish","type":"product","link":"https:\/\/getanabolics.biz\/nl\/product\/nandrorapid-n-phenylpropionate-box-of-10-ampoules-of-1-ml-100mg-ml-nandrolone-phenylpropionate\/","title":{"rendered":"NandroRapid (N. Phenylpropionate) &#8211; Alpha Pharma"},"content":{"rendered":"<h2>Kopen NandroRapid (N. Phenylpropionate) &#8211; Alpha Pharma (Nandrorapid)<\/h2>\n<p><a title=\"Kopen NandroRapid (N. Phenylpropionate) in GetAnabolics\"><img src=\"http:\/\/getanabolics.biz\/images\/nandro-rapid-alphapharm.jpg\" alt=\"NandroRapid (N. Phenylpropionate)\" width=\"30%\" align=\"right\" \/><\/a><br \/>\nVoor degenen die op zoek is naar NandroRapid (N. Phenylpropionate) en vraagt u zich af waar te kopen NandroRapid (N. Phenylpropionate) van Alpha Pharma contractuele wij bieden Nandrorapid als de beste keuze voor echte bodybuilders.<br \/>\nVan nu af aan een grote verscheidenheid van injecteerbare stero\u00efden en orale stero\u00efden en post-cyclus therapie van Alpha Pharma kan worden gekocht op <b>GetAnabolics<\/b>. Wij blij met de invoering van de nieuwe NandroRapid (N. Phenylpropionate) van <span style=\"font-weight: bold;\">Alpha Pharma<\/span>.<br \/>\nAlle producten die wij aanbieden zijn gemaakt van authentieke, hoge kwaliteit stoffen en hebben een doel: om mensen te helpen winnen spiermassa, algehele kracht, om vet te verbranden en hen te helpen op het pad naar lichamelijke perfectie. Om tot een constructieve en beschaafde verbinding met onze klanten maken we maximale inspanningen te verzekeren van een kwalitatief hoge dienstverlening en zal de aanpak van elke persoon die adres van onze winkel met beleefdheid en respect.<br \/>\n<em>Het opbouwen en onderhouden van een prachtige lichaam door een combinatie van methoden. Een goede voeding komt op de eerste plaats in de lijst van essenti\u00eble componenten die nodig zijn door het lichaam. Ten tweede, zorg ervoor dat je altijd kopen en gebruik maken van de wettelijke stero\u00efden online niet alleen om te voorkomen dat het conflict met de wet, maar belangrijker nog, om te voorkomen dat de gezondheid van complicaties.<\/em><br \/>\n<span style=\"font-weight: bold;\">GetAnabolics.Biz<\/span> is de online stero\u00efde leverancier speciaal gemaakt en gewijd om elke sporter en bodybuilder met de beste <span style=\"font-weight: bold;\">anabolic steroids<\/span> tegen lage prijzen. We hebben gekozen voor de meest betrouwbare merken om samen te werken om te zorgen voor een veilige, eerlijke en top-notch stero\u00efden aan onze klanten.<br \/>\nVerzendkosten stero\u00efden zeer veilig is de belangrijkste zorg voor de levering van stero\u00efden wereldwijd. Onze discrete verzending garandeert dat niemand anders weet dat u het kopen van stero\u00efden online.<\/p>\n<h2>Meer NandroRapid (N. Phenylpropionate) Alpha Pharma Informatie<\/h2>\n<p><b>Doos met 10 Ampullen van 1 ml, 100 mg \/ ml. Nandrolon Phenylpropionate<\/b><\/p>\n<p><em>Nandrolon Phenylpropionate, ook wel bekend als de NPP is zeer vergelijkbaar met de zeer populaire stero\u00efde Deca die Nandrolon met een langere ester (Decanoaat). Nandrolon Phenylpropionate is daarom een kortere waarnemend Deca voor alle praktische doeleinden. Anekdotische, het lijkt te produceren met minder water vasthouden dan zijn die langer werken, neef, en dit zou zeer consistent met injecteerbare testosterones, waar vinden we dat kortere esters zorgen voor veel minder water vasthouden.<\/em><\/p>\n<p>Het is een progestageen, zoals elke Nandrolon afgeleide, en is gemaakt door het verwijderen van het koolstofatoom op de 19e positie van de Steran Kern van testosteron. Echter, hoewel het is een progestageen, Nandrolon (ongeacht ester) niet produceren veel van wat we konden goed gesprek oestrogene bijwerkingen. De bijwerkingen van Nandrolon Phenylpropionate zou daarom meer goed te noemen progestenic in de natuur &#8211; als het alleen de omzet in oestrogeen bij ongeveer 20% van het tarief van testosteron.<\/p>\n<p><em>Ongeacht ester, en het vasthouden van water niet weerstaan, we vinden dat elk van de kenmerken van het gevonden in een soort van Nandrolon zijn gevonden in een andere. Nandrolon, waarschijnlijk vanwege zijn progestenic heeft de natuur het vermogen tot het verbeteren van de collageen-synthese en bot mineraal inhoud. Duidelijk zou dit een groot voordeel voor sporters met bindweefsel problemen of andere gezamenlijke problemen, hoewel drugs getest atleten nodig om te voorkomen dat Nandrolones vanwege hun constateerbaarheid in de urine zit voor een jaar tot achttien maanden na toediening. Ook, omdat het progestageen (met een lichte oestrogene vermogen), het heeft waarschijnlijk een aantal zeer gunstig effect op het immuun-gemedieerde anti-inflammatoire proces, waardoor het rustgevende gewrichten evenals het helpen om hen te genezen.<\/em><\/p>\n<p>Nandrolon is een van de weinige stero\u00efden, die is met succes gebruikt in AIDS-pati\u00ebnten te stimuleren gewichtstoename, en hoewel sporters met behulp van de NPP in plaats van Deca vinden het iets minder gewichtstoename, dit is waarschijnlijk een gevolg van het verkrijgen van minder water gewicht. Nandrolon Phenylpropionate, is een populair medicijn dan Deca voor gebruik in snijden cycli onlangs, vanwege dit feit.<\/p>\n<p>Dit brengt het feit dat, hoewel Deca is een zeer lange werkzame leven, NPP heeft een veel kortere, en dit betekent dat mensen gedwongen worden om te injecteren ten minste twee keer per week, met de meer gangbare protocol wordt elke derde dag. De resultaten zijn gezien veel sneller met de NPP vergeleken met Deca, en zijn snel steeds een veel meer geliefd alternatief.<\/p>\n<p><em><b>Mogelijke bijwerkingen<\/b>: Omdat nandrolon niet afgebroken in DHT, de schadelijke gevolgen voor de meeste anabole stero\u00efden op de hoofdhuid, de huid en prostaat worden verminderd tot een diploma, maar het is wel uitgesplitst naar de veel zwakkere androgene dihydronandrolone. Het ontbreken van alkylering op de 17a-carbon vermindert de drug toxiciteit voor de lever. Oestrogene effecten als gevolg van een reactie met aromatase zijn ook beperkt als gevolg van het geneesmiddel dat wordt een progestageen, maar bijwerkingen zoals gynaecomastie en verminderd libido komen nog steeds voor in grotere doses. Andere bijwerkingen kunnen zijn erectiestoornissen en hart-en vaatstelsel schade, evenals verschillende kwalen als gevolg van de drug effect van het verlagen van de niveaus van het lute\u00efniserend hormoon door negatieve feedback.<\/em><\/p>\n<p><b>Effectieve dosis<\/b>: 50 &#8211; 150 mg om de andere dag.<\/p>\n<h3>Lees verder<\/h3>\n<p><a href=\"http:\/\/getanabolics.biz\/nl\/koop-clomid-online-op-getanabolics-biz\/\">KOOP CLOMID ONLINE OP GETANABOLICS.BIZ<\/a><\/p>\n<p><a href=\"http:\/\/getanabolics.biz\/nl\/groeihormoon-hgh-de-belangrijkste-feiten\/\">GROWTH HORMONE HGH &#8211; DE BELANGRIJKSTE FEITEN<\/a><\/p>\n<p><a href=\"http:\/\/getanabolics.biz\/nl\/kenmerken-van-korte-cursussen-van-steroiden\/\">KENMERKEN VAN KORTE CURSUSSEN VAN STERO\u00cfDEN<\/a><\/p>\n<p><a href=\"http:\/\/getanabolics.biz\/nl\/pauzeer-tussen-steroide-cursussen-en-pct\/\">PAUZE TUSSEN STERO\u00cfNCURSUSSEN EN PCT<\/a><\/p>\n<p><a href=\"http:\/\/getanabolics.biz\/nl\/hoe-effectief-de-steroide-brug\/\">HOE EFFECTIEF IS DE STERO\u00cfDEBRUG?<\/a><\/p>\n","protected":false},"excerpt":{"rendered":"<p>Pakket: Doos met 10 Ampullen van 1 ml, 100 mg \/ ml. Nandrolon Phenylpropionate<br \/>Fabrikant: Alpha Pharma<br \/>Merknaam: NandroRapid (N. Phenylpropionate)<br \/>Bekend: Nandrorapid<\/p>\n","protected":false},"featured_media":309,"comment_status":"open","ping_status":"closed","template":"","meta":[],"product_cat":[103],"product_tag":[39],"_links":{"self":[{"href":"https:\/\/getanabolics.biz\/nl\/wp-json\/wp\/v2\/product\/1025"}],"collection":[{"href":"https:\/\/getanabolics.biz\/nl\/wp-json\/wp\/v2\/product"}],"about":[{"href":"https:\/\/getanabolics.biz\/nl\/wp-json\/wp\/v2\/types\/product"}],"replies":[{"embeddable":true,"href":"https:\/\/getanabolics.biz\/nl\/wp-json\/wp\/v2\/comments?post=1025"}],"wp:featuredmedia":[{"embeddable":true,"href":"https:\/\/getanabolics.biz\/nl\/wp-json\/wp\/v2\/media\/309"}],"wp:attachment":[{"href":"https:\/\/getanabolics.biz\/nl\/wp-json\/wp\/v2\/media?parent=1025"}],"wp:term":[{"taxonomy":"product_cat","embeddable":true,"href":"https:\/\/getanabolics.biz\/nl\/wp-json\/wp\/v2\/product_cat?post=1025"},{"taxonomy":"product_tag","embeddable":true,"href":"https:\/\/getanabolics.biz\/nl\/wp-json\/wp\/v2\/product_tag?post=1025"}],"curies":[{"name":"wp","href":"https:\/\/api.w.org\/{rel}","templated":true}]}}