{"id":1023,"date":"2017-04-27T10:32:35","date_gmt":"2017-04-27T12:40:57","guid":{"rendered":"http:\/\/getanabolics.biz\/product\/deca-250-doos-met-10-ampullen-van-1-ml-250mg-ml-totaal-2500mg-nandrolon-decaonate-koop\/"},"modified":"2018-01-19T10:03:53","modified_gmt":"2018-01-19T10:03:53","slug":"deca-250-doos-met-10-ampullen-van-1-ml-250mg-ml-totaal-2500mg-nandrolon-decaonate-koop","status":"publish","type":"product","link":"https:\/\/getanabolics.biz\/nl\/product\/deca-250-doos-met-10-ampullen-van-1-ml-250mg-ml-totaal-2500mg-nandrolon-decaonate-koop\/","title":{"rendered":"Deca 250 &#8211; Alpha-Pharma"},"content":{"rendered":"<h2>Kopen Deca 250 &#8211; Alpha-Pharma (Nandrobolin)<\/h2>\n<p><a title=\"Kopen Deca 250 in GetAnabolics\"><img src=\"http:\/\/getanabolics.biz\/images\/nandrobolin250.jpg\" alt=\"Deca 250\" width=\"30%\" align=\"right\" \/><\/a><br \/>\nVoor degenen die op zoek is naar Deca 250 en vraagt u zich af waar te kopen Deca 250 van Alpha-Pharma contractuele wij bieden Nandrobolin als de beste keuze voor echte bodybuilders.<br \/>\nVan nu af aan een grote verscheidenheid van injecteerbare stero\u00efden en orale stero\u00efden en post-cyclus therapie van Alpha-Pharma kan worden gekocht op <b>GetAnabolics<\/b>. Wij blij met de invoering van de nieuwe Deca 250 van <span style=\"font-weight: bold;\">Alpha-Pharma<\/span>.<br \/>\n<em>Alle producten die wij aanbieden zijn gemaakt van authentieke, hoge kwaliteit stoffen en hebben een doel: om mensen te helpen winnen spiermassa, algehele kracht, om vet te verbranden en hen te helpen op het pad naar lichamelijke perfectie. Om tot een constructieve en beschaafde verbinding met onze klanten maken we maximale inspanningen te verzekeren van een kwalitatief hoge dienstverlening en zal de aanpak van elke persoon die adres van onze winkel met beleefdheid en respect.<\/em><br \/>\nHet opbouwen en onderhouden van een prachtige lichaam door een combinatie van methoden. Een goede voeding komt op de eerste plaats in de lijst van essenti\u00eble componenten die nodig zijn door het lichaam. Ten tweede, zorg ervoor dat je altijd kopen en gebruik maken van de wettelijke stero\u00efden online niet alleen om te voorkomen dat het conflict met de wet, maar belangrijker nog, om te voorkomen dat de gezondheid van complicaties.<br \/>\n<span style=\"font-weight: bold;\">GetAnabolics.Biz<\/span> is de online stero\u00efde leverancier speciaal gemaakt en gewijd om elke sporter en bodybuilder met de beste <span style=\"font-weight: bold;\">anabolic steroids<\/span> tegen lage prijzen. We hebben gekozen voor de meest betrouwbare merken om samen te werken om te zorgen voor een veilige, eerlijke en top-notch stero\u00efden aan onze klanten.<br \/>\nVerzendkosten stero\u00efden zeer veilig is de belangrijkste zorg voor de levering van stero\u00efden wereldwijd. Onze discrete verzending garandeert dat niemand anders weet dat u het kopen van stero\u00efden online.<\/p>\n<h2>Meer Deca 250 Alpha-Pharma Informatie<\/h2>\n<p><b>Doos met 10 Ampullen van 1 ml, 250mg \/ ml. Totaal 2500mg Nandrolon Decaonate<br \/>\n<\/b><\/p>\n<p><strong>Drug klasse: Injecteerbare Anabole\/Androgene stero\u00efden<\/strong><br \/>\n<strong> Aanbevolen gemiddelde dosering: Tussen de 300 en 800 mg per week voor mannen en tussen de 50 en 100 mg per week voor vrouwen.<\/strong><br \/>\n<strong> Active life: Tussen 14 en 16 dagen<\/strong><br \/>\n<strong> Waterberging: Ja<\/strong><br \/>\n<strong> Giftig voor de lever: Nee<\/strong><br \/>\n<strong> Vermindert HPTA functie: Zeer hoog<\/strong><br \/>\n<strong> DTH-Conversie: Nee<\/strong><\/p>\n<blockquote><p>Deca <a href=\"http:\/\/getanabolics.biz\/nl\/product\/deca-300-1-vial-of-10-ml-contains-total-3000-mg-nandrolone-decaonate\/\">Deca Durabolin<\/a> of zoals het in de volksmond bekend is, is de meest populaire stero\u00efden en is dus voor vele jaren. De stof Nandrolon Decanoaat en is geproduceerd en op de markt gebracht onder de merknaam Deca Durabolin door het farmaceutische bedrijf Organon. Dit product is beschikbaar sinds 1962 en is een bekend en veel gebruikt om zijn sterke anabole stero\u00efde eigenschappen. Deca Durabolin is een 19-nor anabole stero\u00efden en nauw bootst de eigenschappen van Testosteron.<\/p><\/blockquote>\n<p>In het menselijk lichaam, Nandrolon is het hormoon dat verantwoordelijk is voor de groei. Door het gebruik van Deca Durabolin, gebruikers zijn in principe het stimuleren van de niveaus van Nandrolon in het lichaam, wat leidt tot een verhoogde groei van spieren, rode bloedcellen, stikstof retentie en hemoglobine. Al deze effecten zijn zeer gewaardeerd door bodybuilders en atleten en Deca Durabolin ook bevordert een snellere regeneratie van beschadigde weefsels. Het is een zeer sterke stero\u00efden en heeft de langste actieve leven tussen stero\u00efden. Als een resultaat, het is ook \u00e9\u00e9n van de langst werkende stero\u00efden met een effect zichtbaar en na 4 weken van het toedienen van het medicijn, maar dit betekent ook dat de effecten kunnen worden gezien, lang nadat het medicijn is stopgezet.<\/p>\n<p><a href=\"http:\/\/getanabolics.biz\/nl\/product\/deca-100-10x1ml-ampoules-each-has-100-mg-total-1000-mg-nandrolone-decaonate\/\">Deca Durabolin<\/a> dient te worden ge\u00efnjecteerd gedurende ten minste 8 tot 12 weken, en sommige zelfs uit te breiden tot 16 weken. De aanbevolen dosering voor mannen is 300 tot 400 mg per week, maar dit kan worden verhoogd naar ongeveer 600 mg\/week, onder streng toezicht. De aanbevolen dosering voor vrouwen is veel lager dan de 50 tot 100 mg\/week, want het wordt matig androgene.<\/p>\n<p>Afgezien van intense groei van spieren, <a href=\"http:\/\/getanabolics.biz\/nl\/product\/deca-300-box-of-10-ampoules-of-1ml-300mg-ml-total-3000mg-nandrolone-decaonate\/\">Deca Durabolin<\/a> heeft ook gezamenlijk het verlichten van effecten. Zelfs in kleine doses voor joint relief doeleinden, het kan leiden tot een buitengewone groei in spiermassa en kracht. Als het verhoogt stikstof retentie in de spieren, toename van spierweefsel treedt op met een toename van de synthese van collageen leidt tot enorme opbouw van kracht.<\/p>\n<p><em>Als een zeer krachtige anabole stero\u00efden, het heeft al de negatieve bijwerkingen van stero\u00efde hormonen. Testosteron onderdrukking is veel groter met Deca Durabolin gebruik dan met andere anabole stero\u00efden. Dit is de reden waarom testosteron supplementen moeten worden genomen tijdens een Deca Durabolin cyclus anders kan het lichaam volledig gebrek aan testosteron. Vasthouden van Water is een ander neveneffect, maar dit is relatief lager dan de andere anabole stero\u00efden. Zoals Deca Durabolin aromatizes naar een matige graad, oestrogeen gerelateerde bijwerkingen zijn geproduceerd.<\/em><\/p>\n<h3>Lees verder<\/h3>\n<p><a href=\"http:\/\/getanabolics.biz\/nl\/deca-durabolin-bijwerkingen\/\">DECA DURABOLIN BIJWERKINGEN<\/a><\/p>\n<p><a href=\"http:\/\/getanabolics.biz\/nl\/alles-over-proviron-mesterolone\/\">ALLES OVER PROVIRON (MESTEROLONE)<\/a><\/p>\n<p><a href=\"http:\/\/getanabolics.biz\/nl\/wat-moet-de-duur-van-de-kuur-met-steroiden-zijn\/\">WAT MOET DE DUUR VAN DE STERO\u00cfDENCURSUS ZIJN?<\/a><\/p>\n<p><a href=\"http:\/\/getanabolics.biz\/nl\/creatine-op-een-cursus-van-steroiden\/\">CREATINE OP EEN CURSUS STERO\u00cfDEN<\/a><\/p>\n<p><a href=\"http:\/\/getanabolics.biz\/nl\/crossfit-en-steroiden\/\">CROSSFIT EN STEROIDS<\/a><\/p>\n","protected":false},"excerpt":{"rendered":"<p>Pakket: Doos met 10 Ampullen van 1 ml, 250mg \/ ml. Totaal 2500mg Nandrolon Decaonate<br \/>Fabrikant: Alpha-Pharma<br \/>Merknaam: Deca 250<br \/>Bekend: Nandrobolin<\/p>\n","protected":false},"featured_media":399,"comment_status":"open","ping_status":"closed","template":"","meta":[],"product_cat":[116,103,126],"product_tag":[39],"_links":{"self":[{"href":"https:\/\/getanabolics.biz\/nl\/wp-json\/wp\/v2\/product\/1023"}],"collection":[{"href":"https:\/\/getanabolics.biz\/nl\/wp-json\/wp\/v2\/product"}],"about":[{"href":"https:\/\/getanabolics.biz\/nl\/wp-json\/wp\/v2\/types\/product"}],"replies":[{"embeddable":true,"href":"https:\/\/getanabolics.biz\/nl\/wp-json\/wp\/v2\/comments?post=1023"}],"wp:featuredmedia":[{"embeddable":true,"href":"https:\/\/getanabolics.biz\/nl\/wp-json\/wp\/v2\/media\/399"}],"wp:attachment":[{"href":"https:\/\/getanabolics.biz\/nl\/wp-json\/wp\/v2\/media?parent=1023"}],"wp:term":[{"taxonomy":"product_cat","embeddable":true,"href":"https:\/\/getanabolics.biz\/nl\/wp-json\/wp\/v2\/product_cat?post=1023"},{"taxonomy":"product_tag","embeddable":true,"href":"https:\/\/getanabolics.biz\/nl\/wp-json\/wp\/v2\/product_tag?post=1023"}],"curies":[{"name":"wp","href":"https:\/\/api.w.org\/{rel}","templated":true}]}}