{"id":1017,"date":"2017-04-27T10:31:41","date_gmt":"2017-04-27T12:38:59","guid":{"rendered":"http:\/\/getanabolics.biz\/product\/sustanon-250-10ml-multidosis-flacon-bevat-2500mg-250mgml-testosteron-esters-koop\/"},"modified":"2018-01-21T12:51:05","modified_gmt":"2018-01-21T12:51:05","slug":"sustanon-250-10ml-multidose-vial-contains-2500mg-250mgml-testosterone-esters","status":"publish","type":"product","link":"https:\/\/getanabolics.biz\/nl\/product\/sustanon-250-10ml-multidose-vial-contains-2500mg-250mgml-testosterone-esters\/","title":{"rendered":"Sustanon 250 &#8211; Alpha Pharma"},"content":{"rendered":"<h2>Kopen Sustanon 250 &#8211; Alpha Pharma (Induject-250)<\/h2>\n<p><a title=\"Kopen Sustanon 250 in GetAnabolics\"><img src=\"http:\/\/getanabolics.biz\/images\/androx-400.jpg\" alt=\"Sustanon 250\" width=\"30%\" align=\"right\" \/><\/a><br \/>\nVoor degenen die op zoek is naar Sustanon 250 en vraagt u zich af waar te kopen Sustanon 250 van Alpha Pharma contractuele wij bieden Induject-250 als de beste keuze voor echte bodybuilders.<br \/>\nVan nu af aan een grote verscheidenheid van injecteerbare stero\u00efden en orale stero\u00efden en post-cyclus therapie van Alpha Pharma kan worden gekocht op <b>GetAnabolics<\/b>. Wij blij met de invoering van de nieuwe Sustanon 250 van <span style=\"font-weight: bold;\">Alpha Pharma<\/span>.<br \/>\n<em>Alle producten die wij aanbieden zijn gemaakt van authentieke, hoge kwaliteit stoffen en hebben een doel: om mensen te helpen winnen spiermassa, algehele kracht, om vet te verbranden en hen te helpen op het pad naar lichamelijke perfectie. Om tot een constructieve en beschaafde verbinding met onze klanten maken we maximale inspanningen te verzekeren van een kwalitatief hoge dienstverlening en zal de aanpak van elke persoon die adres van onze winkel met beleefdheid en respect.<\/em><br \/>\nHet opbouwen en onderhouden van een prachtige lichaam door een combinatie van methoden. Een goede voeding komt op de eerste plaats in de lijst van essenti\u00eble componenten die nodig zijn door het lichaam. Ten tweede, zorg ervoor dat je altijd kopen en gebruik maken van de wettelijke stero\u00efden online niet alleen om te voorkomen dat het conflict met de wet, maar belangrijker nog, om te voorkomen dat de gezondheid van complicaties.<br \/>\n<span style=\"font-weight: bold;\">GetAnabolics.Biz<\/span> is de online stero\u00efde leverancier speciaal gemaakt en gewijd om elke sporter en bodybuilder met de beste <span style=\"font-weight: bold;\">anabolic steroids<\/span> tegen lage prijzen. We hebben gekozen voor de meest betrouwbare merken om samen te werken om te zorgen voor een veilige, eerlijke en top-notch stero\u00efden aan onze klanten.<br \/>\n<em>Verzendkosten stero\u00efden zeer veilig is de belangrijkste zorg voor de levering van stero\u00efden wereldwijd. Onze discrete verzending garandeert dat niemand anders weet dat u het kopen van stero\u00efden online.<\/em><\/p>\n<h2>Meer Sustanon 250 Alpha Pharma Informatie<\/h2>\n<p><b>10ml multidosis flacon bevat 2500mg (250mg\/ml) Testosteron-Esters<\/b><\/p>\n<p><strong>Androx 400 bevat per ml:<\/strong><br \/>\n<strong> \u2022 100 mg Testosteron Phenylpropionate<\/strong><br \/>\n<strong> \u2022 100 mg Testosteron Cypionate<\/strong><br \/>\n<strong> \u2022 100 mg Testosteron Decanoaat<\/strong><br \/>\n<strong> \u2022 100 mg Testosteron Isocaproate<\/strong><\/p>\n<p>Sustanon is een zeer populaire stero\u00efde die zeer wordt gewaardeerd door haar gebruikers omdat het een aantal voordelen in vergelijking met andere testosteron-verbindingen biedt. Sustanon is een mengsel van vier verschillende testosterones die gebaseerd is op de goed getimede samenstelling, hebben een synergetisch effect. Deze speciale functie heeft twee positieve eigenschappen voor de sporter. Ten eerste, op basis van de speciale combinatie-effect van de verbindingen, Sustanon, milligram voor milligram, heeft een beter effect dan een Testosteron enanthate, cypionate, en propionate alleen. Ten tweede, het effect van de vier testosterones tijd is uitgebracht, dus dat Sustanon gaat snel in het systeem en doeltreffend blijft in het lichaam voor enkele weken. Door de propionaat ook opgenomen in het steroid, Sustanon effectief is na een dag en op basis van het gemengd decanoates, actief blijven voor 3-4 weken.<\/p>\n<p><em>Sustanon heeft een uitgesproken androgene werking die gekoppeld is met een sterke anabole werking. Daarom is het goed geschikt voor de opbouw van kracht en massa. Een snelle toename in het lichaam van kracht en zelfs een toename van het lichaamsgewicht voorkomen. Atleten die gebruik maken van Sustanon verslag een stevige spier groei sinds het resulteert in minder water vasthouden en ook aromatizes minder dan een testosteron enanthate of cypionate. Inderdaad veel bodybuilders die gebruik maken van testosteron en de strijd tegen verschillende waterretentie en een verhoogde oestrogeen niveau Sustanon de voorkeur boven andere langwerkende depot testosterones.<\/em><\/p>\n<p>verder wordt opgemerkt dat Sustanon ook effectief is bij relatief lage doses worden gegeven aan een vergevorderd stadium atleten. Het is interessant om op te merken dat wanneer Sustanon wordt gegeven aan atleten die hebben al gebruik gemaakt van deze verbinding in dezelfde of een lagere doses, leidt dit tot dezelfde goede resultaten als tijdens de vorige inname. Sustanon wordt meestal ge\u00efnjecteerd ten minste eenmaal per week, die kan worden opgerekt tot 10 dagen. De dosering bij bodybuilding en powerlifting varieert van 250 mg om de 14 dagen tot 1000 mg of meer per dag. Aangezien een dergelijke hoge doseringen niet aanbevolen en gelukkig zijn ook niet genomen in de meeste gevallen de regel is 250-1000 mg\/week. Een dosering van 500 mg\/week is volledig voldoende voor de meeste, en kunnen vaak worden teruggebracht tot 250 mg\/ week door het combineren van Sustanon met een oraal stero\u00efde. Sustanon wordt goed verdragen als een fundamentele stero\u00efden tijdens de behandeling die de regeneratie stimuleert, geeft de sporter een voldoende &#8220;kick&#8221; voor intensieve training eenheden, en naast de al genoemde voordeel van de snelle toename van kracht en stevige spieren te krijgen onderscheidt zich ook door de compatibiliteit. <span style=\"text-decoration: underline;\">Om te winnen massa snel Sustanon wordt vaak gecombineerd met Deca-Durabolin, <a href=\"http:\/\/getanabolics.biz\/nl\/koop-dianabol-online-kwesties-getanabolics-biz\/\">Dianabol<\/a>, of <a href=\"http:\/\/getanabolics.biz\/nl\/product\/anadrol-50-tabs-each-tab-contains-50-mg-oxymetholone\/\">Anadrol <\/a>terwijl atleten die meer in kwaliteit de voorkeur te combineren met <a href=\"http:\/\/getanabolics.biz\/nl\/product\/parabolan-box-of-10-ampoules-of-1ml-75mg-ml-trenbolone-hexahydrobenzylcarbonate\/\">Parabolan<\/a>, <a href=\"http:\/\/getanabolics.biz\/nl\/product\/winstrol-tabs-10-kopen-winstrol-pillen-50-tabbladen-elk-bevat-10-mg-stanozolol-koop\/\">Winstrol<\/a>, Oxandrolon of Primobolan.<\/span><\/p>\n<h3>Lees verder<\/h3>\n<p><a href=\"http:\/\/getanabolics.biz\/nl\/alles-over-proviron-mesterolone\/\">ALLES OVER PROVIRON (MESTEROLONE)<\/a><\/p>\n<p><a href=\"http:\/\/getanabolics.biz\/nl\/koop-clomid-online-op-getanabolics-biz\/\">KOOP CLOMID ONLINE OP GETANABOLICS.BIZ<\/a><\/p>\n<p><a href=\"http:\/\/getanabolics.biz\/nl\/creatine-op-een-cursus-van-steroiden\/\">CREATINE OP EEN CURSUS STERO\u00cfDEN<\/a><\/p>\n<p><a href=\"http:\/\/getanabolics.biz\/nl\/verzamel-een-droge-massa-zonder-bijwerkingen\/\">VERZAMEL EEN DROGE MASSA MET GEEN BIJWERKINGEN<\/a><\/p>\n<p><a href=\"http:\/\/getanabolics.biz\/nl\/wat-moet-de-duur-van-de-kuur-met-steroiden-zijn\/\">WAT MOET DE DUUR VAN DE STERO\u00cfDENCURSUS ZIJN?<\/a><\/p>\n","protected":false},"excerpt":{"rendered":"<p>Pakket: 10ml multidosis flacon bevat 2500mg (250mg\/ml) Testosteron-Esters<br \/>Fabrikant: Alpha Pharma<br \/>Merknaam: Sustanon 250<br \/>Bekend: Induject-250<\/p>\n","protected":false},"featured_media":291,"comment_status":"open","ping_status":"closed","template":"","meta":[],"product_cat":[103],"product_tag":[39],"_links":{"self":[{"href":"https:\/\/getanabolics.biz\/nl\/wp-json\/wp\/v2\/product\/1017"}],"collection":[{"href":"https:\/\/getanabolics.biz\/nl\/wp-json\/wp\/v2\/product"}],"about":[{"href":"https:\/\/getanabolics.biz\/nl\/wp-json\/wp\/v2\/types\/product"}],"replies":[{"embeddable":true,"href":"https:\/\/getanabolics.biz\/nl\/wp-json\/wp\/v2\/comments?post=1017"}],"wp:featuredmedia":[{"embeddable":true,"href":"https:\/\/getanabolics.biz\/nl\/wp-json\/wp\/v2\/media\/291"}],"wp:attachment":[{"href":"https:\/\/getanabolics.biz\/nl\/wp-json\/wp\/v2\/media?parent=1017"}],"wp:term":[{"taxonomy":"product_cat","embeddable":true,"href":"https:\/\/getanabolics.biz\/nl\/wp-json\/wp\/v2\/product_cat?post=1017"},{"taxonomy":"product_tag","embeddable":true,"href":"https:\/\/getanabolics.biz\/nl\/wp-json\/wp\/v2\/product_tag?post=1017"}],"curies":[{"name":"wp","href":"https:\/\/api.w.org\/{rel}","templated":true}]}}