{"id":1012,"date":"2017-04-27T10:31:41","date_gmt":"2017-04-27T12:38:59","guid":{"rendered":"http:\/\/getanabolics.biz\/product\/clenbuterol-40-50-tabbladen-elke-40-mcg-clenbuterol-hydrochloride-koop\/"},"modified":"2018-01-21T13:19:30","modified_gmt":"2018-01-21T13:19:30","slug":"clenbuterol-40-50-tabbladen-elke-40-mcg-clenbuterol-hydrochloride-koop","status":"publish","type":"product","link":"https:\/\/getanabolics.biz\/nl\/product\/clenbuterol-40-50-tabbladen-elke-40-mcg-clenbuterol-hydrochloride-koop\/","title":{"rendered":"Clenbuterol 40 &#8211; Alpha-Pharma"},"content":{"rendered":"<h2>Kopen Clenbuterol 40 &#8211; Alpha-Pharma (Astralean)<\/h2>\n<p><a title=\"Kopen Clenbuterol 40 in GetAnabolics\"><img src=\"http:\/\/getanabolics.biz\/images\/astralean.jpg\" alt=\"Clenbuterol 40\" width=\"30%\" align=\"right\" \/><\/a><br \/>\nVoor degenen die op zoek is naar Clenbuterol 40 en vraagt u zich af waar te kopen Clenbuterol 40 van Alpha-Pharma contractuele wij bieden Astralean als de beste keuze voor echte bodybuilders.<br \/>\nVan nu af aan een grote verscheidenheid van injecteerbare stero\u00efden en orale stero\u00efden en post-cyclus therapie van Alpha-Pharma kan worden gekocht op <b>GetAnabolics<\/b>. Wij blij met de invoering van de nieuwe Clenbuterol 40 van <span style=\"font-weight: bold;\">Alpha-Pharma<\/span>.<br \/>\n<em>Alle producten die wij aanbieden zijn gemaakt van authentieke, hoge kwaliteit stoffen en hebben een doel: om mensen te helpen winnen spiermassa, algehele kracht, om vet te verbranden en hen te helpen op het pad naar lichamelijke perfectie. Om tot een constructieve en beschaafde verbinding met onze klanten maken we maximale inspanningen te verzekeren van een kwalitatief hoge dienstverlening en zal de aanpak van elke persoon die adres van onze winkel met beleefdheid en respect.<\/em><br \/>\nHet opbouwen en onderhouden van een prachtige lichaam door een combinatie van methoden. Een goede voeding komt op de eerste plaats in de lijst van essenti\u00eble componenten die nodig zijn door het lichaam. Ten tweede, zorg ervoor dat je altijd kopen en gebruik maken van de wettelijke stero\u00efden online niet alleen om te voorkomen dat het conflict met de wet, maar belangrijker nog, om te voorkomen dat de gezondheid van complicaties.<br \/>\n<em><span style=\"font-weight: bold;\">GetAnabolics.Biz<\/span> is de online stero\u00efde leverancier speciaal gemaakt en gewijd om elke sporter en bodybuilder met de beste <span style=\"font-weight: bold;\">anabolic steroids<\/span> tegen lage prijzen. We hebben gekozen voor de meest betrouwbare merken om samen te werken om te zorgen voor een veilige, eerlijke en top-notch stero\u00efden aan onze klanten.<\/em><br \/>\nVerzendkosten stero\u00efden zeer veilig is de belangrijkste zorg voor de levering van stero\u00efden wereldwijd. Onze discrete verzending garandeert dat niemand anders weet dat u het kopen van stero\u00efden online.<\/p>\n<h2>Meer Clenbuterol 40 Alpha-Pharma Informatie<\/h2>\n<p><b>50 tabbladen elke 40 mcg Clenbuterol hydrochloride<\/b><\/p>\n<p><strong>Drug klasse: Mondelinge Beta-2-symphatonimetric, thermalgenic<\/strong><br \/>\n<strong> Aanbevolen gemiddelde dosering: Tussen 100 en 140mcg per dag voor mannen en tussen de 80 en 100mcg per dag voor vrouwen<\/strong><br \/>\n<strong> Active life: Maximaal 68 uur<\/strong><br \/>\n<strong> Waterberging: Nee<\/strong><br \/>\n<strong> Giftig voor de lever: onbekend<\/strong><br \/>\n<strong> Aromatisatie: Nee<\/strong><br \/>\n<strong> Het is zeer thermogene<\/strong><\/p>\n<p>Clenbuterol is een luchtwegverwijder en is de populaire naam voor Clenbuterol Hydrochloride. Het werd oorspronkelijk gemaakt voor de behandeling van chronische astma en andere soortgelijke omstandigheden. Echter, wat maakt het aantrekkelijk voor sporters en bodybuilders is de werkzaamheid in het verbranden van vet. Het is in staat te verhogen stofwisseling en het verbranden van lichaamsvet zeer effectief als het stimuleert de B\u00e8ta-2-receptoren. Deze verhogen ook de cellulaire warmte de warmte productie van de cellen wordt verhoogd, die op zijn beurt verhoogt de lichaamstemperatuur en de snelheid waarmee vet wordt verbrand. Clen is ook bekend voor het onderdrukken van de eetlust bij sommige gebruikers.<\/p>\n<p><em>Mensen die willen beginnen met het gebruik van Clenbuterol pillen moeten niet vergeten dat het niet een stero\u00efde op enigerlei wijze, hoewel het bootst een aantal stero\u00efdale eigenschappen. In feite, Clen bootst de effecten van adrenaline en noradrenaline in het menselijk lichaam. Gebruikers die niet vertrouwd zijn met andere thermogenica als cafe\u00efne en efedrine moeten niet gebruiken Clenbuterol tabletten. Aanbevolen dosering voor een goede vetverbranding en merkbaar spier te krijgen is het 100-140mcg per dag voor mannen, die bedraagt 5-7 tabletten per dag. Voor vrouwen is de aanbevolen dosering is 80-100mcg per dag, dat is 4-5 tabletten. <\/em><\/p>\n<p>Er zijn twee manieren om het gebruik van Clen. De 2 weken op en 2 weken af is de meest populaire manier om het gebruik van deze drug. Hier, gebruikers beginnen met een lage dosis en verhoog de dosis elke 2 tot 3 dagen. Zodra het lichaam raakt gewend aan de drug gebruikers be\u00ebindigen voor twee weken. Na twee weken gebruikers beginnen met het nemen van de drug op een niveau dat in de buurt waar ze vorige keer gestopt bent. De andere manier is de gestage gebruiken waar gebruikers starten met een lage dosis en geleidelijk verhogen van de dosering.<\/p>\n<p><em>Clenbuterol verbetert metabolische activiteit en cardiovasculaire activiteit sterk. Het verhoogt ook de spiermassa heel effectief. Dit spieropbouwende effect wordt veroorzaakt door een verhoogde eiwitsynthese in het lichaam. Echter, vanwege zijn krachtig stimulerend effect, bijwerkingen, zoals slapeloosheid en het ervaren van een zeer nerveuze gevoel is gebruikelijk bij grote doses worden genomen. Het is ook bekend voor het veroorzaken kramp bij sommige gebruikers. Een extreme bijwerkingen van Clenbuterol is cardiale hypertrofie waar de ventrikels van het hart groter geworden. Echter, dit gebeurt alleen wanneer de doses zijn groot. Net als bij andere vetverbranding remedies, Clen mag niet worden gebruikt voor lange periodes van tijd.<\/em><\/p>\n<h3>Lees verder<\/h3>\n<p><a href=\"http:\/\/getanabolics.biz\/nl\/cytomel-t3-reviews-op-getanabolics-biz\/\">CYTOMEL T3 BEOORDELINGEN OVER GETANABOLICS.BIZ<\/a><\/p>\n<p><a href=\"http:\/\/getanabolics.biz\/nl\/genotropin-review-op-getanabolics-biz\/\">GENOTROPIN REVIEW OP GETANABOLICS.BIZ<\/a><\/p>\n<p><a href=\"http:\/\/getanabolics.biz\/nl\/bodybuilding-en-steroiden\/\">LICHAAMSBOUW EN STERO\u00cfDEN<\/a><\/p>\n<p><a href=\"http:\/\/getanabolics.biz\/nl\/wat-moet-de-duur-van-de-kuur-met-steroiden-zijn\/\">WAT MOET DE DUUR VAN DE STERO\u00cfDENCURSUS ZIJN?<\/a><\/p>\n<p><a href=\"http:\/\/getanabolics.biz\/nl\/verzamel-een-droge-massa-zonder-bijwerkingen\/\">VERZAMEL EEN DROGE MASSA MET GEEN BIJWERKINGEN<\/a><\/p>\n","protected":false},"excerpt":{"rendered":"<p>Pakket: 50 tabbladen elke 40 mcg Clenbuterol hydrochloride<br \/>Fabrikant: Alpha-Pharma<br \/>Merknaam: Clenbuterol 40<br \/>Bekend: Astralean<\/p>\n","protected":false},"featured_media":369,"comment_status":"open","ping_status":"closed","template":"","meta":[],"product_cat":[107,126],"product_tag":[39],"_links":{"self":[{"href":"https:\/\/getanabolics.biz\/nl\/wp-json\/wp\/v2\/product\/1012"}],"collection":[{"href":"https:\/\/getanabolics.biz\/nl\/wp-json\/wp\/v2\/product"}],"about":[{"href":"https:\/\/getanabolics.biz\/nl\/wp-json\/wp\/v2\/types\/product"}],"replies":[{"embeddable":true,"href":"https:\/\/getanabolics.biz\/nl\/wp-json\/wp\/v2\/comments?post=1012"}],"wp:featuredmedia":[{"embeddable":true,"href":"https:\/\/getanabolics.biz\/nl\/wp-json\/wp\/v2\/media\/369"}],"wp:attachment":[{"href":"https:\/\/getanabolics.biz\/nl\/wp-json\/wp\/v2\/media?parent=1012"}],"wp:term":[{"taxonomy":"product_cat","embeddable":true,"href":"https:\/\/getanabolics.biz\/nl\/wp-json\/wp\/v2\/product_cat?post=1012"},{"taxonomy":"product_tag","embeddable":true,"href":"https:\/\/getanabolics.biz\/nl\/wp-json\/wp\/v2\/product_tag?post=1012"}],"curies":[{"name":"wp","href":"https:\/\/api.w.org\/{rel}","templated":true}]}}