{"id":1011,"date":"2017-04-27T10:31:41","date_gmt":"2017-04-27T12:38:59","guid":{"rendered":"http:\/\/getanabolics.biz\/product\/aromasin-30-tabs-elke-kamer-heeft-25mg-exemestane-koop\/"},"modified":"2018-01-21T13:10:38","modified_gmt":"2018-01-21T13:10:38","slug":"aromasin-30-tabs-elke-kamer-heeft-25mg-exemestane-koop","status":"publish","type":"product","link":"https:\/\/getanabolics.biz\/nl\/product\/aromasin-30-tabs-elke-kamer-heeft-25mg-exemestane-koop\/","title":{"rendered":"Aromasin &#8211; Alpha-Pharma"},"content":{"rendered":"<h2>Kopen Aromasin &#8211; Alpha-Pharma (Aromex)<\/h2>\n<p><a title=\"Kopen Aromasin in GetAnabolics\"><img src=\"http:\/\/getanabolics.biz\/images\/aromasin-25-30-aphapharm.jpg\" alt=\"Aromasin\" width=\"30%\" align=\"right\" \/><\/a><br \/>\nVoor degenen die op zoek is naar Aromasin en vraagt u zich af waar te kopen Aromasin van Alpha-Pharma contractuele wij bieden Aromex als de beste keuze voor echte bodybuilders.<br \/>\n<em>Van nu af aan een grote verscheidenheid van injecteerbare stero\u00efden en orale stero\u00efden en post-cyclus therapie van Alpha-Pharma kan worden gekocht op <b>GetAnabolics<\/b>. Wij blij met de invoering van de nieuwe Aromasin van <span style=\"font-weight: bold;\">Alpha-Pharma<\/span>.<\/em><br \/>\nAlle producten die wij aanbieden zijn gemaakt van authentieke, hoge kwaliteit stoffen en hebben een doel: om mensen te helpen winnen spiermassa, algehele kracht, om vet te verbranden en hen te helpen op het pad naar lichamelijke perfectie. Om tot een constructieve en beschaafde verbinding met onze klanten maken we maximale inspanningen te verzekeren van een kwalitatief hoge dienstverlening en zal de aanpak van elke persoon die adres van onze winkel met beleefdheid en respect.<br \/>\n<em>Het opbouwen en onderhouden van een prachtige lichaam door een combinatie van methoden. Een goede voeding komt op de eerste plaats in de lijst van essenti\u00eble componenten die nodig zijn door het lichaam. Ten tweede, zorg ervoor dat je altijd kopen en gebruik maken van de wettelijke stero\u00efden online niet alleen om te voorkomen dat het conflict met de wet, maar belangrijker nog, om te voorkomen dat de gezondheid van complicaties.<\/em><br \/>\n<em><span style=\"font-weight: bold;\">GetAnabolics.Biz<\/span> is de online stero\u00efde leverancier speciaal gemaakt en gewijd om elke sporter en bodybuilder met de beste <span style=\"font-weight: bold;\">anabolic steroids<\/span> tegen lage prijzen. We hebben gekozen voor de meest betrouwbare merken om samen te werken om te zorgen voor een veilige, eerlijke en top-notch stero\u00efden aan onze klanten.<\/em><br \/>\nVerzendkosten stero\u00efden zeer veilig is de belangrijkste zorg voor de levering van stero\u00efden wereldwijd. Onze discrete verzending garandeert dat niemand anders weet dat u het kopen van stero\u00efden online.<\/p>\n<h2>Meer Aromasin Alpha-Pharma Informatie<\/h2>\n<p><strong>30 tabs elke kamer heeft 25mg Exemestane<\/strong><\/p>\n<blockquote><p>In de aromatisatie proces, het aromatase-enzym zet deze androgenen naar oestrogenen. Als deze conversie is overdreven, zwellen, depressie, verlies van libido, verminderde vet verlies, of zelfs gynaecomastie kan optreden. Een aromatase remmer (AI) is een effectieve manier om dit probleem op te lossen.<\/p><\/blockquote>\n<h1>Aromasin voor verkoop<\/h1>\n<p>&nbsp;<\/p>\n<p>In tegenstelling tot Arimidex en Letro die werken door reversibel blokkeren van de toegang tot het aromatase-enzym, Aromasin eigenlijk inactieven individuele enzym moleculen wanneer het bindt zich aan hen. Er is echt noch voordeel noch nadeel van deze verschillende modus van de actie. Zoals met alle aromatase-remmers, Aromasin moeten worden gedoseerd om het realiseren van een optimale estradiol niveaus, niet in de laagst mogelijke niveaus. Wanneer gedoseerd begrip en het bereiken van de dezelfde estradiol niveaus, maakt het\u2019t een verschil maken wat remming mechanisme is gebruikt.<\/p>\n<p>Hoe is het dan mogelijk om te kiezen tussen aromatase-remmers?<br \/>\nDe relevante factoren zijn echt slechts eerdere ervaring als enige, beschikbaarheid, kosten, gemak, en het profiel van bijwerkingen.<br \/>\nNiet veel onderscheidt de aromatase-remmers van elkaar in termen van het profiel van bijwerkingen. Ik ongenade Exemestane iets op deze rekening als er\u2019s een bewijs van hepatotoxiciteit, maar dit is een zeldzaam genoeg bijwerking die als een kwestie van persoonlijke keuze, factoren, zoals de persoonlijke ervaring kan compenseren.<\/p>\n<p><em>Aromasin wordt meestal geleverd in tabletten van 25 mg. Dosering van Aromasin in anabole stero\u00efde cycli wordt meestal met 12,5 mg om de andere dag, van 12,5 mg per dag, of ten hoogste 25 mg per dag.<\/em><\/p>\n<p>Overmatig dosering zal worden erkend door estradiol niveau vallen onder de 20 pg\/mL, of door depressie, vermindering van het libido, spiermassa vlakheid en\/of pijn in de gewrichten. Ervaren gebruikers vaak kunnen identificeren aan de hand van een behoefte dosis reductie puur van de symptomen. Echter, bloed test is de gouden standaard voor het bepalen van de juiste dosering niveau, en voor het verifi\u00ebren van die symptomen in feite worden veroorzaakt door een lage oestrogeen.<\/p>\n<p>net Als bij andere aromatase-remmers, er\u2019s van een relatie tussen de hoeveelheid aromatiseerbare stero\u00efden gebruikt en de dosis van de remmer nodig, maar het\u2019s niet een zuiver proportioneel kwestie. Bijvoorbeeld, laten we\u2019s zeggen dat een vorige cyclus een lifter gebruikt 250 mg\/week van testosteron, samen met 750 mg\/week van non-aromatiseerbare stero\u00efden. En laat\u2019s zeggen dat hij vond 12.5 mg\/dag Aromasin om geschikt te zijn voor die cyclus. Als hij nu gebruik wenst te maken van de 1000 mg\/week van testosteron, dat is vier keer meer, waarschijnlijk moet hij ook niet vermenigvuldigen zijn Exemestane van de dosering van vier keer. Dat zou 50 mg\/dag, die buiten de normale dosering. Ik zou aanraden 25 mg\/dag als een schatting van de dosis in dit geval.<\/p>\n<p><span style=\"text-decoration: underline;\">ik heb nog nooit afgeleid exacte formules voor de aanpassing van de dosis volgens verandering in de hoeveelheid aromatiseerbare stero\u00efden. Waarschijnlijk is er echt geen universele formule. Als algemeen advies is echter een redelijke schatting die voorziet in een deel van de stijging voor hun rekening verhoogde bedrag van aromatiseerbare stero\u00efden, maar zonder overschrijding van de aanbevolen bereik tenzij bloedonderzoek blijkt dat dat nodig is.<\/span><\/p>\n<p>Sommige gebruik Aromasin tijdens PCT, maar ik\u2019d doe dit alleen als er bloed testen blijkt verhoogde oestradiol. Als dat\u2019s het geval is, dan Exemestane is voor een klein gedeelte daadwerkelijk de voorkeur aromatase remmer over Arimidex of letrozole in dit geval, omdat de andere twee kunnen sommige interactie met het metabolisme van SERMs, terwijl Aromasin niet.<\/p>\n<p>Als het gebruikt wordt in PCT dosering moet worden duidelijk minder dan tijdens een cyclus, als het bedrag van aromatiseerbare stero\u00efden in het bloed veel minder. Over het algemeen niet meer dan 12,5 mg om de andere dag nodig zal zijn, of zelfs alleen elke derde of vierde dag.<\/p>\n<p>Hoewel reeds genoemd hierboven, als een afsluitende punt I\u2019d graag opnieuw benadrukken dat er echt geen probleem van de relatieve sterkte van de verschillende aromatase-remmers, en geen reden zijn om te kiezen van de een over de ander op grond van beweerde sterkte verschillen. Laat\u2019s zeggen dat een dosering van een aromatase inibitor is sterker \u2013 vermindert het oestrogeen meer \u2013 dan een dosering van een ander. Als de eerste verminderd oestrogeen te veel, dan is de dosering was te veel milligram. It\u2019s niet het product was \u201cte sterk.\u201d Of, als de tweede niet\u2019t verminderen estradiol genoeg is, dan is de dosering was te weinig milligram, plaats het product niet sterk genoeg is.<\/p>\n<p><em>Alle van de aromatase-inhibitoren overshoot oestrogeen korting bij een overdosis, of undershoot als underdosed. Er is geen reden om te kiezen voor de een over de ander, want wat kan zeggen over de sterkte.<\/em><\/p>\n<p>Arimidex, Letrozole en Aromasin allemaal in staat zijn om goed samen te werken en voorspelbaar voor oestrogeen controle. Als er al ervaring met een bepaalde aromatase remmer, adviseer ik u doorgaat met het, als persoonlijke dosering is al begrepen. Als u nog niet hebt geprobeerd een, dan kan het effectief zijn. Ik hoop dat de bovenstaande uitleg zal u helpen in uw keuze. Aromasin (Exemestane) en anabole stero\u00efden.<\/p>\n<p><em>Referenties: Door Bill Roberts https:\/\/thinksteroids.com\/steroid-profiles\/aromasin\/ <\/em><\/p>\n<p>Legit Exemestane voor verkoop voor oestrogeen controle. Kopen Aromasin goedkoop.<\/p>\n<h3>Lees verder<\/h3>\n<p><a href=\"http:\/\/getanabolics.biz\/nl\/koop-clomid-online-op-getanabolics-biz\/\">KOOP CLOMID ONLINE OP GETANABOLICS.BIZ<\/a><\/p>\n<p><a href=\"http:\/\/getanabolics.biz\/nl\/groeihormoon-hgh-de-belangrijkste-feiten\/\">GROWTH HORMONE HGH &#8211; DE BELANGRIJKSTE FEITEN<\/a><\/p>\n<p><a href=\"http:\/\/getanabolics.biz\/nl\/kenmerken-van-korte-cursussen-van-steroiden\/\">KENMERKEN VAN KORTE CURSUSSEN VAN STERO\u00cfDEN<\/a><\/p>\n<p><a href=\"http:\/\/getanabolics.biz\/nl\/pauzeer-tussen-steroide-cursussen-en-pct\/\">PAUZE TUSSEN STERO\u00cfNCURSUSSEN EN PCT<\/a><\/p>\n<p><a href=\"http:\/\/getanabolics.biz\/nl\/hoe-effectief-de-steroide-brug\/\">HOE EFFECTIEF IS DE STERO\u00cfDEBRUG?<\/a><\/p>\n","protected":false},"excerpt":{"rendered":"<p>Pakket: 30 tabs elke kamer heeft 25mg Exemestane<br \/>Fabrikant: Alpha-Pharma<br \/>Merknaam: Aromasin<br \/>Bekend: Aromex<\/p>\n","protected":false},"featured_media":363,"comment_status":"open","ping_status":"closed","template":"","meta":[],"product_cat":[88,107],"product_tag":[39],"_links":{"self":[{"href":"https:\/\/getanabolics.biz\/nl\/wp-json\/wp\/v2\/product\/1011"}],"collection":[{"href":"https:\/\/getanabolics.biz\/nl\/wp-json\/wp\/v2\/product"}],"about":[{"href":"https:\/\/getanabolics.biz\/nl\/wp-json\/wp\/v2\/types\/product"}],"replies":[{"embeddable":true,"href":"https:\/\/getanabolics.biz\/nl\/wp-json\/wp\/v2\/comments?post=1011"}],"wp:featuredmedia":[{"embeddable":true,"href":"https:\/\/getanabolics.biz\/nl\/wp-json\/wp\/v2\/media\/363"}],"wp:attachment":[{"href":"https:\/\/getanabolics.biz\/nl\/wp-json\/wp\/v2\/media?parent=1011"}],"wp:term":[{"taxonomy":"product_cat","embeddable":true,"href":"https:\/\/getanabolics.biz\/nl\/wp-json\/wp\/v2\/product_cat?post=1011"},{"taxonomy":"product_tag","embeddable":true,"href":"https:\/\/getanabolics.biz\/nl\/wp-json\/wp\/v2\/product_tag?post=1011"}],"curies":[{"name":"wp","href":"https:\/\/api.w.org\/{rel}","templated":true}]}}