{"id":1006,"date":"2017-04-27T10:32:35","date_gmt":"2017-04-27T12:38:59","guid":{"rendered":"http:\/\/getanabolics.biz\/product\/proviron-kopen-proviron-50-tabbladen-elke-tab-25mg-mesterolone-koop\/"},"modified":"2018-01-19T08:57:40","modified_gmt":"2018-01-19T08:57:40","slug":"proviron-buy-proviron-50-tabs-each-tab-25mg-mesterolone","status":"publish","type":"product","link":"https:\/\/getanabolics.biz\/nl\/product\/proviron-buy-proviron-50-tabs-each-tab-25mg-mesterolone\/","title":{"rendered":"Proviron &#8211; Bayer\/Schering"},"content":{"rendered":"<h2>Kopen Proviron &#8211; Bayer\/Schering (Provibol)<\/h2>\n<p><a title=\"Kopen Proviron in GetAnabolics\"><img src=\"http:\/\/getanabolics.biz\/images\/proviron-bayer.jpg\" alt=\"Proviron\" width=\"30%\" align=\"right\" \/><\/a><br \/>\nVoor degenen die op zoek is naar Proviron en vraagt u zich af waar te kopen Proviron van Bayer\/Schering contractuele wij bieden Provibol als de beste keuze voor echte bodybuilders.<br \/>\n<em>Van nu af aan een grote verscheidenheid van injecteerbare stero\u00efden en orale stero\u00efden en post-cyclus therapie van Bayer\/Schering kan worden gekocht op <b>GetAnabolics<\/b>. Wij blij met de invoering van de nieuwe Proviron van <span style=\"font-weight: bold;\">Bayer\/Schering<\/span>.<\/em><br \/>\nAlle producten die wij aanbieden zijn gemaakt van authentieke, hoge kwaliteit stoffen en hebben een doel: om mensen te helpen winnen spiermassa, algehele kracht, om vet te verbranden en hen te helpen op het pad naar lichamelijke perfectie. Om tot een constructieve en beschaafde verbinding met onze klanten maken we maximale inspanningen te verzekeren van een kwalitatief hoge dienstverlening en zal de aanpak van elke persoon die adres van onze winkel met beleefdheid en respect.<br \/>\n<em>Het opbouwen en onderhouden van een prachtige lichaam door een combinatie van methoden. Een goede voeding komt op de eerste plaats in de lijst van essenti\u00eble componenten die nodig zijn door het lichaam. Ten tweede, zorg ervoor dat je altijd kopen en gebruik maken van de wettelijke stero\u00efden online niet alleen om te voorkomen dat het conflict met de wet, maar belangrijker nog, om te voorkomen dat de gezondheid van complicaties.<\/em><br \/>\n<span style=\"font-weight: bold;\">GetAnabolics.Biz<\/span> is de online stero\u00efde leverancier speciaal gemaakt en gewijd om elke sporter en bodybuilder met de beste <span style=\"font-weight: bold;\">anabolic steroids<\/span> tegen lage prijzen. We hebben gekozen voor de meest betrouwbare merken om samen te werken om te zorgen voor een veilige, eerlijke en top-notch stero\u00efden aan onze klanten.<br \/>\nVerzendkosten stero\u00efden zeer veilig is de belangrijkste zorg voor de levering van stero\u00efden wereldwijd. Onze discrete verzending garandeert dat niemand anders weet dat u het kopen van stero\u00efden online.<\/p>\n<h2>Meer Proviron Bayer\/Schering Informatie<\/h2>\n<p><b>Kopen Proviron 50 tabbladen elke tab 25mg Mesterolone<\/b><\/p>\n<p><em>Mesterolone is een oraal actieve, 1-gemethyleerd DHT. Als Masteron, maar dan feitelijk worden geleverd in een mondelinge mode. DHT is de conversie van het product van testosteron op de 5-alpha-reductase enzym, het resultaat is een hormoon dat wordt 3 tot 4 keer zo androgene en is structureel niet in staat is van de vorming van oestrogeen. Men zou dan denken dat mesterolone zou een perfecte medicijn om het verbeteren van de kracht en het toevoegen van kleine, maar volledig lean winsten aan het frame. Helaas is er een controle mechanisme voor DHT in het menselijk lichaam. Wanneer het niveau te hoog, de 3alpha hydroxysteroid dehydrogenase-enzym zet het om in een overwegend inactief samengestelde bekend als 3-alpha (5-alpha-androstan-3alpha,17beta-diol), een prohormoon als je wil. Het kan even weer converteren naar DHT door hetzelfde enzym dat bij lage niveaus van DHT worden gedetecteerd. Maar het betekent dat, tenzij men gebruik maakt van belachelijk hoge bedragen, het meeste van wat wordt toegediend, is vrij nutteloos op de hoogte van de androgeen receptor in het spierweefsel en dus mesterolone is niet bijzonder geschikt, of helemaal niet, te bevorderen spier hypertrofie.<\/em><\/p>\n<h1>Kopen Proviron<\/h1>\n<p>Proviron heeft vier verschillende manieren in de wereld van bodybuilding. De eerste is het gevolg van de structuur. Het 5-alpha-verminderd en niet in staat is de vorming van oestrogeen, maar het heeft toch een veel hogere affiniteit voor aromatase-enzym (dat zet testosteron naar oestrogeen) dan testosteron doet. Dat betekent dat bij de toediening van het testosteron of een ander aromatiseerbare compound, het voorkomt oestrogeen opbouw, omdat het zich bindt aan het enzym aromatase zeer sterk, waardoor deze stero\u00efden van de interactie met en de vorming van oestrogeen. Dus <a href=\"http:\/\/getanabolics.biz\/nl\/alles-over-proviron-mesterolone\/\">Mesterolone <\/a>gebruik het uiterste voordeel van het verminderen van de oestrogene bijwerkingen en het vasthouden van water opgemerkt met andere stero\u00efden, en als zodanig nog hulp te bieden vooral magere winsten. Het is ook gesuggereerd dat het eigenlijk de downgrade van de werkelijke oestrogeen receptor waardoor het dubbel zo effectief in het verminderen van circulerende oestrogeen niveaus.<\/p>\n<p>Bayer Schering gemaakt Proviron voor verkoop.<\/p>\n<h3>Lees verder<\/h3>\n<p><a href=\"http:\/\/getanabolics.biz\/nl\/alles-over-proviron-mesterolone\/\">ALLES OVER PROVIRON (MESTEROLONE)<\/a><\/p>\n<p><a href=\"http:\/\/getanabolics.biz\/nl\/koop-clomid-online-op-getanabolics-biz\/\">KOOP CLOMID ONLINE OP GETANABOLICS.BIZ<\/a><\/p>\n<p><a href=\"http:\/\/getanabolics.biz\/nl\/creatine-op-een-cursus-van-steroiden\/\">CREATINE OP EEN CURSUS STERO\u00cfDEN<\/a><\/p>\n<p><a href=\"http:\/\/getanabolics.biz\/nl\/verzamel-een-droge-massa-zonder-bijwerkingen\/\">VERZAMEL EEN DROGE MASSA MET GEEN BIJWERKINGEN<\/a><\/p>\n<p><a href=\"http:\/\/getanabolics.biz\/nl\/wat-moet-de-duur-van-de-kuur-met-steroiden-zijn\/\">WAT MOET DE DUUR VAN DE STERO\u00cfDENCURSUS ZIJN?<\/a><\/p>\n","protected":false},"excerpt":{"rendered":"<p>Pakket: Kopen Proviron 50 tabbladen elke tab 25mg Mesterolone<br \/>Fabrikant: Bayer\/Schering<br \/>Merknaam: Proviron<br \/>Bekend: Provibol<\/p>\n","protected":false},"featured_media":411,"comment_status":"open","ping_status":"closed","template":"","meta":[],"product_cat":[88,107],"product_tag":[38],"_links":{"self":[{"href":"https:\/\/getanabolics.biz\/nl\/wp-json\/wp\/v2\/product\/1006"}],"collection":[{"href":"https:\/\/getanabolics.biz\/nl\/wp-json\/wp\/v2\/product"}],"about":[{"href":"https:\/\/getanabolics.biz\/nl\/wp-json\/wp\/v2\/types\/product"}],"replies":[{"embeddable":true,"href":"https:\/\/getanabolics.biz\/nl\/wp-json\/wp\/v2\/comments?post=1006"}],"wp:featuredmedia":[{"embeddable":true,"href":"https:\/\/getanabolics.biz\/nl\/wp-json\/wp\/v2\/media\/411"}],"wp:attachment":[{"href":"https:\/\/getanabolics.biz\/nl\/wp-json\/wp\/v2\/media?parent=1006"}],"wp:term":[{"taxonomy":"product_cat","embeddable":true,"href":"https:\/\/getanabolics.biz\/nl\/wp-json\/wp\/v2\/product_cat?post=1006"},{"taxonomy":"product_tag","embeddable":true,"href":"https:\/\/getanabolics.biz\/nl\/wp-json\/wp\/v2\/product_tag?post=1006"}],"curies":[{"name":"wp","href":"https:\/\/api.w.org\/{rel}","templated":true}]}}