{"id":1003,"date":"2017-04-27T10:31:41","date_gmt":"2017-04-27T12:38:59","guid":{"rendered":"http:\/\/getanabolics.biz\/product\/danabol-500-tabbladen-elke-tablet-bevat-10-mg-methandienone-koop\/"},"modified":"2018-06-25T07:09:07","modified_gmt":"2018-06-25T07:09:07","slug":"danabol-500-tabbladen-elke-tablet-bevat-10-mg-methandienone-koop","status":"publish","type":"product","link":"https:\/\/getanabolics.biz\/nl\/product\/danabol-500-tabbladen-elke-tablet-bevat-10-mg-methandienone-koop\/","title":{"rendered":"Danabol &#8211; Alpha-Pharma"},"content":{"rendered":"<h2>Kopen Danabol &#8211; Alpha-Pharma (Alphabol)<\/h2>\n<p><a title=\"Kopen Danabol in GetAnabolics\"><img src=\"http:\/\/getanabolics.biz\/images\/danabol-10-500-lap.jpg\" alt=\"Danabol\" width=\"30%\" align=\"right\" \/><\/a><br \/>\nVoor degenen die op zoek is naar Danabol en vraagt u zich af waar te kopen Danabol van Alpha-Pharma contractuele wij bieden Alphabol als de beste keuze voor echte bodybuilders.<br \/>\nVan nu af aan een grote verscheidenheid van injecteerbare stero\u00efden en orale stero\u00efden en post-cyclus therapie van Alpha-Pharma kan worden gekocht op <b>GetAnabolics<\/b>. Wij blij met de invoering van de nieuwe Danabol van <span style=\"font-weight: bold;\">Alpha-Pharma<\/span>.<br \/>\n<em>Alle producten die wij aanbieden zijn gemaakt van authentieke, hoge kwaliteit stoffen en hebben een doel: om mensen te helpen winnen spiermassa, algehele kracht, om vet te verbranden en hen te helpen op het pad naar lichamelijke perfectie. Om tot een constructieve en beschaafde verbinding met onze klanten maken we maximale inspanningen te verzekeren van een kwalitatief hoge dienstverlening en zal de aanpak van elke persoon die adres van onze winkel met beleefdheid en respect.<\/em><br \/>\nHet opbouwen en onderhouden van een prachtige lichaam door een combinatie van methoden. Een goede voeding komt op de eerste plaats in de lijst van essenti\u00eble componenten die nodig zijn door het lichaam. Ten tweede, zorg ervoor dat je altijd kopen en gebruik maken van de wettelijke stero\u00efden online niet alleen om te voorkomen dat het conflict met de wet, maar belangrijker nog, om te voorkomen dat de gezondheid van complicaties.<br \/>\n<span style=\"font-weight: bold;\">GetAnabolics.Biz<\/span> is de online stero\u00efde leverancier speciaal gemaakt en gewijd om elke sporter en bodybuilder met de beste <span style=\"font-weight: bold;\">anabolic steroids<\/span> tegen lage prijzen. We hebben gekozen voor de meest betrouwbare merken om samen te werken om te zorgen voor een veilige, eerlijke en top-notch stero\u00efden aan onze klanten.<br \/>\n<em>Verzendkosten stero\u00efden zeer veilig is de belangrijkste zorg voor de levering van stero\u00efden wereldwijd. Onze discrete verzending garandeert dat niemand anders weet dat u het kopen van stero\u00efden online.<\/em><\/p>\n<h2>Meer Danabol Alpha-Pharma Informatie<\/h2>\n<p><b>500 tabbladen elke tablet bevat 10 mg Methandienone<\/b><\/p>\n<p><strong>Drug klasse: Orale Anabole\/Androgene stero\u00efden<\/strong><br \/>\n<strong> Aanbevolen gemiddelde dosering: Tussen 15 en 50 mg\/dag voor mannen en tussen de 5 en 10 mg\/dag voor vrouwen<\/strong><br \/>\n<strong> Active life: Tussen 6 en 8 uur<\/strong><br \/>\n<strong> Waterberging: Ja<\/strong><br \/>\n<strong> Giftig voor de lever: Ja<\/strong><br \/>\n<strong> Vermindert HPTA functie: Ja, afhankelijk van de dosis en de cyclus.<\/strong><br \/>\n<strong> DTH-Conversie: Nee<\/strong><\/p>\n<h1>Dianabol voor verkoop<\/h1>\n<p><em><a href=\"http:\/\/getanabolics.biz\/nl\/product\/dianabol-100-tabs-each-contains-10-mg-methandienone\/\">Dianabol <\/a>werd voor het eerst gemaakt door Dr John Ziegler en werd voor het eerst geproduceerd en op de markt gebracht in de jaren 1960 door Ciba Farmaceutische producten. Het is een van de meest populaire anabole stero\u00efden en was de eerste mondelinge anabole stero\u00efde te worden gesynthetiseerd. Het is een van de meest krachtige anabole stero\u00efden beschikbaar en is net zo krachtig als testosteron en is heel uitgebreid door de atleten. Dbol is meer in de volksmond aangeduid als Dbol en is de anabole stero\u00efde hormoon Methandrostenolone. Dit stero\u00efde hormoon anabole en matige androgene eigenschappen. Dit kunt Dbol zeer effectief bij het verhogen van spiermassa en kracht.<\/em><\/p>\n<p>Dbol voor de verkoop is de orale stero\u00efden vorm van Methandrostenolone, die apart verkrijgbaar is in injecteerbare vorm. Dbol is een zeer snel werkende stero\u00efden zoals aangegeven door haar actieve leven en wordt het best gebruikt voor het bouwen van massa en kracht in bulk te cycli. Het is een van de kortste half-leven van alle mondelinge anabole stero\u00efden en is daardoor zeer effectief in het kick-starten van een cyclus aan het begin van de cyclus. <a href=\"http:\/\/getanabolics.biz\/nl\/product\/dianabol-buy-d-bol-100-tabs-each-contains-10-mg-methandienone\/\">Dianabol <\/a>kan ook worden gebruikt in een latere fase van een cyclus waar de gebruikers te heffen plateaus.<\/p>\n<p><em>De aanbevolen dosering voor mannen is tussen de 15 en 50 mg per dag, maar de resultaten kunnen worden gezien op 20mg per dag zelf. 100 mg per dag is het maximum bedrag van Dbol die iedereen moet gebruiken. Voor vrouwen, de dosering veel lager ligt tussen de 5 en 10 mg\/dag. 30 mg per dag is de aanbevolen dosering voor beginners en als Dbol is heel erg sterk, lage doses zijn genoeg soms.<\/em><\/p>\n<p>Dianabol verhoogt de eiwit synthese, en als gevolg daarvan wordt het best gebruikt voor het bouwen van massa en kracht. Dbol ook vergroot de vetvrije van vetvrije spiermassa en stikstof retentie in de spier, die groter is dan die van andere anabole stero\u00efden. Het geeft gebruikers ook de mogelijkheid te behouden van spiermassa als op een calorie-beperkt dieet. Echter, als een orale stero\u00efden, is een 17-AA stero\u00efden dat vermindert de aromatisatie van deze stero\u00efde. Dit maakt het heel giftig is voor de lever. Het kan ook leiden tot hoge bloeddruk en mensen die lijden aan hoge bloeddruk niet moet kopen Dianabol. Als de drug aromatiseert, bijwerkingen met betrekking tot oestrogeen, zoals Gynaecomastie kan worden verwacht.<\/p>\n<p><em>Kopen Dianabol pillen nu dat is de meest populaire anabole stero\u00efden ooit gemaakt. Houd in gedachten dat alle mondelinge anabole stero\u00efden mag niet worden gebruikt meer dan 6 weken.<\/em><\/p>\n<h3>Lees verder<\/h3>\n<p><a href=\"http:\/\/getanabolics.biz\/nl\/koop-dianabol-online-kwesties-getanabolics-biz\/\">KOOP DIANABOL ONLINE OP GETANABOLICS.BIZ<\/a><\/p>\n<p><a href=\"http:\/\/getanabolics.biz\/nl\/winstrol-wat-is-het-en-waar-is-het-voor\/\">WINSTROL, WAT IS HET EN WAARVOOR IS HET?<\/a><\/p>\n<p><a href=\"http:\/\/getanabolics.biz\/nl\/cytomel-t3-reviews-op-getanabolics-biz\/\">CYTOMEL T3 BEOORDELINGEN OVER GETANABOLICS.BIZ<\/a><\/p>\n<p><a href=\"http:\/\/getanabolics.biz\/nl\/pauzeer-tussen-steroide-cursussen-en-pct\/\">PAUZE TUSSEN STERO\u00cfNCURSUSSEN EN PCT<\/a><\/p>\n<p><a href=\"http:\/\/getanabolics.biz\/nl\/hoe-effectief-de-steroide-brug\/\">HOE EFFECTIEF IS DE STERO\u00cfDEBRUG?<\/a><\/p>\n","protected":false},"excerpt":{"rendered":"<p>Pakket: 50 tabbladen elke tablet bevat 10 mg Methandienone<br \/>Fabrikant: Alpha-Pharma<br \/>Merknaam: Danabol<br \/>Bekend: Alphabol<\/p>\n","protected":false},"featured_media":321,"comment_status":"open","ping_status":"closed","template":"","meta":[],"product_cat":[116,107],"product_tag":[39],"_links":{"self":[{"href":"https:\/\/getanabolics.biz\/nl\/wp-json\/wp\/v2\/product\/1003"}],"collection":[{"href":"https:\/\/getanabolics.biz\/nl\/wp-json\/wp\/v2\/product"}],"about":[{"href":"https:\/\/getanabolics.biz\/nl\/wp-json\/wp\/v2\/types\/product"}],"replies":[{"embeddable":true,"href":"https:\/\/getanabolics.biz\/nl\/wp-json\/wp\/v2\/comments?post=1003"}],"wp:featuredmedia":[{"embeddable":true,"href":"https:\/\/getanabolics.biz\/nl\/wp-json\/wp\/v2\/media\/321"}],"wp:attachment":[{"href":"https:\/\/getanabolics.biz\/nl\/wp-json\/wp\/v2\/media?parent=1003"}],"wp:term":[{"taxonomy":"product_cat","embeddable":true,"href":"https:\/\/getanabolics.biz\/nl\/wp-json\/wp\/v2\/product_cat?post=1003"},{"taxonomy":"product_tag","embeddable":true,"href":"https:\/\/getanabolics.biz\/nl\/wp-json\/wp\/v2\/product_tag?post=1003"}],"curies":[{"name":"wp","href":"https:\/\/api.w.org\/{rel}","templated":true}]}}