{"id":1002,"date":"2017-04-27T10:33:38","date_gmt":"2017-04-27T12:38:59","guid":{"rendered":"http:\/\/getanabolics.biz\/product\/hgh-1-flesje-van-10iu-somatropine-koop\/"},"modified":"2018-01-18T12:44:35","modified_gmt":"2018-01-18T12:44:35","slug":"hgh-1-vial-of-10iu-somatropin","status":"publish","type":"product","link":"https:\/\/getanabolics.biz\/nl\/product\/hgh-1-vial-of-10iu-somatropin\/","title":{"rendered":"HGH &#8211; Maxtreme"},"content":{"rendered":"<h2>Kopen HGH &#8211; Maxtreme (Soma-Max)<\/h2>\n<p><a title=\"Kopen HGH in GetAnabolics\"><img src=\"http:\/\/getanabolics.biz\/images\/tropin-fitness-100IU-ifetech-1.jpg\" alt=\"HGH\" width=\"30%\" align=\"right\" \/><\/a><br \/>\nVoor degenen die op zoek is naar HGH en vraagt u zich af waar te kopen HGH van Maxtreme contractuele wij bieden Soma-Max als de beste keuze voor echte bodybuilders.<br \/>\nVan nu af aan een grote verscheidenheid van injecteerbare stero\u00efden en orale stero\u00efden en post-cyclus therapie van Maxtreme kan worden gekocht op <b>GetAnabolics<\/b>. Wij blij met de invoering van de nieuwe HGH van <span style=\"font-weight: bold;\">Maxtreme<\/span>.<br \/>\n<em>Alle producten die wij aanbieden zijn gemaakt van authentieke, hoge kwaliteit stoffen en hebben een doel: om mensen te helpen winnen spiermassa, algehele kracht, om vet te verbranden en hen te helpen op het pad naar lichamelijke perfectie. Om tot een constructieve en beschaafde verbinding met onze klanten maken we maximale inspanningen te verzekeren van een kwalitatief hoge dienstverlening en zal de aanpak van elke persoon die adres van onze winkel met beleefdheid en respect.<\/em><br \/>\n<em>Het opbouwen en onderhouden van een prachtige lichaam door een combinatie van methoden. Een goede voeding komt op de eerste plaats in de lijst van essenti\u00eble componenten die nodig zijn door het lichaam. Ten tweede, zorg ervoor dat je altijd kopen en gebruik maken van de wettelijke stero\u00efden online niet alleen om te voorkomen dat het conflict met de wet, maar belangrijker nog, om te voorkomen dat de gezondheid van complicaties.<\/em><br \/>\n<span style=\"font-weight: bold;\">GetAnabolics.Biz<\/span> is de online stero\u00efde leverancier speciaal gemaakt en gewijd om elke sporter en bodybuilder met de beste <span style=\"font-weight: bold;\">anabolic steroids<\/span> tegen lage prijzen. We hebben gekozen voor de meest betrouwbare merken om samen te werken om te zorgen voor een veilige, eerlijke en top-notch stero\u00efden aan onze klanten.<br \/>\nVerzendkosten stero\u00efden zeer veilig is de belangrijkste zorg voor de levering van stero\u00efden wereldwijd. Onze discrete verzending garandeert dat niemand anders weet dat u het kopen van stero\u00efden online.<\/p>\n<h2>Meer HGH Maxtreme Informatie<\/h2>\n<p><b>1 flesje van 10IU Somatropine<\/b><\/p>\n<ul>\n<li><strong>Laboratorium: Lifetech Laboratoria<\/strong><\/li>\n<li><strong>Vorm: Injectie<\/strong><\/li>\n<li><strong>Molecuul: Somatropine<\/strong><\/li>\n<li><strong>Concentratie: 10 IU \/ vial<\/strong><\/li>\n<li><strong>Presentatie: 10 flacons van 10 IU<\/strong><\/li>\n<li><strong>Aanbevolen dosering: 3.33 IU \/ dag (voor het ontbijt)<\/strong><\/li>\n<li><strong>Verdunning: Gebruik 1 ml gesteriliseerd water<\/strong><\/li>\n<li><strong>Dosis flacon: 3 * 3.33 IU (1 flesje voor 3 dagen)<\/strong><\/li>\n<li><strong>Dosis injectie: 3.33 IU = 0.33 ml (33 eenheden op insulinespuit)<\/strong><\/li>\n<\/ul>\n<div>\n<h3>Wat Biotropin HGH<\/h3>\n<blockquote><p>het groeihormoon (GH of HGH), ook bekend als somatropine, is een peptide hormoon dat <strong>stimuleert de groei, de cel-reproductie en regeneratie<\/strong> in de mens.<\/p>\n<p>het groeihormoon is een <strong>191-aminozuur<\/strong>, single-polypeptide keten die wordt geproduceerd door somatotropic cellen van de hypofyse.<\/p>\n<p>Somatotropine werkt door het stimuleren van de afgifte van een ander hormoon somatomedin door de lever <strong>stimuleren van de groei van het lichaam cellen<\/strong>.<\/p>\n<p>GH is een stresshormoon dat verhoogt de concentratie van glucose en vrije vetzuren. Het stimuleert ook de productie van IGF-1.<\/p><\/blockquote>\n<\/div>\n<div>\n<h3>Biotropin HGH Dosering<\/h3>\n<p>Biotropin\u00ae door Lifetech Labs wordt gegeven als een injectie.<\/p>\n<p>het Reconstitueren met 1 ml steriel water is het beste, maar bacteriostatisch water (nacl 0.9% sodium chloride) of een normale zoutoplossing (0.9% Nacl) kan ook worden gebruikt.<\/p>\n<p>Heb geen druppel water direct in de poeder, maar <strong>laat het water langzaam naar beneden glijden in de wand van de flacon. Voorzichtig behandelen en niet schudden de flacon.<\/strong><\/p>\n<p>Plaats de flacon in de koelkast. Na ongeveer 30 minuten, de poeder moet worden opgelost in heldere vloeistof, klaar voor injectie.<\/p>\n<p>het Injecteren van de aanbevolen dosering in de vettige laag onder de huid.<\/p>\n<p>Het is aan te raden om Biotropin\u00ae op de <strong>dezelfde tijd elke dag een keer per dag<\/strong>.<\/p>\n<p>Het is beter om te voorkomen dat het nemen van Biotropin\u00ae voor het slapen gaan als het lichaam releases zijn lichaamseigen HGH tijdens de diepe slaap cyclus. Als u de dosis voor het slapen gaan, het kan interfereren met uw lichaamseigen HGH-afgifte.<\/p>\n<\/div>\n<div>\n<h3>Biotropin HGH Storage<\/h3>\n<p><strong>V\u00f3\u00f3r reconstitutie (gevriesdroogd \/ gevriesdroogde poeder):<\/strong><\/p>\n<ul>\n<li><strong>Kan worden opgeslagen in de koelkast (2\u00b0C tot 8\u00b0C = 35\u00b0C 47\u00b0F) gedurende 36 maanden.<\/strong><\/li>\n<li><strong>Kan worden bewaard bij kamertemperatuur (maximaal 37\u00b0C = 99\u00b0F) voor 90 dagen.<\/strong><\/li>\n<\/ul>\n<p><strong>Na reconstitutie (vloeibaar):<\/strong><\/p>\n<ul>\n<li>Kan worden opgeslagen in de koelkast (2\u00b0C tot 8\u00b0C = 35\u00b0C 47\u00b0F) gedurende 5 dagen.<\/li>\n<\/ul>\n<p><em>Lifetech Labs en Lifetech Labs gecertificeerd offici\u00eble partners altijd de producten op te slaan in een professioneel laboratorium koelkasten. Transport tijd bij kamertemperatuur heeft geen effect op de kwaliteit van het product degradatie.<\/em><\/p>\n<p>Voor het geven van een injectie, controleer de vervaldatum op de flacon. Niet gebruiken als het is verlopen. Niet injecteren van medicatie als de oplossing troebel.<\/p>\n<p>Eenmaal gereconstitueerd, een Groeihormoon kwetsbaar en moeten worden gemanipuleerd met voorzorg en mag niet worden geschud.<\/p>\n<p>het is de reden Lifetech Labs kwam met het concept <strong>&#8220;Een flesje = 3 dagen&#8221;.<\/strong><\/p>\n<p>de aanbevolen dosering is berekend voor een houdbaarheid van 3 dagen om te zorgen voor een maximale kwaliteit van ons product zonder kwaliteitsverlies.<\/p>\n<p><strong>Gebruiksgemak is een van Lifetech Labs key concept.<\/strong><\/p>\n<\/div>\n<div>\n<h3>Biotropin HGH Voordelen<\/h3>\n<p>Volgens de gebruikers en de dosering, Biotropin\u00ae door Lifetech Labs biedt een aantal van de belangrijkste gezondheids-en esthetische voordelen:<\/p>\n<ul>\n<li>een Gladdere huid (eerste merkbaar op de rug van de hand en later op het lichaam)<\/li>\n<li>Snellere haar-en nagelgroei<\/li>\n<li>Hogere energie-niveau<\/li>\n<li>Sneller energie herstel na fysieke activiteit<\/li>\n<li>het Lichaam vet verlies<\/li>\n<li>spiergroei<\/li>\n<\/ul>\n<p>het bedrag van De spier die is opgedaan door het gebruik van Biotropin\u00ae is afhankelijk van veel factoren, zoals fysieke activiteit, genetica, dieet, leeftijd, kwaliteit en kwantiteit van de slaap, lifestyle, en vorige gebruik van stero\u00efden of hGH.<\/p>\n<p><strong>Een gezonde eerst Biotropin\u00ae &#8211; gebruiker die is in goede staat (werkt 3-5 keer per week, geschikt voor minstens 7 uur per nacht en eet een eiwit rijk dieet) kan verwachten te krijgen over 25% van de spiermassa binnen 4 tot 5 maanden. <\/strong><\/p>\n<p>Het kan een paar weken duren voordat u resultaat ziet van uw Biotropin\u00ae therapie. Ziet u niet de wijzigingen op het eerste als <strong>resultaten komt geleidelijk<\/strong>. Als je <strong>Biotropin\u00ae elke dag zal je de kans vergroten van de positieve resultaten<\/strong>. Resultaten mogelijk kunnen vari\u00ebren afhankelijk van individuen.<\/p>\n<h3>Lees verder<\/h3>\n<p><a href=\"http:\/\/getanabolics.biz\/nl\/koop-clomid-online-op-getanabolics-biz\/\">KOOP CLOMID ONLINE OP GETANABOLICS.BIZ<\/a><\/p>\n<p><a href=\"http:\/\/getanabolics.biz\/nl\/groeihormoon-hgh-de-belangrijkste-feiten\/\">GROWTH HORMONE HGH &#8211; DE BELANGRIJKSTE FEITEN<\/a><\/p>\n<p><a href=\"http:\/\/getanabolics.biz\/nl\/kenmerken-van-korte-cursussen-van-steroiden\/\">KENMERKEN VAN KORTE CURSUSSEN VAN STERO\u00cfDEN<\/a><\/p>\n<p><a href=\"http:\/\/getanabolics.biz\/nl\/pauzeer-tussen-steroide-cursussen-en-pct\/\">PAUZE TUSSEN STERO\u00cfNCURSUSSEN EN PCT<\/a><\/p>\n<p><a href=\"http:\/\/getanabolics.biz\/nl\/hoe-effectief-de-steroide-brug\/\">HOE EFFECTIEF IS DE STERO\u00cfDEBRUG?<\/a><\/p>\n<\/div>\n","protected":false},"excerpt":{"rendered":"<p>Pakket: 1 flesje van 10IU Somatropine<br \/>Fabrikant: Maxtreme<br \/>Merknaam: HGH<br \/>Bekend: Soma-Max<\/p>\n","protected":false},"featured_media":585,"comment_status":"open","ping_status":"closed","template":"","meta":[],"product_cat":[98],"product_tag":[31],"_links":{"self":[{"href":"https:\/\/getanabolics.biz\/nl\/wp-json\/wp\/v2\/product\/1002"}],"collection":[{"href":"https:\/\/getanabolics.biz\/nl\/wp-json\/wp\/v2\/product"}],"about":[{"href":"https:\/\/getanabolics.biz\/nl\/wp-json\/wp\/v2\/types\/product"}],"replies":[{"embeddable":true,"href":"https:\/\/getanabolics.biz\/nl\/wp-json\/wp\/v2\/comments?post=1002"}],"wp:featuredmedia":[{"embeddable":true,"href":"https:\/\/getanabolics.biz\/nl\/wp-json\/wp\/v2\/media\/585"}],"wp:attachment":[{"href":"https:\/\/getanabolics.biz\/nl\/wp-json\/wp\/v2\/media?parent=1002"}],"wp:term":[{"taxonomy":"product_cat","embeddable":true,"href":"https:\/\/getanabolics.biz\/nl\/wp-json\/wp\/v2\/product_cat?post=1002"},{"taxonomy":"product_tag","embeddable":true,"href":"https:\/\/getanabolics.biz\/nl\/wp-json\/wp\/v2\/product_tag?post=1002"}],"curies":[{"name":"wp","href":"https:\/\/api.w.org\/{rel}","templated":true}]}}