{"id":1000,"date":"2017-04-27T10:33:38","date_gmt":"2017-04-27T12:36:57","guid":{"rendered":"http:\/\/getanabolics.biz\/product\/trenbolone-acetate-10-a-per-1-ampul-heeft-100-mg-trenbolone-acetaat-koop\/"},"modified":"2018-01-18T07:37:54","modified_gmt":"2018-01-18T07:37:54","slug":"trenbolone-acetate-10-amps-each-1-ampoule-has-100mg-trenbolone-acetate","status":"publish","type":"product","link":"https:\/\/getanabolics.biz\/nl\/product\/trenbolone-acetate-10-amps-each-1-ampoule-has-100mg-trenbolone-acetate\/","title":{"rendered":"Trenbolone Acetate &#8211; Maxtreme"},"content":{"rendered":"<h2>Kopen Trenbolone Acetate &#8211; Maxtreme (Tren-Ace-Max)<\/h2>\n<p><a title=\"Kopen Trenbolone Acetate in GetAnabolics\"><img src=\"http:\/\/getanabolics.biz\/images\/finexal.jpg\" alt=\"Trenbolone Acetate\" width=\"30%\" align=\"right\" \/><\/a><br \/>\nVoor degenen die op zoek is naar Trenbolone Acetate en vraagt u zich af waar te kopen Trenbolone Acetate van Maxtreme contractuele wij bieden Tren-Ace-Max als de beste keuze voor echte bodybuilders.<br \/>\n<em>Van nu af aan een grote verscheidenheid van injecteerbare stero\u00efden en orale stero\u00efden en post-cyclus therapie van Maxtreme kan worden gekocht op <b>GetAnabolics<\/b>. Wij blij met de invoering van de nieuwe Trenbolone Acetate van <span style=\"font-weight: bold;\">Maxtreme<\/span>.<\/em><br \/>\n<em>Alle producten die wij aanbieden zijn gemaakt van authentieke, hoge kwaliteit stoffen en hebben een doel: om mensen te helpen winnen spiermassa, algehele kracht, om vet te verbranden en hen te helpen op het pad naar lichamelijke perfectie. Om tot een constructieve en beschaafde verbinding met onze klanten maken we maximale inspanningen te verzekeren van een kwalitatief hoge dienstverlening en zal de aanpak van elke persoon die adres van onze winkel met beleefdheid en respect.<\/em><br \/>\nHet opbouwen en onderhouden van een prachtige lichaam door een combinatie van methoden. Een goede voeding komt op de eerste plaats in de lijst van essenti\u00eble componenten die nodig zijn door het lichaam. Ten tweede, zorg ervoor dat je altijd kopen en gebruik maken van de wettelijke stero\u00efden online niet alleen om te voorkomen dat het conflict met de wet, maar belangrijker nog, om te voorkomen dat de gezondheid van complicaties.<br \/>\n<span style=\"font-weight: bold;\">GetAnabolics.Biz<\/span> is de online stero\u00efde leverancier speciaal gemaakt en gewijd om elke sporter en bodybuilder met de beste <span style=\"font-weight: bold;\">anabolic steroids<\/span> tegen lage prijzen. We hebben gekozen voor de meest betrouwbare merken om samen te werken om te zorgen voor een veilige, eerlijke en top-notch stero\u00efden aan onze klanten.<br \/>\nVerzendkosten stero\u00efden zeer veilig is de belangrijkste zorg voor de levering van stero\u00efden wereldwijd. Onze discrete verzending garandeert dat niemand anders weet dat u het kopen van stero\u00efden online.<\/p>\n<h2>Meer Trenbolone Acetate Maxtreme Informatie<\/h2>\n<p><b>10 amp\u00e8re per 1 ampul heeft 100 mg Trenbolone Acetaat<\/b><\/p>\n<p><strong>Drug klasse: Injecteerbare androgene en anabole stero\u00efden.<\/strong><br \/>\n<strong> Aanbevolen gemiddelde dosering: 75mg per dag of om de 2 dagen voor mannen<\/strong><br \/>\n<strong> Active life: Ongeveer 2 dagen<\/strong><br \/>\n<strong> Waterberging: Nee<\/strong><br \/>\n<strong> Giftig voor de lever: Ja<\/strong><br \/>\n<strong> Vermindert HPTA functie: Ja<\/strong><br \/>\n<strong> DTH-Conversie: Nee<\/strong><br \/>\n<strong> Aromatisatie: Nee<\/strong><\/p>\n<p><span style=\"text-decoration: underline;\"><a href=\"http:\/\/getanabolics.biz\/nl\/product\/trenbolone-acetate-10ml-flacon-bevat-1000mg-100-mgml-trenbolonacetaat-koop\/\">Trenbolonacetaat<\/a> is een van de meest krachtige anabole stero\u00efden die er zijn en de vele atleten en bodybuilders beschouwen het als de meest krachtige en effectieve stero\u00efden. Dit stero\u00efde is een dierenarts rang anabole androgene stero\u00efden. De hormonen Trenbolon werd voor het eerst gesynthetiseerd in de late jaren 1960 en sindsdien uitgegroeid tot een van de meest populaire stero\u00efde onder atleten en bodybuilders. Deze stero\u00efden biedt de voordelen van andere sterke anabole stero\u00efden in een veel betere manier.<\/span><\/p>\n<p>Dit hormoon is een 19-nor-stero\u00efde dat maakt het vergelijkbaar met Deca Durabolin. Vanwege de unieke structuur, het niet aromatiseert, en elimineert oestrogeen-gerelateerde bijwerkingen. Dit maakt het ook veel effici\u00ebnter en veiliger om te gebruiken dan testosteron producten. Trenlobone Acetaat is zeer potent als de acetaat ester heeft een klein deel van het molecuul. Als gevolg van zijn kracht, is de aanbevolen dosering is minder dan die van testosteron producten. De aanbevolen dosering is tussen de 35 en 150 mg per dag. 50-75mg per dag is ideaal voor bulk en kracht te verbeteren. Vanwege de sterke androgene aard, vrouwen worden aangeraden geen gebruik te maken van deze stero\u00efden.<\/p>\n<blockquote><p>Er zijn tal van voordelen aan het gebruik van <a href=\"http:\/\/getanabolics.biz\/nl\/product\/trenbolone-acetate-10ml-flacon-bevat-1000mg-100-mgml-trenbolonacetaat-koop\/\">Trenlobone Acetate<\/a>. Belangrijker nog, het bevordert stikstof retentie en de eiwitsynthese, waardoor toename van de spiermassa vrij drastisch. Het heeft een sterkere affiniteit voor de androgeen-receptoren dan testosteron, winst in spiermassa is vaak beter dan met testosteron gebruiken. Het heeft anti-katabole eigenschappen die het blokkeren van het effect van glucocortico\u00efd hormonen en voorkomt spierafbraak. Als het bevordert de groei van spieren en vermindert spierafbraak, het verbetert ook de stofwisseling en de vetverbranding. Het verbetert ook de kwaliteit van het spierweefsel.<\/p><\/blockquote>\n<p><a href=\"http:\/\/getanabolics.biz\/nl\/product\/trenbolone-acetate-10ml-flacon-bevat-1000mg-100-mgml-trenbolonacetaat-koop\/\">Trenlobone Acetaat <\/a>verhoogt ook de productie van IGF-1 in het lichaam. IGF-1 is in principe verantwoordelijk voor vitale groei-gerelateerde functies. Als gevolg van het gebruik van Trenlobone Acetaat ook bevordert de genezing, herstel, groei in de botsterkte en de dichtheid, de verbetering in het kraakbeen en bindweefsel en de toename van het zenuwweefsel. Deze stero\u00efden wordt vaak gebruikt in grote hoeveelheden in het stimuleren van het zenuwstelsel en de genezing te bevorderen.<\/p>\n<p><em>Hoewel het is zeer machtig, het heeft geen oestrogene bijwerkingen, omdat het niet aromatiseert. Androgene bijwerkingen zoals acne, toegenomen gezichts-en lichaamsbeharing, agressief gedrag, een vergrote prostaat en een vette huid kan worden verwacht bij het gebruik van dit stero\u00efde. Testiculaire atrofie mag worden verwacht door de gebruikers en Trenlobone Acetaat gebruiken kan ook invloed hebben op de nieren en de lever functie.<\/em><\/p>\n<h3>Lees verder<\/h3>\n<p><a href=\"http:\/\/getanabolics.biz\/nl\/geweldige-resultaten-van-het-beste-trenbolonacetaat\/\">GEWELDIGE RESULTATEN VAN DE BESTE TRENBOLONEACETAAT<\/a><\/p>\n<p><a href=\"http:\/\/getanabolics.biz\/nl\/alles-wat-u-moet-weten-anadrol\/\">ALLES WAT U moet weten over ANADROL<\/a><\/p>\n<p><a href=\"http:\/\/getanabolics.biz\/nl\/het-effect-van-steroiden-op-de-menselijke-huid\/\">HET EFFECT VAN STERO\u00cfDEN OP DE MENSELIJKE HUID<\/a><\/p>\n<p><a href=\"http:\/\/getanabolics.biz\/nl\/verzamel-een-droge-massa-zonder-bijwerkingen\/\">VERZAMEL EEN DROGE MASSA MET GEEN BIJWERKINGEN<\/a><\/p>\n<p><a href=\"http:\/\/getanabolics.biz\/nl\/wat-moet-de-duur-van-de-kuur-met-steroiden-zijn\/\">WAT MOET DE DUUR VAN DE STERO\u00cfDENCURSUS ZIJN?<\/a><\/p>\n","protected":false},"excerpt":{"rendered":"<p>Pakket: 10 a per 1 ampul heeft 100 mg Trenbolone Acetaat<br \/>Fabrikant: Maxtreme<br \/>Merknaam: Trenbolone Acetate<br \/>Bekend: Tren-Ace-Max<\/p>\n","protected":false},"featured_media":573,"comment_status":"open","ping_status":"closed","template":"","meta":[],"product_cat":[116,103],"product_tag":[31],"_links":{"self":[{"href":"https:\/\/getanabolics.biz\/nl\/wp-json\/wp\/v2\/product\/1000"}],"collection":[{"href":"https:\/\/getanabolics.biz\/nl\/wp-json\/wp\/v2\/product"}],"about":[{"href":"https:\/\/getanabolics.biz\/nl\/wp-json\/wp\/v2\/types\/product"}],"replies":[{"embeddable":true,"href":"https:\/\/getanabolics.biz\/nl\/wp-json\/wp\/v2\/comments?post=1000"}],"wp:featuredmedia":[{"embeddable":true,"href":"https:\/\/getanabolics.biz\/nl\/wp-json\/wp\/v2\/media\/573"}],"wp:attachment":[{"href":"https:\/\/getanabolics.biz\/nl\/wp-json\/wp\/v2\/media?parent=1000"}],"wp:term":[{"taxonomy":"product_cat","embeddable":true,"href":"https:\/\/getanabolics.biz\/nl\/wp-json\/wp\/v2\/product_cat?post=1000"},{"taxonomy":"product_tag","embeddable":true,"href":"https:\/\/getanabolics.biz\/nl\/wp-json\/wp\/v2\/product_tag?post=1000"}],"curies":[{"name":"wp","href":"https:\/\/api.w.org\/{rel}","templated":true}]}}