{"id":841,"date":"2017-04-27T10:32:35","date_gmt":"2017-04-27T11:12:19","guid":{"rendered":"http:\/\/getanabolics.biz\/product\/trenbolone-enanthate-10-ml-fiala-da-1-ml-contiene-200-mg-di-trenbolone-enanthate\/"},"modified":"2018-01-19T07:20:41","modified_gmt":"2018-01-19T07:20:41","slug":"trenbolone-enanthate-10-ml-vial-each-1-ml-contains-200-mg-trenbolone-enanthate","status":"publish","type":"product","link":"https:\/\/getanabolics.biz\/it\/prodotto\/trenbolone-enanthate-10-ml-vial-each-1-ml-contains-200-mg-trenbolone-enanthate\/","title":{"rendered":"Trenbolone Enanthate &#8211; British Dragon"},"content":{"rendered":"<h2>Comprare Trenbolone Enanthate &#8211; British Dragon (Trenabol- E)<\/h2>\n<p><a title=\"Comprare Trenbolone Enanthate al GetAnabolics\"><img src=\"http:\/\/getanabolics.biz\/images\/tren-e-200-10-lapharma.jpg\" alt=\"Trenabol- E\" width=\"30%\" align=\"right\" \/><\/a><br \/>\nPer chi \u00e8 alla ricerca di Trenbolone Enanthate e chiedendo dove acquistare Trenbolone Enanthate dal British Dragon fatta offriamo Trenabol- E come la scelta migliore per i veri bodybuilder.<br \/>\nDa oggi una <strong>grande variet\u00e0 di steroidi iniettabili cos\u00ec come gli steroidi per via orale e ciclo di terapia post<\/strong> dal British Dragon possono essere acquistati in GetAnabolics. Siamo lieti di presentarvi il nuovo Trenbolone Enanthate da <span style=\"font-weight: bold;\">British Dragon<\/span>.<br \/>\n<em>Tutti i prodotti che offriamo sono di autentico, di alta qualit\u00e0 composti e hanno un unico obiettivo: aiutare le persone a ottenere la massa muscolare, la forza complessiva, per bruciare i grassi, e di aiutarli nel cammino di perfezione fisica. Per creare un costruttivo e civile connessione con i nostri clienti, noi faremo il massimo sforzo per garantire un servizio di alta qualit\u00e0 e approccio di ogni persona che indirizzo il nostro negozio con cortesia e rispetto.<\/em><br \/>\nLa costruzione e il mantenimento di un corpo splendido, richiedono una combinazione di metodi. Una dieta corretta \u00e8 la prima nella lista delle componenti essenziali necessari per il corpo. In secondo luogo, assicurarsi sempre di <strong>acquistare e utilizzare steroidi legali online<\/strong> non solo per evitare il conflitto con la legge, ma la cosa pi\u00f9 importante, per evitare complicazioni di salute.<br \/>\n<span style=\"font-weight: bold;\">GetAnabolics.Biz<\/span> \u00e8 la online steroidi fornitore appositamente creato e dedicato a fornire a ciascun atleta bodybuilder con i migliori steroidi anabolizzanti a prezzi scontati. Abbiamo scelto marchi pi\u00f9 affidabili di collaborare con, al fine di garantire la sicurezza, la vera e top-notch steroidi per i nostri clienti.<br \/>\nSpedizione steroidi molto in sicurezza \u00e8 la preoccupazione principale per la consegna di steroidi in tutto il mondo. La nostra spedizione discreta garantisce che nessun altro sa che si acquista steroidi on-line.<\/p>\n<h2>Pi\u00f9 Trenbolone Enanthate British Dragon Informazioni<\/h2>\n<p><b>10 ml fiala da 1 ml contiene 200 mg di Trenbolone Enanthate<\/b><\/p>\n<p><strong>Classe di droga: la soluzione Iniettabile di androgeni e steroidi anabolizzanti.<\/strong><br \/>\n<strong> Consigliato dosaggio medio: Tra 400 e 600 mg a settimana per gli uomini<\/strong><br \/>\n<strong> Active life: Circa una settimana<\/strong><br \/>\n<strong> Ritenzione idrica: No<\/strong><br \/>\n<strong> Tossico per il fegato: S\u00ec.<\/strong><br \/>\n<strong> Diminuisce la funzione HPTA: S\u00ec<\/strong><br \/>\n<strong> DTH Conversione: No<\/strong><br \/>\n<strong> Aromatizzazione: No<\/strong><\/p>\n<p><a href=\"http:\/\/getanabolics.biz\/it\/prodotto\/trenbolone-enanthate-10-ml-vial-each-1-ml-contains-200-mg-trenbolone-enanthate\/\">Trenbolone Enanthate <\/a>\u00e8 una forma iniettabile di ormone Trenbolone che \u00e8 stato creato per la prima volta alla fine del 1960. Anche se Acetato di Trenbolone \u00e8 molto pi\u00f9 popolare di Enanthate di controparte, di Trenbolone Enanthate \u00e8 lentamente guadagnando popolarit\u00e0 tra gli atleti e body builders. Tuttavia, Trenbolone Enanthate non \u00e8 disponibile in commercio), composto prodotto dalla compagnia farmaceutica e un sotterraneo della droga \u00e8 ancora utilizzato principalmente per veterinario scopi.<\/p>\n<p>Anche se l&#8217;acetato versione di questo ormone \u00e8 molto potente ed efficace, ha una breve vita attiva. Aggiungendo un estere enanthate, il tempo di dimezzamento di steroidi pu\u00f2 essere aumentata di circa una settimana, il che significa che gli utenti non devono prendere il numero di iniezioni. Quando si confrontano milligrammo per milligrammo, Acetato di Trenbolone \u00e8 pi\u00f9 forte di Trenbolone Enanthate come il Enanthate componente \u00e8 molto pi\u00f9 grande, ma gli effetti di Trenbolone Enanthate durare pi\u00f9 a lungo. Il dosaggio raccomandato di Trenbolone Enanthate \u00e8 pi\u00f9 grande di acetato di versione. <a href=\"http:\/\/getanabolics.biz\/it\/ottimi-risultati-del-miglior-trenbolone-acetato\/\">Gli atleti e body builders uso circa 400 a 600 mg a settimana.<\/a> Tuttavia, le donne non devono usare questo steroide a causa della sua elevata propriet\u00e0 androgeni.<\/p>\n<p>Come l&#8217;acetato di versione, Trenbolone Enanthate migliora la ritenzione di azoto nei muscoli e la sintesi proteica. Gli utenti possono aumentare la loro massa muscolare e la qualit\u00e0 del tessuto muscolare abbastanza drammaticamente. In quanto favorisce la produzione di IGF-1 nel corpo, esso permette inoltre agli utenti di migliorare la forza, la resistenza e la densit\u00e0 ossea e la forza e anche aumentare la cartilagine, tessuto connettivo e cellule nervose. Questo significa anche che gli utenti la migliore esperienza di guarigione del muscolo, osso e del tessuto connettivo con l&#8217;uso di questo steroide. Come non aromatizza, non ha di estrogeni effetti collaterali correlati come Ginecomastia e ritenzione idrica.<\/p>\n<blockquote><p><a href=\"http:\/\/getanabolics.biz\/it\/deca-durabolin-effetti-collaterali\/\">Trenlobone anche legami con i recettori degli androgeni molto forte<\/a>, causando migliorato la crescita muscolare, che a sua volta migliora il tasso metabolico e bruciare i grassi. Inoltre, impedisce muscolare sprechi e preserva la massa muscolare quando gli utenti sono in calorie diete ristrette.<\/p><\/blockquote>\n<p>Tuttavia, ci sono alcuni effetti collaterali di Trenbolone Enanthate. Atrofia testicolare \u00e8 garantita utenti. Essa provoca anche la pelle grassa, acne, il comportamento aggressivo e altri effetti collaterali androgeni. Essa pu\u00f2 influenzare la funzionalit\u00e0 epatica e renale. Entrambi acetato e enanthate versioni di Trenbolone pu\u00f2 causare grave perdita di capelli rispetto ad altri steroidi anabolizzanti e non deve essere utilizzato da coloro che soffrono di calvizie maschile.<\/p>\n<h3>Leggi di pi\u00f9<\/h3>\n<p><a href=\"http:\/\/getanabolics.biz\/it\/ottimi-risultati-del-miglior-trenbolone-acetato\/\">GRANDI RISULTATI DAL MIGLIOR ACETATO DI TRENBOLONE<\/a><\/p>\n<p><a href=\"http:\/\/getanabolics.biz\/it\/tutto-quello-che-ce-da-sapere-sul-anadrol\/\">TUTTO QUELLO CHE DEVI SAPERE SU ANADROL<\/a><\/p>\n<p><a href=\"http:\/\/getanabolics.biz\/it\/leffetto-degli-steroidi-sulla-pelle-umana\/\">L&#8217;EFFETTO DELLA STEROIDI SULLA PELLE UMANA<\/a><\/p>\n<p><a href=\"http:\/\/getanabolics.biz\/it\/raccogli-una-massa-secca-senza-effetti-collaterali\/\">RACCOGLI UNA MASSA ASCIUTTA SENZA EFFETTI COLLATERALI<\/a><\/p>\n<p><a href=\"http:\/\/getanabolics.biz\/it\/quale-dovrebbe-essere-la-durata-del-corso-degli-steroidi\/\">COSA DEVE ESSERE LA DURATA DEL CORSO DI STEROIDI?<\/a><\/p>\n","protected":false},"excerpt":{"rendered":"<p>Pacchetto: 10 ml fiala da 1 ml contiene 200 mg di Trenbolone Enanthate<br \/>Produttore: British Dragon<br \/>Marca: Trenbolone Enanthate<br \/>Conosciuto anche come: Trenabol- E<\/p>\n","protected":false},"featured_media":444,"comment_status":"open","ping_status":"closed","template":"","meta":[],"product_cat":[106,119],"product_tag":[68],"_links":{"self":[{"href":"https:\/\/getanabolics.biz\/it\/wp-json\/wp\/v2\/product\/841"}],"collection":[{"href":"https:\/\/getanabolics.biz\/it\/wp-json\/wp\/v2\/product"}],"about":[{"href":"https:\/\/getanabolics.biz\/it\/wp-json\/wp\/v2\/types\/product"}],"replies":[{"embeddable":true,"href":"https:\/\/getanabolics.biz\/it\/wp-json\/wp\/v2\/comments?post=841"}],"wp:featuredmedia":[{"embeddable":true,"href":"https:\/\/getanabolics.biz\/it\/wp-json\/wp\/v2\/media\/444"}],"wp:attachment":[{"href":"https:\/\/getanabolics.biz\/it\/wp-json\/wp\/v2\/media?parent=841"}],"wp:term":[{"taxonomy":"product_cat","embeddable":true,"href":"https:\/\/getanabolics.biz\/it\/wp-json\/wp\/v2\/product_cat?post=841"},{"taxonomy":"product_tag","embeddable":true,"href":"https:\/\/getanabolics.biz\/it\/wp-json\/wp\/v2\/product_tag?post=841"}],"curies":[{"name":"wp","href":"https:\/\/api.w.org\/{rel}","templated":true}]}}