{"id":838,"date":"2017-04-27T10:32:35","date_gmt":"2017-04-27T11:12:19","guid":{"rendered":"http:\/\/getanabolics.biz\/product\/masteron-100-flaconcino-da-10-ml-ogni-1-ml-contiene-100-mg-di-drostanolone-propionato\/"},"modified":"2018-01-19T10:23:37","modified_gmt":"2018-01-19T10:23:37","slug":"masteron-100-10ml-vial-each-1ml-contains-100mg-drostanolone-propionate","status":"publish","type":"product","link":"https:\/\/getanabolics.biz\/it\/prodotto\/masteron-100-10ml-vial-each-1ml-contains-100mg-drostanolone-propionate\/","title":{"rendered":"Masteron 100 &#8211; Dragon Pharma"},"content":{"rendered":"<h2>Comprare Masteron 100 &#8211; Dragon Pharma (Masteron 100)<\/h2>\n<p><a title=\"Comprare Masteron 100 al GetAnabolics\"><img src=\"http:\/\/getanabolics.biz\/images\/masteron-100-10-la.jpg\" alt=\"Masteron 100\" width=\"30%\" align=\"right\" \/><\/a><br \/>\nPer chi \u00e8 alla ricerca di Masteron 100 e chiedendo dove acquistare Masteron 100 dal Dragon Pharma fatta offriamo Masteron 100 come la scelta migliore per i veri bodybuilder.<br \/>\nDa oggi una <strong>grande variet\u00e0 di steroidi iniettabili cos\u00ec come gli steroidi per via orale e ciclo di terapia post<\/strong> dal Dragon Pharma possono essere acquistati in GetAnabolics. Siamo lieti di presentarvi il nuovo Masteron 100 da <span style=\"font-weight: bold;\">Dragon Pharma<\/span>.<br \/>\nTutti i prodotti che offriamo sono di autentico, di alta qualit\u00e0 composti e hanno un unico obiettivo: aiutare le persone a ottenere la massa muscolare, la forza complessiva, per bruciare i grassi, e di aiutarli nel cammino di perfezione fisica. Per creare un costruttivo e civile connessione con i nostri clienti, noi faremo il massimo sforzo per garantire un servizio di alta qualit\u00e0 e approccio di ogni persona che indirizzo il nostro negozio con cortesia e rispetto.<br \/>\n<em>La costruzione e il mantenimento di un corpo splendido, richiedono una combinazione di metodi. Una dieta corretta \u00e8 la prima nella lista delle componenti essenziali necessari per il corpo. In secondo luogo, assicurarsi sempre di <strong>acquistare e utilizzare steroidi legali online<\/strong> non solo per evitare il conflitto con la legge, ma la cosa pi\u00f9 importante, per evitare complicazioni di salute.<\/em><br \/>\n<span style=\"font-weight: bold;\">GetAnabolics.Biz<\/span> \u00e8 la online steroidi fornitore appositamente creato e dedicato a fornire a ciascun atleta bodybuilder con i migliori steroidi anabolizzanti a prezzi scontati. Abbiamo scelto marchi pi\u00f9 affidabili di collaborare con, al fine di garantire la sicurezza, la vera e top-notch steroidi per i nostri clienti.<br \/>\n<em>Spedizione steroidi molto in sicurezza \u00e8 la preoccupazione principale per la consegna di steroidi in tutto il mondo. La nostra spedizione discreta garantisce che nessun altro sa che si acquista steroidi on-line.<\/em><\/p>\n<h2>Pi\u00f9 Masteron 100 Dragon Pharma Informazioni<\/h2>\n<p><b>flaconcino da 10 ml, ogni 1 ml contiene 100 mg di Drostanolone Propionato<\/b><\/p>\n<p><strong>Nome farmaceutico: drostanolone propionato<\/strong><br \/>\n<strong> Struttura chimica: 2 alfa-metil-17-beta-idrossi-5-alfa-androstan-3-one<\/strong><br \/>\n<strong> Peso molecolare di base e di ester: 360.5356<\/strong><br \/>\n<strong> Anabolizzanti\/Androgenico Rapporto: 62\/25<\/strong><br \/>\n<strong> Vita attiva: 2-3 giorni<\/strong><\/p>\n<p>La maggior parte delle persone che sono interessati a utilizzare il composto drostanolone sono quelli che stanno cercando di aggiungere durezza muscolare e la densit\u00e0 per il loro fisico, quasi sempre con lo scopo di gare di bodybuilding. Il farmaco \u00e8 considerato l&#8217;ideale per questo per numerosi motivi.<\/p>\n<p>Drostanolone, 5-alfa ridotto, non pu\u00f2 formare estrogeni sull&#8217;interazione con l&#8217;enzima aromatasi, ma mostra ancora una affinit\u00e0 molto elevata. Perch\u00e9 ci vuole cos\u00ec tanto dell&#8217;enzima aromatasi, ma \u00e8 astenuta dall&#8217;utilizzo da parte strutturale, make-up, riduce la quantit\u00e0 di estrogeni formata da altri steroidi come bene, perch\u00e9 ci sono meno enzimi aromatasi per essere utilizzato da quei composti per formare gli estrogeni (1). Tuttavia, la maggior parte troveranno che drostanolone \u00e8 troppo costoso per la usano solo per questo motivo, soprattutto quando i composti come il Proviron sono disponibili per lo stesso scopo a costi molto pi\u00f9 bassi.<\/p>\n<p><em>Drostanolone pu\u00f2 aumentare la durezza muscolare e la densit\u00e0, che d\u00e0 all&#8217;individuo una pi\u00f9 completa l&#8217;aspetto concorrenti sul palco. Questo \u00e8 un effetto che un sacco di pura androgeni esporr\u00e0. Ma con tutto il necessario gi\u00e0 piuttosto bassa di grasso corporeo livello per prendere pieno effetto. Se questo \u00e8 fatto, drostanolone pu\u00f2 promuovere una maggiore forza, mentre grasso corporeo mantenendo la stessa o addirittura riducendo, qualcosa che pu\u00f2 aiutare a prevenire la perdita di massa muscolare durante la dieta. Questo pu\u00f2 anche consentire di atleti di forza o di quegli atleti nelle attivit\u00e0 sportive che hanno classi di peso per aumentare la prestazione, senza il rischio di essere cresciuto in una classe di peso superiore o aggiungere massa che possono ostacolare le prestazioni.<\/em><\/p>\n<p><b>Utilizzo\/Dosaggio<\/b><\/p>\n<p>Drostanolone \u00e8 principalmente considerato un farmaco pre-contest per i bodybuilder. Per i suoi effetti, per essere pienamente realizzato un utente deve essere molto bassa la percentuale di grasso corporeo. Se un utente non \u00e8, il muscolo &#8220;indurimento&#8221; effetto che molti prestare attenzione quando si utilizza il composto non sar\u00e0 realizzato. Questo, insieme al fatto che i guadagni di massa \u00e8 improbabile che il drostanolone, dovrebbe essere una cautela in soggetti che potrebbero essere delusi con i loro risultati, a meno che essi sono ben condizionata.<\/p>\n<p>Come notato in precedenza, \u00e8 stato suggerito che gli atleti di resistenza o di competizione, gli atleti possono beneficiare di drostanolone come si pu\u00f2 migliorare la forza, pur non aggiungendo molto di massa o peso per l&#8217;utente. Tuttavia, ci sono innumerevoli altri composti pi\u00f9 efficaci e adeguati per tali scopi che l&#8217;uso di drostanolone sarebbe apparentemente inutili per raggiungere tali obiettivi.<\/p>\n<p>Dal momento che l&#8217;estere propionato viene quasi sempre utilizzato con drostanolone \u00e8 necessario per gli utenti di amministrare il composto ogni giorno, o almeno ogni altro giorno per mantenere stabili livelli ematici del farmaco. La maggior parte degli utenti potranno fare bene il composto utilizzando dosi che vanno da 50-100 mg ogni giorno o ogni altro giorno, per un totale di 300-500 mg \/ settimana. Gli utenti pi\u00f9 esperti del farmaco pu\u00f2 eseguire dosi elevate, ma poich\u00e9 il composto deve essere impilato con altri per massimizzare l&#8217;efficacia, grandi dosi sono per la maggior parte non \u00e8 richiesto.<\/p>\n<blockquote><p><b>Rischi\/Effetti Collaterali<\/b><\/p>\n<p>Aromatizzazione non \u00e8 un problema di drostanolone, come discusso in precedenza. Pertanto, la ritenzione idrica e ginecomastia non sono un problema con questo composto, e come ha dichiarato infatti espone anti-estrogenica capacit\u00e0 di essere in grado di competere con altri substrati durante il tentativo di associare a aromatasi(2). Cos\u00ec, si mostra molto poco in modo di essere hepatoxic e pu\u00f2 essere eseguito per lunghi cicli senza danni al fegato probabile che si verifichi.<\/p><\/blockquote>\n<p>In termini di effetti collaterali negativi, l&#8217;unica vera preoccupazione sarebbe da androgeni propriet\u00e0 del diidrotestosterone. Cose come la pelle grassa, acne, corpo\/viso crescita dei capelli e perdita di capelli, se inclini alla calvizile maschio del modello. Drostanolone \u00e8 una forma sintetica di DHT, quindi Proscar non avrebbe alcun impatto sul livello di effetti androgeni (1,3). Gli individui con una linea sottile retrocedere e\/o di coloro che sono predisposti alla calvizie maschile pu\u00f2, se necessario, per evitare questo composto, come \u00e8 probabile che sar\u00e0 semplicemente aggravare la condizione ulteriore. Come dovrebbe essere, cos\u00ec, gli utenti spesso aneddoto riferito che il composto pu\u00f2 esasperare esistenti condizioni mediche riguardanti la prostata, o causare la prostata complicazioni in coloro che hanno sofferto nessuno prima (3).<\/p>\n<p>Ci sono resoconti che alcune donne hanno sperimentato con il composto. Tuttavia, a causa degli effetti virilizzanti che senza dubbio si verifica con un composto come drostanolone non \u00e8 consigliabile che questo essere tentata. I soliti effetti collaterali irreversibili come corpo la crescita dei capelli, abbassamento della voce e altri tali sintomi sono suscettibili di apparire piuttosto rapidamente se l&#8217;uso del farmaco \u00e8 continuato anche durante una breve base da femmine.<\/p>\n<h3>Leggi di pi\u00f9<\/h3>\n<p><a href=\"http:\/\/getanabolics.biz\/it\/acquistare-dianabol-online-su-getanabolics-biz\/\">ACQUISTA DIANABOL ONLINE SU GETANABOLICS.BIZ<\/a><\/p>\n<p><a href=\"http:\/\/getanabolics.biz\/it\/winstrol-che-cosa-e-e-per-che-cosa-e\/\">WINSTROL, CHE COS&#8217;\u00c8 E PER COSA SERVE?<\/a><\/p>\n<p><a href=\"http:\/\/getanabolics.biz\/it\/recensioni-cytomel-t3-su-getanabolics-biz\/\">CYTOMEL T3 RECENSIONI SU GETANABOLICS.BIZ<\/a><\/p>\n<p><a href=\"http:\/\/getanabolics.biz\/it\/pausa-tra-steroidi-e-pct\/\">PAUSA TRA CORSI STEROIDI E PCT<\/a><\/p>\n<p><a href=\"http:\/\/getanabolics.biz\/it\/quanto-e-efficace-il-ponte-steroideo\/\">QUANTO EFFICACE \u00c8 IL PONTE STEROID?<\/a><\/p>\n","protected":false},"excerpt":{"rendered":"<p>Pacchetto: Flaconcino da 10 ml, ogni 1 ml contiene 100 mg di Drostanolone Propionato<br \/>Produttore: Dragon Pharma<br \/>Marca: Masteron 100<br \/>Conosciuto anche come: Masteron 100<\/p>\n","protected":false},"featured_media":456,"comment_status":"open","ping_status":"closed","template":"","meta":[],"product_cat":[106],"product_tag":[69],"_links":{"self":[{"href":"https:\/\/getanabolics.biz\/it\/wp-json\/wp\/v2\/product\/838"}],"collection":[{"href":"https:\/\/getanabolics.biz\/it\/wp-json\/wp\/v2\/product"}],"about":[{"href":"https:\/\/getanabolics.biz\/it\/wp-json\/wp\/v2\/types\/product"}],"replies":[{"embeddable":true,"href":"https:\/\/getanabolics.biz\/it\/wp-json\/wp\/v2\/comments?post=838"}],"wp:featuredmedia":[{"embeddable":true,"href":"https:\/\/getanabolics.biz\/it\/wp-json\/wp\/v2\/media\/456"}],"wp:attachment":[{"href":"https:\/\/getanabolics.biz\/it\/wp-json\/wp\/v2\/media?parent=838"}],"wp:term":[{"taxonomy":"product_cat","embeddable":true,"href":"https:\/\/getanabolics.biz\/it\/wp-json\/wp\/v2\/product_cat?post=838"},{"taxonomy":"product_tag","embeddable":true,"href":"https:\/\/getanabolics.biz\/it\/wp-json\/wp\/v2\/product_tag?post=838"}],"curies":[{"name":"wp","href":"https:\/\/api.w.org\/{rel}","templated":true}]}}