{"id":835,"date":"2017-04-27T10:32:35","date_gmt":"2017-04-27T11:12:19","guid":{"rendered":"http:\/\/getanabolics.biz\/product\/hcg-10000-1-flacone-di-10000-ui-di-hcg\/"},"modified":"2018-01-19T08:33:27","modified_gmt":"2018-01-19T08:33:27","slug":"hcg-10000-1-vial-of-10000-iu-hcg","status":"publish","type":"product","link":"https:\/\/getanabolics.biz\/it\/prodotto\/hcg-10000-1-vial-of-10000-iu-hcg\/","title":{"rendered":"HCG 10000 &#8211; Bharat serums"},"content":{"rendered":"<h2>Comprare HCG 10000 &#8211; Bharat serums (HCG 10000IU)<\/h2>\n<p><a title=\"Comprare HCG 10000 al GetAnabolics\"><img src=\"http:\/\/getanabolics.biz\/images\/hcg5000.jpg\" alt=\"HCG 10000IU\" width=\"30%\" align=\"right\" \/><\/a><br \/>\nPer chi \u00e8 alla ricerca di HCG 10000 e chiedendo dove acquistare HCG 10000 dal Bharat serums fatta offriamo HCG 10000IU come la scelta migliore per i veri bodybuilder.<br \/>\nDa oggi una <strong>grande variet\u00e0 di steroidi iniettabili cos\u00ec come gli steroidi per via orale e ciclo di terapia post<\/strong> dal Bharat serums possono essere acquistati in GetAnabolics. Siamo lieti di presentarvi il nuovo HCG 10000 da <span style=\"font-weight: bold;\">Bharat serums<\/span>.<br \/>\n<em>Tutti i prodotti che offriamo sono di autentico, di alta qualit\u00e0 composti e hanno un unico obiettivo: aiutare le persone a ottenere la massa muscolare, la forza complessiva, per bruciare i grassi, e di aiutarli nel cammino di perfezione fisica. Per creare un costruttivo e civile connessione con i nostri clienti, noi faremo il massimo sforzo per garantire un servizio di alta qualit\u00e0 e approccio di ogni persona che indirizzo il nostro negozio con cortesia e rispetto.<\/em><br \/>\nLa costruzione e il mantenimento di un corpo splendido, richiedono una combinazione di metodi. Una dieta corretta \u00e8 la prima nella lista delle componenti essenziali necessari per il corpo. In secondo luogo, assicurarsi sempre di <strong>acquistare e utilizzare steroidi legali online<\/strong> non solo per evitare il conflitto con la legge, ma la cosa pi\u00f9 importante, per evitare complicazioni di salute.<br \/>\n<em><span style=\"font-weight: bold;\">GetAnabolics.Biz<\/span> \u00e8 la online steroidi fornitore appositamente creato e dedicato a fornire a ciascun atleta bodybuilder con i migliori steroidi anabolizzanti a prezzi scontati. Abbiamo scelto marchi pi\u00f9 affidabili di collaborare con, al fine di garantire la sicurezza, la vera e top-notch steroidi per i nostri clienti.<\/em><br \/>\nSpedizione steroidi molto in sicurezza \u00e8 la preoccupazione principale per la consegna di steroidi in tutto il mondo. La nostra spedizione discreta garantisce che nessun altro sa che si acquista steroidi on-line.<\/p>\n<h2>Pi\u00f9 HCG 10000 Bharat serums Informazioni<\/h2>\n<p><b>1 flacone di 10000 UI di HCG (senza soluzione di acqua inclusa)<\/b><\/p>\n<p><strong>HCG non \u00e8 un anabolizzanti\/androgeni steroidi, ma una proteina naturale ormone che si sviluppa nella placenta di una donna incinta. HCG \u00e8 prodotto dalle urine di donne in gravidanza in quanto viene escreto in forma immodificata dal sangue attraverso la donna&#8217;s urina, passando attraverso i reni. Disponibili in commercio di HCG viene venduto come sostanza secca e pu\u00f2 essere utilizzato sia in uomini e donne. nelle donne iniettabile HCG consente l&#8217;ovulazione in quanto influenza le ultime fasi di sviluppo di un ovulo, e quindi stimolare l&#8217;ovulazione. Negli uomini, HCG stimola la produzione di ormoni androgeni (testosterone). Per questo motivo gli atleti l&#8217;uso iniettabile HCG per aumentare la produzione di testosterone. HCG \u00e8 spesso usato in combinazione con steroidi anabolizzanti\/androgeni durante o dopo il trattamento.<\/strong><\/p>\n<p>Dal momento che il corpo di solito ha bisogno di una certa quantit\u00e0 di tempo per ottenere la sua produzione di testosterone andando di nuovo, l&#8217;atleta, dopo l&#8217;interruzione di steroidi composti, vive una difficile fase di transizione che va spesso di pari passo con una considerevole perdita di forza e massa muscolare. La somministrazione di HCG direttamente dopo il trattamento con steroidi, aiuta a ridurre questa condizione a causa di HCG aumenta la produzione di testosterone nei testicoli molto rapidamente e in modo affidabile. In caso di atrofia testicolare causato da mega dosi e per lunghi periodi di utilizzo, HCG aiuta anche a portare rapidamente i testicoli di nuovo al loro stato originale (dimensioni). Dal occasionali iniezioni di HCG durante l&#8217;assunzione di steroidi pu\u00f2 evitare l&#8217;atrofia testicolare, molti atleti l&#8217;uso di HCG per due o tre settimane al centro del loro trattamento steroideo. Si \u00e8 spesso osservato che durante questo periodo l&#8217;atleta fa del suo meglio in progresso rispetto ai guadagni in forza e massa muscolare. Coloro che sono il succo di tutto l&#8217;anno, che potrebbero subire conseguenze psicologiche o che forse rischio la rottura di una relazione, perch\u00e9 di questo si dovrebbe considerare questo inconveniente durante l&#8217;assunzione di HCG in intervalli regolari. Una riduzione della libido e della spermatogenesi a causa di steroidi, nella maggior parte dei casi, pu\u00f2 essere curata con successo da un trattamento con HCG.<\/p>\n<p><em>La maggior parte degli atleti, tuttavia, l&#8217;uso di HCG alla fine di un trattamento per evitare un &#8220;crash&#8221;, che \u00e8, per ottenere la migliore transizione in &#8220;naturale formazione.&#8221; A condizione, tuttavia, \u00e8 che l&#8217;assunzione di steroidi o il dosaggio ridotto lentamente e in modo uniforme prima di prendere HCG. Anche se HCG provoca un rapido e significativo aumento del endogena di testosterone nel plasma livello, purtroppo, non \u00e8 un rimedio perfetto per prevenire la perdita di forza e di massa, al termine di un trattamento con steroidi. Anche se HCG stimola la produzione endogena di testosterone, non aiuta a ristabilire il normale asse ipotalamo\/ipofisi testicolare. L&#8217;ipotalamo e l&#8217;ipofisi sono ancora in uno stato refrattario dopo prolungato uso di steroidi e rimanere in questo modo, mentre HCG viene utilizzato perch\u00e9 il testosterone endogeno prodotta come risultato di esogeno HCG reprime l&#8217;LH endogeno di produzione. Una volta che l&#8217;HCG \u00e8 interrotto, l&#8217;atleta deve comunque passare attraverso una ri-regolazione del periodo. Questo \u00e8 solo ritardato di HCG uso.&#8221; Per questo motivo gli atleti pi\u00f9 esperti spesso prendere <a href=\"http:\/\/getanabolics.biz\/it\/prodotto\/clomid-10-compresse-contiene-50-mg-di-citrato-di-clomifene\/\">Clomid <\/a>e <a href=\"http:\/\/getanabolics.biz\/it\/prodotto\/clenbuterol-40-100-tabs-each-40-mcg-clenbuterol-hydrochloride\/\">Clenbuterolo <\/a>a seguito di assunzione di HCG o iniziare immediatamente un trattamento con steroidi. Alcuni prendere HCG solo per scendere il &#8220;steroidi&#8221; per almeno due o tre settimane.<\/em><\/p>\n<p>HCG pacchetto inserti chiaramente che HCG &#8220;non ha nessun effetto noto di mobilitazione dei grassi, l&#8217;appetito o il senso di fame, o la distribuzione del grasso corporeo.&#8221; \u00c8 inoltre afferma che, &#8220;HCG non ha dimostrato di essere efficace terapia aggiuntiva nel trattamento dell&#8217;obesit\u00e0, non aumentare il grasso perdite al di l\u00e0 di quello risultante dalla restrizione calorica. 6000 I. U. di HCG in una singola iniezione portato elevati livelli di testosterone per sei giorni dopo l&#8217;iniezione. Al dosaggio di 1500 I. U. il pharma livello di testosterone aumenta di 250-300% (2.5-3fold) rispetto al valore iniziale. L&#8217;atleta dovrebbe iniettare una HCG fiala ogni 5 giorni. Dal momento che il livello di testosterone resta molto elevata, per diversi giorni, non \u00e8 necessario iniettare HCG pi\u00f9 di una volta ogni 5 giorni. La dose efficace per gli atleti \u00e8 di solito 2000-5000 I. U. per iniezione e dovrebbe, come gi\u00e0 accennato essere iniettato ogni 5 giorni. HCG dovrebbe essere presa solo per un paio di settimane. Se HCG \u00e8 preso da atleti di sesso maschile nel corso di molte settimane e in dosi elevate, \u00e8 possibile che i testicoli si rispondere male ad una successiva assunzione di HCG e un rilascio del corpo&#8217;s proprio LH. Questo potrebbe tradursi in una permanente inadeguata funzione gonadica.<\/p>\n<p>HCG in parte possono causare effetti indesiderati simili a quelli di testosterone iniettabile. Una maggiore produzione di testosterone, inoltre, va di pari passo con un elevato livello di estrogeni, che potrebbe causare ginecomastia. Questo potrebbe manifestarsi in una temporanea crescita del seno o rafforzare una gi\u00e0 esistente, la crescita del seno negli uomini. Lungimirante atleti cos\u00ec combinare HCG con un antiestrogeno.<a href=\"http:\/\/getanabolics.biz\/it\/winstrol-che-cosa-e-e-per-che-cosa-e\/\"> Atleti maschi, anche in relazione <\/a>erezioni pi\u00f9 frequenti e un aumento del desiderio sessuale. In dosi elevate, pu\u00f2 causare l&#8217;acne vulgaris e la memorizzazione di minerali e acqua. L&#8217;ultimo punto deve soprattutto essere osservato dal momento che la ritenzione idrica che \u00e8 possibile attraverso l&#8217;uso di HCG potrebbe dare al sistema muscolare di una gonfi e aspetto acquoso. Gli atleti che hanno gi\u00e0 aumentato il loro livello di testosterone endogeno prendendo Clomid e l&#8217;intenzione in seguito di prendere HCG potrebbe avere una notevole ritenzione idrica e distinti sintomi di femminilizzazione (ginecomastia, la tendenza verso i depositi di grasso sui fianchi). Questo \u00e8 dovuto al fatto che il testosterone alto porta ad un alto tasso di conversione in estrogeni. In molto giovani atleti HCG, come gli steroidi anabolizzanti possono causare un precoce arresto della crescita in quanto prematuramente chiude la epifisaria placche di crescita. Sbalzi d&#8217;umore e l&#8217;alta pressione sanguigna pu\u00f2 essere attribuito, per l&#8217;assunzione di HCG.<\/p>\n<p>HCG&#8217;s modulo di amministrazione \u00e8 anche insolito. La sostanza coriongonadotropina \u00e8 una polverosa bianca liofilizzato che di solito \u00e8 usato come impacco. Iniezione contenente soluzione isotonica di cloruro di sodio viene iniettato nel HCG fiala e mescolato con la sostanza essiccata. La soluzione \u00e8 quindi pronto per l&#8217;uso e deve essere iniettato per via intramuscolare. Se solo una parte di sostanza viene iniettata la soluzione residua deve essere conservato in frigorifero. Non \u00e8 necessario conservare il unmixed HCG in frigorifero; tuttavia, esso deve essere tenuto fuori dalla luce e al di sotto di una temperatura di 25* C.<\/p>\n<h3>Leggi di pi\u00f9<\/h3>\n<p><a href=\"http:\/\/getanabolics.biz\/it\/growth-hormone-hgh-fatti-piu-importanti\/\">HORMONE DELLA CRESCITA HGH &#8211; I FATTI PI\u00d9 IMPORTANTI<\/a><\/p>\n<p><a href=\"http:\/\/getanabolics.biz\/it\/winstrol-che-cosa-e-e-per-che-cosa-e\/\">WINSTROL, CHE COS&#8217;\u00c8 E PER COSA SERVE?<\/a><\/p>\n<p><a href=\"http:\/\/getanabolics.biz\/it\/posso-risparmiare-peso-dopo-un-corso-di-steroidi\/\">POSSO SALVARE IL PESO DOPO UN CORSO DI STEROIDO?<\/a><\/p>\n<p><a href=\"http:\/\/getanabolics.biz\/it\/pausa-tra-steroidi-e-pct\/\">PAUSA TRA CORSI STEROIDI E PCT<\/a><\/p>\n<p><a href=\"http:\/\/getanabolics.biz\/it\/bodybuilding-e-steroidi\/\">BODYBUILDING E STEROIDI<\/a><\/p>\n","protected":false},"excerpt":{"rendered":"<p>Pacchetto: 1 flacone di 10000 UI di HCG<br \/>Produttore: Bharat serums<br \/>Marca: HCG 10000<br \/>Conosciuto anche come: HCG 10000IU<\/p>\n","protected":false},"featured_media":426,"comment_status":"open","ping_status":"closed","template":"","meta":[],"product_cat":[91,94],"product_tag":[66],"_links":{"self":[{"href":"https:\/\/getanabolics.biz\/it\/wp-json\/wp\/v2\/product\/835"}],"collection":[{"href":"https:\/\/getanabolics.biz\/it\/wp-json\/wp\/v2\/product"}],"about":[{"href":"https:\/\/getanabolics.biz\/it\/wp-json\/wp\/v2\/types\/product"}],"replies":[{"embeddable":true,"href":"https:\/\/getanabolics.biz\/it\/wp-json\/wp\/v2\/comments?post=835"}],"wp:featuredmedia":[{"embeddable":true,"href":"https:\/\/getanabolics.biz\/it\/wp-json\/wp\/v2\/media\/426"}],"wp:attachment":[{"href":"https:\/\/getanabolics.biz\/it\/wp-json\/wp\/v2\/media?parent=835"}],"wp:term":[{"taxonomy":"product_cat","embeddable":true,"href":"https:\/\/getanabolics.biz\/it\/wp-json\/wp\/v2\/product_cat?post=835"},{"taxonomy":"product_tag","embeddable":true,"href":"https:\/\/getanabolics.biz\/it\/wp-json\/wp\/v2\/product_tag?post=835"}],"curies":[{"name":"wp","href":"https:\/\/api.w.org\/{rel}","templated":true}]}}