{"id":832,"date":"2017-04-27T10:32:35","date_gmt":"2017-04-27T11:12:19","guid":{"rendered":"http:\/\/getanabolics.biz\/product\/trenbolone-acetate-flaconcino-da-10-ml-contiene-1000mg-100mgml-acetato-di-trenbolone\/"},"modified":"2018-01-19T09:26:02","modified_gmt":"2018-01-19T09:26:02","slug":"trenbolone-acetate-flaconcino-da-10-ml-contiene-1000mg-100mgml-acetato-di-trenbolone","status":"publish","type":"product","link":"https:\/\/getanabolics.biz\/it\/prodotto\/trenbolone-acetate-flaconcino-da-10-ml-contiene-1000mg-100mgml-acetato-di-trenbolone\/","title":{"rendered":"Trenbolone Acetate &#8211; Alpha-Pharma"},"content":{"rendered":"<h2>Comprare Trenbolone Acetate &#8211; Alpha-Pharma (Trenarapid)<\/h2>\n<p><a title=\"Comprare Trenbolone Acetate al GetAnabolics\"><img src=\"http:\/\/getanabolics.biz\/images\/trena-rapid.jpg\" alt=\"Trenarapid\" width=\"30%\" align=\"right\" \/><\/a><br \/>\nPer chi \u00e8 alla ricerca di Trenbolone Acetate e chiedendo dove acquistare Trenbolone Acetate dal Alpha-Pharma fatta offriamo Trenarapid come la scelta migliore per i veri bodybuilder.<br \/>\nDa oggi una <strong>grande variet\u00e0 di steroidi iniettabili cos\u00ec come gli steroidi per via orale e ciclo di terapia post<\/strong> dal Alpha-Pharma possono essere acquistati in GetAnabolics. Siamo lieti di presentarvi il nuovo Trenbolone Acetate da <span style=\"font-weight: bold;\">Alpha-Pharma<\/span>.<br \/>\n<em>Tutti i prodotti che offriamo sono di autentico, di alta qualit\u00e0 composti e hanno un unico obiettivo: aiutare le persone a ottenere la massa muscolare, la forza complessiva, per bruciare i grassi, e di aiutarli nel cammino di perfezione fisica. Per creare un costruttivo e civile connessione con i nostri clienti, noi faremo il massimo sforzo per garantire un servizio di alta qualit\u00e0 e approccio di ogni persona che indirizzo il nostro negozio con cortesia e rispetto.<\/em><br \/>\nLa costruzione e il mantenimento di un corpo splendido, richiedono una combinazione di metodi. Una dieta corretta \u00e8 la prima nella lista delle componenti essenziali necessari per il corpo. In secondo luogo, assicurarsi sempre di <strong>acquistare e utilizzare steroidi legali online<\/strong> non solo per evitare il conflitto con la legge, ma la cosa pi\u00f9 importante, per evitare complicazioni di salute.<br \/>\n<em><span style=\"font-weight: bold;\">GetAnabolics.Biz<\/span> \u00e8 la online steroidi fornitore appositamente creato e dedicato a fornire a ciascun atleta bodybuilder con i migliori steroidi anabolizzanti a prezzi scontati. Abbiamo scelto marchi pi\u00f9 affidabili di collaborare con, al fine di garantire la sicurezza, la vera e top-notch steroidi per i nostri clienti.<\/em><br \/>\nSpedizione steroidi molto in sicurezza \u00e8 la preoccupazione principale per la consegna di steroidi in tutto il mondo. La nostra spedizione discreta garantisce che nessun altro sa che si acquista steroidi on-line.<\/p>\n<h2>Pi\u00f9 Trenbolone Acetate Alpha-Pharma Informazioni<\/h2>\n<p><b>flaconcino da 10 ml contiene 1000mg (100mg\/ml) Acetato di Trenbolone<\/b><\/p>\n<p><u>Segnalato Caratteristiche<\/u><br \/>\n<strong>Attivo-Life: Circa 2 giorni<\/strong><br \/>\n<strong> Classe di droga: Anabolizzanti\/Androgeni Steroidi (per iniezione)<\/strong><br \/>\n<strong> Media Riportata Dosaggio: Uomini 75 mg ogni giorno o due giorni<\/strong><br \/>\n<strong> Acne: S\u00ec, soprattutto a dosaggi pi\u00f9 alti.<\/strong><br \/>\n<strong> Ritenzione idrica: No<\/strong><br \/>\n<strong> Alta Pressione Sanguigna: S\u00ec<\/strong><br \/>\n<strong> Aromatizzazione: No<\/strong><br \/>\n<strong> Fegato Tossico: S\u00ec,discutibile<\/strong><br \/>\n<strong> Conversione DHT: No<\/strong><br \/>\n<strong> Diminuzione HPTA funzione: S\u00ec, da moderato a estremo<\/strong><\/p>\n<p><strong>Trenbolone \u00e8 un androgeno molto potente con una forte<\/strong> attivit\u00e0 di anabolizzanti. \u00c8 adatto per il rapido accumulo di forza e di massa muscolare, di solito l&#8217;utente fornendo risultati eccezionali in un periodo di tempo relativamente breve. L&#8217;effetto anabolico di questo farmaco \u00e8 spesso paragonata ad agenti popolari come il testosterone o Dianabol, ma con una differenza molto importante. Trenbolone non si converte in estrogeni. Questo \u00e8 davvero un composto molto particolare in quanto la droga di massa, quasi come una regola, si aromatizza (estrogeni o causare altri problemi connessi) pesantemente. Quando si pensa di prendere pi\u00f9 lievi (per quanto riguarda gli estrogeni), steroidi di solito si aspetta la crescita muscolare molto pi\u00f9 debole, ma non \u00e8 cos\u00ec Trenbolone. Qui non ci si deve preoccupare di estrogeni effetti collaterali, eppure hanno una massa estremamente potente\/droga forza. Non c&#8217;\u00e8 notevole ritenzione idrica, per cui la massa acquisita nel corso di un ciclo di <strong>Trenbolone<\/strong> sar\u00e0 molto duro e definito (che fornisce i livelli di grasso sono abbastanza bassi). Ginecomastia non \u00e8 molto pi\u00f9 di una preoccupazione, quindi non ci dovrebbe essere alcun bisogno di aggiunta di un anti-estrogeno, se trenbolone \u00e8 il solo steroide somministrato.<\/p>\n<p>L&#8217;elevato livello di androgeni derivanti da questo steroide, in assenza di un eccesso di estrogeni, pu\u00f2 anche accelerare la combustione del grasso corporeo. Il risultato dovrebbe essere un fisico molto pi\u00f9 rigorosa, si spera, senza la necessit\u00e0 di una dieta estrema. Trenbolone pu\u00f2 quindi contribuire a realizzare un incredibilmente duro, fisico strappato ed \u00e8 un prodotto ideale per culturisti competitivi.<\/p>\n<p><em>Trenbolone \u00e8 notevolmente pi\u00f9 potente del testosterone, e ha un effetto che \u00e8 tre volte pi\u00f9 forte su una base milligrammo per milligrammo. Allo stesso modo possiamo aspettarci di vedere un certo livello di androgeni effetti collaterali con l&#8217;uso di questo composto. La pelle grassa, comportamento aggressivo, l&#8217;acne e perdita di capelli, pertanto, non \u00e8 raro che durante un ciclo con questo steroide. La natura androgena di questo farmaco, naturalmente, lo rende un elemento molto rischioso per le donne da usare, la possibilit\u00e0 di virilizzazione sintomi estremamente elevata, con un potente androgeno.<\/em><\/p>\n<blockquote><p><strong>Trenbolone<\/strong> \u00e8 anche molto pi\u00f9 potente del testosterone a sopprimere la produzione endogena di androgeni. Questo rende evidente il fatto che gli estrogeni non \u00e8 l&#8217;unico colpevole, con l&#8217;inibizione di feedback negativo, in quanto qui non c&#8217;\u00e8 nessun accumulo di questo ormone a riferire qui. Ci sono tuttavia alcune attivit\u00e0 come un progestinico inerente a questo composto, come trenbolone \u00e8 un 19-nortestosterone (nandrolone) derivato (un tratto caratteristico di questi composti). Tuttavia sembra probabile che gran parte della sua natura soppressiva deriva ancora dalla sua potente azione degli androgeni. Con il forte impatto trenbolone \u00e8 il testosterone endogeno, naturalmente l&#8217;uso di un farmaco stimolante come <strong>HCG<\/strong> e\/o <strong>Clomid<\/strong>\/<strong>Nolvadex<\/strong> \u00e8 consigliato quando la conclusione della terapia steroidea (combinazione \u00e8 preferito). Senza il loro uso si pu\u00f2 prendere un periodo prolungato di tempo, per l&#8217;equilibrio ormonale per riprendere, come i testicoli non pu\u00f2 in primo luogo essere in grado di rispondere normalmente alla ripresa uscita di gonadotropine endogene a causa di uno stato atrofizzato. Coloro che hanno usato regolarmente Trenbolone spesso pretendiamo di essere indispensabile. Un dosaggio giornaliero di 37,5-75 mg \u00e8 la serie pi\u00f9 popolare durante l&#8217;esecuzione di un ciclo. Mentre Trenbolone \u00e8 molto potente se usato da solo, \u00e8 stato generalmente combinato con altri steroidi per un effetto ancora maggiore. Durante una fase di taglio, si potrebbe aggiungere un non-aromatizzare anabolizzanti come il <a href=\"http:\/\/getanabolics.biz\/it\/prodotto\/winstrol-tabs-10-acquistare-pillole-winstrol-50-schede-ciascuna-contiene-10-mg-di-stanozolol\/\">Winstrol <\/a>o <strong>Primobolan<\/strong>. Tali combinazioni di suscitare un maggiore livello di densit\u00e0 e la durezza del muscolo. Si potrebbe anche rinfusa con questa droga, con l&#8217;aggiunta di composti pi\u00f9 forte, come Dianabol o Testosterone. Mentre il guadagno di massa sarebbe abbastanza formidabile con una pila, un certo grado di ritenzione idrica sarebbe probabilmente anche lo accompagnano. Moderatamente efficaci anabolizzanti quali <a href=\"http:\/\/getanabolics.biz\/it\/prodotto\/deca-100-10x1ml-ampoules-each-has-100-mg-total-1000-mg-nandrolone-decaonate\/\">Deca-Durabolin<\/a> o <a href=\"http:\/\/getanabolics.biz\/it\/prodotto\/boldenone-250-1-flacone-da-10-ml-1-ml-contiene-250-mg-di-boldenone\/\">Equipoise <\/a>sarebbe un po &#8216; un punto a met\u00e0 strada, fornendo ulteriore forza e di massa, ma senza lo stesso livello di acqua bloat vediamo con gli steroidi pi\u00f9 facilmente aromatizzati.<\/p><\/blockquote>\n<h3>Leggi di pi\u00f9<\/h3>\n<p><a href=\"http:\/\/getanabolics.biz\/it\/ottimi-risultati-del-miglior-trenbolone-acetato\/\">GRANDI RISULTATI DAL MIGLIOR ACETATO DI TRENBOLONE<\/a><\/p>\n<p><a href=\"http:\/\/getanabolics.biz\/it\/tutto-quello-che-ce-da-sapere-sul-anadrol\/\">TUTTO QUELLO CHE DEVI SAPERE SU ANADROL<\/a><\/p>\n<p><a href=\"http:\/\/getanabolics.biz\/it\/leffetto-degli-steroidi-sulla-pelle-umana\/\">L&#8217;EFFETTO DELLA STEROIDI SULLA PELLE UMANA<\/a><\/p>\n<p><a href=\"http:\/\/getanabolics.biz\/it\/raccogli-una-massa-secca-senza-effetti-collaterali\/\">RACCOGLI UNA MASSA ASCIUTTA SENZA EFFETTI COLLATERALI<\/a><\/p>\n<p><a href=\"http:\/\/getanabolics.biz\/it\/quale-dovrebbe-essere-la-durata-del-corso-degli-steroidi\/\">COSA DEVE ESSERE LA DURATA DEL CORSO DI STEROIDI?<\/a><\/p>\n","protected":false},"excerpt":{"rendered":"<p>Pacchetto: Flaconcino da 10 ml contiene 1000mg (100mg\/ml) Acetato di Trenbolone<br \/>Produttore: Alpha-Pharma<br \/>Marca: Trenbolone Acetate<br \/>Conosciuto anche come: Trenarapid<\/p>\n","protected":false},"featured_media":408,"comment_status":"open","ping_status":"closed","template":"","meta":[],"product_cat":[106,119],"product_tag":[64],"_links":{"self":[{"href":"https:\/\/getanabolics.biz\/it\/wp-json\/wp\/v2\/product\/832"}],"collection":[{"href":"https:\/\/getanabolics.biz\/it\/wp-json\/wp\/v2\/product"}],"about":[{"href":"https:\/\/getanabolics.biz\/it\/wp-json\/wp\/v2\/types\/product"}],"replies":[{"embeddable":true,"href":"https:\/\/getanabolics.biz\/it\/wp-json\/wp\/v2\/comments?post=832"}],"wp:featuredmedia":[{"embeddable":true,"href":"https:\/\/getanabolics.biz\/it\/wp-json\/wp\/v2\/media\/408"}],"wp:attachment":[{"href":"https:\/\/getanabolics.biz\/it\/wp-json\/wp\/v2\/media?parent=832"}],"wp:term":[{"taxonomy":"product_cat","embeddable":true,"href":"https:\/\/getanabolics.biz\/it\/wp-json\/wp\/v2\/product_cat?post=832"},{"taxonomy":"product_tag","embeddable":true,"href":"https:\/\/getanabolics.biz\/it\/wp-json\/wp\/v2\/product_tag?post=832"}],"curies":[{"name":"wp","href":"https:\/\/api.w.org\/{rel}","templated":true}]}}