{"id":831,"date":"2017-04-27T10:31:41","date_gmt":"2017-04-27T11:12:19","guid":{"rendered":"http:\/\/getanabolics.biz\/product\/parabolin-parabolan-parabolin-trenbolone-75-mg-scatola-da-5-fiale-15-ml\/"},"modified":"2018-01-19T13:59:32","modified_gmt":"2018-01-19T13:59:32","slug":"parabolin-parabolan-parabolin-trenbolone-75mg-box-of-5-ampoules-1-5ml","status":"publish","type":"product","link":"https:\/\/getanabolics.biz\/it\/prodotto\/parabolin-parabolan-parabolin-trenbolone-75mg-box-of-5-ampoules-1-5ml\/","title":{"rendered":"Parabolin (Parabolan) &#8211; Alpha Pharma"},"content":{"rendered":"<h2>Comprare Parabolin (Parabolan) &#8211; Alpha Pharma (Parabolin)<\/h2>\n<p><a title=\"Comprare Parabolin (Parabolan) al GetAnabolics\"><img src=\"http:\/\/getanabolics.biz\/images\/parabolin.jpg\" alt=\"Parabolin\" width=\"30%\" align=\"right\" \/><\/a><br \/>\nPer chi \u00e8 alla ricerca di Parabolin (Parabolan) e chiedendo dove acquistare Parabolin (Parabolan) dal Alpha Pharma fatta offriamo Parabolin come la scelta migliore per i veri bodybuilder.<br \/>\nDa oggi una <strong>grande variet\u00e0 di steroidi iniettabili cos\u00ec come gli steroidi per via orale e ciclo di terapia post<\/strong> dal Alpha Pharma possono essere acquistati in GetAnabolics. Siamo lieti di presentarvi il nuovo Parabolin (Parabolan) da <span style=\"font-weight: bold;\">Alpha Pharma<\/span>.<br \/>\nTutti i prodotti che offriamo sono di autentico, di alta qualit\u00e0 composti e hanno un unico obiettivo: aiutare le persone a ottenere la massa muscolare, la forza complessiva, per bruciare i grassi, e di aiutarli nel cammino di perfezione fisica. Per creare un costruttivo e civile connessione con i nostri clienti, noi faremo il massimo sforzo per garantire un servizio di alta qualit\u00e0 e approccio di ogni persona che indirizzo il nostro negozio con cortesia e rispetto.<br \/>\nLa costruzione e il mantenimento di un corpo splendido, richiedono una combinazione di metodi. Una dieta corretta \u00e8 la prima nella lista delle componenti essenziali necessari per il corpo. In secondo luogo, assicurarsi sempre di <strong>acquistare e utilizzare steroidi legali online<\/strong> non solo per evitare il conflitto con la legge, ma la cosa pi\u00f9 importante, per evitare complicazioni di salute.<br \/>\n<span style=\"font-weight: bold;\">GetAnabolics.Biz<\/span> \u00e8 la online steroidi fornitore appositamente creato e dedicato a fornire a ciascun atleta bodybuilder con i migliori steroidi anabolizzanti a prezzi scontati. Abbiamo scelto marchi pi\u00f9 affidabili di collaborare con, al fine di garantire la sicurezza, la vera e top-notch steroidi per i nostri clienti.<br \/>\nSpedizione steroidi molto in sicurezza \u00e8 la preoccupazione principale per la consegna di steroidi in tutto il mondo. La nostra spedizione discreta garantisce che nessun altro sa che si acquista steroidi on-line.<\/p>\n<h2>Pi\u00f9 Parabolin (Parabolan) Alpha Pharma Informazioni<\/h2>\n<h2>Parabolin (Trenbolone 75 mg) Scatola da 5 Fiale &#8211; 1,5 ml<\/h2>\n<ul>\n<li><strong>(Trenbolone Base HexaHydroBencyl Carbonato di Ester)<\/strong><\/li>\n<li><strong>[17beta-Hydroxyestra-4,9,11-trien-3-one]<\/strong><\/li>\n<li><strong>Formula: C20 H24 O3<\/strong><\/li>\n<li><strong>Peso Molecolare (base): 270.3706<\/strong><\/li>\n<li><strong>Peso Molecolare (estere):130.1864<\/strong><\/li>\n<li><strong>Formula (base): C18 H22 O2<\/strong><\/li>\n<li><strong>Punto di Fusione (base): 183-186C<\/strong><\/li>\n<li><strong>Produttore: (originariamente) Negma, Vari Laboratori Sotterranei<\/strong><\/li>\n<li><strong>Dose Efficace (Uomini): 300 500mgs\/settimana<\/strong><\/li>\n<li><strong>Dose Efficace (Donne): Non \u00e8 raccomandato<\/strong><\/li>\n<li><strong>vita Attiva: 10-14 giorni<\/strong><\/li>\n<li><strong>Half-Life: 5-7 giorni<\/strong><\/li>\n<li><strong>Tempo di Rilevamento: 4-5 settimane<\/strong><\/li>\n<li><strong>Anabolizzanti\/Androgenico rapporto: 500\/500<\/strong><\/li>\n<\/ul>\n<p>Parabolan \u00e8 utilizzata solo da utenti esperti, in quanto molto potente e resistente prodotto. Il suo principale effetto \u00e8 quello di produrre di pi\u00f9, pi\u00f9 densa e pi\u00f9 forti i muscoli, il che rende un prodotto molto popolare per gli atleti.<\/p>\n<p><em>Parabolan \u00e8 n\u00e9 colpite da aromatasi o 5-alfa-reduttasi. Questo significa che diventa n\u00e9 debole, n\u00e9 pi\u00f9 forte degli androgeni reattivo e tessuti bersaglio \u00e8 una caratteristica generalmente condiviso da DHT (DyhydroTestosterone) derivati steroidi. Dal Parabolan \u00e8, naturalmente, un Trenbolone, non \u00e8 in realt\u00e0 derivato DHT, ma piuttosto, \u00e8 derivato da 19-Nor-Testosterone. Parabolan non ha attivit\u00e0 estrogenica (si pu\u00f2 effettivamente ridurre il siero livelli di estradiolo nel corpo), \u00e8 molto forte e anabolizzanti androgeni composti (5 volte pi\u00f9 forte di testosterone in entrambe le categorie!), e si lega bene al recettore degli androgeni. In realt\u00e0, associazione &#8220;bene&#8221; per il recettore degli androgeni \u00e8 abbastanza riduttivo. Non c&#8217;\u00e8 iniettabili AAS nel nostro arsenale che si lega al recettore degli androgeni (AR) cos\u00ec come Trenbolone. Questa \u00e8 probabilmente una delle ragioni principali che Parabolan \u00e8 cos\u00ec ricercato per l&#8217;uso come un pre-agonistici agente. Recettori per gli androgeni sono trovato in cellule di grasso cos\u00ec come le cellule muscolari, (8) e tutti sappiamo che gli androgeni agiscono sull&#8217;AR in cellule muscolari, per promuovere la crescita. Androgeni anche agire direttamente sull&#8217;AR in cellule di grasso di influenzare la combustione dei grassi.(9)(6) Il pi\u00f9 forte degli androgeni lega di A. R, maggiore \u00e8 la lipolitico (brucia grassi) effetto sul adiposo (grasso) dei tessuti (9)(5). Come se quella&#8217;s non basta una buona notizia, alcuni steroidi anche aumentare il numero di A. R. nel muscolo e grasso (9)(10), che mi hanno portato a ipotizzare che questo grasso perdere un effetto amplificato con l&#8217;uso concomitante di altri composti, come il testosterone iniettabile.<\/em><\/p>\n<p>Un altro meccanismo per cui Parabolan cause muscolari l&#8217;accumulo e la perdita di grasso \u00e8 la sua capacit\u00e0 come un agente di distribuzione dei nutrienti.(7) in pratica, ci\u00f2 significa che durante l&#8217;utilizzo di Tren, pi\u00f9 del cibo che si mangia diventer\u00e0 Muscolare e meno (se del caso) diventano Grassi. Davvero! Come si pu\u00f2 vedere, la maggior parte di Parabolan&#8217;s cult reputazione \u00e8 ben meritata. E come se quella&#8217;s non abbastanza, Parabolan aumenta notevolmente il livello di IGF-1 nel tessuto muscolare (2), che, di per s\u00e9, \u00e8 un ormone molto anabolico. E&#8217;s vale la pena notare che non solo non aumenta i livelli di IGF-1 nel muscolo pi\u00f9 di due volte (2), ma provoca anche un muscolo cellule satellite (cellule di riparazione del muscolo danneggiato) a essere pi\u00f9 sensibili ai livelli di IGF-1 e di altri fattori di crescita(3). Questo mi induce a ipotizzare che Parabolan (o qualsiasi versione di Tren) sarebbe sinergico all&#8217;interno di un ciclo che contiene qualsiasi forma iniettabile di IGF-1.<\/p>\n<p>Parabolan anche il caso che si legano fortemente per il recettore dei glucocorticoidi, e questo, a sua volta, conferisce un piacevole effetto anti-catabolico. Questo, in parte, possono contribuire a spiegare il basso(ish) dosi di esso sembra funzionare bene, anche perch\u00e8 aiuta la perdita di grasso. Vedete, gli ormoni glucocorticoidi inviare un messaggio alle cellule muscolari per il rilascio memorizzati proteine (questo \u00e8 chiamato catabolismo), che \u00e8 esattamente l&#8217;opposto di ci\u00f2 che vogliamo.<\/p>\n<p>Questo farmaco stack bene con la maggior parte di tutto, in particolare il Testosterone (in realt\u00e0, se si vuole evitare di disfunzione sessuale, accatastamento con il testosterone \u00e8 necessario). Ho anche trovato per essere una grande aggiunta a una pila contenente Equipoise. Purtroppo, insonnia, che Parabolan d\u00e0 molti utenti, ha aggiunto l&#8217;appetito aumentare il Equipoise pu\u00f2 causare rende mezzanotte snacking quasi inevitabile per coloro che ricevono questi effetti. Parabolan \u00e8 pi\u00f9 spesso utilizzato per il taglio pile quando &#8220;di massa muscolare di qualit\u00e0&#8221; il guadagno \u00e8 favorito rispetto a gonfiore e ritenzione idrica. In realt\u00e0, penso che Parabolan (o qualsiasi Tren) \u00e8 un grande &#8220;taglio&#8221; anabolizzanti, anche se \u00e8 stato usato con successo da molti sia di Taglio e di cicli di Carica.<\/p>\n<p><b>Parabolan Effetti Collaterali<\/b><\/p>\n<p>Alcuni utenti di Para relazione Disfunzione sessuale (Tren-Dick) e i sintomi di Gyno (probabilmente il progesterone correlate, come Trenbolone agisce sul recettore del progesterone, ma non per il recettore degli estrogeni). Come sapete, il Trenbolone \u00e8, purtroppo, un progestinico. Tren lega al recettore dell&#8217;ormone sessuale femminile progesterone (con circa il 60% della forza effettiva del progesterone) (4). In iper-sensibili muscle-research.com membri, questo pu\u00f2 portare a gonfiore e la crescita del seno quando combinato con un estrogenica o aromatizable prodotto, ma probabilmente non se utilizzato senza un (12). Peggio ancora, Trenbolone&#8217;s metabolita attivo (17beta-trenbolone) ha una affinit\u00e0 di legame per il recettore del progesterone che \u00e8 effettivamente maggiore di progesterone stesso (5). Non c&#8217;\u00e8 bisogno di panico, per\u00f2, l&#8217;inibitore dell&#8217;aromatasi Letrozole pu\u00f2 anche abbassare i livelli di progesterone, e combattere qualsiasi progestogenic lati (13)(14). Vorrei fortemente in considerazione la sua inclusione nella .25-.5mgs\/giorno in un ciclo che contiene Parabolan o un&#8217;19-nor composto.<\/p>\n<p>Ironia della sorte, anche se il Para \u00e8 un ottimo taglio di droga, abbassare il vostro livello della tiroide (11). Facendo questo, attraverso il corpo&#8217;s feedback negativo-loop, solleva anche la prolattina. Ergo, vi consiglio di prendere T3 (25mcg\/giorno), o T4 (100 mcg\/giorno) insieme con il tuo Tren per evitare la sofferenza di un aumento dei livelli di prolattina e la miriade di effetti collaterali indesiderati questo potrebbe causare. Per questi motivi, molte persone evitare di accatastare Tren con Deca (Nandrolone Decanoato), che \u00e8 anche un progestinico (4).<\/p>\n<p>Cambiamenti mentali sono un noto effetto collaterale di qualsiasi tipo di trenbolone uso, e Para non fa eccezione a questa regola. Androgeni aumento di sostanze chimiche nel cervello che promuovono il comportamento aggressivo(12). Questo pu\u00f2 essere un vantaggio per alcuni atleti che vogliono migliorare la velocit\u00e0 e la potenza, ma forse dannoso per coloro che cercano di mantenere un posto di lavoro come assistente sociale. Credo che questa possa essere controllato. Sembra che se sei un laid-back, mite ragazzo, \u00e8 ancora generalmente in questo stesso modo. Se sei gi\u00e0 uno stronzo, probabilmente sar\u00e0 un grande stronzo.<\/p>\n<p>Per alcuni, il peggiore effetto di qualsiasi tipo di Trenbolone \u00e8 il &#8220;Tren tosse&#8221;. Tren Enanthate non hanno questo effetto su di pi\u00f9, ma Parabolan a volte non. Tren Acetato sembra essere il peggiore criminale quando si tratta di Tren-Tosse. Molti riferiscono che questo effetto collaterale va via dopo il primo paio di settimane di utilizzo. Inoltre, qualsiasi tipo di Tren d\u00e0 molti utenti un po &#8216; di insonnia. Il pi\u00f9 evidente effetto collaterale di Parabolan, in generale, \u00e8 che aumenta la sudorazione in modo drammatico, anche dando agli utenti vizioso &#8220;sudorazione notturna&#8221;, che vada bene con l&#8217;insonnia. Camminare su una rampa di scale pu\u00f2 causare alcuni Tren agli utenti di uscire in perline di sudore e di diventare affaticato. Dopo aver ricordato che, va sottolineato che molte persone esperienza di una ridotta capacit\u00e0 cardiovascolare quando si utilizza Para. Ancora, i suoi incredibili effetti sulla forza e l&#8217;aspetto significa che cadr\u00e0 in molti membri&#8217; cicli per le mezze stagioni e in inverno (quando la sudorazione ha vinto&#8217;t essere tanto di un problema).<\/p>\n<p><b>Parabolan Riferimenti:<\/b><\/p>\n<ol>\n<li>Br J Nutr. 1978 Nov;40(3):563-72.<\/li>\n<li>J Cell Physiol. 2004 Nov;201(2):181-9.<\/li>\n<li>Endocrinologia. Maggio 1989;124(5):2110-7.<\/li>\n<li>Cancer Res 1978 Nov; 38(11 Pt 2):4186-98<\/li>\n<li>APMIS. 2000 Dec;108(12):838-46.<\/li>\n<li>(Xu X, et al. &#8220;Gli effetti degli androgeni sul regolamento di lipolisi nel tessuto adiposo cellule precursori.&#8221; Endocrinologia 1990 Feb;126(2):1229 ).<\/li>\n<li>J Anim Sci. 1992 Nov;70(11):3381-90.<\/li>\n<li>Am J Physiol. 1998 Jun;274(6 Pt 1):C1645-52.<\/li>\n<li>Biochim Biophys Acta. 1995, Possono 11;1244(1):117-20.<\/li>\n<li>J Appl. Physiol.94 1153-61 2003<\/li>\n<li>Res Vet Sci 1981 Gen;30(1):7-13<\/li>\n<li>Med Sci Sports Exerc. 2003 Gen; 35(1):32-8<\/li>\n<li>il Progesterone non \u00e8 essenziale per la differentiative potenziale di epitelio mammario del topo maschio. Freeman, Topper. Endocrinologia. 1978 Lug;103(1):186-92<\/li>\n<li>Eur J Obstet Gynecol Ver Biol. Nov 2002 15;105(2):161-5.<\/li>\n<li>J Clin Endocrinol Metab. 1995 Sep;80(9):2658-60.<\/li>\n<\/ol>\n<h3>Leggi di pi\u00f9<\/h3>\n<p><a href=\"http:\/\/getanabolics.biz\/it\/acquistare-dianabol-online-su-getanabolics-biz\/\">ACQUISTA DIANABOL ONLINE SU GETANABOLICS.BIZ<\/a><\/p>\n<p><a href=\"http:\/\/getanabolics.biz\/it\/winstrol-che-cosa-e-e-per-che-cosa-e\/\">WINSTROL, CHE COS&#8217;\u00c8 E PER COSA SERVE?<\/a><\/p>\n<p><a href=\"http:\/\/getanabolics.biz\/it\/recensioni-cytomel-t3-su-getanabolics-biz\/\">CYTOMEL T3 RECENSIONI SU GETANABOLICS.BIZ<\/a><\/p>\n<p><a href=\"http:\/\/getanabolics.biz\/it\/pausa-tra-steroidi-e-pct\/\">PAUSA TRA CORSI STEROIDI E PCT<\/a><\/p>\n<p><a href=\"http:\/\/getanabolics.biz\/it\/quanto-e-efficace-il-ponte-steroideo\/\">QUANTO EFFICACE \u00c8 IL PONTE STEROID?<\/a><\/p>\n<p>&nbsp;<\/p>\n","protected":false},"excerpt":{"rendered":"<p>Pacchetto: Parabolin (Trenbolone 75 mg) Scatola da 5 Fiale &#8211; 1,5 ml<br \/>Produttore: Alpha Pharma<br \/>Marca: Parabolin (Parabolan)<br \/>Conosciuto anche come: Parabolin<\/p>\n","protected":false},"featured_media":318,"comment_status":"open","ping_status":"closed","template":"","meta":[],"product_cat":[106],"product_tag":[64],"_links":{"self":[{"href":"https:\/\/getanabolics.biz\/it\/wp-json\/wp\/v2\/product\/831"}],"collection":[{"href":"https:\/\/getanabolics.biz\/it\/wp-json\/wp\/v2\/product"}],"about":[{"href":"https:\/\/getanabolics.biz\/it\/wp-json\/wp\/v2\/types\/product"}],"replies":[{"embeddable":true,"href":"https:\/\/getanabolics.biz\/it\/wp-json\/wp\/v2\/comments?post=831"}],"wp:featuredmedia":[{"embeddable":true,"href":"https:\/\/getanabolics.biz\/it\/wp-json\/wp\/v2\/media\/318"}],"wp:attachment":[{"href":"https:\/\/getanabolics.biz\/it\/wp-json\/wp\/v2\/media?parent=831"}],"wp:term":[{"taxonomy":"product_cat","embeddable":true,"href":"https:\/\/getanabolics.biz\/it\/wp-json\/wp\/v2\/product_cat?post=831"},{"taxonomy":"product_tag","embeddable":true,"href":"https:\/\/getanabolics.biz\/it\/wp-json\/wp\/v2\/product_tag?post=831"}],"curies":[{"name":"wp","href":"https:\/\/api.w.org\/{rel}","templated":true}]}}