{"id":830,"date":"2017-04-27T10:31:41","date_gmt":"2017-04-27T11:12:19","guid":{"rendered":"http:\/\/getanabolics.biz\/product\/nandrorapid-n-phenylpropionate-scatola-da-10-fiale-da-1-ml-100-mg-ml-nandrolone-fenilpropionato\/"},"modified":"2018-01-21T11:56:00","modified_gmt":"2018-01-21T11:56:00","slug":"nandrorapid-n-phenylpropionate-box-of-10-ampoules-of-1-ml-100mg-ml-nandrolone-phenylpropionate","status":"publish","type":"product","link":"https:\/\/getanabolics.biz\/it\/prodotto\/nandrorapid-n-phenylpropionate-box-of-10-ampoules-of-1-ml-100mg-ml-nandrolone-phenylpropionate\/","title":{"rendered":"NandroRapid (N. Phenylpropionate) &#8211; Alpha Pharma"},"content":{"rendered":"<h2>Comprare NandroRapid (N. Phenylpropionate) &#8211; Alpha Pharma (Nandrorapid)<\/h2>\n<p><a title=\"Comprare NandroRapid (N. Phenylpropionate) al GetAnabolics\"><img src=\"http:\/\/getanabolics.biz\/images\/nandro-rapid-alphapharm.jpg\" alt=\"Nandrorapid\" width=\"30%\" align=\"right\" \/><\/a><br \/>\nPer chi \u00e8 alla ricerca di NandroRapid (N. Phenylpropionate) e chiedendo dove acquistare NandroRapid (N. Phenylpropionate) dal Alpha Pharma fatta offriamo Nandrorapid come la scelta migliore per i veri bodybuilder.<br \/>\n<em>Da oggi una <strong>grande variet\u00e0 di steroidi iniettabili cos\u00ec come gli steroidi per via orale e ciclo di terapia post<\/strong> dal Alpha Pharma possono essere acquistati in GetAnabolics. Siamo lieti di presentarvi il nuovo NandroRapid (N. Phenylpropionate) da <span style=\"font-weight: bold;\">Alpha Pharma<\/span>.<\/em><br \/>\nTutti i prodotti che offriamo sono di autentico, di alta qualit\u00e0 composti e hanno un unico obiettivo: aiutare le persone a ottenere la massa muscolare, la forza complessiva, per bruciare i grassi, e di aiutarli nel cammino di perfezione fisica. Per creare un costruttivo e civile connessione con i nostri clienti, noi faremo il massimo sforzo per garantire un servizio di alta qualit\u00e0 e approccio di ogni persona che indirizzo il nostro negozio con cortesia e rispetto.<br \/>\nLa costruzione e il mantenimento di un corpo splendido, richiedono una combinazione di metodi. Una dieta corretta \u00e8 la prima nella lista delle componenti essenziali necessari per il corpo. In secondo luogo, assicurarsi sempre di <strong>acquistare e utilizzare steroidi legali online<\/strong> non solo per evitare il conflitto con la legge, ma la cosa pi\u00f9 importante, per evitare complicazioni di salute.<br \/>\n<span style=\"font-weight: bold;\">GetAnabolics.Biz<\/span> \u00e8 la online steroidi fornitore appositamente creato e dedicato a fornire a ciascun atleta bodybuilder con i migliori steroidi anabolizzanti a prezzi scontati. Abbiamo scelto marchi pi\u00f9 affidabili di collaborare con, al fine di garantire la sicurezza, la vera e top-notch steroidi per i nostri clienti.<br \/>\nSpedizione steroidi molto in sicurezza \u00e8 la preoccupazione principale per la consegna di steroidi in tutto il mondo. La nostra spedizione discreta garantisce che nessun altro sa che si acquista steroidi on-line.<\/p>\n<h2>Pi\u00f9 NandroRapid (N. Phenylpropionate) Alpha Pharma Informazioni<\/h2>\n<p><b>Scatola da 10 Fiale da 1 ml, 100 mg \/ ml. Nandrolone Fenilpropionato<\/b><\/p>\n<p><em>il Nandrolone Fenilpropionato, noto anche come NPP \u00e8 molto simile al steroide molto popolare Deca che \u00e8 Nandrolone con un estere pi\u00f9 (Decanoato). Nandrolone Fenilpropionato \u00e8, quindi, una pi\u00f9 breve, agendo Deca per tutti gli intenti e le finalit\u00e0. Aneddoticamente, sembra produrre meno ritenzione idrica rispetto al suo pi\u00f9 azione cugino, e questo sarebbe molto coerente con il testosterone iniettabili, dove troviamo pi\u00f9 breve esteri offrono molto di meno ritenzione idrica.<\/em><\/p>\n<p>Il suo un progestinico, come qualsiasi Nandrolone derivati, e viene fatto rimuovendo l&#8217;atomo di carbonio in posizione 19 del Steran Nucleo di testosterone. Tuttavia, anche se \u00e8 un progestinico, il Nandrolone (a prescindere dalla estere) non produrre molto di quello che potremmo chiamare correttamente gli effetti collaterali estrogenici. Effetti collaterali di Nandrolone Fenilpropionato sarebbe, quindi, pi\u00f9 correttamente essere definito progestenic in natura &#8211; come si converte in estrogeni a circa il 20% il tasso di testosterone.<\/p>\n<p><em>Indipendentemente estere, e la ritenzione idrica non resistere, troviamo che tutte le caratteristiche di trovare in un tipo di Nandrolone sono trovato in nessun altro. Nandrolone, probabilmente a causa della sua progestenic la natura ha la capacit\u00e0 di migliorare la sintesi del collagene, cos\u00ec come contenuto minerale osseo. Chiaramente questo sarebbe un enorme vantaggio per gli atleti con il tessuto connettivo, problemi o altri problemi alle articolazioni, anche se farmaco testato gli atleti devono evitare Nandrolones a causa della loro individuabilit\u00e0 nelle urine per un anno a diciotto mesi dopo la somministrazione. Inoltre, dal momento che \u00e8 progestinico (con una leggera capacit\u00e0 estrogenica), probabilmente ha effetti benefici sul sistema immunitario mediata anti-infiammatori processo, in modo lenitivo articolazioni, come pure per aiutare a guarire.<\/em><\/p>\n<p>Nandrolone \u00e8 uno dei pochi steroidi che \u00e8 stato utilizzato con successo in pazienti affetti da AIDS per stimolare l&#8217;aumento di peso, e anche se gli atleti che usano NPP in luogo di Deca a trovare per produrre leggermente meno aumento di peso, questo \u00e8 probabilmente un risultato di ottenere in meno di peso di acqua. Nandrolone Fenilpropionato, \u00e8 un farmaco popolare di Deca per l&#8217;utilizzo in cicli di taglio di recente, a causa di questo fatto.<\/p>\n<p>Questo porta al fatto che la Deca ha una lunga vita attiva, NPP \u00e8 molto pi\u00f9 breve, e questo significa che le persone sono costrette a iniettare almeno due volte a settimana, con il protocollo pi\u00f9 diffuso ogni terzo giorno. Risultati si sono visti molto pi\u00f9 velocemente con NPP rispetto al Deca, e le sue rapidamente diventando molto pi\u00f9 popolare alternativa.<\/p>\n<p><em><b>Possibili effetti Collaterali<\/b>: Perch\u00e9 il nandrolone non \u00e8 suddiviso in DHT, gli effetti deleteri per la maggior parte steroidi anabolizzanti sul cuoio capelluto, pelle e della prostata sono diminuita di un grado; ma \u00e8 piuttosto rotto verso il pi\u00f9 debole androgeno dihydronandrolone. La mancanza di alchilazione sulla 17a-carbonio riduce drasticamente il farmaco tossicit\u00e0 epatica. Estrogenici effetti derivanti dalla reazione con l&#8217;aromatasi sono attenuati come risultato delle interazioni di essere un progestinico, ma in effetti come ginecomastia e riduzione della libido ancora si verificano in grandi dosi. Altri effetti collaterali possono includere la disfunzione erettile e cardiovascolari danni, cos\u00ec come diversi disturbi derivanti dalla droga effetto di riduzione dei livelli di ormone luteinizzante attraverso il feedback negativo.<\/em><\/p>\n<p><b>dose Efficace<\/b>: 50 &#8211; 150 mg in ogni altro giorno.<\/p>\n<h3>Leggi di pi\u00f9<\/h3>\n<p><a href=\"http:\/\/getanabolics.biz\/it\/acquistare-clomid-online-su-getanabolics-biz\/\">ACQUISTA CLOMID ONLINE SU GETANABOLICS.BIZ<\/a><\/p>\n<p><a href=\"http:\/\/getanabolics.biz\/it\/growth-hormone-hgh-fatti-piu-importanti\/\">HORMONE DELLA CRESCITA HGH &#8211; I FATTI PI\u00d9 IMPORTANTI<\/a><\/p>\n<p><a href=\"http:\/\/getanabolics.biz\/it\/caratteristiche-di-brevi-corsi-di-steroidi\/\">CARATTERISTICHE DEI CORSI BREVI DI STEROIDI<\/a><\/p>\n<p><a href=\"http:\/\/getanabolics.biz\/it\/pausa-tra-steroidi-e-pct\/\">PAUSA TRA CORSI STEROIDI E PCT<\/a><\/p>\n<p><a href=\"http:\/\/getanabolics.biz\/it\/quanto-e-efficace-il-ponte-steroideo\/\">QUANTO EFFICACE \u00c8 IL PONTE STEROID?<\/a><\/p>\n","protected":false},"excerpt":{"rendered":"<p>Pacchetto: Scatola da 10 Fiale da 1 ml, 100 mg \/ ml. Nandrolone Fenilpropionato<br \/>Produttore: Alpha Pharma<br \/>Marca: NandroRapid (N. Phenylpropionate)<br \/>Conosciuto anche come: Nandrorapid<\/p>\n","protected":false},"featured_media":312,"comment_status":"open","ping_status":"closed","template":"","meta":[],"product_cat":[106],"product_tag":[64],"_links":{"self":[{"href":"https:\/\/getanabolics.biz\/it\/wp-json\/wp\/v2\/product\/830"}],"collection":[{"href":"https:\/\/getanabolics.biz\/it\/wp-json\/wp\/v2\/product"}],"about":[{"href":"https:\/\/getanabolics.biz\/it\/wp-json\/wp\/v2\/types\/product"}],"replies":[{"embeddable":true,"href":"https:\/\/getanabolics.biz\/it\/wp-json\/wp\/v2\/comments?post=830"}],"wp:featuredmedia":[{"embeddable":true,"href":"https:\/\/getanabolics.biz\/it\/wp-json\/wp\/v2\/media\/312"}],"wp:attachment":[{"href":"https:\/\/getanabolics.biz\/it\/wp-json\/wp\/v2\/media?parent=830"}],"wp:term":[{"taxonomy":"product_cat","embeddable":true,"href":"https:\/\/getanabolics.biz\/it\/wp-json\/wp\/v2\/product_cat?post=830"},{"taxonomy":"product_tag","embeddable":true,"href":"https:\/\/getanabolics.biz\/it\/wp-json\/wp\/v2\/product_tag?post=830"}],"curies":[{"name":"wp","href":"https:\/\/api.w.org\/{rel}","templated":true}]}}