{"id":825,"date":"2017-04-27T10:31:41","date_gmt":"2017-04-27T11:10:58","guid":{"rendered":"http:\/\/getanabolics.biz\/product\/testosterone-cyp-250-1-scatola-da-10-fiale-1-fiala-contiene-250-mg-di-testosterone-cypionate\/"},"modified":"2018-01-21T12:21:07","modified_gmt":"2018-01-21T12:21:07","slug":"testosterone-cyp-250-1-box-of-10-ampoules-each-1-ampoule-contains-250-mg-testosterone-cypionate","status":"publish","type":"product","link":"https:\/\/getanabolics.biz\/it\/prodotto\/testosterone-cyp-250-1-box-of-10-ampoules-each-1-ampoule-contains-250-mg-testosterone-cypionate\/","title":{"rendered":"Testosterone Cyp. 250 &#8211; Alpha Pharma"},"content":{"rendered":"<h2>Comprare Testosterone Cyp. 250 &#8211; Alpha Pharma (Testocyp)<\/h2>\n<p><a title=\"Comprare Testosterone Cyp. 250 al GetAnabolics\"><img src=\"http:\/\/getanabolics.biz\/images\/c-ject-300.jpg\" alt=\"Testocyp\" width=\"30%\" align=\"right\" \/><\/a><br \/>\nPer chi \u00e8 alla ricerca di Testosterone Cyp. 250 e chiedendo dove acquistare Testosterone Cyp. 250 dal Alpha Pharma fatta offriamo Testocyp come la scelta migliore per i veri bodybuilder.<br \/>\n<em>Da oggi una <strong>grande variet\u00e0 di steroidi iniettabili cos\u00ec come gli steroidi per via orale e ciclo di terapia post<\/strong> dal Alpha Pharma possono essere acquistati in GetAnabolics. Siamo lieti di presentarvi il nuovo Testosterone Cyp. 250 da <span style=\"font-weight: bold;\">Alpha Pharma<\/span>.<\/em><br \/>\nTutti i prodotti che offriamo sono di autentico, di alta qualit\u00e0 composti e hanno un unico obiettivo: aiutare le persone a ottenere la massa muscolare, la forza complessiva, per bruciare i grassi, e di aiutarli nel cammino di perfezione fisica. Per creare un costruttivo e civile connessione con i nostri clienti, noi faremo il massimo sforzo per garantire un servizio di alta qualit\u00e0 e approccio di ogni persona che indirizzo il nostro negozio con cortesia e rispetto.<br \/>\nLa costruzione e il mantenimento di un corpo splendido, richiedono una combinazione di metodi. Una dieta corretta \u00e8 la prima nella lista delle componenti essenziali necessari per il corpo. In secondo luogo, assicurarsi sempre di <strong>acquistare e utilizzare steroidi legali online<\/strong> non solo per evitare il conflitto con la legge, ma la cosa pi\u00f9 importante, per evitare complicazioni di salute.<br \/>\n<span style=\"font-weight: bold;\">GetAnabolics.Biz<\/span> \u00e8 la online steroidi fornitore appositamente creato e dedicato a fornire a ciascun atleta bodybuilder con i migliori steroidi anabolizzanti a prezzi scontati. Abbiamo scelto marchi pi\u00f9 affidabili di collaborare con, al fine di garantire la sicurezza, la vera e top-notch steroidi per i nostri clienti.<br \/>\n<em>Spedizione steroidi molto in sicurezza \u00e8 la preoccupazione principale per la consegna di steroidi in tutto il mondo. La nostra spedizione discreta garantisce che nessun altro sa che si acquista steroidi on-line.<\/em><\/p>\n<h2>Pi\u00f9 Testosterone Cyp. 250 Alpha Pharma Informazioni<\/h2>\n<p><strong>1 scatola da 10 fiale, 1 fiala contiene 250 mg di Testosterone Cypionate<\/strong><\/p>\n<p><u>Segnalato Caratteristiche<\/u><br \/>\n<strong>Attivo-Vita: 15-16 giorni<\/strong><br \/>\n<strong> Classe di Droga: Androgeni\/Anabolizzanti Steroidi (Per iniezione)<\/strong><br \/>\n<strong> Media Riportata Dosaggio: 200 Uomini-1000mg settimanale.<\/strong><br \/>\n<strong> l&#8217;Acne: S\u00ec, comuni<\/strong><br \/>\n<strong> la Ritenzione idrica: S\u00ec, alta<\/strong><br \/>\n<strong> Alta Pressione Sanguigna: S\u00ec, di solito a causa di acqua alta \/elettrolita di conservazione<\/strong><br \/>\n<strong> Fegato Tossico: Basso, eccetto che per assurdo dosaggi<\/strong><br \/>\n<strong> Aromatizzazione: S\u00ec, alta<\/strong><br \/>\n<strong> Conversione DHT: S\u00ec, alta<\/strong><br \/>\n<strong> Diminuisce la Funzione HPTA: S\u00ec, gravemente<\/strong><\/p>\n<p><em>Testosterone Cypionate \u00e8 un singolo estere, forma lunga durata d&#8217;azione del testosterone. A causa della lunghezza del suo estere (8 atomi di carbonio) \u00e8 conservato in gran parte nel tessuto adiposo su intra-musuclar iniezione, e poi, lentamente, ma molto costante rilasciato nel corso di un certo periodo di tempo. Un picco \u00e8 notato dopo 24-48 ore dall&#8217;iniezione e poi un lento declino, raggiungendo un punto fisso, dopo 12 giorni e rimanere l\u00ec per pi\u00f9 di 3 settimane di tempo. Naturalmente, la maggior parte degli utenti di anabolizzanti non trovare un adeguato vantaggio nell&#8217;uso di questo costante punto di dose, in modo che questo prodotto \u00e8 normalmente iniettato una volta alla settimana, rendendo la dose pi\u00f9 bassa pi\u00f9 di met\u00e0 del picco di dose in un dato momento. Questo \u00e8 pi\u00f9 o meno la partenza di sangue. Un long-acting estere di testosterone \u00e8 un must-have per qualsiasi massa-ciclo di costruzione. Come tale, questo \u00e8 un prodotto decente. Personalmente ho pi\u00f9 affinit\u00e0 per il testosterone enantato, ma alcuni utenti, non si nota alcuna differenza reale tra i due prodotti, entrambi rimangono un acquisto migliore rispetto a loro popolare controparte sustanon 250, che \u00e8 una scelta povera di testosterone, a mio parere. Ha senso che un utente semplicemente opta per il quale \u00e8 pi\u00f9 facilmente disponibile al momento. Si vendono per circa lo stesso prezzo, e sono quasi altrettanto buono. Cos\u00ec la maggior parte del Nord e del Sud-Americano, gli utenti di solito optare per l&#8217;utilizzo di un cypionate, in quanto \u00e8 pi\u00f9 disponibile, in quelle regioni, mentre gli Europei e gli Asiatici probabilmente preferisce la versione enanthate. Un long-acting estere di testosterone pu\u00f2 essere la migliore per tutte le vostre massa esigenze di sviluppo, ma il suo non \u00e8 un prodotto facile da usare. A causa dell&#8217;estrema lunghezza d&#8217;azione (3-4 settimane) si pu\u00f2 facilmente risolvere i problemi che si verificano semplicemente interrompere il prodotto, come si continuer\u00e0 ad agire e aggravare gli effetti collaterali su periodi di tempo estesi. In quanto riguarda il controllo dei danni e terapia post-ciclo, una certa familiarit\u00e0 con l&#8217;uso di droga accessori \u00e8 necessario prima di utilizzare un long-acting prodotto di testosterone. Nolvadex e Proviron ti sar\u00e0 molto utile in questi casi e post-ciclo di HCG e clomid o Nolvadex sar\u00e0 richiesto anche per contribuire a ripristinare la naturale di testosterone. La frequenza di effetti collaterali \u00e8 probabilmente pi\u00f9 alto con questo tipo di prodotto.<\/em><\/p>\n<blockquote><p>Mentre la maggior parte vi dir\u00e0 che \u00e8 uno spreco non utilizzare il testosterone, in quanto ci vorranno secoli pi\u00f9 tempo per costruire una corretta messa, questi sono tutti punti da prendere in considerazione. Il Testosterone \u00e8 un prodotto che \u00e8 ampiamente utilizzato da principianti e veterani e giustamente. Coloro che temono che non pu\u00f2 mai comprendere il corretto uso della droga accessori, pu\u00f2 essere utile per aspirare e di investire in alcuni propionato o di sospensione di testosterone, invece. Questi sono molto pi\u00f9 brevi di recitazione e pi\u00f9 facile da controllare, ma non hanno bisogno di essere iniettato una volta ogni due giorni, considerando che questo tipo di ester imparto di grandi guadagni con una singola iniezione settimanale. Qualcosa da tenere a mente.<\/p><\/blockquote>\n<p><strong> Accatastamento e l&#8217;Uso:<\/strong><\/p>\n<p>il Testosterone \u00e8 il pi\u00f9 potente composto c&#8217;\u00e8, cos\u00ec, ovviamente, il suo benissimo da solo. Con una lunga durata d&#8217;azione estere come Cypionate dosi di 500-1000 mg a settimana sono utilizzati molto chiara i risultati a 10 settimane. Se hai mai visto un uomo che si gonfiano con dimensioni, quindi il testosterone era la causa di esso. Ma il testosterone \u00e8, tuttavia, spesso accatastati. A causa dell&#8217;alta incidenza di effetti collaterali, la gente di solito dividere una pila di testosterone e una lieve componente per ottenere un meno rischioso ciclo, ma senza dover rinunciare a guadagni. Primobolan, Equipoise e <a href=\"http:\/\/getanabolics.biz\/it\/prodotto\/deca-100-10x1ml-ampoules-each-has-100-mg-total-1000-mg-nandrolone-decaonate\/\">Deca-Durabolin<\/a>, sono le armi di scelta in questa materia. Deca sembra essere il pi\u00f9 popolare, probabilmente a causa della sua estremamente mite, la natura androgena. Ma Deca di essere uno dei rischi pi\u00f9 grandi per quasi tutti gli altri effetti collaterali, io probabilmente non lo consiglio. Se Deca \u00e8 utilizzato, in genere una dose di 200-400 mg \u00e8 aggiunto di 500-750 mg di testosterone a settimana.<\/p>\n<p>Primobolan a volte \u00e8 optato per, e pu\u00f2 essere utile visto che non aromatizza, che render\u00e0 il livello totale di ritenzione idrica e l&#8217;aumento del grasso molto di meno con pi\u00f9 test o con Deca, per esempio. Purtroppo, la sua natura mite combinato con una mancanza di estrogeni fare Primobolan molto povera, costruttore di massa. Di nuovo, le dosi di 300-400 mg sono utilizzati. Io in realt\u00e0 vorrei suggerire un dosaggio pi\u00f9 alto, ma con i prezzi attuali per Primo non credo che sarebbe molto popolare. La mia personale preferenza va a Equipoise. Androgenically non \u00e8 che molto pi\u00f9 forte di Deca, perch\u00e9 \u00e8 vicino a nessun affinit\u00e0 per il 5-alfa-reduttasi, enzima ed \u00e8 solo la met\u00e0 di androgeni, come il testosterone. Il suo due volte pi\u00f9 forte come Deca, mg per mg, e ha una ridotta incidenza di effetti collaterali. Ha un po &#8216; di estrogeni, ma non un intero lotto quindi \u00e8 in realt\u00e0 tende ad appoggiarsi a una persona piuttosto che gonfiare lui come Deca. Aumenta anche l&#8217;appetito che promuove guadagni, e migliora le prestazioni aerobiche, che pu\u00f2 essere un sogno, come il testosterone, normalmente, ha un effetto opposto.<\/p>\n<p>naturalmente, cypionate testosterone, pu\u00f2 essere impilato con qualsiasi numero di composti a prescindere da questi, ma questi sfruttare al meglio il match. Quando la sovrapposizione con il testosterone, bisogna guardare a ci\u00f2 che l&#8217;altro composto pu\u00f2 portare. Oppure \u00e8 una caratteristica che il testosterone non ha, o le sue dimensioni nominali pi\u00f9 sicuro. Il testosterone porter\u00e0 tutti in massa, quindi l&#8217;aggiunta di un altro steroide per migliorare la messa da solo, \u00e8 inutile. Pi\u00f9 testosterone \u00e8 il miglior rimedio per questo.<\/p>\n<p>Uno deve avere familiarit\u00e0 con una serie di altri composti quando si utilizza long-acting esteri di testosterone tuttavia. Prima di tutto, anti-estrogeni. Il tasso di aromatizzazione del testosterone \u00e8 abbastanza grande, cos\u00ec la ritenzione idrica e l&#8217;aumento del grasso sono un dato di fatto e gyno non \u00e8 mai lontano. Se si verificano problemi \u00e8 meglio iniziare con 20 mg di Nolvadex al giorno e proseguire fino a quando i problemi diminuiscono. Non vorrei rimanere su di esso per un intero ciclo, in quanto pu\u00f2 ridurre i guadagni. In termini di aromatasi bloccante, il testosterone \u00e8 uno dei pochi composti in cui <a href=\"http:\/\/getanabolics.biz\/it\/prodotto\/proviron-buy-proviron-50-tabs-each-tab-25mg-mesterolone\/\">Proviron <\/a>pu\u00f2 effettivamente essere preferito arimidex. Il proviron non solo per ridurre gli estrogeni e pu\u00f2 essere utilizzato per un lungo periodo di tempo, su un ciclo di testosterone, sar\u00e0 anche l&#8217;associazione con grande affinit\u00e0 di sex hormone binding proteine nel sangue e consentir\u00e0 un pi\u00f9 alto livello di testosterone libero nel corpo, migliorando cos\u00ec i guadagni.<\/p>\n<p>di Solito 50-100 mg \u00e8 sufficiente, l&#8217;estremit\u00e0 inferiore \u00e8 preferito per il massimo dei risultati dal momento che gli estrogeni giocano un ruolo chiave nei guadagni, ma quelli pi\u00f9 preoccupato di estrogeni dovrebbe optare per una dose maggiore. Per coloro preoccupati per effetti collaterali androgeni (perdita di capelli, ipertrofia della prostata, approfondimento della voce), si pu\u00f2 utilizzare il trattamento di perdita dei capelli finasteride. Questo blocca la 5-alfa-reduttasi, enzima e si ferma la conversione del testosterone in pi\u00f9 androgeni composto DHT. Io non sono un grande fan di questo, perch\u00e9 riduce il DHT estrogenica bloat, aumenta gratuito livelli di testosterone, ed \u00e8 un androgeno molto potente che \u00e8 3-4 volte pi\u00f9 potente di testosterone. Quelli preoccupati per la perdita di capelli, tuttavia, potrebbe voler optare per arimidex come il loro anti-aromatasi, dal Proviron \u00e8 una forma di DHT, dopo tutto.<\/p>\n<p>Dopo un ciclo, principalmente a causa dell&#8217;elevata aromatizzazione e aumento dei livelli di estradiolo nel sangue dopo l&#8217;interruzione, i livelli naturali di testosterone sar\u00e0 severamente repressa. Questo significa che devono essere presi dei provvedimenti per assicurare il rapido ritorno di testosterone naturale, o si perde un sacco di guadagni che abbiamo fatto durante l&#8217;uso di testosterone. Dal momento che si tratta di un non-tossico, potente costruttore di massa pi\u00f9 utilizzato in lungo 10-12 settimana cicli. Cos\u00ec alcuni restringimento dei testicoli si sono verificati. \u00c8 molto importante che la gente veda che Nolvadex HCG e\/clomid sono essenziali, come una terapia post-ciclo, e che entrambi sono ugualmente importanti per il raggiungimento del nostro obiettivo. Iniezioni di HCG deve essere iniziata l&#8217;ultima settimana del ciclo e proseguita per 3-4 settimane, utilizzando 1500-3000 IU ogni 5-6 giorni. HCG agisce come un&#8217;alternativa a LH e avviare il ciclo di testosterone endogeno, aumentando di dimensioni testicolo, ancora una volta. Poi circa 2 settimane dopo l&#8217;ultimo colpo di testosterone \u00e8 dato, Nolvadex\/Clomid ciclo deve essere avviato. 40 mg di Nolva o 150 mg di Clomid al giorno per due settimane, seguita da due settimane con 20 mg di Nolva o 100 mg di Clomid al giorno dovrebbe essere sufficiente. Ricordate sempre che HCG \u00e8 soppressiva di testosterone naturale s\u00e9 e dovrebbe essere sospesa almeno 2 settimane prima della finitura Nolvadex\/Clomid.<\/p>\n<h3>Leggi di pi\u00f9<\/h3>\n<p><a href=\"http:\/\/getanabolics.biz\/it\/deca-durabolin-effetti-collaterali\/\">DECA DURABOLIN EFFETTI COLLATERALI<\/a><\/p>\n<p><a href=\"http:\/\/getanabolics.biz\/it\/tutto-su-proviron-mesterolone\/\">TUTTO SU PROVIRON (MESTEROLONE)<\/a><\/p>\n<p><a href=\"http:\/\/getanabolics.biz\/it\/quale-dovrebbe-essere-la-durata-del-corso-degli-steroidi\/\">COSA DEVE ESSERE LA DURATA DEL CORSO DI STEROIDI?<\/a><\/p>\n<p><a href=\"http:\/\/getanabolics.biz\/it\/creatina-su-un-ciclo-di-steroidi\/\">CREATINA SU UN CORSO DI STEROIDI<\/a><\/p>\n<p><a href=\"http:\/\/getanabolics.biz\/it\/crossfit-e-steroidi\/\">CROSSFIT E STEROIDI<\/a><\/p>\n","protected":false},"excerpt":{"rendered":"<p>Pacchetto: 1 scatola da 10 fiale, 1 fiala contiene 250 mg di Testosterone Cypionate<br \/>Produttore: Alpha Pharma<br \/>Marca: Testosterone Cyp. 250<br \/>Conosciuto anche come: Testocyp<\/p>\n","protected":false},"featured_media":306,"comment_status":"open","ping_status":"closed","template":"","meta":[],"product_cat":[106,119],"product_tag":[64],"_links":{"self":[{"href":"https:\/\/getanabolics.biz\/it\/wp-json\/wp\/v2\/product\/825"}],"collection":[{"href":"https:\/\/getanabolics.biz\/it\/wp-json\/wp\/v2\/product"}],"about":[{"href":"https:\/\/getanabolics.biz\/it\/wp-json\/wp\/v2\/types\/product"}],"replies":[{"embeddable":true,"href":"https:\/\/getanabolics.biz\/it\/wp-json\/wp\/v2\/comments?post=825"}],"wp:featuredmedia":[{"embeddable":true,"href":"https:\/\/getanabolics.biz\/it\/wp-json\/wp\/v2\/media\/306"}],"wp:attachment":[{"href":"https:\/\/getanabolics.biz\/it\/wp-json\/wp\/v2\/media?parent=825"}],"wp:term":[{"taxonomy":"product_cat","embeddable":true,"href":"https:\/\/getanabolics.biz\/it\/wp-json\/wp\/v2\/product_cat?post=825"},{"taxonomy":"product_tag","embeddable":true,"href":"https:\/\/getanabolics.biz\/it\/wp-json\/wp\/v2\/product_tag?post=825"}],"curies":[{"name":"wp","href":"https:\/\/api.w.org\/{rel}","templated":true}]}}