{"id":824,"date":"2017-04-27T10:31:41","date_gmt":"2017-04-27T11:10:58","guid":{"rendered":"http:\/\/getanabolics.biz\/product\/testosterone-cyp-250-10-ml-fiala-ogni-1-ml-contiene-250-mg-di-testosterone-cypionate\/"},"modified":"2018-01-21T12:35:26","modified_gmt":"2018-01-21T12:35:26","slug":"testosterone-cyp-250-10-ml-vial-each-1ml-contains-250-mg-testosterone-cypionate","status":"publish","type":"product","link":"https:\/\/getanabolics.biz\/it\/prodotto\/testosterone-cyp-250-10-ml-vial-each-1ml-contains-250-mg-testosterone-cypionate\/","title":{"rendered":"Testosterone Cyp. 250 &#8211; Alpha Pharma"},"content":{"rendered":"<h2>Comprare Testosterone Cyp. 250 &#8211; Alpha Pharma (Testocyp)<\/h2>\n<p><img loading=\"lazy\" class=\"size-medium wp-image-32351148 alignright\" src=\"http:\/\/getanabolics.biz\/wp-content\/uploads\/2017\/04\/Testosterone-Cyp.-250-1-242x300.jpg\" alt=\"\" width=\"242\" height=\"300\" srcset=\"https:\/\/getanabolics.biz\/wp-content\/uploads\/2017\/04\/Testosterone-Cyp.-250-1-242x300.jpg 242w, https:\/\/getanabolics.biz\/wp-content\/uploads\/2017\/04\/Testosterone-Cyp.-250-1.jpg 290w\" sizes=\"(max-width: 242px) 100vw, 242px\" \/>Per chi \u00e8 alla ricerca di Testosterone Cyp. 250 e chiedendo dove acquistare Testosterone Cyp. 250 dal Alpha Pharma fatta offriamo Testocyp come la scelta migliore per i veri bodybuilder.<br \/>\nDa oggi una <strong>grande variet\u00e0 di steroidi iniettabili cos\u00ec come gli steroidi per via orale e ciclo di terapia post<\/strong> dal Alpha Pharma possono essere acquistati in GetAnabolics. Siamo lieti di presentarvi il nuovo Testosterone Cyp. 250 da <span style=\"font-weight: bold;\">Alpha Pharma<\/span>.<br \/>\n<em>Tutti i prodotti che offriamo sono di autentico, di alta qualit\u00e0 composti e hanno un unico obiettivo: aiutare le persone a ottenere la massa muscolare, la forza complessiva, per bruciare i grassi, e di aiutarli nel cammino di perfezione fisica. Per creare un costruttivo e civile connessione con i nostri clienti, noi faremo il massimo sforzo per garantire un servizio di alta qualit\u00e0 e approccio di ogni persona che indirizzo il nostro negozio con cortesia e rispetto.<\/em><br \/>\nLa costruzione e il mantenimento di un corpo splendido, richiedono una combinazione di metodi. Una dieta corretta \u00e8 la prima nella lista delle componenti essenziali necessari per il corpo. In secondo luogo, assicurarsi sempre di <strong>acquistare e utilizzare steroidi legali online<\/strong> non solo per evitare il conflitto con la legge, ma la cosa pi\u00f9 importante, per evitare complicazioni di salute.<br \/>\n<span style=\"font-weight: bold;\">GetAnabolics.Biz<\/span> \u00e8 la online steroidi fornitore appositamente creato e dedicato a fornire a ciascun atleta bodybuilder con i migliori steroidi anabolizzanti a prezzi scontati. Abbiamo scelto marchi pi\u00f9 affidabili di collaborare con, al fine di garantire la sicurezza, la vera e top-notch steroidi per i nostri clienti.<br \/>\n<em>Spedizione steroidi molto in sicurezza \u00e8 la preoccupazione principale per la consegna di steroidi in tutto il mondo. La nostra spedizione discreta garantisce che nessun altro sa che si acquista steroidi on-line.<\/em><\/p>\n<h2>Pi\u00f9 Testosterone Cyp. 250 Alpha Pharma Informazioni<\/h2>\n<p><b>10 ml fiala, ogni 1 ml contiene 250 mg di Testosterone Cypionate<\/b><\/p>\n<p><strong>Classe di droga: la soluzione Iniettabile di androgeni e steroidi anabolizzanti.<\/strong><br \/>\n<strong> Consigliato dosaggio medio: Tra 250 e 1000 mg a settimana per gli uomini <\/strong><br \/>\n<strong> Vita attiva: Tra i 15 e i 16 giorni<\/strong><br \/>\n<strong> Ritenzione idrica:<\/strong><br \/>\n<strong> Tossico per il fegato: Basso, ma pu\u00f2 aumentare con grandi dosi<\/strong><br \/>\n<strong> Diminuisce la funzione HPTA: S\u00ec, molto alta<\/strong><br \/>\n<strong> DTH Conversione:<\/strong><br \/>\n<strong> Aromatizzazione:<\/strong><\/p>\n<p><em>Il principale ormone sessuale maschile Testosterone \u00e8 ed \u00e8 prodotto naturalmente in entrambi gli uomini e le donne ? ma i maschi producono circa 40 volte pi\u00f9 dell&#8217;ormone testosterone rispetto alle donne. Testosterone Cypionate \u00e8 una forma pura di testosterone ed \u00e8 stato usato per anni per il trattamento di bassi livelli di testosterone negli uomini. Si tratta di un forte steroide anabolizzante, con potenti propriet\u00e0 androgeni ed \u00e8 considerato uno dei pi\u00f9 efficaci ed efficienti gli ormoni per qualsiasi scopo che viene utilizzato per. Testosterone Cypionate \u00e8 potente come il Testosterone Enantato e questi due composti sono quasi identici. Questo steroide produce lo stesso effetto come il testosterone e gli atleti e body builders utilizzare questo steroide esagerare gli effetti del testosterone.<\/em><\/p>\n<h1>Testosterone Cypionate Per la Vendita<\/h1>\n<p>Questo composto \u00e8 forse il miglior steroide per la sostituzione di ormone, il miglioramento delle prestazioni e di massa. Il dosaggio raccomandato per i principianti \u00e8 di circa 400 o 500 mg a settimana preferibilmente divisi tra due iniezioni. Altrimenti la posologia consigliata \u00e8 di 200 mg ogni 7 a 10 giorni per coloro che cercano di migliorare le loro prestazioni. Alcuni utenti avanzati anche utilizzare fino a 1000 mg a settimana, ma gli effetti collaterali possono essere molto elevati a tali livelli. Durata consigliata per Testosterone Cypionate cicli \u00e8 tra 8 e 16 settimane.<\/p>\n<p>Questo steroide aumenta la ritenzione di azoto nei muscoli e migliora la sintesi proteica. Aumenta anche il numero dei globuli rossi e blocca l&#8217;effetto di ormoni come il cortisolo che promuovono la perdita muscolare. Questo steroide offre tutti i vantaggi attesi da steroidi anabolizzanti e ha una vita attiva pi\u00f9 lunga di circa 15 giorni, i suoi effetti durano per un lungo periodo di tempo. Aumenta anche la produzione di IGF-1. Utilizzando Testosterone Cypionate, atleti e body-builders possono aumentare la forza, la massa muscolare e un migliore utilizzo delle proteine.<\/p>\n<p><em>Inoltre favorisce la combustione dei grassi e aumenta il tasso metabolico in quanto previene l&#8217;atrofia muscolare e la crescita del muscolo. Inoltre, aiuta gli atleti a guadagnare magra massa muscolare e aiuta a mantenere la massa muscolare anche con diete con le calorie limitate.<\/em><\/p>\n<p>Come Cypionate Testosterone \u00e8 uno steroide anabolizzante, i suoi effetti collaterali sono abbastanza pronunciato e questo steroide non deve essere utilizzato da donne. Come si aromatizza ad un alto grado, gli utenti possono aspettarsi estrogeni effetti collaterali come Ginecomastia, un innalzamento della pressione arteriosa, ritenzione idrica e ridurre i livelli di colesterolo buono. Atrofia testicolare \u00e8 un sicuro effetto collaterale, che \u00e8 il motivo per cui questo steroide non dovrebbe essere abusato.<\/p>\n<h3>Leggi di pi\u00f9<\/h3>\n<p><a href=\"http:\/\/getanabolics.biz\/it\/deca-durabolin-effetti-collaterali\/\">DECA DURABOLIN EFFETTI COLLATERALI<\/a><\/p>\n<p><a href=\"http:\/\/getanabolics.biz\/it\/tutto-su-proviron-mesterolone\/\">TUTTO SU PROVIRON (MESTEROLONE)<\/a><\/p>\n<p><a href=\"http:\/\/getanabolics.biz\/it\/quale-dovrebbe-essere-la-durata-del-corso-degli-steroidi\/\">COSA DEVE ESSERE LA DURATA DEL CORSO DI STEROIDI?<\/a><\/p>\n<p><a href=\"http:\/\/getanabolics.biz\/it\/creatina-su-un-ciclo-di-steroidi\/\">CREATINA SU UN CORSO DI STEROIDI<\/a><\/p>\n<p><a href=\"http:\/\/getanabolics.biz\/it\/crossfit-e-steroidi\/\">CROSSFIT E STEROIDI<\/a><\/p>\n","protected":false},"excerpt":{"rendered":"<p>Pacchetto: 10 ml fiala, ogni 1 ml contiene 250 mg di Testosterone Cypionate<br \/>Produttore: Alpha Pharma<br \/>Marca: Testosterone Cyp. 250<br \/>Conosciuto anche come: Testocyp<\/p>\n","protected":false},"featured_media":32351146,"comment_status":"open","ping_status":"closed","template":"","meta":[],"product_cat":[106,119],"product_tag":[64],"_links":{"self":[{"href":"https:\/\/getanabolics.biz\/it\/wp-json\/wp\/v2\/product\/824"}],"collection":[{"href":"https:\/\/getanabolics.biz\/it\/wp-json\/wp\/v2\/product"}],"about":[{"href":"https:\/\/getanabolics.biz\/it\/wp-json\/wp\/v2\/types\/product"}],"replies":[{"embeddable":true,"href":"https:\/\/getanabolics.biz\/it\/wp-json\/wp\/v2\/comments?post=824"}],"wp:featuredmedia":[{"embeddable":true,"href":"https:\/\/getanabolics.biz\/it\/wp-json\/wp\/v2\/media\/32351146"}],"wp:attachment":[{"href":"https:\/\/getanabolics.biz\/it\/wp-json\/wp\/v2\/media?parent=824"}],"wp:term":[{"taxonomy":"product_cat","embeddable":true,"href":"https:\/\/getanabolics.biz\/it\/wp-json\/wp\/v2\/product_cat?post=824"},{"taxonomy":"product_tag","embeddable":true,"href":"https:\/\/getanabolics.biz\/it\/wp-json\/wp\/v2\/product_tag?post=824"}],"curies":[{"name":"wp","href":"https:\/\/api.w.org\/{rel}","templated":true}]}}