{"id":823,"date":"2017-04-27T10:31:41","date_gmt":"2017-04-27T11:10:58","guid":{"rendered":"http:\/\/getanabolics.biz\/product\/testosterone-enant-250-10-ml-fiala-ogni-1-ml-contiene-250-mg-di-testosterone-enantato\/"},"modified":"2018-01-21T12:47:18","modified_gmt":"2018-01-21T12:47:18","slug":"testosterone-enant-250-10-ml-vial-each-1-ml-contains-250-mg-testosterone-enanthate","status":"publish","type":"product","link":"https:\/\/getanabolics.biz\/it\/prodotto\/testosterone-enant-250-10-ml-vial-each-1-ml-contains-250-mg-testosterone-enanthate\/","title":{"rendered":"Testosterone Enant. 250 &#8211; Alpha Pharma"},"content":{"rendered":"<h2>Comprare Testosterone Enant. 250 &#8211; Alpha Pharma (Testobolin)<\/h2>\n<p><a title=\"Comprare Testosterone Enant. 250 al GetAnabolics\"><img src=\"http:\/\/getanabolics.biz\/images\/testo-depot.jpg\" alt=\"Testobolin\" width=\"30%\" align=\"right\" \/><\/a><br \/>\nPer chi \u00e8 alla ricerca di Testosterone Enant. 250 e chiedendo dove acquistare Testosterone Enant. 250 dal Alpha Pharma fatta offriamo Testobolin come la scelta migliore per i veri bodybuilder.<br \/>\nDa oggi una <strong>grande variet\u00e0 di steroidi iniettabili cos\u00ec come gli steroidi per via orale e ciclo di terapia post<\/strong> dal Alpha Pharma possono essere acquistati in GetAnabolics. Siamo lieti di presentarvi il nuovo Testosterone Enant. 250 da <span style=\"font-weight: bold;\">Alpha Pharma<\/span>.<br \/>\n<em>Tutti i prodotti che offriamo sono di autentico, di alta qualit\u00e0 composti e hanno un unico obiettivo: aiutare le persone a ottenere la massa muscolare, la forza complessiva, per bruciare i grassi, e di aiutarli nel cammino di perfezione fisica. Per creare un costruttivo e civile connessione con i nostri clienti, noi faremo il massimo sforzo per garantire un servizio di alta qualit\u00e0 e approccio di ogni persona che indirizzo il nostro negozio con cortesia e rispetto.<\/em><br \/>\nLa costruzione e il mantenimento di un corpo splendido, richiedono una combinazione di metodi. Una dieta corretta \u00e8 la prima nella lista delle componenti essenziali necessari per il corpo. In secondo luogo, assicurarsi sempre di <strong>acquistare e utilizzare steroidi legali online<\/strong> non solo per evitare il conflitto con la legge, ma la cosa pi\u00f9 importante, per evitare complicazioni di salute.<br \/>\n<span style=\"font-weight: bold;\">GetAnabolics.Biz<\/span> \u00e8 la online steroidi fornitore appositamente creato e dedicato a fornire a ciascun atleta bodybuilder con i migliori steroidi anabolizzanti a prezzi scontati. Abbiamo scelto marchi pi\u00f9 affidabili di collaborare con, al fine di garantire la sicurezza, la vera e top-notch steroidi per i nostri clienti.<br \/>\nSpedizione steroidi molto in sicurezza \u00e8 la preoccupazione principale per la consegna di steroidi in tutto il mondo. La nostra spedizione discreta garantisce che nessun altro sa che si acquista steroidi on-line.<\/p>\n<h2>Pi\u00f9 Testosterone Enant. 250 Alpha Pharma Informazioni<\/h2>\n<p><b>10 ml fiala, ogni 1 ml contiene 250 mg di Testosterone Enantato<\/b><\/p>\n<p>il Testosterone enanthate \u00e8 un estere di natura androgeni, testosterone. \u00c8 responsabile per il normale sviluppo del sesso maschile caratteristiche. In caso di insufficiente produzione di testosterone, un quasi completo equilibrio funzionale, anatomico, psichico e la carenza di sintomi pu\u00f2 essere ottenuto mediante la sostituzione di testosterone.&#8221;<\/p>\n<p><em>Queste righe descrivere chiaramente quanto sia importante ed efficace testosterone, ormone \u00e8. Uno dei tanti testosterone sostanze \u00e8 il testosterone enantato. In un uomo \u00e8 normalmente utilizzato per il trattamento di ipogonadismo derivanti da carenza di androgeni (1) e anemia (2). Sorprendentemente, nelle scuole di medicina di testosterone enantato \u00e8 utilizzato anche nelle donne e bambini. I ragazzi e la giovent\u00f9 maschile di prendere di crescita, terapia e le donne di avere un &#8220;additivo per il trattamento di alcune forme di crescita dei capezzoli durante il post-menopausa&#8221;. Nella costruzione del corpo, tuttavia, \u00e8 LA &#8220;costruzione di massa di steroidi.&#8221; Non importa cosa pensi di Dianabol, Parabolan, Anadrol 50, Finaject, e gli altri, quando si tratta di forza, massa muscolare, e rapido aumento di peso, il testosterone \u00e8 ancora il &#8220;Re della Strada&#8221;. Testosterone enanthate \u00e8 la controparte Europea di Cypionate Testosterone, che \u00e8 prevalentemente negli stati UNITI (vedi anche Testosterone Cypionate). Testosterone enantato, come la maggior parte dei marchi gi\u00e0 suggerisce, \u00e8 una long-acting deposito di steroidi. A seconda del metabolismo e il corpo iniziale del livello di ormone ha una durata di effetto di due o tre settimane, in modo che teoricamente molto lunghi intervalli tra le iniezioni sono possibili. Anche se il Testosterone enantato \u00e8 efficace per diverse settimane, si \u00e8 iniettato almeno una volta alla settimana in body building, sollevamento pesi, sollevamento pesi. Questo, con ogni mezzo, ha un senso dal momento che il Testosterone enantato ha una emivita plasmatica di tempo nel sangue di una sola settimana.<\/em><\/p>\n<p>Il vantaggio decisivo di Testosterone enantato, tuttavia, \u00e8 che questa sostanza ha un forte effetto androgenico ed \u00e8 accoppiato con una intensa componente anabolizzanti. Questo permette a quasi tutti, all&#8217;interno di un breve periodo di tempo, per costruire un sacco di forza e di massa. L&#8217;, rapido e forte aumento di peso \u00e8 combinato con la ritenzione idrica distinto dal mantenimento di elettroliti e acqua si verifica. Un piacevole effetto \u00e8 che l&#8217;enorme aumento di forza, va di pari passo con la ritenzione idrica. Sollevatori di peso e sollevatori di potenza, soprattutto nelle categorie di peso superiori, apprezzare questa caratteristica. In questo gruppo, Testosterone enantato, Cypionate Testosterone, <a href=\"http:\/\/getanabolics.biz\/it\/prodotto\/sustanon-250-1-box-of-10-ampoules-each-1-amp-contains-250-mg-testosterone-esters\/\">Sustanon 250<\/a> sono il numero uno steroidi; questo \u00e8 testimoniato i dosaggi. Dosi di 500 mg, 1000 mg o anche 2000 mg al giorno non sono rarit\u00e0 mente, per giorno, non una settimana. Le discipline sportive che richiedono un alto grado di potenza, aggressivit\u00e0 e la capacit\u00e0 di resistenza offrono un&#8217;eccellente applicazione per Deposito-Testosterone. La ritenzione idrica distinto ha anche altri vantaggi. Coloro che hanno problemi con le loro articolazioni, spalla cartilagini o i cui dischi intervertebrali, a causa di anni di allenamento pesante, mostra i primi segni di usura, \u00e8 possibile ottenere sollievo temporaneo da assunzione di testosterone.<\/p>\n<p><em>Per il bodybuilder, la ritenzione idrica che va di pari passo con Testosterone enantato tagli in entrambi i modi. Certamente, si ottiene rapidamente massiccia e forte; tuttavia, la sua immagine riflessa dopo un paio di settimane spesso si presenta completamente pianeggiante, acquoso e gonfi di muscoli. I muscoli appaiono come se essi sono stati gonfiati con aria&#8217; a nuove dimensioni, ma durante la flessione non succede nulla. Coloro che non credono che questo dovrebbe preoccuparsi di andare a visitare il cosiddetto &#8220;body building in champions&#8221; durante la bassa stagione, quando questi esagerata quantit\u00e0 di &#8220;Testo&#8221;. Uno sguardo alla ormai defunta rivista di bodybuilding WBF rende ancora pi\u00f9 chiara. Un ulteriore problema quando l&#8217;assunzione di Testosterone enantato \u00e8 che il tasso di conversione in estrogeni \u00e8 molto alta. Questo, da un lato, induce il corpo a immagazzinare pi\u00f9 grasso; d&#8217;altra parte, sintomi di femminilizzazione (ginecomastia) non sono insoliti. Tuttavia, deve essere chiaramente indicato che questo dipende dall&#8217;atleta predisposizione. Con tutti i mezzi, ci sono atleti che anche con 1000 mg \/settimana non mostra sintomi di femminilizzazione o depositi di grasso e che soffrono di ritenzione idrica molto bassa. <a href=\"http:\/\/getanabolics.biz\/it\/tutto-su-proviron-mesterolone\/\">Altri, invece, sviluppare il dolore nella loro capezzoli<\/a> semplicemente guardando un Testoviron-Deposito della fiala. Eppure l&#8217;assunzione supplementare di Nolvadex e Proviron dovrebbe essere considerato un dosaggio di 500 mg \/settimana. Come gi\u00e0 accennato, il Testo \u00e8 efficace per tutti, sia che siate dei principianti o di Mr. Olympia. Testosterone enanthate anche fortemente promuove il processo di rigenerazione. Questo porta ad nettamente pi\u00f9 brevi sovracompensazione fasi, una maggiore sensazione di benessere, e una distinta di aumentare l&#8217;energia. Questo \u00e8 anche il motivo per cui alcuni atleti sono in grado di lavorare fuori due volte al giorno per diverse ore o sei volte a settimana e continuare a costruire la massa e la forza. Chi pu\u00f2 lavorare di nuovo due ore dopo una dura tappa di allenamento sapere che il Testo funziona. Gli atleti che assumono Testosterone enantato report troppo forte effetto pompa durante l&#8217;allenamento. Questo &#8220;steroidi pompa&#8221; \u00e8 stato attribuito ad un aumento del volume di sangue con un maggiore apporto di ossigeno e una maggiore quantit\u00e0 di globuli rossi. Coloro che prendono le megadosi di Testosterone enantato si sente gi\u00e0 un enorme pompa nella loro parte superiore delle cosce e polpacci quando salire le scale. Nonostante questo si consiglia di steroidi novizi di stare lontano da tutti i composti di testosterone. Per fare questo molto chiaro: Coloro che non hanno mai preso steroidi non \u00e8 ancora necessario alcun testosterone e dovrebbe attendere pi\u00f9 tardi, quando i pi\u00f9 &#8220;deboli&#8221; steroidi cominciano ad avere un po &#8216; di effetto. Per i pi\u00f9 avanzati, il Testosterone enanthate pu\u00f2 essere assunto da solo o in combinazione con altri composti.<\/em><\/p>\n<p>Gli effetti collaterali di Testosterone enantato sono per lo pi\u00f9 l&#8217;effetto androgenico distinto e l&#8217;aumento di ritenzione di acqua. Questo \u00e8 di solito il motivo per la frequente presenza di ipertonia (3). Coloro che hanno una predisposizione per la pressione alta del sangue o la cui pressione arteriosa \u00e8 elevata quando si inizia l&#8217;assunzione di Testosterone enantato dovrebbe avere periodicamente controllato da un medico. Se necessario, l&#8217;assunzione di un farmaco antipertensivo (4), come Catapresan \u00e8 consigliabile. Molti atleti esperienza di una forte acne vulgaris con Testosterone enantato, che si manifesta sulla schiena, il petto, le spalle e le braccia pi\u00f9 che sul viso. Gli atleti che assumono grandi quantit\u00e0 di Testo, spesso, pu\u00f2 essere facilmente riconosciuto a causa di queste caratteristiche. \u00c8 interessante notare che in alcuni atleti queste caratteristiche si verificano solo dopo l&#8217;uso del farmaco \u00e8 stato interrotto, il che implica un effetto di rimbalzo. In casi gravi, il Accutane farmaco pu\u00f2 aiutare. Il gi\u00e0 discusso sintomi di femminilizzazione, soprattutto ginecomastia, richiede l&#8217;assunzione di un anti-estrogeno. Eccesso di stimolazione sessuale con frequenti erezioni all&#8217;inizio della normale assunzione. In giovani atleti che, &#8220;oltre a virilizzazione,il testosterone pu\u00f2 anche portare a un&#8217;accelerazione della crescita e la maturazione ossea, ad una prematura epifisaria chiusura delle placche di crescita e, quindi, ad un&#8217;altezza inferiore&#8221; (Jenapharm GmbH, inserto per Testosteron-Depot).&#8217; Poich\u00e9 la maggior parte pi\u00f9 alta atleti di successo nella costruzione del corpo, i giovani adulti dovrebbero riflettere attentamente prima di prendere qualsiasi steroidi anabolizzanti\/androgeni, in particolare il testosterone.<\/p>\n<p>un Altro interessante effetto collaterale di Testosterone enantato \u00e8 menzionato nella rivista di bodybuilding Muscolare Media 2000, giugno, luglio 1993, a pagina 45. Giudicare se questo sia positivo o negativo \u00e8 lasciata al lettore. &#8216;Un paio di anni fa, sulla Rivista Medica the Lancet di Inghilterra hanno riferito che hanno trovato il testosterone (il proto-tipo di steroidi anabolizzanti) di essere notevolmente efficace forma di maschio controllo delle nascite. Ricercatori hanno effettuato 12 mesi di studi 270 uomini e determinato che iniezioni settimanali di testosterone sono stati &#8216;sicuro, stabile ed efficace.&#8217; Hanno scoperto che il settimanale di iniezioni di testosterone avuto un tasso di successo del 99,2% come un metodo di controllo delle nascite. Che rende pi\u00f9 efficace della pillola di controllo delle nascite (97%) e molto pi\u00f9 efficace di preservativi (88%). Lo studio ha anche rivelato che gli effetti del contraccettivo iniezioni sono stati completamente reversibili con la sospensione somministrazione del farmaco e che le iniezioni di testosterone prodotto il minimo di effetti collaterali.&#8221;<\/p>\n<p><strong>studi Simili con gli stessi dati sono, inoltre, in corso in un&#8217;universit\u00e0 tedesca clinica. Anche se questo non \u00e8 parte del soggetto di questo libro, questi risultati stress almeno la necessit\u00e0 di testosterone composti stimolanti durante e dopo l&#8217;assunzione di Testosterone enantato. Dal momento che \u00e8 efficace per un periodo cos\u00ec lungo di tempo, il Testosterone enantato \u00e8 sempre pi\u00f9 frequentemente adottate dagli atleti durante la loro &#8220;steroidi intervalli.&#8221; Un&#8217;iniezione di 250 mg ogni 2-3 settimane aiuta a mantenere la forza e la massa. Se questa applicazione rende il senso resta da vedere; il fatto \u00e8 che funziona.<\/strong><\/p>\n<h3>Leggi di pi\u00f9<\/h3>\n<p><a href=\"http:\/\/getanabolics.biz\/it\/ottimi-risultati-del-miglior-trenbolone-acetato\/\">GRANDI RISULTATI DAL MIGLIOR ACETATO DI TRENBOLONE<\/a><\/p>\n<p><a href=\"http:\/\/getanabolics.biz\/it\/tutto-quello-che-ce-da-sapere-sul-anadrol\/\">TUTTO QUELLO CHE DEVI SAPERE SU ANADROL<\/a><\/p>\n<p><a href=\"http:\/\/getanabolics.biz\/it\/leffetto-degli-steroidi-sulla-pelle-umana\/\">L&#8217;EFFETTO DELLA STEROIDI SULLA PELLE UMANA<\/a><\/p>\n<p><a href=\"http:\/\/getanabolics.biz\/it\/raccogli-una-massa-secca-senza-effetti-collaterali\/\">RACCOGLI UNA MASSA ASCIUTTA SENZA EFFETTI COLLATERALI<\/a><\/p>\n<p><a href=\"http:\/\/getanabolics.biz\/it\/quale-dovrebbe-essere-la-durata-del-corso-degli-steroidi\/\">COSA DEVE ESSERE LA DURATA DEL CORSO DI STEROIDI?<\/a><\/p>\n","protected":false},"excerpt":{"rendered":"<p>Pacchetto: 10 ml fiala, ogni 1 ml contiene 250 mg di Testosterone Enantato<br \/>Produttore: Alpha Pharma<br \/>Marca: Testosterone Enant. 250<br \/>Conosciuto anche come: Testobolin<\/p>\n","protected":false},"featured_media":300,"comment_status":"open","ping_status":"closed","template":"","meta":[],"product_cat":[106,119],"product_tag":[64],"_links":{"self":[{"href":"https:\/\/getanabolics.biz\/it\/wp-json\/wp\/v2\/product\/823"}],"collection":[{"href":"https:\/\/getanabolics.biz\/it\/wp-json\/wp\/v2\/product"}],"about":[{"href":"https:\/\/getanabolics.biz\/it\/wp-json\/wp\/v2\/types\/product"}],"replies":[{"embeddable":true,"href":"https:\/\/getanabolics.biz\/it\/wp-json\/wp\/v2\/comments?post=823"}],"wp:featuredmedia":[{"embeddable":true,"href":"https:\/\/getanabolics.biz\/it\/wp-json\/wp\/v2\/media\/300"}],"wp:attachment":[{"href":"https:\/\/getanabolics.biz\/it\/wp-json\/wp\/v2\/media?parent=823"}],"wp:term":[{"taxonomy":"product_cat","embeddable":true,"href":"https:\/\/getanabolics.biz\/it\/wp-json\/wp\/v2\/product_cat?post=823"},{"taxonomy":"product_tag","embeddable":true,"href":"https:\/\/getanabolics.biz\/it\/wp-json\/wp\/v2\/product_tag?post=823"}],"curies":[{"name":"wp","href":"https:\/\/api.w.org\/{rel}","templated":true}]}}