{"id":822,"date":"2017-04-27T10:31:41","date_gmt":"2017-04-27T11:10:58","guid":{"rendered":"http:\/\/getanabolics.biz\/product\/sustanon-250-10ml-flacone-multidose-contiene-2500mg-250mgml-esteri-di-testosterone\/"},"modified":"2018-01-21T12:53:41","modified_gmt":"2018-01-21T12:53:41","slug":"sustanon-250-10ml-multidose-vial-contains-2500mg-250mgml-testosterone-esters","status":"publish","type":"product","link":"https:\/\/getanabolics.biz\/it\/prodotto\/sustanon-250-10ml-multidose-vial-contains-2500mg-250mgml-testosterone-esters\/","title":{"rendered":"Sustanon 250 &#8211; Alpha Pharma"},"content":{"rendered":"<h2>Comprare Sustanon 250 &#8211; Alpha Pharma (Induject-250)<\/h2>\n<p><a title=\"Comprare Sustanon 250 al GetAnabolics\"><img src=\"http:\/\/getanabolics.biz\/images\/androx-400.jpg\" alt=\"Induject-250\" width=\"30%\" align=\"right\" \/><\/a><br \/>\nPer chi \u00e8 alla ricerca di Sustanon 250 e chiedendo dove acquistare Sustanon 250 dal Alpha Pharma fatta offriamo Induject-250 come la scelta migliore per i veri bodybuilder.<br \/>\nDa oggi una <strong>grande variet\u00e0 di steroidi iniettabili cos\u00ec come gli steroidi per via orale e ciclo di terapia post<\/strong> dal Alpha Pharma possono essere acquistati in GetAnabolics. Siamo lieti di presentarvi il nuovo Sustanon 250 da <span style=\"font-weight: bold;\">Alpha Pharma<\/span>.<br \/>\n<em>Tutti i prodotti che offriamo sono di autentico, di alta qualit\u00e0 composti e hanno un unico obiettivo: aiutare le persone a ottenere la massa muscolare, la forza complessiva, per bruciare i grassi, e di aiutarli nel cammino di perfezione fisica. Per creare un costruttivo e civile connessione con i nostri clienti, noi faremo il massimo sforzo per garantire un servizio di alta qualit\u00e0 e approccio di ogni persona che indirizzo il nostro negozio con cortesia e rispetto.<\/em><br \/>\nLa costruzione e il mantenimento di un corpo splendido, richiedono una combinazione di metodi. Una dieta corretta \u00e8 la prima nella lista delle componenti essenziali necessari per il corpo. In secondo luogo, assicurarsi sempre di <strong>acquistare e utilizzare steroidi legali online<\/strong> non solo per evitare il conflitto con la legge, ma la cosa pi\u00f9 importante, per evitare complicazioni di salute.<br \/>\n<span style=\"font-weight: bold;\">GetAnabolics.Biz<\/span> \u00e8 la online steroidi fornitore appositamente creato e dedicato a fornire a ciascun atleta bodybuilder con i migliori steroidi anabolizzanti a prezzi scontati. Abbiamo scelto marchi pi\u00f9 affidabili di collaborare con, al fine di garantire la sicurezza, la vera e top-notch steroidi per i nostri clienti.<br \/>\nSpedizione steroidi molto in sicurezza \u00e8 la preoccupazione principale per la consegna di steroidi in tutto il mondo. La nostra spedizione discreta garantisce che nessun altro sa che si acquista steroidi on-line.<\/p>\n<h2>Pi\u00f9 Sustanon 250 Alpha Pharma Informazioni<\/h2>\n<p><b>10ml flacone multidose contiene 2500mg (250mg\/ml) Esteri di Testosterone<\/b><\/p>\n<p><strong>Androx 400 per ml contiene:<\/strong><br \/>\n<strong> \u2022 100 mg di Testosterone Fenilpropionato<\/strong><br \/>\n<strong> \u2022 100 mg di Testosterone Cypionate<\/strong><br \/>\n<strong> \u2022 100 mg di Testosterone Decanoato<\/strong><br \/>\n<strong> \u2022 100 mg di Testosterone Isocaproate<\/strong><\/p>\n<p>Sustanon \u00e8 uno steroide molto popolare, che \u00e8 molto apprezzato dai suoi utenti in quanto offre diversi vantaggi rispetto ad altri composti di testosterone. Sustanon \u00e8 una miscela di quattro diversi testosterone che, sulla base della tempestivit\u00e0 della composizione, avere un effetto sinergico. Questa particolare caratteristica ha due caratteristiche positive per l&#8217;atleta. Il primo, basato sulla combinazione speciale effetto dei composti, Sustanon, milligrammo per milligrammo, ha un effetto migliore del Testosterone enantato, cypionate, propionato da solo. Secondo, l&#8217;effetto dei quattro testosterone \u00e8 rilasciato a tempo in modo che Sustanon va rapidamente nel sistema e rimane efficace per il corpo per diverse settimane. A causa della propionato anche nella steroidi, Sustanon \u00e8 efficace dopo un giorno e, sulla base dei misti in decanoates, rimane attivo per 3-4 settimane.<\/p>\n<p><em>Sustanon ha un effetto androgenico distinto che \u00e8 accoppiato con un forte effetto anabolizzante. \u00c8 quindi adatto per costruire forza e massa. Un rapido aumento della forza del corpo e un aumento anche peso corporeo verificarsi. Gli atleti che fanno uso di Sustanon report una solida crescita muscolare in quanto i risultati in meno ritenzione idrica e aromatizza anche meno rispetto al testosterone enantato o cypionate. Infatti molti culturisti che fanno uso di testosterone e di lotta contro la ritenzione idrica distinto e un elevato livello di estrogeni rispetto ad altri preferiscono Sustanon long-acting depot testosterone.<\/em><\/p>\n<p><em>si \u00e8 inoltre notato che Sustanon \u00e8 efficace anche quando le dosi relativamente basse sono date per atleti avanzati. \u00c8 interessante notare che, quando Sustanon \u00e8 dato per gli atleti che hanno gi\u00e0 utilizzato questo composto nello stesso o in basse dosi, si porta a buoni risultati simili, come durante la presa precedente. Sustanon di solito \u00e8 iniettato almeno una volta alla settimana, che pu\u00f2 essere allungato fino a 10 giorni. Il dosaggio bodybuilding e powerlifting va da 250 mg ogni 14 giorni fino a 1000 mg o pi\u00f9 al giorno. Dal momento che, ad alti dosaggi non sono raccomandato e, fortunatamente, sono anche prese in maggior parte dei casi la regola \u00e8 250-1000 mg\/settimana. Una dose di 500 mg\/settimana \u00e8 pi\u00f9 che sufficiente per la maggior parte, e spesso pu\u00f2 essere ridotta a 250 mg\/ settimana combinando Sustanon con uno steroide orale. Sustanon \u00e8 ben tollerata come una base di steroidi durante il trattamento che stimola la rigenerazione, d\u00e0 all&#8217;atleta una sufficiente &#8220;calcio&#8221; per le unit\u00e0 di addestramento intenso, e al fianco del gi\u00e0 citato vantaggio di un rapido aumento di forza e massa muscolare guadagno si distingue anche per la sua compatibilit\u00e0. Al fine di aumentare la massa veloce Sustanon \u00e8 spesso combinato con Deca-Durabolin, <a href=\"http:\/\/getanabolics.biz\/it\/acquistare-dianabol-online-su-getanabolics-biz\/\">Dianabol <\/a>o <a href=\"http:\/\/getanabolics.biz\/it\/prodotto\/anadrol-50-tabs-each-tab-contains-50-mg-oxymetholone\/\">Anadrol<\/a>, mentre gli atleti che sono pi\u00f9 in qualit\u00e0 preferiscono combinare con <a href=\"http:\/\/getanabolics.biz\/it\/prodotto\/parabolan-box-of-10-ampoules-of-1ml-75mg-ml-trenbolone-hexahydrobenzylcarbonate\/\">Parabolan<\/a>, <a href=\"http:\/\/getanabolics.biz\/it\/prodotto\/winstrol-tabs-10-acquistare-pillole-winstrol-50-schede-ciascuna-contiene-10-mg-di-stanozolol\/\">Winstrol<\/a>, Oxandrolone o Primobolan.<\/em><\/p>\n<h3>Leggi di pi\u00f9<\/h3>\n<p><a href=\"http:\/\/getanabolics.biz\/it\/tutto-su-proviron-mesterolone\/\">TUTTO SU PROVIRON (MESTEROLONE)<\/a><\/p>\n<p><a href=\"http:\/\/getanabolics.biz\/it\/acquistare-clomid-online-su-getanabolics-biz\/\">ACQUISTA CLOMID ONLINE SU GETANABOLICS.BIZ<\/a><\/p>\n<p><a href=\"http:\/\/getanabolics.biz\/it\/creatina-su-un-ciclo-di-steroidi\/\">CREATINA SU UN CORSO DI STEROIDI<\/a><\/p>\n<p><a href=\"http:\/\/getanabolics.biz\/it\/raccogli-una-massa-secca-senza-effetti-collaterali\/\">RACCOGLI UNA MASSA ASCIUTTA SENZA EFFETTI COLLATERALI<\/a><\/p>\n<p><a href=\"http:\/\/getanabolics.biz\/it\/quale-dovrebbe-essere-la-durata-del-corso-degli-steroidi\/\">COSA DEVE ESSERE LA DURATA DEL CORSO DI STEROIDI?<\/a><\/p>\n","protected":false},"excerpt":{"rendered":"<p>Pacchetto: 10ml flacone multidose contiene 2500mg (250mg\/ml) Esteri di Testosterone<br \/>Produttore: Alpha Pharma<br \/>Marca: Sustanon 250<br \/>Conosciuto anche come: Induject-250<\/p>\n","protected":false},"featured_media":294,"comment_status":"open","ping_status":"closed","template":"","meta":[],"product_cat":[106],"product_tag":[64],"_links":{"self":[{"href":"https:\/\/getanabolics.biz\/it\/wp-json\/wp\/v2\/product\/822"}],"collection":[{"href":"https:\/\/getanabolics.biz\/it\/wp-json\/wp\/v2\/product"}],"about":[{"href":"https:\/\/getanabolics.biz\/it\/wp-json\/wp\/v2\/types\/product"}],"replies":[{"embeddable":true,"href":"https:\/\/getanabolics.biz\/it\/wp-json\/wp\/v2\/comments?post=822"}],"wp:featuredmedia":[{"embeddable":true,"href":"https:\/\/getanabolics.biz\/it\/wp-json\/wp\/v2\/media\/294"}],"wp:attachment":[{"href":"https:\/\/getanabolics.biz\/it\/wp-json\/wp\/v2\/media?parent=822"}],"wp:term":[{"taxonomy":"product_cat","embeddable":true,"href":"https:\/\/getanabolics.biz\/it\/wp-json\/wp\/v2\/product_cat?post=822"},{"taxonomy":"product_tag","embeddable":true,"href":"https:\/\/getanabolics.biz\/it\/wp-json\/wp\/v2\/product_tag?post=822"}],"curies":[{"name":"wp","href":"https:\/\/api.w.org\/{rel}","templated":true}]}}