{"id":821,"date":"2017-04-27T10:31:41","date_gmt":"2017-04-27T11:10:58","guid":{"rendered":"http:\/\/getanabolics.biz\/product\/sustanon-250-1-scatola-da-10-fiale-ciascuna-di-1-amp-contiene-250-mg-di-testosterone-esteri\/"},"modified":"2018-01-21T17:21:47","modified_gmt":"2018-01-21T17:21:47","slug":"sustanon-250-1-box-of-10-ampoules-each-1-amp-contains-250-mg-testosterone-esters","status":"publish","type":"product","link":"https:\/\/getanabolics.biz\/it\/prodotto\/sustanon-250-1-box-of-10-ampoules-each-1-amp-contains-250-mg-testosterone-esters\/","title":{"rendered":"Sustanon 250 &#8211; Alpha Pharma"},"content":{"rendered":"<h2>Comprare Sustanon 250 &#8211; Alpha Pharma (Induject-250)<\/h2>\n<p><a title=\"Comprare Sustanon 250 al GetAnabolics\"><img src=\"http:\/\/getanabolics.biz\/images\/sustanon-250-organon.jpg\" alt=\"Induject-250\" width=\"30%\" align=\"right\" \/><\/a><br \/>\nPer chi \u00e8 alla ricerca di Sustanon 250 e chiedendo dove acquistare Sustanon 250 dal Alpha Pharma fatta offriamo Induject-250 come la scelta migliore per i veri bodybuilder.<br \/>\nDa oggi una <strong>grande variet\u00e0 di steroidi iniettabili cos\u00ec come gli steroidi per via orale e ciclo di terapia post<\/strong> dal Alpha Pharma possono essere acquistati in GetAnabolics. Siamo lieti di presentarvi il nuovo Sustanon 250 da <span style=\"font-weight: bold;\">Alpha Pharma<\/span>.<br \/>\nTutti i prodotti che offriamo sono di autentico, di alta qualit\u00e0 composti e hanno un unico obiettivo: aiutare le persone a ottenere la massa muscolare, la forza complessiva, per bruciare i grassi, e di aiutarli nel cammino di perfezione fisica. Per creare un costruttivo e civile connessione con i nostri clienti, noi faremo il massimo sforzo per garantire un servizio di alta qualit\u00e0 e approccio di ogni persona che indirizzo il nostro negozio con cortesia e rispetto.<br \/>\n<em>La costruzione e il mantenimento di un corpo splendido, richiedono una combinazione di metodi. Una dieta corretta \u00e8 la prima nella lista delle componenti essenziali necessari per il corpo. In secondo luogo, assicurarsi sempre di <strong>acquistare e utilizzare steroidi legali online<\/strong> non solo per evitare il conflitto con la legge, ma la cosa pi\u00f9 importante, per evitare complicazioni di salute.<\/em><br \/>\n<span style=\"font-weight: bold;\">GetAnabolics.Biz<\/span> \u00e8 la online steroidi fornitore appositamente creato e dedicato a fornire a ciascun atleta bodybuilder con i migliori steroidi anabolizzanti a prezzi scontati. Abbiamo scelto marchi pi\u00f9 affidabili di collaborare con, al fine di garantire la sicurezza, la vera e top-notch steroidi per i nostri clienti.<br \/>\nSpedizione steroidi molto in sicurezza \u00e8 la preoccupazione principale per la consegna di steroidi in tutto il mondo. La nostra spedizione discreta garantisce che nessun altro sa che si acquista steroidi on-line.<\/p>\n<h2>Pi\u00f9 Sustanon 250 Alpha Pharma Informazioni<\/h2>\n<p><b>1 scatola da 10 fiale, ciascuna di 1 amp contiene 250 mg di Testosterone Esteri<\/b><\/p>\n<p><strong>Classe di droga: la soluzione Iniettabile di androgeni e degli steroidi anabolizzanti<\/strong><br \/>\n<strong> Consigliato dosaggio medio: Tra 250 e 1000 mg a settimana per gli uomini<\/strong><br \/>\n<strong> Active life: Circa 21 giorni<\/strong><br \/>\n<strong> Ritenzione idrica: S\u00ec<\/strong><br \/>\n<strong> Tossico per il fegato: S\u00ec, ma in basso<\/strong><br \/>\n<strong> Diminuisce la funzione HPTA: Extreme<\/strong><br \/>\n<strong> DTH Conversione:<\/strong><br \/>\n<strong> Aromatizzazione: S\u00ec<\/strong><\/p>\n<p><em>Sustanon 250 \u00e8 uno dei pi\u00f9 popolari e importanti forme di testosterone iniettabile. Esso \u00e8 stato ampiamente utilizzato da atleti e body builder da quando \u00e8 stato rilasciato nei mercati, nel 1970. Questo farmaco \u00e8 stato sviluppato e commercializzato da Organon. E &#8216; stato preparato per essere pi\u00f9 vantaggioso rispetto a qualsiasi altro singolo prodotto di testosterone. Si tratta di un farmaco che offre un rapido rilascio di testosterone e quindi pi\u00f9 graduale estesa rilascia l&#8217;ormone. Si compone di quattro esteri di testosterone \u2013 30milligrams di Testosterone Propionato, 60 milligrammi di Testosterone Isocaproate, 60 milligrammi di Testosterone Fenilpropionato e 100 milligrammi di Testosterone Decanoato per ml.<\/em><\/p>\n<p>Come un potente steroide anabolizzante, con elevate propriet\u00e0 androgeni, le donne non dovrebbero usare questo steroide. Il pi\u00f9 basso livello di dosaggio per gli uomini \u00e8 di 250 mg a settimana come terapia sostitutiva di testosterone. Dosaggio raccomandato per un buon primo ciclo \u00e8 di 500mg a settimana. Il dosaggio pu\u00f2 essere aumentato a 750 mg a settimana per pi\u00f9 apprezzabili risultati. Solo gli utenti avanzati possono utilizzare 1000mg alla settimana e questo deve essere accompagnato da un controllo degli estrogeni farmaci.<\/p>\n<blockquote><p>Sustanon 250 \u00e8 fondamentalmente una miscela di quattro diversi tipi di preparazioni di testosterone, per ottenere diversi tempi di rilascio. Come risultato, gli effetti di Sustanon 250 sono la stessa di quella del testosterone. Anche se si tratta di una miscela di quattro esteri di testosterone, che \u00e8 pi\u00f9 potente come il testosterone in preparazione. Uso di Sustanon 250 a dosi maggiori di 250 mg a settimana risultati in rapida e costante aumento della massa muscolare. <a href=\"http:\/\/getanabolics.biz\/it\/acquistare-dianabol-online-su-getanabolics-biz\/\">Inoltre, migliora la qualit\u00e0 muscolare e fornisce un ingombrante look<\/a>. \u00c8 anche ampiamente utilizzato da atleti e body builders per costruire la forza.<\/p><\/blockquote>\n<p><em>Tuttavia, Sustanon 250 aromatizza in grado elevato, e questo aumenta i livelli di estrogeni nel corpo umano. Questo \u00e8 il motivo per cui Sustanon 250 deve essere utilizzato in combinazione con estrogeni prodotti per il controllo di come <a href=\"http:\/\/getanabolics.biz\/it\/prodotto\/nolvadex-100-tabs-each-tab-contains-20mg-tamoxifen-citrate\/\">Nolvadex <\/a>e anti-aromatasi farmaci come Aromasin <a href=\"http:\/\/getanabolics.biz\/it\/prodotto\/arimidex-30-schede-ciascuna-contiene-1-mg-di-anastrozolo\/\">Arimidex <\/a>e. Non \u00e8 molto stressante per il fegato, ma provoca ritenzione di acqua alta. Inoltre, aumenta il rischio di Gyneconmastia e altri estrogeni problemi legati al colesterolo problemi. I livelli di pressione sanguigna sono anche aumentati a seguito di Sustanon 250 di utilizzo. Inoltre, provoca atrofia testicolare.<\/em><\/p>\n<p><b>Acquistare Sustanon online<\/b> \u00e8 originale al 100% dal venditore ufficiale.<\/p>\n<h3>Leggi di pi\u00f9<\/h3>\n<p><a href=\"http:\/\/getanabolics.biz\/it\/tutto-su-proviron-mesterolone\/\">TUTTO SU PROVIRON (MESTEROLONE)<\/a><\/p>\n<p><a href=\"http:\/\/getanabolics.biz\/it\/acquistare-clomid-online-su-getanabolics-biz\/\">ACQUISTA CLOMID ONLINE SU GETANABOLICS.BIZ<\/a><\/p>\n<p><a href=\"http:\/\/getanabolics.biz\/it\/creatina-su-un-ciclo-di-steroidi\/\">CREATINA SU UN CORSO DI STEROIDI<\/a><\/p>\n<p><a href=\"http:\/\/getanabolics.biz\/it\/raccogli-una-massa-secca-senza-effetti-collaterali\/\">RACCOGLI UNA MASSA ASCIUTTA SENZA EFFETTI COLLATERALI<\/a><\/p>\n<p><a href=\"http:\/\/getanabolics.biz\/it\/quale-dovrebbe-essere-la-durata-del-corso-degli-steroidi\/\">COSA DEVE ESSERE LA DURATA DEL CORSO DI STEROIDI?<\/a><\/p>\n","protected":false},"excerpt":{"rendered":"<p>Pacchetto: 1 scatola da 10 fiale, ciascuna di 1 amp contiene 250 mg di Testosterone Esteri<br \/>Produttore: Alpha Pharma<br \/>Marca: Sustanon 250<br \/>Conosciuto anche come: Induject-250<\/p>\n","protected":false},"featured_media":294,"comment_status":"open","ping_status":"closed","template":"","meta":[],"product_cat":[106],"product_tag":[64],"_links":{"self":[{"href":"https:\/\/getanabolics.biz\/it\/wp-json\/wp\/v2\/product\/821"}],"collection":[{"href":"https:\/\/getanabolics.biz\/it\/wp-json\/wp\/v2\/product"}],"about":[{"href":"https:\/\/getanabolics.biz\/it\/wp-json\/wp\/v2\/types\/product"}],"replies":[{"embeddable":true,"href":"https:\/\/getanabolics.biz\/it\/wp-json\/wp\/v2\/comments?post=821"}],"wp:featuredmedia":[{"embeddable":true,"href":"https:\/\/getanabolics.biz\/it\/wp-json\/wp\/v2\/media\/294"}],"wp:attachment":[{"href":"https:\/\/getanabolics.biz\/it\/wp-json\/wp\/v2\/media?parent=821"}],"wp:term":[{"taxonomy":"product_cat","embeddable":true,"href":"https:\/\/getanabolics.biz\/it\/wp-json\/wp\/v2\/product_cat?post=821"},{"taxonomy":"product_tag","embeddable":true,"href":"https:\/\/getanabolics.biz\/it\/wp-json\/wp\/v2\/product_tag?post=821"}],"curies":[{"name":"wp","href":"https:\/\/api.w.org\/{rel}","templated":true}]}}