{"id":819,"date":"2017-04-27T10:31:41","date_gmt":"2017-04-27T11:10:58","guid":{"rendered":"http:\/\/getanabolics.biz\/product\/clomid-10-compresse-contiene-50-mg-di-citrato-di-clomifene\/"},"modified":"2018-01-21T16:59:19","modified_gmt":"2018-01-21T16:59:19","slug":"clomid-10-compresse-contiene-50-mg-di-citrato-di-clomifene","status":"publish","type":"product","link":"https:\/\/getanabolics.biz\/it\/prodotto\/clomid-10-compresse-contiene-50-mg-di-citrato-di-clomifene\/","title":{"rendered":"Clomid &#8211; Alpha-Pharma"},"content":{"rendered":"<h2>Comprare Clomid &#8211; Alpha-Pharma (Promifen)<\/h2>\n<p><a title=\"Comprare Clomid al GetAnabolics\"><img src=\"http:\/\/getanabolics.biz\/images\/ovinum.jpg\" alt=\"Promifen\" width=\"30%\" align=\"right\" \/><\/a><br \/>\nPer chi \u00e8 alla ricerca di Clomid e chiedendo dove acquistare Clomid dal Alpha-Pharma fatta offriamo Promifen come la scelta migliore per i veri bodybuilder.<br \/>\nDa oggi una <strong>grande variet\u00e0 di steroidi iniettabili cos\u00ec come gli steroidi per via orale e ciclo di terapia post<\/strong> dal Alpha-Pharma possono essere acquistati in GetAnabolics. Siamo lieti di presentarvi il nuovo Clomid da <span style=\"font-weight: bold;\">Alpha-Pharma<\/span>.<br \/>\n<em>Tutti i prodotti che offriamo sono di autentico, di alta qualit\u00e0 composti e hanno un unico obiettivo: aiutare le persone a ottenere la massa muscolare, la forza complessiva, per bruciare i grassi, e di aiutarli nel cammino di perfezione fisica. Per creare un costruttivo e civile connessione con i nostri clienti, noi faremo il massimo sforzo per garantire un servizio di alta qualit\u00e0 e approccio di ogni persona che indirizzo il nostro negozio con cortesia e rispetto.<\/em><br \/>\nLa costruzione e il mantenimento di un corpo splendido, richiedono una combinazione di metodi. Una dieta corretta \u00e8 la prima nella lista delle componenti essenziali necessari per il corpo. In secondo luogo, assicurarsi sempre di <strong>acquistare e utilizzare steroidi legali online<\/strong> non solo per evitare il conflitto con la legge, ma la cosa pi\u00f9 importante, per evitare complicazioni di salute.<br \/>\n<span style=\"font-weight: bold;\">GetAnabolics.Biz<\/span> \u00e8 la online steroidi fornitore appositamente creato e dedicato a fornire a ciascun atleta bodybuilder con i migliori steroidi anabolizzanti a prezzi scontati. Abbiamo scelto marchi pi\u00f9 affidabili di collaborare con, al fine di garantire la sicurezza, la vera e top-notch steroidi per i nostri clienti.<br \/>\n<em>Spedizione steroidi molto in sicurezza \u00e8 la preoccupazione principale per la consegna di steroidi in tutto il mondo. La nostra spedizione discreta garantisce che nessun altro sa che si acquista steroidi on-line.<\/em><\/p>\n<h2>Pi\u00f9 Clomid Alpha-Pharma Informazioni<\/h2>\n<p><b>10 compresse contiene 50 mg Clomiphene Citrate<\/b><\/p>\n<blockquote><p>il Clomid non \u00e8 un anabolizzanti\/androgeni steroidi. Dal momento che \u00e8 un estrogeno sintetico che appartiene, invece, al gruppo di ormoni sessuali. Nella scuola di Clomid farmaco \u00e8 normalmente utilizzato per determinare l&#8217;ovulazione. Clomid ha anche una forte influenza sulla hypothalamohypophysial testicolare. Stimola l&#8217;ipo-physis per il rilascio di pi\u00f9 gonadotropina una pi\u00f9 rapida e maggiore \u00e8 il rilascio di FSH (ormone follicolo stimolante) e LH (luteinizzante ormone) si verifica. Questo si traduce in un elevato endogena (corpo proprio) livello di testosterone.<\/p><\/blockquote>\n<p>Clomid e soprattutto efficace quando il corpo della propria produzione di testosterone, per l&#8217;assunzione di anabolizzanti\/androgeni steroidi, \u00e8 soppressa. Nella maggior parte dei casi Clomid in grado di normalizzare il livello di testosterone e la spermatogenesi (sperma di sviluppo) all&#8217;interno di 10 &#8211; 14 giorni. Per questo motivo Clomid presi principalmente dopo steroidi sono cessate. A questo tempo \u00e8 estremamente importante per portare la produzione di testosterone di un normale livello velocemente come possibile in modo che la perdita di forza e massa muscolare \u00e8 ridotto al minimo. Risultati ancora migliori possono essere raggiunti se il Clomid combinato con HCG e Clomid quando viene utilizzato dopo l&#8217;assunzione di HCG.<\/p>\n<h1>Comprare Clomid<\/h1>\n<p><em><strong>Paradossalmente, anche se il Clomid<\/strong> \u00e8 un estrogeno sintetico funziona anche come un antiestrogeno. Il motivo \u00e8 che Clomid ha solo un bassissimo effetto estrogenico e quindi il pi\u00f9 forte gli estrogeni che, per esempio, si formano durante l&#8217;aromatizzazione degli steroidi, che sono bloccati a livello dei recettori. Queste sono quelle che si sviluppano durante la aromatiz-ing di steroidi. Questo non impedisce di steroidi da aromatizzare, ma l&#8217;aumento di estrogeni \u00e8 gran parte disattivato dal momento che non si pu\u00f2 attaccare ai recettori. L&#8217;aumento di ritenzione di acqua e la possibile segni di femminilizzazione pu\u00f2 quindi essere ridotto o addirittura evitato. Dal momento che il antiestrogeni effetto di Clomid inferiori a quelli rilevati in <a href=\"http:\/\/getanabolics.biz\/it\/prodotto\/proviron-buy-proviron-50-tabs-each-tab-25mg-mesterolone\/\">Proviron<\/a>, <a href=\"http:\/\/getanabolics.biz\/it\/prodotto\/nolvadex-100-tabs-each-tab-contains-20mg-tamoxifen-citrate\/\">Nolvadex<\/a>, e Teslac \u00e8 principalmente preso come un testosterone stimolante.<\/em><\/p>\n<p><strong>Clomid \u00e8 un farmaco che promuove<\/strong> la produzione del corpo di ormone stimolante della, gonadotropina, che a sua volta aumenta il livello di testosterone. \u00c8, per esempio, somministrato a donne come un cosiddetto antiestrogen per determinare l&#8217;ovulazione (&#8220;l&#8217;ovulazione stimolatore&#8221;).<\/p>\n<p><em>gli effetti Collaterali di <strong>Clomid<\/strong> sono molto rari, se ragionevole dosaggi sono presi. I possibili effetti collaterali sono climaterio caldo lampeggia e occasionali disturbi visivi, che possono manifestarsi con una visione sfocata, mi sfarfallio o lampeggiante. Dovrebbe disturbi visivi, il produttore consiglia di sospensione Clomid trattamento. Inadeguate le funzioni del fegato non pu\u00f2 essere escluso; tuttavia, essi sono molto improbabile. Nelle donne l&#8217;allargamento della ovaie e il dolore addominale pu\u00f2 verificarsi nel momento in cui Clomid stimola le ovaie. Quando l&#8217;assunzione di Clomid e multipli la gravidanza \u00e8 possibile. Per quanto riguarda il dosaggio, 50-100 mg\/die (1 -2 compresse) sembra essere sufficiente. Il le compresse sono di solito prese con i liquidi dopo i pasti. Se le compresse sono presi, si consiglia di essere somministrato in dosi uguali distribuito attraverso-out il giorno. La durata di assunzione \u00e8 stato rummored per non essere preso per pi\u00f9 thatn di 10-14 giorni. <strong>Questo<\/strong> non \u00e8 corretto. Studi clinici con pazienti di sesso maschile hanno mostrato clomid per essere utilizzato per un massimo di un anno o pi\u00f9. La maggior parte degli atleti iniziare con 100 mg al giorno, l&#8217;assunzione di una compressa da 50 mg ogni mattina e sera dopo i pasti. Dopo il quinto giorno, il dosaggio \u00e8 spesso ridotto ad una sola compressa da 50 mg per giorno di solito non \u00e8 necessario prendere il composto per pi\u00f9 di dieci giorni, al fine di aumentare la la produzione endogena di testosterone.<\/em><\/p>\n<h3>Leggi di pi\u00f9<\/h3>\n<p><a href=\"http:\/\/getanabolics.biz\/it\/acquistare-clomid-online-su-getanabolics-biz\/\">ACQUISTA CLOMID ONLINE SU GETANABOLICS.BIZ<\/a><\/p>\n<p><a href=\"http:\/\/getanabolics.biz\/it\/growth-hormone-hgh-fatti-piu-importanti\/\">HORMONE DELLA CRESCITA HGH &#8211; I FATTI PI\u00d9 IMPORTANTI<\/a><\/p>\n<p><a href=\"http:\/\/getanabolics.biz\/it\/caratteristiche-di-brevi-corsi-di-steroidi\/\">CARATTERISTICHE DEI CORSI BREVI DI STEROIDI<\/a><\/p>\n<p><a href=\"http:\/\/getanabolics.biz\/it\/pausa-tra-steroidi-e-pct\/\">PAUSA TRA CORSI STEROIDI E PCT<\/a><\/p>\n<p><a href=\"http:\/\/getanabolics.biz\/it\/quanto-e-efficace-il-ponte-steroideo\/\">QUANTO EFFICACE \u00c8 IL PONTE STEROID?<\/a><\/p>\n","protected":false},"excerpt":{"rendered":"<p>Pacchetto: 10 compresse contiene 50 mg di Citrato di Clomifene<br \/>Produttore: Alpha-Pharma<br \/>Marca: Clomid<br \/>Conosciuto anche come: Promifen<\/p>\n","protected":false},"featured_media":32350353,"comment_status":"open","ping_status":"closed","template":"","meta":[],"product_cat":[91],"product_tag":[64],"_links":{"self":[{"href":"https:\/\/getanabolics.biz\/it\/wp-json\/wp\/v2\/product\/819"}],"collection":[{"href":"https:\/\/getanabolics.biz\/it\/wp-json\/wp\/v2\/product"}],"about":[{"href":"https:\/\/getanabolics.biz\/it\/wp-json\/wp\/v2\/types\/product"}],"replies":[{"embeddable":true,"href":"https:\/\/getanabolics.biz\/it\/wp-json\/wp\/v2\/comments?post=819"}],"wp:featuredmedia":[{"embeddable":true,"href":"https:\/\/getanabolics.biz\/it\/wp-json\/wp\/v2\/media\/32350353"}],"wp:attachment":[{"href":"https:\/\/getanabolics.biz\/it\/wp-json\/wp\/v2\/media?parent=819"}],"wp:term":[{"taxonomy":"product_cat","embeddable":true,"href":"https:\/\/getanabolics.biz\/it\/wp-json\/wp\/v2\/product_cat?post=819"},{"taxonomy":"product_tag","embeddable":true,"href":"https:\/\/getanabolics.biz\/it\/wp-json\/wp\/v2\/product_tag?post=819"}],"curies":[{"name":"wp","href":"https:\/\/api.w.org\/{rel}","templated":true}]}}