{"id":818,"date":"2017-04-27T10:31:41","date_gmt":"2017-04-27T11:10:58","guid":{"rendered":"http:\/\/getanabolics.biz\/product\/letrozole-30-schede-e-di-25-mg-letrozole\/"},"modified":"2018-01-21T17:12:24","modified_gmt":"2018-01-21T17:12:24","slug":"letrozole-30-schede-e-di-25-mg-letrozole","status":"publish","type":"product","link":"https:\/\/getanabolics.biz\/it\/prodotto\/letrozole-30-schede-e-di-25-mg-letrozole\/","title":{"rendered":"Letrozole &#8211; Alpha-Pharma"},"content":{"rendered":"<h2>Comprare Letrozole &#8211; Alpha-Pharma (Letromina)<\/h2>\n<p><a title=\"Comprare Letrozole al GetAnabolics\"><img src=\"http:\/\/getanabolics.biz\/images\/letro-25-30-alphapharm.jpg\" alt=\"Letromina\" width=\"30%\" align=\"right\" \/><\/a><br \/>\nPer chi \u00e8 alla ricerca di Letrozole e chiedendo dove acquistare Letrozole dal Alpha-Pharma fatta offriamo Letromina come la scelta migliore per i veri bodybuilder.<br \/>\nDa oggi una <strong>grande variet\u00e0 di steroidi iniettabili cos\u00ec come gli steroidi per via orale e ciclo di terapia post<\/strong> dal Alpha-Pharma possono essere acquistati in GetAnabolics. Siamo lieti di presentarvi il nuovo Letrozole da <span style=\"font-weight: bold;\">Alpha-Pharma<\/span>.<br \/>\n<em>Tutti i prodotti che offriamo sono di autentico, di alta qualit\u00e0 composti e hanno un unico obiettivo: aiutare le persone a ottenere la massa muscolare, la forza complessiva, per bruciare i grassi, e di aiutarli nel cammino di perfezione fisica. Per creare un costruttivo e civile connessione con i nostri clienti, noi faremo il massimo sforzo per garantire un servizio di alta qualit\u00e0 e approccio di ogni persona che indirizzo il nostro negozio con cortesia e rispetto.<\/em><br \/>\nLa costruzione e il mantenimento di un corpo splendido, richiedono una combinazione di metodi. Una dieta corretta \u00e8 la prima nella lista delle componenti essenziali necessari per il corpo. In secondo luogo, assicurarsi sempre di <strong>acquistare e utilizzare steroidi legali online<\/strong> non solo per evitare il conflitto con la legge, ma la cosa pi\u00f9 importante, per evitare complicazioni di salute.<br \/>\n<span style=\"font-weight: bold;\">GetAnabolics.Biz<\/span> \u00e8 la online steroidi fornitore appositamente creato e dedicato a fornire a ciascun atleta bodybuilder con i migliori steroidi anabolizzanti a prezzi scontati. Abbiamo scelto marchi pi\u00f9 affidabili di collaborare con, al fine di garantire la sicurezza, la vera e top-notch steroidi per i nostri clienti.<br \/>\nSpedizione steroidi molto in sicurezza \u00e8 la preoccupazione principale per la consegna di steroidi in tutto il mondo. La nostra spedizione discreta garantisce che nessun altro sa che si acquista steroidi on-line.<\/p>\n<h2>Pi\u00f9 Letrozole Alpha-Pharma Informazioni<\/h2>\n<blockquote><p><strong>30 schede \u00e8 di 2,5 mg Letrozole<\/strong><\/p>\n<p>Nome Farmaceutico: Letrozole<br \/>\nClasse di Droga: Inibitore dell&#8217;Aromatasi<br \/>\nVita Attiva: circa 48 ore<\/p>\n<p><em>Letrozole \u00e8 un inibitore dell&#8217;aromatasi di terza generazione. Come la maggior parte degli inibitori dell&#8217;aromatasi \u00e8 stato sviluppato per combattere il cancro al seno inibendo aromatizzazione tramite l&#8217;enzima aromatasi. Esso \u00e8 simile al arimidex, tuttavia letrozole \u00e8 molto pi\u00f9 potente nella sua capacit\u00e0 e viene utilizzato principalmente quando altri trattamenti come il selective estrogen receptor modulators non sono riusciti a produrre risultati. Questo \u00e8 il motivo per cui la maggior parte della ricerca \u00e8 di letrozole \u00e8 stato condotto su donne in post-menopausa, ma, naturalmente, alcuni dei risultati pu\u00f2 essere tradotto per il bene degli atleti.<\/em><\/p>\n<p>In termini di come questi effetti possono essere utilizzati a beneficio dei culturisti e atleti di forza, letrozole \u00e8 principalmente usato per allontanare qualsiasi estrogenici effetti collaterali causati dalla somministrazione di steroidi anabolizzanti. Letrozole \u00e8 stato dimostrare di avere la capacit\u00e0 di ridurre il livello di estrogeni degli utenti corpi fino al 96-98%. Questo sarebbe apparentemente essere sufficiente di per s\u00e9 a rendere il composto una auspicabile che gli utenti di steroidi potrebbero essere interessate. Tuttavia letrozole ha anche dimostrato di aumentare la quantit\u00e0 di l&#8217;ormone lutenizing, ormone follicolo stimolante e ormone sessuale globulina legante gli utenti (1). Quando si combinano questi attributi con il fatto che esso contribuir\u00e0 a proteggere contro gynocomastia, ritenzione di acqua e di altri effetti collaterali estrogenici letrozole, ovviamente, pu\u00f2 soddisfare molte esigenze degli utenti.<\/p>\n<p>Ci sono alcuni studi su animali, che hanno suggerito che letrozole pu\u00f2 aiutare a ridurre o addirittura eliminare pre-esistente gynocomastia (2). Naturalmente ci sono alcuni limiti di questa ricerca non \u00e8 mai stata condotta utilizzando soggetti umani, ma questo dimostra che ci pu\u00f2 essere un meccanismo per cui questo potrebbe accadere. Aneddoticamente alcuni utenti hanno segnalato che essi hanno sperimentato una riduzione del loro pre-esistente gynocomastia, ma, naturalmente, questi rapporti hanno i loro limiti in quanto non sono stati condotti con i controlli scientifici.<\/p>\n<p><em>\u00e8 Interessante notare, ci vogliono circa 60 giorni per avere un costante plasma sanguigno a livello di letrozole dopo la somministrazione del farmaco inizia (3). Questo pu\u00f2 richiedere che un utente di iniziare a utilizzare il composto prima di iniziare il loro ciclo, se lo desiderano, gli effetti di essere a piena forza una volta che il loro ciclo inizia. Questo pu\u00f2 ostacolare la capacit\u00e0 del composto di rispondere rapidamente se un utente inizia la somministrazione del farmaco per contrastare alcuni effetti collaterali che sono apparsi in fretta. <\/em><\/p>\n<p><strong>Utilizzo\/Dosaggio<\/strong><\/p>\n<p>Aneddoticamente utenti hanno riferito di aver visto dei buoni risultati utilizzando dosi che vanno da circa .25mgs al giorno .5mgs al giorno. Tuttavia queste dosi variano ampiamente da utente a utente, tra cui programmi di dosaggio. Alcuni hanno riferito di usare il composto ogni altro giorno o ogni tre giorni con buoni risultati. Inoltre, le dosi riportate sono variava da .25mgs per quanto di 2,5 mg al giorno.<\/p>\n<p>Nonostante questa evidenza aneddotica dovrebbe essere notato che le dosi fino a 100 microgrammi pu\u00f2 causare la massima inibizione dell&#8217;enzima aromatasi. \u00c8 pertanto consigliabile che gli utenti di sperimentare con i loro dosaggi per trovare ci\u00f2 che \u00e8 possibile mantenere i livelli per il composto per essere pienamente efficace, riducendo al minimo gli effetti collaterali. Naturalmente, se un utente sta cercando di trattare gli effetti collaterali che hanno gi\u00e0 apparso uno potrebbe voler peccare di troppa letrozole e faccia questi effetti collaterali, piuttosto che avere a che fare con qualcosa di simile gynocomastia. Tuttavia, la gravit\u00e0 della condizione determineranno probabilmente questo nella maggior parte dei casi.<\/p>\n<p>La dose massima che l&#8217;utente desidera utilizzare sarebbe di 2,5 mg al giorno. \u00c8 stato dimostrato in numerosi studi che questo dosaggio eliminer\u00e0 quasi tutti di estrogeni nel corpo, in quasi tutti gli individui. Ogni dose \u00e8 superiore a questo sarebbe semplicemente inutili.<\/p>\n<p>Nonostante la capacit\u00e0 di aumentare la quantit\u00e0 di l&#8217;ormone lutenizing, ormone follicolo stimolante e ormone sessuale globulina legante gli utenti letrozole pu\u00f2 essere controproducente se utilizzato durante la terapia post-ciclo. Questo \u00e8 dovuto alla capacit\u00e0 del composto di guidare i livelli di estrogeni troppo basso durante l&#8217;uso. Una volta che il composto \u00e8 interrotto questo pu\u00f2 causare un &#8220;effetto rimbalzo&#8221; dei livelli di estrogeni con questi diventando abbastanza alta, qualcosa che dovrebbe essere evitato durante o dopo la terapia post-ciclo. Anastrozolo pu\u00f2 essere visto come un&#8217;alternativa al letrozolo in questa capacit\u00e0 in quanto apparentemente non hanno un potente effetto. L&#8217;effetto dannoso che letrozole \u00e8 sui livelli di lipidi nel sangue \u00e8 un altro motivo per cui molti lo evitare l&#8217;uso durante la terapia post-ciclo, e questo \u00e8 discusso di seguito.<\/p>\n<p><strong>Rischi\/Effetti Collaterali<\/strong><\/p>\n<p>va notato che, in teoria, se uno stato costante di sopprimere l&#8217;estrogeno naturale livelli per un lungo periodo di tempo, questo potrebbe influire negativamente sulla salute, compresi i livelli di colesterolo. A causa della capacit\u00e0 di letrozole di inibire gli estrogeni tanto, questo deve sicuramente essere un problema per la maggior parte degli utenti. Tuttavia, la ricerca che si \u00e8 concentrata sulla relazione tra uso di letrozole e i livelli di colesterolo \u00e8 piuttosto incoerente in risultati. Molti studi hanno concluso che il composto \u00e8 dannoso sia per un utente HDL e livelli di colesterolo LDL (4.5,6), mentre altre ricerche hanno trovato alcun legame. Ovviamente, gli individui sono meglio serviti per monitorare i loro livelli di colesterolo durante l&#8217;utilizzo di qualsiasi composto tramite esami del sangue tuttavia di blocco che, letrozole non dovrebbe essere semplicemente correre per lunghi periodi di tempo, se possibile. Ci\u00f2 potrebbe causare gravi complicazioni mediche.<\/p>\n<p>Insieme con i problemi legati a lipidi nel sangue \u00e8 il fatto che molti utenti si lamentano che la loro libido \u00e8 drasticamente ridotta, nell&#8217;uso del composto. Questo \u00e8 legato al fatto che gli estrogeni \u00e8 in parte responsabile per la regolamentazione di un individuo di sesso in auto. Dal letrozole \u00e8 cos\u00ec potente che pu\u00f2 spesso i livelli di estrogeni troppo basso e questo inibisce un utente libido. Per evitare questo, gli utenti possono dosaggi inferiori, ma alcuni aneddoticamente relazione che anche estremamente basse dosi di droga pu\u00f2 causare problemi. Se questo \u00e8 il caso di una meno potente composto come exemestano o anastrozolo pu\u00f2 essere un&#8217;alternativa pi\u00f9 appropriata.<\/p>\n<p><em>Riferimenti<\/em><\/p>\n<p>1. de Boer H, Verschoor L, Ruinemans-Koerts J, Jansen M. Letrozole normalizza il testosterone sierico gravemente obesi uomini con ipogonadismo ipogonadotropo. Diabetes Obes Metab. 2005 Maggio;7(3):211-5<\/p>\n<p>2. Mandava U, Kirma N, Tekmal RR. Aromatasi sovraespressione di topi transgenici modello: tipo di cella specifica espressione e l&#8217;uso di letrozole di abrogare l&#8217;iperplasia mammaria senza alterare la normale fisiologia. J Steroid Biochem Mol Biol. 2001 Dec;79(1-5):27-34<\/p>\n<p>3. Buzdar AU. Farmacologia e farmacocinetica di una nuova generazione di inibitori dell&#8217;aromatasi. Clin Cancer Res. Jan 2003;9(1 Pt 2):468S-72S<\/p>\n<p>4. Klein KO, Demers LM, Santner SJ, Barone J, Cutler GB Jr, Santen RJ. L&#8217;uso di ultrasensibile ricombinante cellula biologica per misurare i livelli di estrogeni nelle donne con cancro al seno ricevono l&#8217;inibitore dell&#8217;aromatasi, letrozole. J Clin Endocrinol Metab. 1995 Sep;80(9):2658-60<\/p>\n<p>5. Mauras N, O&#8217;Brien KO, Klein KO, Hayes V. &#8220;la soppressione degli Estrogeni nei maschi: effetti metabolici.&#8221; J Clin Endocrinol Metab. 2000 Lug;85(7):2370-7<\/p>\n<p>6. Leder BZ, et al. &#8220;Gli effetti di inibizione dell&#8217;aromatasi in uomini anziani con basso o borderline-basso siero livelli di Testosterone.&#8221; J Clin Endocrinol Metab. 2004 Mar;89(3):1174-80<\/p><\/blockquote>\n<h3>Leggi di pi\u00f9<\/h3>\n<p><a href=\"http:\/\/getanabolics.biz\/it\/posso-risparmiare-peso-dopo-un-corso-di-steroidi\/\">POSSO SALVARE IL PESO DOPO UN CORSO DI STEROIDO?<\/a><\/p>\n<p><a href=\"http:\/\/getanabolics.biz\/it\/creatina-su-un-ciclo-di-steroidi\/\">CREATINA SU UN CORSO DI STEROIDI<\/a><\/p>\n<p><a href=\"http:\/\/getanabolics.biz\/it\/quale-dovrebbe-essere-la-durata-del-corso-degli-steroidi\/\">COSA DEVE ESSERE LA DURATA DEL CORSO DI STEROIDI?<\/a><\/p>\n<p><a href=\"http:\/\/getanabolics.biz\/it\/acquistare-clomid-online-su-getanabolics-biz\/\">ACQUISTA CLOMID ONLINE SU GETANABOLICS.BIZ<\/a><\/p>\n<p><a href=\"http:\/\/getanabolics.biz\/it\/caratteristiche-di-brevi-corsi-di-steroidi\/\">CARATTERISTICHE DEI CORSI BREVI DI STEROIDI<\/a><\/p>\n","protected":false},"excerpt":{"rendered":"<p>Pacchetto: 30 schede \u00e8 di 2,5 mg Letrozole<br \/>Produttore: Alpha-Pharma<br \/>Marca: Letrozole<br \/>Conosciuto anche come: Letromina<\/p>\n","protected":false},"featured_media":378,"comment_status":"open","ping_status":"closed","template":"","meta":[],"product_cat":[91,109],"product_tag":[64],"_links":{"self":[{"href":"https:\/\/getanabolics.biz\/it\/wp-json\/wp\/v2\/product\/818"}],"collection":[{"href":"https:\/\/getanabolics.biz\/it\/wp-json\/wp\/v2\/product"}],"about":[{"href":"https:\/\/getanabolics.biz\/it\/wp-json\/wp\/v2\/types\/product"}],"replies":[{"embeddable":true,"href":"https:\/\/getanabolics.biz\/it\/wp-json\/wp\/v2\/comments?post=818"}],"wp:featuredmedia":[{"embeddable":true,"href":"https:\/\/getanabolics.biz\/it\/wp-json\/wp\/v2\/media\/378"}],"wp:attachment":[{"href":"https:\/\/getanabolics.biz\/it\/wp-json\/wp\/v2\/media?parent=818"}],"wp:term":[{"taxonomy":"product_cat","embeddable":true,"href":"https:\/\/getanabolics.biz\/it\/wp-json\/wp\/v2\/product_cat?post=818"},{"taxonomy":"product_tag","embeddable":true,"href":"https:\/\/getanabolics.biz\/it\/wp-json\/wp\/v2\/product_tag?post=818"}],"curies":[{"name":"wp","href":"https:\/\/api.w.org\/{rel}","templated":true}]}}