{"id":816,"date":"2017-04-27T10:31:41","date_gmt":"2017-04-27T11:10:58","guid":{"rendered":"http:\/\/getanabolics.biz\/product\/aromasin-30-compresse-ciascuno-ha-25mg-exemestano\/"},"modified":"2018-01-21T13:12:59","modified_gmt":"2018-01-21T13:12:59","slug":"aromasin-30-compresse-ciascuno-ha-25mg-exemestano","status":"publish","type":"product","link":"https:\/\/getanabolics.biz\/it\/prodotto\/aromasin-30-compresse-ciascuno-ha-25mg-exemestano\/","title":{"rendered":"Aromasin &#8211; Alpha-Pharma"},"content":{"rendered":"<h2>Comprare Aromasin &#8211; Alpha-Pharma (Aromex)<\/h2>\n<p><a title=\"Comprare Aromasin al GetAnabolics\"><img src=\"http:\/\/getanabolics.biz\/images\/aromasin-25-30-aphapharm.jpg\" alt=\"Aromex\" width=\"30%\" align=\"right\" \/><\/a><br \/>\nPer chi \u00e8 alla ricerca di Aromasin e chiedendo dove acquistare Aromasin dal Alpha-Pharma fatta offriamo Aromex come la scelta migliore per i veri bodybuilder.<br \/>\nDa oggi una <strong>grande variet\u00e0 di steroidi iniettabili cos\u00ec come gli steroidi per via orale e ciclo di terapia post<\/strong> dal Alpha-Pharma possono essere acquistati in GetAnabolics. Siamo lieti di presentarvi il nuovo Aromasin da <span style=\"font-weight: bold;\">Alpha-Pharma<\/span>.<br \/>\n<em>Tutti i prodotti che offriamo sono di autentico, di alta qualit\u00e0 composti e hanno un unico obiettivo: aiutare le persone a ottenere la massa muscolare, la forza complessiva, per bruciare i grassi, e di aiutarli nel cammino di perfezione fisica. Per creare un costruttivo e civile connessione con i nostri clienti, noi faremo il massimo sforzo per garantire un servizio di alta qualit\u00e0 e approccio di ogni persona che indirizzo il nostro negozio con cortesia e rispetto.<\/em><br \/>\nLa costruzione e il mantenimento di un corpo splendido, richiedono una combinazione di metodi. Una dieta corretta \u00e8 la prima nella lista delle componenti essenziali necessari per il corpo. In secondo luogo, assicurarsi sempre di <strong>acquistare e utilizzare steroidi legali online<\/strong> non solo per evitare il conflitto con la legge, ma la cosa pi\u00f9 importante, per evitare complicazioni di salute.<br \/>\n<span style=\"font-weight: bold;\">GetAnabolics.Biz<\/span> \u00e8 la online steroidi fornitore appositamente creato e dedicato a fornire a ciascun atleta bodybuilder con i migliori steroidi anabolizzanti a prezzi scontati. Abbiamo scelto marchi pi\u00f9 affidabili di collaborare con, al fine di garantire la sicurezza, la vera e top-notch steroidi per i nostri clienti.<br \/>\nSpedizione steroidi molto in sicurezza \u00e8 la preoccupazione principale per la consegna di steroidi in tutto il mondo. La nostra spedizione discreta garantisce che nessun altro sa che si acquista steroidi on-line.<\/p>\n<h2>Pi\u00f9 Aromasin Alpha-Pharma Informazioni<\/h2>\n<p><strong>30 compresse ciascuno ha 25mg Exemestano<\/strong><\/p>\n<blockquote><p>il processo di aromatizzazione, l&#8217;aromatasi enzima che converte gli androgeni in estrogeni. Se questa conversione \u00e8 eccessiva, gonfiore, depressione, perdita della libido, problemi di perdita di grasso, o anche la ginecomastia pu\u00f2 verificarsi. Un inibitore dell&#8217;aromatasi (AI) \u00e8 un modo efficace per risolvere questo problema.<\/p><\/blockquote>\n<h1>Aromasin per la vendita<\/h1>\n<p>&nbsp;<\/p>\n<p>In contrasto con Arimidex e Letro che lavoro reversibilmente bloccando l&#8217;accesso per l&#8217;enzima aromatasi, Aromasin effettivamente inactives singole molecole di enzima quando si lega a loro. Non c&#8217;\u00e8 davvero n\u00e9 vantaggio n\u00e9 svantaggio di questa diversa modalit\u00e0 di azione. Come per tutti gli inibitori dell&#8217;aromatasi, Aromasin dovrebbero essere dosati per ottenere ottimi livelli di estradiolo, non il pi\u00f9 basso livello possibile. Quando dosato correttamente e di raggiungere gli stessi livelli di estradiolo, esso doesn\u2019t fare la differenza quello che meccanismo di inibizione \u00e8 stato utilizzato.<\/p>\n<p>Come fare allora a scegliere tra inibitori dell&#8217;aromatasi?<br \/>\nI fattori rilevanti sono davvero solo l&#8217;esperienza precedente, se qualsiasi, la disponibilit\u00e0, il costo, la convenienza e il profilo di effetti collaterali.<br \/>\n<em>Non si distingue molto gli inibitori dell&#8217;aromatasi uni dagli altri in termini di profilo di effetti collaterali. Ho disapprovazione Exemestano leggermente su questo account come ci\u2019s alcune prove di epatotossicit\u00e0, ma questo \u00e8 un raro effetto collaterale che come una questione di scelta personale, fattori, come l&#8217;esperienza personale pu\u00f2 prevalere.<\/em><\/p>\n<p>Aromasin di solito \u00e8 fornito in compresse da 25 mg. Il dosaggio di Aromasin steroidi anabolizzanti cicli \u00e8 pi\u00f9 comunemente 12.5 mg a giorni alterni, 12,5 mg al giorno, o al massimo di 25 mg al giorno.<\/p>\n<p>il dosaggio Eccessivo sar\u00e0 riconosciuto dal estradiolo livello di cadere al di sotto di 20 pg\/mL, o dalla depressione, riduzione della libido, muscolo planarit\u00e0, e\/o dolore alle articolazioni. Gli utenti esperti sono spesso in grado di identificare un bisogno per la riduzione della dose puramente da sintomi. Tuttavia, il test del sangue \u00e8 il gold standard per determinare il corretto dosaggio di livello, e per verificare che i sintomi che in realt\u00e0 sono causati da bassi di estrogeni.<\/p>\n<p><span style=\"text-decoration: underline;\">Come con altri inibitori dell&#8217;aromatasi, ci\u2019s una relazione tra la quantit\u00e0 di aromatizable steroidi usati e la dose di inibitore necessario, ma esso\u2019s non puramente proporzionale materia. Per esempio, si\u2019s dire che un ciclo precedente, un sollevatore usato 250 mg\/settimana di testosterone, insieme con 750 mg\/settimana di non-steroidi aromatizable. E lasciare che\u2019s dire che ha trovato 12,5 mg\/giorno Aromasin per essere adatto per quel ciclo. Se ora vuole usare 1000 mg\/settimana di testosterone, che \u00e8 quattro volte di pi\u00f9, pi\u00f9 \u00e8 probabile che egli non dovrebbe moltiplicare la sua Exemestano dosaggio di quattro volte. Che sarebbe di 50 mg\/giorno, che \u00e8 al di fuori della normale gamma di dosaggio. Vorrei raccomandare 25 mg\/die come dose prevista in questo caso.<\/span><\/p>\n<p>non ho mai derivata formule esatte per la regolazione della dose in base alla variazione nella quantit\u00e0 di steroidi aromatizable. Probabilmente non c&#8217;\u00e8 davvero una formula universale. Come consiglio generale, tuttavia, fare una stima ragionevole che fornisce un certo aumento per conto di un aumento della quantit\u00e0 di steroidi aromatizable, ma senza superare il range raccomandato a meno che il test del sangue dimostra che \u00e8 necessario.<\/p>\n<p>Alcuni usano Aromasin durante PCT, ma mi\u2019d farlo solo se il test del sangue mostra elevati livelli di estradiolo. Se che\u2019s il caso, allora Exemestano \u00e8 una piccola parte, in realt\u00e0 il preferito inibitore dell&#8217;aromatasi oltre Arimidex o letrozole in questo caso, poich\u00e9 le altre due possono avere una qualche interazione con il metabolismo dell&#8217;Serm, mentre Aromasin non.<\/p>\n<p>Se usato in PCT, il dosaggio deve essere nettamente meno che durante un ciclo, come la quantit\u00e0 di aromatizable di steroidi nel sangue, sar\u00e0 molto meno. In genere non pi\u00f9 di 12,5 mg ogni giorno che sar\u00e0 necessario, o anche solo ogni terzo o quarto giorno.<\/p>\n<p><strong>anche se gi\u00e0 accennato in precedenza, come un punto di chiusura mi\u2019d piace ripetere che non c&#8217;\u00e8 alcun problema di forza relativa di diversi inibitori dell&#8217;aromatasi, e nessun motivo per scegliere uno su un altro account di fatto valere la forza delle differenze. Let\u2019s dire che un dosaggio di uno aromatasi inibitor \u00e8 pi\u00f9 forte \u2013 riduce gli estrogeni pi\u00f9 \u2013 di un dosaggio di un altro. Se il primo ridotta di estrogeni troppo, il dosaggio era troppo molti milligrammi. Esso\u2019s non il prodotto \u00e8 stato \u201ctroppo forte.\u201d O, se il secondo didn\u2019t ridurre estradiolo abbastanza, quindi il dosaggio era troppo pochi milligrammi, piuttosto che il prodotto non \u00e8 abbastanza forte.<\/strong><\/p>\n<p>Tutti gli inibitori dell&#8217;aromatasi volont\u00e0 di superamento degli estrogeni riduzione se overdose, o undershoot se underdosed. Non c&#8217;\u00e8 alcun motivo per scegliere uno piuttosto che un altro a causa di ci\u00f2 che potrebbe dire di forza.<\/p>\n<p>Arimidex, Letrozole, e Aromasin tutti sono in grado di lavorare bene e in modo prevedibile per il controllo degli estrogeni. Se gi\u00e0 sperimentato con un dato inibitore dell&#8217;aromatasi, mi consiglia di continuare con esso, come personale di dosaggio \u00e8 gi\u00e0 compreso. Se non avete ancora provato, quindi nessuno di loro pu\u00f2 essere efficace. Spero che la spiegazione sopra vi aiuter\u00e0 nella vostra scelta. Aromasin (Exemestano) e gli steroidi anabolizzanti.<\/p>\n<p><em>Riferimenti: Da Bill Roberts https:\/\/thinksteroids.com\/steroid-profiles\/aromasin\/ <\/em><\/p>\n<p>Legit Exemestano per la vendita per il controllo degli estrogeni. Comprare Aromasin a buon mercato.<\/p>\n<h3>Leggi di pi\u00f9<\/h3>\n<p><a href=\"http:\/\/getanabolics.biz\/it\/acquistare-clomid-online-su-getanabolics-biz\/\">ACQUISTA CLOMID ONLINE SU GETANABOLICS.BIZ<\/a><\/p>\n<p><a href=\"http:\/\/getanabolics.biz\/it\/growth-hormone-hgh-fatti-piu-importanti\/\">HORMONE DELLA CRESCITA HGH &#8211; I FATTI PI\u00d9 IMPORTANTI<\/a><\/p>\n<p><a href=\"http:\/\/getanabolics.biz\/it\/caratteristiche-di-brevi-corsi-di-steroidi\/\">CARATTERISTICHE DEI CORSI BREVI DI STEROIDI<\/a><\/p>\n<p><a href=\"http:\/\/getanabolics.biz\/it\/pausa-tra-steroidi-e-pct\/\">PAUSA TRA CORSI STEROIDI E PCT<\/a><\/p>\n<p><a href=\"http:\/\/getanabolics.biz\/it\/quanto-e-efficace-il-ponte-steroideo\/\">QUANTO EFFICACE \u00c8 IL PONTE STEROID?<\/a><\/p>\n","protected":false},"excerpt":{"rendered":"<p>Pacchetto: 30 compresse ciascuno ha 25mg Exemestano<br \/>Produttore: Alpha-Pharma<br \/>Marca: Aromasin<br \/>Conosciuto anche come: Aromex<\/p>\n","protected":false},"featured_media":366,"comment_status":"open","ping_status":"closed","template":"","meta":[],"product_cat":[91,109],"product_tag":[64],"_links":{"self":[{"href":"https:\/\/getanabolics.biz\/it\/wp-json\/wp\/v2\/product\/816"}],"collection":[{"href":"https:\/\/getanabolics.biz\/it\/wp-json\/wp\/v2\/product"}],"about":[{"href":"https:\/\/getanabolics.biz\/it\/wp-json\/wp\/v2\/types\/product"}],"replies":[{"embeddable":true,"href":"https:\/\/getanabolics.biz\/it\/wp-json\/wp\/v2\/comments?post=816"}],"wp:featuredmedia":[{"embeddable":true,"href":"https:\/\/getanabolics.biz\/it\/wp-json\/wp\/v2\/media\/366"}],"wp:attachment":[{"href":"https:\/\/getanabolics.biz\/it\/wp-json\/wp\/v2\/media?parent=816"}],"wp:term":[{"taxonomy":"product_cat","embeddable":true,"href":"https:\/\/getanabolics.biz\/it\/wp-json\/wp\/v2\/product_cat?post=816"},{"taxonomy":"product_tag","embeddable":true,"href":"https:\/\/getanabolics.biz\/it\/wp-json\/wp\/v2\/product_tag?post=816"}],"curies":[{"name":"wp","href":"https:\/\/api.w.org\/{rel}","templated":true}]}}