{"id":815,"date":"2017-04-27T10:31:41","date_gmt":"2017-04-27T11:10:58","guid":{"rendered":"http:\/\/getanabolics.biz\/product\/arimidex-30-schede-ciascuna-contiene-1-mg-di-anastrozolo\/"},"modified":"2018-01-19T12:45:53","modified_gmt":"2018-01-19T12:45:53","slug":"arimidex-30-schede-ciascuna-contiene-1-mg-di-anastrozolo","status":"publish","type":"product","link":"https:\/\/getanabolics.biz\/it\/prodotto\/arimidex-30-schede-ciascuna-contiene-1-mg-di-anastrozolo\/","title":{"rendered":"Arimidex &#8211; Alpha-Pharma"},"content":{"rendered":"<h2>Comprare Arimidex &#8211; Alpha-Pharma (Anazole)<\/h2>\n<p><a title=\"Comprare Arimidex al GetAnabolics\"><img src=\"http:\/\/getanabolics.biz\/images\/anazole.jpg\" alt=\"Anazole\" width=\"30%\" align=\"right\" \/><\/a><br \/>\nPer chi \u00e8 alla ricerca di Arimidex e chiedendo dove acquistare Arimidex dal Alpha-Pharma fatta offriamo Anazole come la scelta migliore per i veri bodybuilder.<br \/>\nDa oggi una <strong>grande variet\u00e0 di steroidi iniettabili cos\u00ec come gli steroidi per via orale e ciclo di terapia post<\/strong> dal Alpha-Pharma possono essere acquistati in GetAnabolics. Siamo lieti di presentarvi il nuovo Arimidex da <span style=\"font-weight: bold;\">Alpha-Pharma<\/span>.<br \/>\nTutti i prodotti che offriamo sono di autentico, di alta qualit\u00e0 composti e hanno un unico obiettivo: aiutare le persone a ottenere la massa muscolare, la forza complessiva, per bruciare i grassi, e di aiutarli nel cammino di perfezione fisica. Per creare un costruttivo e civile connessione con i nostri clienti, noi faremo il massimo sforzo per garantire un servizio di alta qualit\u00e0 e approccio di ogni persona che indirizzo il nostro negozio con cortesia e rispetto.<br \/>\n<em>La costruzione e il mantenimento di un corpo splendido, richiedono una combinazione di metodi. Una dieta corretta \u00e8 la prima nella lista delle componenti essenziali necessari per il corpo. In secondo luogo, assicurarsi sempre di <strong>acquistare e utilizzare steroidi legali online<\/strong> non solo per evitare il conflitto con la legge, ma la cosa pi\u00f9 importante, per evitare complicazioni di salute.<\/em><br \/>\n<span style=\"font-weight: bold;\">GetAnabolics.Biz<\/span> \u00e8 la online steroidi fornitore appositamente creato e dedicato a fornire a ciascun atleta bodybuilder con i migliori steroidi anabolizzanti a prezzi scontati. Abbiamo scelto marchi pi\u00f9 affidabili di collaborare con, al fine di garantire la sicurezza, la vera e top-notch steroidi per i nostri clienti.<br \/>\nSpedizione steroidi molto in sicurezza \u00e8 la preoccupazione principale per la consegna di steroidi in tutto il mondo. La nostra spedizione discreta garantisce che nessun altro sa che si acquista steroidi on-line.<\/p>\n<h2>Pi\u00f9 Arimidex Alpha-Pharma Informazioni<\/h2>\n<p><strong>30 compresse ciascuno contiene 1 mg di Anastrozolo<\/strong><\/p>\n<p><strong>classe di Droga: Orale inibitore dell&#8217;Aromatasi<\/strong><br \/>\n<strong> Consigliato dosaggio medio: Tra 0,25 mg e 1 mg al giorno<\/strong><br \/>\n<strong> vita Attiva: 48 ore<\/strong><br \/>\n<strong> ritenzione idrica: No<\/strong><br \/>\n<strong> Tossico per il fegato: S\u00ec<\/strong><br \/>\n<strong> Diminuisce la funzione HPTA: No<\/strong><br \/>\n<strong> l&#8217;Acne: S\u00ec<\/strong><\/p>\n<h1>Arimidex vendita<\/h1>\n<blockquote><p><a href=\"http:\/\/getanabolics.biz\/it\/prodotto\/arimidex-25-tabs-each-contains-1-mg-anastrozole\/\">Arimidex<\/a>, il cui nome generico \u00e8 Anastrozolo, \u00e8 la pi\u00f9 usata ed \u00e8 stata prodotta per la prima volta come un trattamento per il cancro al seno tra le donne. Il farmaco \u00e8 stato reso disponibile nel mese di dicembre, 1995, ed \u00e8 prodotta e commercializzata da Zenica prodotti Farmaceutici. \u00c8 uno dei pi\u00f9 recenti farmaci per essere prodotto per il trattamento di cancro al seno avanzato. Arimidex \u00e8 anche il primo farmaco nel suo gruppo di terza generazione di farmaci o inibitori di aromatase selettiva orale, progettato per combattere il cancro al seno.<\/p><\/blockquote>\n<p><strong>Arimidex funziona bloccando l&#8217;enzima aromatasi<\/strong>, che blocca la produzione di estrogeni nel corpo. Molti tipi di cellule di cancro al seno sono aggravati dagli estrogeni e la riduzione di estrogeni effettivamente rallenta e anche blocca l&#8217;avanzamento del cancro. Come risultato del suo estrogeni inibendo la propriet\u00e0, \u00e8 un grande steroide per gli atleti di sesso maschile. Questo farmaco riduce il livello di estrogeni in atleti di sesso maschile ed \u00e8 molto pi\u00f9 efficace di altri steroidi come <a href=\"http:\/\/getanabolics.biz\/it\/prodotto\/proviron-buy-proviron-50-tabs-each-tab-25mg-mesterolone\/\">Proviron<\/a>. Questo farmaco \u00e8 eccezionalmente forte. Una dose giornaliera di 1 mg o una compressa pu\u00f2 sopprimere la produzione di estrogeni da oltre l &#8216; 80%. Come tale \u00e8 un potente farmaco, il dosaggio massimo per utenti di sesso maschile \u00e8 di 1mg al giorno o una compressa.<\/p>\n<p>la Maggior parte degli utenti hanno visto grandi risultati con dosaggi pi\u00f9 bassi di 0,25 mg al giorno. Arimidex non deve essere utilizzato da donne giovani e gli atleti di sesso femminile a causa della sua estrema estrogeni propriet\u00e0 di inibizione. Anche come trattamento per il cancro al seno Arimidex deve essere utilizzato solo da parte di donne in post-menopausa con stadi avanzati di cancro al seno che non possono essere trattati con altri farmaci come Nolvadex..<\/p>\n<p><strong>Come bloccare la produzione di estrogeni<\/strong> nel maschile gli atleti che fanno uso di droga, che porta a una maggiore crescita muscolare e l&#8217;aumento della massa muscolare. Arimidex utilizzato in combinazione con aromatizzare gli androgeni, come il testosterone, conduce all&#8217;utente di costruzione solida massa muscolare senza apprezzabili ritenzione idrica. In combinazione con tali aromatizzare gli androgeni, gli effetti collaterali come ginecomastia e gli estrogeni effetti collaterali possono essere ridotti, mentre la qualit\u00e0 della massa muscolare pu\u00f2 essere migliorata.<\/p>\n<p><em><a href=\"http:\/\/getanabolics.biz\/it\/caratteristiche-di-brevi-corsi-di-steroidi\/\">l&#8217;uso Prolungato del farmaco in un lungo trattamento<\/a> con steroidi, pu\u00f2 avere effetti collaterali dannosi. Pi\u00f9 importante, pu\u00f2 portare alla soppressione di colesterolo buono o HDL colesterolo nel corpo. Inoltre, l&#8217;uso di questo farmaco nega gli effetti benefici che gli estrogeni ha prolungato uso di steroidi.<\/em><\/p>\n<p>Acquistare Arimidex compresse online con <strong>il 100% garanzia di consegna<\/strong>.<\/p>\n<h3>Leggi di pi\u00f9<\/h3>\n<p><a href=\"http:\/\/getanabolics.biz\/it\/acquistare-clomid-online-su-getanabolics-biz\/\">ACQUISTA CLOMID ONLINE SU GETANABOLICS.BIZ<\/a><\/p>\n<p><a href=\"http:\/\/getanabolics.biz\/it\/growth-hormone-hgh-fatti-piu-importanti\/\">HORMONE DELLA CRESCITA HGH &#8211; I FATTI PI\u00d9 IMPORTANTI<\/a><\/p>\n<p><a href=\"http:\/\/getanabolics.biz\/it\/caratteristiche-di-brevi-corsi-di-steroidi\/\">CARATTERISTICHE DEI CORSI BREVI DI STEROIDI<\/a><\/p>\n<p><a href=\"http:\/\/getanabolics.biz\/it\/pausa-tra-steroidi-e-pct\/\">PAUSA TRA CORSI STEROIDI E PCT<\/a><\/p>\n<p><a href=\"http:\/\/getanabolics.biz\/it\/quanto-e-efficace-il-ponte-steroideo\/\">QUANTO EFFICACE \u00c8 IL PONTE STEROID?<\/a><\/p>\n","protected":false},"excerpt":{"rendered":"<p>Pacchetto: 30 schede ciascuna contiene 1 mg di Anastrozolo<br \/>Produttore: Alpha-Pharma<br \/>Marca: Arimidex<br \/>Conosciuto anche come: Anazole<\/p>\n","protected":false},"featured_media":360,"comment_status":"open","ping_status":"closed","template":"","meta":[],"product_cat":[91,109],"product_tag":[64],"_links":{"self":[{"href":"https:\/\/getanabolics.biz\/it\/wp-json\/wp\/v2\/product\/815"}],"collection":[{"href":"https:\/\/getanabolics.biz\/it\/wp-json\/wp\/v2\/product"}],"about":[{"href":"https:\/\/getanabolics.biz\/it\/wp-json\/wp\/v2\/types\/product"}],"replies":[{"embeddable":true,"href":"https:\/\/getanabolics.biz\/it\/wp-json\/wp\/v2\/comments?post=815"}],"wp:featuredmedia":[{"embeddable":true,"href":"https:\/\/getanabolics.biz\/it\/wp-json\/wp\/v2\/media\/360"}],"wp:attachment":[{"href":"https:\/\/getanabolics.biz\/it\/wp-json\/wp\/v2\/media?parent=815"}],"wp:term":[{"taxonomy":"product_cat","embeddable":true,"href":"https:\/\/getanabolics.biz\/it\/wp-json\/wp\/v2\/product_cat?post=815"},{"taxonomy":"product_tag","embeddable":true,"href":"https:\/\/getanabolics.biz\/it\/wp-json\/wp\/v2\/product_tag?post=815"}],"curies":[{"name":"wp","href":"https:\/\/api.w.org\/{rel}","templated":true}]}}