{"id":814,"date":"2017-04-27T10:31:41","date_gmt":"2017-04-27T11:10:58","guid":{"rendered":"http:\/\/getanabolics.biz\/product\/nolvadex-50-schede-ogni-scheda-contiene-20-mg-di-citrato-di-tamoxifene\/"},"modified":"2018-01-19T12:55:59","modified_gmt":"2018-01-19T12:55:59","slug":"nolvadex-50-schede-ogni-scheda-contiene-20-mg-di-citrato-di-tamoxifene","status":"publish","type":"product","link":"https:\/\/getanabolics.biz\/it\/prodotto\/nolvadex-50-schede-ogni-scheda-contiene-20-mg-di-citrato-di-tamoxifene\/","title":{"rendered":"Nolvadex &#8211; Alpha-Pharma"},"content":{"rendered":"<h2>Comprare Nolvadex &#8211; Alpha-Pharma (Altamofen-20)<\/h2>\n<p><a title=\"Comprare Nolvadex al GetAnabolics\"><img src=\"http:\/\/getanabolics.biz\/images\/altamofen.jpg\" alt=\"Altamofen-20\" width=\"30%\" align=\"right\" \/><\/a><br \/>\nPer chi \u00e8 alla ricerca di Nolvadex e chiedendo dove acquistare Nolvadex dal Alpha-Pharma fatta offriamo Altamofen-20 come la scelta migliore per i veri bodybuilder.<br \/>\nDa oggi una <strong>grande variet\u00e0 di steroidi iniettabili cos\u00ec come gli steroidi per via orale e ciclo di terapia post<\/strong> dal Alpha-Pharma possono essere acquistati in GetAnabolics. Siamo lieti di presentarvi il nuovo Nolvadex da <span style=\"font-weight: bold;\">Alpha-Pharma<\/span>.<br \/>\n<em>Tutti i prodotti che offriamo sono di autentico, di alta qualit\u00e0 composti e hanno un unico obiettivo: aiutare le persone a ottenere la massa muscolare, la forza complessiva, per bruciare i grassi, e di aiutarli nel cammino di perfezione fisica. Per creare un costruttivo e civile connessione con i nostri clienti, noi faremo il massimo sforzo per garantire un servizio di alta qualit\u00e0 e approccio di ogni persona che indirizzo il nostro negozio con cortesia e rispetto.<\/em><br \/>\nLa costruzione e il mantenimento di un corpo splendido, richiedono una combinazione di metodi. Una dieta corretta \u00e8 la prima nella lista delle componenti essenziali necessari per il corpo. In secondo luogo, assicurarsi sempre di <strong>acquistare e utilizzare steroidi legali online<\/strong> non solo per evitare il conflitto con la legge, ma la cosa pi\u00f9 importante, per evitare complicazioni di salute.<br \/>\n<span style=\"font-weight: bold;\">GetAnabolics.Biz<\/span> \u00e8 la online steroidi fornitore appositamente creato e dedicato a fornire a ciascun atleta bodybuilder con i migliori steroidi anabolizzanti a prezzi scontati. Abbiamo scelto marchi pi\u00f9 affidabili di collaborare con, al fine di garantire la sicurezza, la vera e top-notch steroidi per i nostri clienti.<br \/>\nSpedizione steroidi molto in sicurezza \u00e8 la preoccupazione principale per la consegna di steroidi in tutto il mondo. La nostra spedizione discreta garantisce che nessun altro sa che si acquista steroidi on-line.<\/p>\n<h2>Pi\u00f9 Nolvadex Alpha-Pharma Informazioni<\/h2>\n<p><b>50 schede ogni scheda contiene 20 mg di Tamoxifene Citrato<\/b><\/p>\n<p><em>Questo rimedio \u00e8 un po &#8216; diverso dagli altri in quanto non \u00e8 un&#8217;anabolizzanti\/androgeni steroidi. Per il maschio e la bodybuilder femminile, tuttavia, \u00e8 molto utile e consigliato composto confermate dal un uso diffuso e, soprattutto, di risultati positivi. Nolvadex appartiene al gruppo degli ormoni sessuali ed \u00e8 un cosiddetto antiestrogeno. La normale applicazione di Nolvadex \u00e8 nel trattamento di alcune forme di cancro al seno in pazienti di sesso femminile. Con Nolvadex \u00e8 possibile invertire esistente processo di crescita del defunto e del tessuto prevenire l&#8217;ulteriore crescita. La crescita di alcuni tessuti \u00e8 stimolato da un corpo ormone estrogeno. Questo \u00e8 particolarmente vero per le ghiandole del seno negli uomini e nelle donne, poich\u00e9 il corpo ha un gran numero di estrogeni recettori di queste ghiandole che pu\u00f2 legare con gli estrogeni presenti nel sangue. Se il corpo di estrogeni livello insolitamente alto di una crescita indesiderata di ghiandole del seno si verifica. Tuttavia, in donne sane e in particolare negli uomini questo non \u00e8 il caso. Nonostante questo, \u00e8 soprattutto culturisti maschi che uso Nolvadex, e meno donne. A prima vista questo sembra un po &#8216; inconcepibile, ma quando di prendere uno sguardo pi\u00f9 da vicino, i motivi sono chiaro. Culturisti che prendere Nolvadex anche usare gli steroidi anabolizzanti nello stesso tempo. Poich\u00e9 la maggior parte steroidi aromatizzare pi\u00f9 o meno fortemente, cio\u00e8 una parte di sostanza viene convertito in estrogeni, culturisti maschi possono l&#8217;esperienza di una significativa elevazione in genere molto basso livello di estrogeni. Questo pu\u00f2 portare a femminilizzazione sintomi come la ginecomastia (crescita del seno ghiandole), aumento dei depositi di grasso e maggiore ritenzione idrica. L&#8217;antiestrogeno Nolvadex funziona contro questo bloccando i recettori degli estrogeni dell&#8217;avvenuto tessuto del corpo, inibendo in tal modo un legame di estrogeni e recettore. \u00c8, tuttavia, l&#8217;importante \u00e8 capire che Nolvadex non impedisce l&#8217;aromatizzazione, ma solo agisce come un antagonista di estrogeno. Questo significa che non evitare il testosterone e i suoi derivati sintetici (steroidi) da convertire in estrogeni, ma solo combattimenti con in una sorta di &#8220;concorrenza&#8221; per i recettori degli estrogeni. Questa caratteristica ha lo svantaggio che, dopo l&#8217;interruzione del <a href=\"http:\/\/getanabolics.biz\/it\/prodotto\/nolvadex-100-tabs-each-tab-contains-20mg-tamoxifen-citrate\/\">Nolvadex <\/a>un &#8220;effetto rimbalzo&#8221; pu\u00f2 verificarsi che significa che improvvisamente liberato estrogeni i recettori sono ora in grado di assorbire gli estrogeni presenti nel sangue. Per questo motivo il combinato assunzione di Proviron \u00e8 suggerito (vedi Proviron.)<\/em><\/p>\n<p>Nolvadex \u00e8 anche utile durante una dieta, in quanto aiuta la combustione dei grassi. Anche se Nolvadex senza fatburning effetto la sua antiestrogeni effetto contribuisce a mantenere l&#8217;estrogeno livello pi\u00f9 basso possibile. Nolvadex devono essere presi insieme con il forte-drogenic steroidi Dianabol e <a href=\"http:\/\/getanabolics.biz\/it\/prodotto\/anadrol-100-tabs-each-tab-contains-50-mg-oxymetholone\/\">Anadrol <\/a>50, e i vari composti di testosterone. Gli atleti che hanno una tendenza a trattenere i acqua e che hanno un mammaria disfunzione dovrebbe prendere Nolvadex come prevenzione durante ogni steroidi l&#8217;assunzione di. Dal Nolvadex \u00e8 molto efficace nella maggior parte dei casi non c&#8217;\u00e8 da meravigliarsi che molti atleti possono prendere Anadrol 50 e Dianabol fino al giorno di una gara, e in combinazione con un diuretico ancora appaiono totalmente strappato nel. ribalta. Coloro che gi\u00e0 hanno un basso tenore di grasso corporeo, sar\u00e0 possibile ottenere un visibilmente migliorata durezza muscolare con Nolvadex.<\/p>\n<p>Molti bodybuilder come utilizzare Nolvadex alla fine di un ciclo di steroidi, in quanto aumenta il proprio corpo la produzione di testosterone, che sar\u00e0 discusso pi\u00f9 in dettaglio nel seguito-per contro-agire gli effetti collaterali causato dagli estrogeni. Questi possono verificarsi dopo la cessazione di steroidi, quando il livello di androgeni in rapporto estrogeni concentrazione \u00e8 troppo bassa e gli estrogeni diventa dominante ormone. Molto rari, ma il pi\u00f9 grave problema di Nolvadex \u00e8 che in alcuni casi non si abbassa il livello di estrogeni ma possibile aumentare. Un altro svantaggio \u00e8 che pu\u00f2 indebolire l&#8217;effetto anabolico di alcuni steroidi. Il la ragione \u00e8 che Nolvadex, come sappiamo, riduce il livello di estrogeni. Il fatto \u00e8, tuttavia, che alcuni steroidi &#8211; in particolare, le varie composti di testosterone-si pu\u00f2 solo raggiungere il loro pieno effetto se il livello di estrogeni \u00e8 sufficientemente alta. Quelli che vengono utilizzati per l&#8217;assunzione di grandi quantit\u00e0 di diversi steroidi non hanno di che preoccuparsi a proposito di questo. Gli atleti, tuttavia, che utilizzare prevalentemente mite steroidi come Primobolan, Winstrol, Oxandrolone, e <a href=\"http:\/\/getanabolics.biz\/it\/prodotto\/deca-100-10x1ml-ampoules-each-has-100-mg-total-1000-mg-nandrolone-decaonate\/\">Deca-Durabolin<\/a> deve considerare attentamente se o non si dovrebbe prendere Nolvadex in quanto, a causa della mescola gi\u00e0 moderato effetto anabolizzante, un&#8217;ulteriore perdita di effetto, le principali per insoddisfacenti risultati.<\/p>\n<p>Un raramente osservati, ma il benvenuto caratteristica di Nolvadex \u00e8 che ha un&#8217;influenza diretta sull&#8217;ipotalamo e cos\u00ec, con un aumento del rilascio di gonadotropine, stimola la produzione di testosterone nei testicoli. Questo non si traduce in un enorme, ma ancora un aumento misurabile del corpo di testosterone. Questo l&#8217;effetto, tuttavia, non \u00e8 sufficiente per aumentare significativamente la produzione di testosterone ridotto steroidi anabolizzanti\/androgeni.<\/p>\n<p><em>Gli effetti collaterali di Nolvadex sono solitamente bassi in dosi fino a 30 mg\/giorno In rari casi di nausea, vomito, vampate di calore, sensazione di intorpidimento, visione offuscata pu\u00f2 verificarsi. Nelle donne cicli mestruali irregolari pu\u00f2 verificarsi che si manifestano pi\u00f9 sanguinamento mestruale o addirittura mancanti di un periodo. Le donne dovrebbero anche fare attenzione a non rimanere incinta durante l&#8217;assunzione Nolvadex. \u00c8 importante per gli atleti di sesso femminile che Nolvadex e il &#8220;pillola&#8221; non essere presi insieme dal antiestrogeno Nolvadex e gli estrogeni contenente pillola negativamente contraffazione di ogni altro. La normale dose giornaliera adottate da parte degli atleti corrisponde pi\u00f9 o meno al dosaggio indicazioni del produttore ed \u00e8 10-30 mg\/giorno Per prevenire gli effetti collaterali estrogenici normalmente di 10 mg\/giorno sono sufficienti, un dosaggio che, inoltre, mantiene basso il rischio di ridurre l&#8217;effetto di contemporaneamente-preso steroidi. Spesso \u00e8 sufficiente se l&#8217;atleta inizia questa preventiva assunzione di Nolvadex solo tre o quattro settimane dopo la l&#8217;assunzione di anabolizzanti. Gli atleti che hanno la tendenza a ginecomastia, forte ritenzione idrica, e aumento dei depositi di grasso con steroidi come Dianabol, il Testosterone, Anadrol 50, e Deca-Durabolin, di solito prendere 20-30 mg\/die L&#8217;applicazione combinata di Nolvadex 20-30 mg\/giorno e Proviron 25-50 mg\/die in questi casi porta a risultati eccellenti. Lo stesso \u00e8 vero per gli atleti che sono in concorrenza, e per le donne. Le donne, tuttavia, dovrebbe fare senza l&#8217;assunzione di Proviron o almeno ridurre la dose di una compressa da 25 mg al giorno. Purtroppo, nella maggior parte dei casi, molto pronunciato la ginecomastia (&#8220;cagna tette&#8221;), non pu\u00f2 essere ridotto prendendo Nolvadex in modo che spesso \u00e8 indispensabile l&#8217;intervento chirurgico, intervento chirurgico, che non \u00e8 pagato da assicurazione sanitaria. I primi segni di un possibile ginecomastia sono di un leggero dolore quando si tocca i capezzoli. Le compresse sono di solito prese 1-2 volte al giorno, ingerire senza masticare, con un po &#8216; di liquido durante i pasti.<\/em><\/p>\n<p><a href=\"http:\/\/getanabolics.biz\/it\/acquistare-clomid-online-su-getanabolics-biz\/\">ACQUISTA CLOMID ONLINE SU GETANABOLICS.BIZ<\/a><\/p>\n<p><a href=\"http:\/\/getanabolics.biz\/it\/growth-hormone-hgh-fatti-piu-importanti\/\">HORMONE DELLA CRESCITA HGH &#8211; I FATTI PI\u00d9 IMPORTANTI<\/a><\/p>\n<p><a href=\"http:\/\/getanabolics.biz\/it\/caratteristiche-di-brevi-corsi-di-steroidi\/\">CARATTERISTICHE DEI CORSI BREVI DI STEROIDI<\/a><\/p>\n<p><a href=\"http:\/\/getanabolics.biz\/it\/pausa-tra-steroidi-e-pct\/\">PAUSA TRA CORSI STEROIDI E PCT<\/a><\/p>\n<p><a href=\"http:\/\/getanabolics.biz\/it\/quanto-e-efficace-il-ponte-steroideo\/\">QUANTO EFFICACE \u00c8 IL PONTE STEROID?<\/a><\/p>\n","protected":false},"excerpt":{"rendered":"<p>Pacchetto: 50 schede ogni scheda contiene 20 mg di Citrato di Tamoxifene<br \/>Produttore: Alpha-Pharma<br \/>Marca: Nolvadex<br \/>Conosciuto anche come: Altamofen-20<\/p>\n","protected":false},"featured_media":354,"comment_status":"open","ping_status":"closed","template":"","meta":[],"product_cat":[91,109],"product_tag":[64],"_links":{"self":[{"href":"https:\/\/getanabolics.biz\/it\/wp-json\/wp\/v2\/product\/814"}],"collection":[{"href":"https:\/\/getanabolics.biz\/it\/wp-json\/wp\/v2\/product"}],"about":[{"href":"https:\/\/getanabolics.biz\/it\/wp-json\/wp\/v2\/types\/product"}],"replies":[{"embeddable":true,"href":"https:\/\/getanabolics.biz\/it\/wp-json\/wp\/v2\/comments?post=814"}],"wp:featuredmedia":[{"embeddable":true,"href":"https:\/\/getanabolics.biz\/it\/wp-json\/wp\/v2\/media\/354"}],"wp:attachment":[{"href":"https:\/\/getanabolics.biz\/it\/wp-json\/wp\/v2\/media?parent=814"}],"wp:term":[{"taxonomy":"product_cat","embeddable":true,"href":"https:\/\/getanabolics.biz\/it\/wp-json\/wp\/v2\/product_cat?post=814"},{"taxonomy":"product_tag","embeddable":true,"href":"https:\/\/getanabolics.biz\/it\/wp-json\/wp\/v2\/product_tag?post=814"}],"curies":[{"name":"wp","href":"https:\/\/api.w.org\/{rel}","templated":true}]}}