{"id":813,"date":"2017-04-27T10:31:41","date_gmt":"2017-04-27T11:10:58","guid":{"rendered":"http:\/\/getanabolics.biz\/product\/turinabol-50-schede-ognuna-delle-quali-contiene-10-mg-chlordehydromethyltestosterone\/"},"modified":"2018-01-19T13:05:09","modified_gmt":"2018-01-19T13:05:09","slug":"turinabol-50-schede-ognuna-delle-quali-contiene-10-mg-chlordehydromethyltestosterone","status":"publish","type":"product","link":"https:\/\/getanabolics.biz\/it\/prodotto\/turinabol-50-schede-ognuna-delle-quali-contiene-10-mg-chlordehydromethyltestosterone\/","title":{"rendered":"Turinabol &#8211; Alpha-Pharma"},"content":{"rendered":"<h2>Comprare Turinabol &#8211; Alpha-Pharma (Turinabol 10)<\/h2>\n<p><a title=\"Comprare Turinabol al GetAnabolics\"><img src=\"http:\/\/getanabolics.biz\/images\/turinabol_10-atlasp.jpg\" alt=\"Turinabol 10\" width=\"30%\" align=\"right\" \/><\/a><br \/>\nPer chi \u00e8 alla ricerca di Turinabol e chiedendo dove acquistare Turinabol dal Alpha-Pharma fatta offriamo Turinabol 10 come la scelta migliore per i veri bodybuilder.<br \/>\nDa oggi una <strong>grande variet\u00e0 di steroidi iniettabili cos\u00ec come gli steroidi per via orale e ciclo di terapia post<\/strong> dal Alpha-Pharma possono essere acquistati in GetAnabolics. Siamo lieti di presentarvi il nuovo Turinabol da <span style=\"font-weight: bold;\">Alpha-Pharma<\/span>.<br \/>\n<em>Tutti i prodotti che offriamo sono di autentico, di alta qualit\u00e0 composti e hanno un unico obiettivo: aiutare le persone a ottenere la massa muscolare, la forza complessiva, per bruciare i grassi, e di aiutarli nel cammino di perfezione fisica. Per creare un costruttivo e civile connessione con i nostri clienti, noi faremo il massimo sforzo per garantire un servizio di alta qualit\u00e0 e approccio di ogni persona che indirizzo il nostro negozio con cortesia e rispetto.<\/em><br \/>\nLa costruzione e il mantenimento di un corpo splendido, richiedono una combinazione di metodi. Una dieta corretta \u00e8 la prima nella lista delle componenti essenziali necessari per il corpo. In secondo luogo, assicurarsi sempre di <strong>acquistare e utilizzare steroidi legali online<\/strong> non solo per evitare il conflitto con la legge, ma la cosa pi\u00f9 importante, per evitare complicazioni di salute.<br \/>\n<span style=\"font-weight: bold;\">GetAnabolics.Biz<\/span> \u00e8 la online steroidi fornitore appositamente creato e dedicato a fornire a ciascun atleta bodybuilder con i migliori steroidi anabolizzanti a prezzi scontati. Abbiamo scelto marchi pi\u00f9 affidabili di collaborare con, al fine di garantire la sicurezza, la vera e top-notch steroidi per i nostri clienti.<br \/>\n<em>Spedizione steroidi molto in sicurezza \u00e8 la preoccupazione principale per la consegna di steroidi in tutto il mondo. La nostra spedizione discreta garantisce che nessun altro sa che si acquista steroidi on-line.<\/em><\/p>\n<h2>Pi\u00f9 Turinabol Alpha-Pharma Informazioni<\/h2>\n<p><b>50 schede, ognuna delle quali contiene 10 mg Chlordehydromethyltestosterone<\/b><\/p>\n<p>Oral-Turinabol \u00e8 uno steroide orale, che \u00e8 stato sviluppato nei primi anni 1960.<\/p>\n<blockquote><p>OT ha un effetto prevalentemente anabolizzanti che \u00e8 combinata con una bassa componente androgena. In una scala da 1 a 100 l&#8217;effetto androgenico \u00e8 molto bassa, a solo 6 e l&#8217;effetto anabolico \u00e8 53. (In confronto: l&#8217;effetto androgenico di Dianabol \u00e8 45 e il suo effetto anabolizzante \u00e8 90.) Oral-Turinabol ha quindi milligrammo per milli-gram un effetto inferiore a Dianabol. Pertanto, non \u00e8 uno steroide che provoca un rapido aumento di forza, di peso e di massa muscolare. Piuttosto, i risultati ottenibili si manifestano in un guadagno di muscolo solido e, se presi nel corso di diverse settimane, anche in un buon guadagno di forza. L&#8217;atleta non sar\u00e0 certamente ottenere un aspetto gonfio, come \u00e8 il caso con il Testosterone, <a href=\"http:\/\/getanabolics.biz\/it\/prodotto\/dianabol-100-tabs-each-contains-10-mg-methandienone\/\">Dianabol<\/a>, <a href=\"http:\/\/getanabolics.biz\/it\/prodotto\/anadrol-100-tabs-each-tab-contains-50-mg-oxymetholone\/\">Anadrol <\/a>50. La massima concentrazione nel sangue di Oral-Turinabol durante l&#8217;assunzione di 10, 20 o 40 mg\/die \u00e8 di 1,5 -3.5 o 4,5 volte la concentrazione di testosterone endogeno (vedi anche Dianabol). Questo dimostra chiaramente che l&#8217;efficacia di questo composto dipende fortemente dalla dose.<\/p><\/blockquote>\n<p>\u00a3 0,4 x (peso corporeo) x giorni = numero di compresse da assumere durante l&#8217;intervallo complessivo di aspirazione<br \/>\nmg \/ tablet<\/p>\n<p>Un atleta che pesa 200 libbre avrebbe preso solo 4 compresse da 5 mg (20 mg\/giorno). Nella nostra esperienza bodybuilder prendere 8-10 compresse da 5 mg, che \u00e8 del 40-50 mg\/giorno. Molti con entusiasmo riportano buoni risultati con questo dosaggio: si costruisce una solida massa muscolare, la forza di guadagno vale la pena vedere, la ritenzione idrica \u00e8 molto bassa, e gli estrogeni causato effetti collaterali sono rari. Non senza una buona ragione OT \u00e8 anche popolare tra i powerlifter e sollevatori di pesi che apprezzano queste caratteristiche.<\/p>\n<p><em>a Causa delle sue caratteristiche OT \u00e8 uno steroide adatto sia per uomini e donne nelle competizioni. Una pila di solito molto efficace per culturisti maschi si compone di 50 mg OT\/giorno, 228 mg <a href=\"http:\/\/getanabolics.biz\/it\/prodotto\/parabolin-parabolan-parabolin-trenbolone-75mg-box-of-5-ampoules-1-5ml\/\">Parabolan<\/a>\/settimana, e 150 mg Winstrol Depot\/settimana. Quelli che hanno portato il loro tenore di grasso corporeo a un livello basso con la dieta e\/o utilizzando fatburning sostanze (per esempio, Clenbuterolo, Efedrina, Salbutamolo, Cytomel, Triacana), troveranno che la combinazione di sopra di steroidi si manifester\u00e0 in duro, nettamente definito, ma ancora denso e pieno di muscoli. Non ingrandire il seno, non eccedenza estrogeni, e non acquosa, puffy-alla ricerca del sistema muscolare. Se OT, disponibili sul mercato nero degli stati UNITI per gli steroidi, culturisti, powerlifter e sollevatori di pesi che vanno pazzi per questo anabolizzanti tedesco-Orientale.<\/em><\/p>\n<p>OT gode di una grande popolarit\u00e0 in quanto \u00e8 subito ripartito per il corpo e i metaboliti sono escreti in modo relativamente rapido attraverso l&#8217;urina. La domanda spesso posta in merito a quanti giorni prima di un test OT possono essere prese in modo di essere &#8220;pulito&#8221; \u00e8 difficile rispondere in modo specifico o generale. Sappiamo da una fonte affidabile che gli atleti che prendono solo OT come uno steroide e che, in parte, prendere dosaggi di 10 &#8211; 15 compresse al giorno, hanno interrotto il com-pound esattamente cinque giorni prima di un test antidoping e sono risultati negativi. Queste indicazioni sono supportate dal fatto che anche positive le analisi delle urine sono raramente menzionati i nomi di Oral-Turinabol o chlordehydromethyl-testosterone.<\/p>\n<p><span style=\"text-decoration: underline;\">I potenziali effetti collaterali di OT di solito dipendono dal livello di dosaggio e sono specifici di genere. nelle donne, a seconda della loro predisposizione, il solito virilizzazione sintomi si verificano e l&#8217;aumento quando il dos-et\u00e0 superiore a 20 mg al giorno, presi nel corso di un lungo periodo di tempo. Negli uomini il gi\u00e0 discusso ridotta produzione di testosterone pu\u00f2 essere evitato. La ginecomastia si verifica raramente con OT, Dato che la risposta dell&#8217;acqua e di elettroliti famiglia non \u00e8 eccessivamente distinti gli atleti solo raramente segnalare la ritenzione idrica e la pressione arteriosa alta. Acne, dolore gastrointestinale, incontrollato comportamento aggressivo sono l&#8217;eccezione piuttosto che la regola con OT Un aumento della libido \u00e8 riportato nella maggior parte dei casi, da entrambi i sessi. Dal momento che la sostanza chlordehydromethyltestosterone \u00e8 I 7-alfa alchilati il produttore nel suo foglietto illustrativo raccomanda che la funzione del fegato essere controllata regolarmente in quanto pu\u00f2 essere influenzato negativamente da dosaggi elevati e il rischio di possibili danni al fegato non pu\u00f2 essere esclusa. Cos\u00ec OT \u00e8 uno steroide che pu\u00f2 essere preso senza interruzione per lunghi intervalli di tempo. Studi di atleti di sesso maschile che nel corso di un periodo di sei settimane sono stati dati 10 mg OT\/giorno non ha mostrato alcuna indicazione di effetti pericolosi per la salute.<\/span><\/p>\n<p>La disponibilit\u00e0 di OT \u00e8 estremamente povera. Non c&#8217;\u00e8 nessuna possibilit\u00e0 di trovare un originale Oral-Turinabol tablet in USA<\/p>\n<h3>Leggi di pi\u00f9<\/h3>\n<p><a href=\"http:\/\/getanabolics.biz\/it\/acquistare-dianabol-online-su-getanabolics-biz\/\">ACQUISTA DIANABOL ONLINE SU GETANABOLICS.BIZ<\/a><\/p>\n<p><a href=\"http:\/\/getanabolics.biz\/it\/winstrol-che-cosa-e-e-per-che-cosa-e\/\">WINSTROL, CHE COS&#8217;\u00c8 E PER COSA SERVE?<\/a><\/p>\n<p><a href=\"http:\/\/getanabolics.biz\/it\/recensioni-cytomel-t3-su-getanabolics-biz\/\">CYTOMEL T3 RECENSIONI SU GETANABOLICS.BIZ<\/a><\/p>\n<p><a href=\"http:\/\/getanabolics.biz\/it\/pausa-tra-steroidi-e-pct\/\">PAUSA TRA CORSI STEROIDI E PCT<\/a><\/p>\n<p><a href=\"http:\/\/getanabolics.biz\/it\/quanto-e-efficace-il-ponte-steroideo\/\">QUANTO EFFICACE \u00c8 IL PONTE STEROID?<\/a><\/p>\n","protected":false},"excerpt":{"rendered":"<p>Pacchetto: 50 schede, ognuna delle quali contiene 10 mg Chlordehydromethyltestosterone<br \/>Produttore: Alpha-Pharma<br \/>Marca: Turinabol<br \/>Conosciuto anche come: Turinabol 10<\/p>\n","protected":false},"featured_media":348,"comment_status":"open","ping_status":"closed","template":"","meta":[],"product_cat":[109],"product_tag":[64],"_links":{"self":[{"href":"https:\/\/getanabolics.biz\/it\/wp-json\/wp\/v2\/product\/813"}],"collection":[{"href":"https:\/\/getanabolics.biz\/it\/wp-json\/wp\/v2\/product"}],"about":[{"href":"https:\/\/getanabolics.biz\/it\/wp-json\/wp\/v2\/types\/product"}],"replies":[{"embeddable":true,"href":"https:\/\/getanabolics.biz\/it\/wp-json\/wp\/v2\/comments?post=813"}],"wp:featuredmedia":[{"embeddable":true,"href":"https:\/\/getanabolics.biz\/it\/wp-json\/wp\/v2\/media\/348"}],"wp:attachment":[{"href":"https:\/\/getanabolics.biz\/it\/wp-json\/wp\/v2\/media?parent=813"}],"wp:term":[{"taxonomy":"product_cat","embeddable":true,"href":"https:\/\/getanabolics.biz\/it\/wp-json\/wp\/v2\/product_cat?post=813"},{"taxonomy":"product_tag","embeddable":true,"href":"https:\/\/getanabolics.biz\/it\/wp-json\/wp\/v2\/product_tag?post=813"}],"curies":[{"name":"wp","href":"https:\/\/api.w.org\/{rel}","templated":true}]}}