{"id":811,"date":"2017-04-27T10:32:35","date_gmt":"2017-04-27T11:10:58","guid":{"rendered":"http:\/\/getanabolics.biz\/product\/proviron-comprare-proviron-50-schede-ogni-scheda-25mg-mesterolone\/"},"modified":"2018-01-19T09:06:29","modified_gmt":"2018-01-19T09:06:29","slug":"proviron-buy-proviron-50-tabs-each-tab-25mg-mesterolone","status":"publish","type":"product","link":"https:\/\/getanabolics.biz\/it\/prodotto\/proviron-buy-proviron-50-tabs-each-tab-25mg-mesterolone\/","title":{"rendered":"Proviron &#8211; Bayer\/Schering"},"content":{"rendered":"<h2>Comprare Proviron &#8211; Bayer\/Schering (Provibol)<\/h2>\n<p><a title=\"Comprare Proviron al GetAnabolics\"><img src=\"http:\/\/getanabolics.biz\/images\/proviron-bayer.jpg\" alt=\"Provibol\" width=\"30%\" align=\"right\" \/><\/a><br \/>\nPer chi \u00e8 alla ricerca di Proviron e chiedendo dove acquistare Proviron dal Bayer\/Schering fatta offriamo Provibol come la scelta migliore per i veri bodybuilder.<br \/>\nDa oggi una <strong>grande variet\u00e0 di steroidi iniettabili cos\u00ec come gli steroidi per via orale e ciclo di terapia post<\/strong> dal Bayer\/Schering possono essere acquistati in GetAnabolics. Siamo lieti di presentarvi il nuovo Proviron da <span style=\"font-weight: bold;\">Bayer\/Schering<\/span>.<br \/>\nTutti i prodotti che offriamo sono di autentico, di alta qualit\u00e0 composti e hanno un unico obiettivo: aiutare le persone a ottenere la massa muscolare, la forza complessiva, per bruciare i grassi, e di aiutarli nel cammino di perfezione fisica. Per creare un costruttivo e civile connessione con i nostri clienti, noi faremo il massimo sforzo per garantire un servizio di alta qualit\u00e0 e approccio di ogni persona che indirizzo il nostro negozio con cortesia e rispetto.<br \/>\nLa costruzione e il mantenimento di un corpo splendido, richiedono una combinazione di metodi. Una dieta corretta \u00e8 la prima nella lista delle componenti essenziali necessari per il corpo. In secondo luogo, assicurarsi sempre di <strong>acquistare e utilizzare steroidi legali online<\/strong> non solo per evitare il conflitto con la legge, ma la cosa pi\u00f9 importante, per evitare complicazioni di salute.<br \/>\n<span style=\"font-weight: bold;\">GetAnabolics.Biz<\/span> \u00e8 la online steroidi fornitore appositamente creato e dedicato a fornire a ciascun atleta bodybuilder con i migliori steroidi anabolizzanti a prezzi scontati. Abbiamo scelto marchi pi\u00f9 affidabili di collaborare con, al fine di garantire la sicurezza, la vera e top-notch steroidi per i nostri clienti.<br \/>\nSpedizione steroidi molto in sicurezza \u00e8 la preoccupazione principale per la consegna di steroidi in tutto il mondo. La nostra spedizione discreta garantisce che nessun altro sa che si acquista steroidi on-line.<\/p>\n<h2>Pi\u00f9 Proviron Bayer\/Schering Informazioni<\/h2>\n<p><b>Comprare Proviron 50 schede ogni scheda 25mg Mesterolone<\/b><\/p>\n<p><em>Mesterolone \u00e8 un attivo per via orale, 1-metilato DHT. Come Masteron, ma poi effettivamente consegnato in una prova orale di moda. DHT \u00e8 il prodotto di conversione di testosterone 5-alfa-reduttasi, enzima, e il risultato \u00e8 stato un ormone che \u00e8 di 3 a 4 volte pi\u00f9 androgeni ed \u00e8 strutturalmente incapace di formare gli estrogeni. Si potrebbe pensare quindi che mesterolone sarebbe un perfetto droga per migliorare la forza e aggiungere una piccola ma completamente l&#8217;aumento della massa magra al telaio. Purtroppo non c&#8217;\u00e8 un meccanismo di controllo per il DHT nel corpo umano. Quando i livelli sono troppo alti, il 3alfa idrossisteroide deidrogenasi enzima converte in un per lo pi\u00f9 inattivi composto noto come alpha-3 (5-alfa-androstan-3alfa,17beta-diolo), un pro-ormone. Pu\u00f2 anche convertire DHT mediante l&#8217;enzima stesso quando i bassi livelli di DHT sono rilevati. Ma significa che se uno utilizza ridicolmente alte somme di denaro, la maggior parte di ci\u00f2 che viene somministrato \u00e8 abbastanza inutile, all&#8217;altezza del recettore degli androgeni nel tessuto muscolare e, quindi, mesterolone non \u00e8 particolarmente adatto, se non a tutti, a promuovere l&#8217;ipertrofia muscolare.<\/em><\/p>\n<h1>Comprare Proviron<\/h1>\n<p>Proviron ha quattro distinte usi nel mondo del bodybuilding. Il primo \u00e8 il risultato della sua struttura. Si tratta di 5-alfa ridotto e non in grado di formare gli estrogeni, ma comunque ha una maggiore affinit\u00e0 per l&#8217;enzima aromatasi (che converte il testosterone in estrogeni) di testosterone. Che significa in somministrazione con testosterone o un altro composto aromatizable, impedisce di estrogeni build-up, perch\u00e9 si lega all&#8217;enzima aromatasi, molto fortemente, impedendo che questi steroidi che interagiscono con esso e formare gli estrogeni. Cos\u00ec <a href=\"http:\/\/getanabolics.biz\/it\/tutto-su-proviron-mesterolone\/\">Mesterolone <\/a>uso \u00e8 l&#8217;estremo vantaggio di ridurre estrogenici effetti collaterali ritenzione di acqua e osservato con altri steroidi, e come tale ancora aiutare principalmente per l&#8217;aumento della massa magra. Inoltre \u00e8 stato suggerito che si possa effettuare il downgrade dell&#8217;effettivo del recettore degli estrogeni rende doppiamente efficace nel ridurre i livelli di estrogeni circolanti.<\/p>\n<p>Bayer Schering fatto Proviron per la vendita.<\/p>\n<h3>Leggi di pi\u00f9<\/h3>\n<p><a href=\"http:\/\/getanabolics.biz\/it\/tutto-su-proviron-mesterolone\/\">TUTTO SU PROVIRON (MESTEROLONE)<\/a><\/p>\n<p><a href=\"http:\/\/getanabolics.biz\/it\/acquistare-clomid-online-su-getanabolics-biz\/\">ACQUISTA CLOMID ONLINE SU GETANABOLICS.BIZ<\/a><\/p>\n<p><a href=\"http:\/\/getanabolics.biz\/it\/creatina-su-un-ciclo-di-steroidi\/\">CREATINA SU UN CORSO DI STEROIDI<\/a><\/p>\n<p><a href=\"http:\/\/getanabolics.biz\/it\/raccogli-una-massa-secca-senza-effetti-collaterali\/\">RACCOGLI UNA MASSA ASCIUTTA SENZA EFFETTI COLLATERALI<\/a><\/p>\n<p><a href=\"http:\/\/getanabolics.biz\/it\/quale-dovrebbe-essere-la-durata-del-corso-degli-steroidi\/\">COSA DEVE ESSERE LA DURATA DEL CORSO DI STEROIDI?<\/a><\/p>\n","protected":false},"excerpt":{"rendered":"<p>Pacchetto: Comprare Proviron 50 schede ogni scheda 25mg Mesterolone<br \/>Produttore: Bayer\/Schering<br \/>Marca: Proviron<br \/>Conosciuto anche come: Provibol<\/p>\n","protected":false},"featured_media":414,"comment_status":"open","ping_status":"closed","template":"","meta":[],"product_cat":[91,109],"product_tag":[65],"_links":{"self":[{"href":"https:\/\/getanabolics.biz\/it\/wp-json\/wp\/v2\/product\/811"}],"collection":[{"href":"https:\/\/getanabolics.biz\/it\/wp-json\/wp\/v2\/product"}],"about":[{"href":"https:\/\/getanabolics.biz\/it\/wp-json\/wp\/v2\/types\/product"}],"replies":[{"embeddable":true,"href":"https:\/\/getanabolics.biz\/it\/wp-json\/wp\/v2\/comments?post=811"}],"wp:featuredmedia":[{"embeddable":true,"href":"https:\/\/getanabolics.biz\/it\/wp-json\/wp\/v2\/media\/414"}],"wp:attachment":[{"href":"https:\/\/getanabolics.biz\/it\/wp-json\/wp\/v2\/media?parent=811"}],"wp:term":[{"taxonomy":"product_cat","embeddable":true,"href":"https:\/\/getanabolics.biz\/it\/wp-json\/wp\/v2\/product_cat?post=811"},{"taxonomy":"product_tag","embeddable":true,"href":"https:\/\/getanabolics.biz\/it\/wp-json\/wp\/v2\/product_tag?post=811"}],"curies":[{"name":"wp","href":"https:\/\/api.w.org\/{rel}","templated":true}]}}