{"id":810,"date":"2017-04-27T10:31:41","date_gmt":"2017-04-27T11:10:58","guid":{"rendered":"http:\/\/getanabolics.biz\/product\/anadrol-50-schede-di-ciascuna-contiene-50-mg-di-oxymetholone\/"},"modified":"2018-01-19T13:16:53","modified_gmt":"2018-01-19T13:16:53","slug":"anadrol-50-schede-di-ciascuna-contiene-50-mg-di-oxymetholone","status":"publish","type":"product","link":"https:\/\/getanabolics.biz\/it\/prodotto\/anadrol-50-schede-di-ciascuna-contiene-50-mg-di-oxymetholone\/","title":{"rendered":"Anadrol &#8211; Alpha-Pharma"},"content":{"rendered":"<h2>Comprare Anadrol &#8211; Alpha-Pharma (Oxydrolone)<\/h2>\n<p><a title=\"Comprare Anadrol al GetAnabolics\"><img src=\"http:\/\/getanabolics.biz\/images\/oxydrolone.jpg\" alt=\"Oxydrolone\" width=\"30%\" align=\"right\" \/><\/a><br \/>\nPer chi \u00e8 alla ricerca di Anadrol e chiedendo dove acquistare Anadrol dal Alpha-Pharma fatta offriamo Oxydrolone come la scelta migliore per i veri bodybuilder.<br \/>\nDa oggi una <strong>grande variet\u00e0 di steroidi iniettabili cos\u00ec come gli steroidi per via orale e ciclo di terapia post<\/strong> dal Alpha-Pharma possono essere acquistati in GetAnabolics. Siamo lieti di presentarvi il nuovo Anadrol da <span style=\"font-weight: bold;\">Alpha-Pharma<\/span>.<br \/>\nTutti i prodotti che offriamo sono di autentico, di alta qualit\u00e0 composti e hanno un unico obiettivo: aiutare le persone a ottenere la massa muscolare, la forza complessiva, per bruciare i grassi, e di aiutarli nel cammino di perfezione fisica. Per creare un costruttivo e civile connessione con i nostri clienti, noi faremo il massimo sforzo per garantire un servizio di alta qualit\u00e0 e approccio di ogni persona che indirizzo il nostro negozio con cortesia e rispetto.<br \/>\n<em>La costruzione e il mantenimento di un corpo splendido, richiedono una combinazione di metodi. Una dieta corretta \u00e8 la prima nella lista delle componenti essenziali necessari per il corpo. In secondo luogo, assicurarsi sempre di <strong>acquistare e utilizzare steroidi legali online<\/strong> non solo per evitare il conflitto con la legge, ma la cosa pi\u00f9 importante, per evitare complicazioni di salute.<\/em><br \/>\n<span style=\"font-weight: bold;\">GetAnabolics.Biz<\/span> \u00e8 la online steroidi fornitore appositamente creato e dedicato a fornire a ciascun atleta bodybuilder con i migliori steroidi anabolizzanti a prezzi scontati. Abbiamo scelto marchi pi\u00f9 affidabili di collaborare con, al fine di garantire la sicurezza, la vera e top-notch steroidi per i nostri clienti.<br \/>\nSpedizione steroidi molto in sicurezza \u00e8 la preoccupazione principale per la consegna di steroidi in tutto il mondo. La nostra spedizione discreta garantisce che nessun altro sa che si acquista steroidi on-line.<\/p>\n<h2>Pi\u00f9 Anadrol Alpha-Pharma Informazioni<\/h2>\n<p><b>50 schede ciascuna contiene 50 mg di Oxymetholone<\/b><\/p>\n<p><em>Gli usi primari medico di steroidi anabolizzanti \/ androgeni sono per il trattamento di pubert\u00e0 ritardata, alcuni tipi di impotenza e di spreco del corpo, causata da infezione da HIV o altre malattie. Gli steroidi anabolizzanti promuovere la crescita del muscolo scheletrico e lo sviluppo di caratteristiche sessuali maschili, ma che hanno anche altri effetti. Anadrol 50 \u00e8 il pi\u00f9 forte e, allo stesso tempo, \u00e8 anche il pi\u00f9 efficace degli steroidi per via orale. Anadrol ha un altissimo effetto androgenico, che va di pari passo con una componente estremamente intenso anabolizzanti &#8211; oxymetholone. Altamente effetto androgenico di Anadrol stimola la rigenerazione del corpo, in modo che, spesso temuto &#8220;corso di formazione&#8221; \u00e8 improbabile che si verifichi. Una dose sufficiente per qualsiasi atleta sarebbe di 0,5 &#8211; 0,8 mg. per chilo di peso corporeo\/giorno. Questo corrisponde a 1-4 compresse, cio\u00e8 50-200 mg\/die. In nessun caso l&#8217;atleta dovrebbe durare pi\u00f9 di quattro compresse in un dato giorno, preferibilmente non pi\u00f9 di tre.<\/em><\/p>\n<p>Quando l&#8217;assunzione di Anadrol per la prima volta l&#8217;atleta dovrebbe iniziare con una dose di una sola compressa da 50 mg. Dopo una settimana il dosaggio giornaliero pu\u00f2 essere aumentato a due compresse, una compressa la mattina e la sera, preso con i pasti. Dosaggi pi\u00f9 elevati, non deve essere assunto per periodi pi\u00f9 lunghi di due o tre settimane. Qualsiasi uso di Anadrol non deve superare le sei settimane. Dopo la sospensione Anadrol, \u00e8 importante continuare il trattamento steroideo con un altro composto, poich\u00e9, altrimenti, una drastica riduzione della massa muscolare e la forza. Anadrol \u00e8 il pi\u00f9 dannoso di steroidi per via orale e la sua assunzione pu\u00f2 causare molti effetti collaterali notevoli. La maggior parte degli utenti pu\u00f2 aspettare alcuni cambiamenti patologici nei loro valori del fegato dopo circa una settimana. Coloro che hanno interrotto l&#8217;uso di oxymetholone di solito mostrano i valori normali entro due mesi. Oxymetholone \u00e8 l&#8217;unico anabolizzanti\/androgeni steroidi, che \u00e8 collegato con il cancro al fegato.<\/p>\n<p><b>usa<\/b><\/p>\n<p>Gli usi primari medico di steroidi anabolizzanti \/ androgeni sono per il trattamento di pubert\u00e0 ritardata, alcuni tipi di impotenza e di spreco del corpo, causata da infezione da HIV o altre malattie. Gli steroidi anabolizzanti promuovere la crescita del muscolo scheletrico e lo sviluppo di caratteristiche sessuali maschili, ma che hanno anche altri effetti. Anadrol 50 \u00e8 il pi\u00f9 forte e, allo stesso tempo, \u00e8 anche il pi\u00f9 efficace degli steroidi per via orale. Anadrol ha un altissimo effetto androgenico, che va di pari passo con una componente estremamente intenso anabolizzanti &#8211; oxymetholone. Altamente effetto androgenico di Anadrol stimola la rigenerazione del corpo, in modo che, spesso temuto &#8220;corso di formazione&#8221; \u00e8 improbabile che si verifichi. Anadrol pu\u00f2 dare guadagni di forza e massa muscolare in un tempo molto breve. La ritenzione idrica \u00e8 notevole e dato che la cellula muscolare attira un sacco di acqua, l&#8217;intero sistema muscolare degli atleti pi\u00f9 sar\u00e0 agevole. Anadrol non causa un aumento qualitativo dei muscoli, ma piuttosto un quantitativo. Anadrol &#8220;lubrifica&#8221; le articolazioni in quanto l&#8217;acqua viene memorizzato anche l\u00ec. Da un lato questo \u00e8 un fattore di enorme aumento di forza e, dall&#8217;altro, permette di atleti con problemi articolari un allenamento indolore. Una dieta rigorosa, insieme con l&#8217;assunzione contemporanea di Nolvadex e Proviron, pu\u00f2 ridurre significativamente la ritenzione idrica. Anadrol aumenta il numero di globuli rossi, permettendo al muscolo di assorbire pi\u00f9 ossigeno. Il muscolo ha quindi una durata superiore e il livello di prestazioni. Anche se Anadrol non \u00e8 uno steroide utilizzato nella preparazione di un concorso, non aiutano pi\u00f9 di altri steroidi durante una dieta per mantenere la massa muscolare e per consentire un allenamento intenso.<\/p>\n<p><b>Indicazioni<\/b><\/p>\n<blockquote><p>Anadrol si presenta come una compressa contiene 50 mg. oxymetholone, a prendere per bocca. Una dose sufficiente per qualsiasi atleta sarebbe 50-200 mg\/die. a seconda del peso e come utente avanzato di steroidi anabolizzanti \u00e8 l&#8217;atleta. Un apporto di pi\u00f9 di tre compresse in un dato giorno, non \u00e8 consigliabile. La prima volta che Anadrol dovrebbe iniziare con una dose di una sola compressa da 50 mg. Dopo una settimana, il dosaggio giornaliero pu\u00f2 essere aumentato a due compresse, una compressa la mattina e la sera, preso con i pasti. Gli atleti che sono pi\u00f9 avanzati o pesare pi\u00f9 di 220 libbre possono aumentare il dosaggio a 150 mg\/die nella terza settimana. Questo dosaggio, tuttavia, non deve essere assunto per periodi pi\u00f9 lunghi di due o tre settimane. L&#8217;uso di Anadrol non dovrebbe mai superare le sei settimane. Dopo aver sospeso l&#8217;uso di Anadrol, \u00e8 importante continuare il trattamento steroideo con un altro composto, poich\u00e9, altrimenti, una drastica riduzione della massa muscolare e della forza avviene e l&#8217;utente. Gli atleti di continuare il trattamento con testosterone iniettabili come il <a href=\"http:\/\/getanabolics.biz\/it\/prodotto\/sustanon-250-1-box-of-10-ampoules-each-1-amp-contains-250-mg-testosterone-esters\/\">Sustanon 250<\/a> o <a href=\"http:\/\/getanabolics.biz\/it\/prodotto\/testosterone-enant-250-10-ml-vial-each-1-ml-contains-250-mg-testosterone-enanthate\/\">Testosterone Enanthate <\/a>per diverse settimane.<\/p><\/blockquote>\n<p><b>Precauzioni<\/b><\/p>\n<p>Anadrol \u00e8 il pi\u00f9 dannoso di steroidi per via orale e la sua assunzione pu\u00f2 causare molti effetti collaterali notevoli. La maggior parte degli utenti pu\u00f2 aspettare alcuni cambiamenti patologici nei loro valori del fegato dopo circa una settimana. Un aumento dei valori del fegato di entrambi gli enzimi GOT e GPT anche chiamato transaminasi, spesso non pu\u00f2 essere evitato, che sono le indicazioni di epatite, cio\u00e8 un&#8217;infezione al fegato. Coloro che hanno interrotto oxymetholone di solito mostrano i valori normali entro due mesi. Pi\u00f9 presa di <a href=\"http:\/\/getanabolics.biz\/it\/prodotto\/anadrol-500-tabs-each-tab-contains-50-mg-oxymetholone\/\">Anadrol <\/a>e\/o dosi pi\u00f9 elevate possono causare una colorazione gialla delle unghie, gli occhi o la pelle. Il fegato enzima gamma-GT, inoltre, \u00e8 sensibile alla oxymetholone, provocando elevare. Se gli alti dosaggi di Anadrol sono assunti per un lungo periodo, vi \u00e8 un aumento del rischio che i cambiamenti descritti fegato potrebbe danneggiare il fegato. Durante l&#8217;assunzione di Anadrol 50, i valori del fegato, cos\u00ec come i livelli di LDH\/HBDH di quoziente, si deve essere sempre controllato da un medico competente. Oxymetholone \u00e8 l&#8217;unico steroidi anabolizzanti\/androgeni, che \u00e8 stata associata con cancro al fegato. Anadrol non \u00e8 raccomandato per le donne in quanto provoca molti e, in parte, irreversibile virilizzanti sintomi come l&#8217;acne, ipertrofia del clitoride, voce profonda, aumento della crescita di peli sulle gambe, crescita della barba, mancati periodi, aumento della libido, perdita di capelli.<\/p>\n<p><b>Possibili effetti collaterali<\/b><\/p>\n<p>Oxymetholone facilmente si converte in estrogeni che provoca segni di femminilizzazione e la ritenzione di acqua gi\u00e0 citato, che a sua volta richiede l&#8217;assunzione di estrogeni. L&#8217;aumento di ritenzione di acqua, oltre ai problemi estetici, pu\u00f2 essere ulteriormente dannoso in quanto pu\u00f2 causare alta pressione sanguigna. In casi estremi, l&#8217;assunzione di un farmaco anti-ipertensivo pu\u00f2 essere necessario. Oxymetholone non viene convertito in DHT. Tuttavia, si tratta di un potente androgeno. Gli utenti che si verifichi una grave acne steroidea causata da Anadrol pu\u00f2 ottenere sotto controllo questo problema utilizzando la droga di prescrizione Accutane. Altri possibili effetti collaterali possono includere mal di testa, nausea, vomito, dolori di stomaco, mancanza di appetito, insonnia, diarrea. L&#8217;atleta pu\u00f2 aspettarsi una sensazione di &#8220;malessere generale&#8221; con il prendere di Anadrol, che \u00e8 completamente in contrasto con Dianabol che trasmette un senso di benessere&#8221;. L&#8217;aggressivit\u00e0 aumentata \u00e8 causata da un conseguente elevato livello di androgeni e si verifica soprattutto quando grandi quantit\u00e0 di testosterone sono iniettati contemporaneamente con l&#8217;uso di Anadrol. Il corpo della propria produzione di testosterone \u00e8 ridotta notevolmente dal Anadrol ha un effetto inibitorio sull&#8217;ipotalamo, che a sua volta completamente riduce o interrompe il rilascio di GnRH (gonadotropin releasing hormone). Per questo motivo l&#8217;assunzione di testosterone, composti stimolanti come HCG e Clomid \u00e8 assolutamente necessario per mantenere la produzione di ormoni nei testicoli. Se si notano altri effetti non elencati sopra, contattare il medico.<\/p>\n<p><b>Ulteriori informazioni<\/b><\/p>\n<p>Anadrol tenere in un contenitore ermeticamente chiuso e fuori dalla portata dei bambini. Anadrol conservare a temperatura ambiente e lontano da eccesso di calore e di umidit\u00e0 (non in bagno).<\/p>\n<h3>Leggi di pi\u00f9<\/h3>\n<p><a href=\"http:\/\/getanabolics.biz\/it\/ottimi-risultati-del-miglior-trenbolone-acetato\/\">GRANDI RISULTATI DAL MIGLIOR ACETATO DI TRENBOLONE<\/a><\/p>\n<p><a href=\"http:\/\/getanabolics.biz\/it\/tutto-quello-che-ce-da-sapere-sul-anadrol\/\">TUTTO QUELLO CHE DEVI SAPERE SU ANADROL<\/a><\/p>\n<p><a href=\"http:\/\/getanabolics.biz\/it\/leffetto-degli-steroidi-sulla-pelle-umana\/\">L&#8217;EFFETTO DELLA STEROIDI SULLA PELLE UMANA<\/a><\/p>\n<p><a href=\"http:\/\/getanabolics.biz\/it\/raccogli-una-massa-secca-senza-effetti-collaterali\/\">RACCOGLI UNA MASSA ASCIUTTA SENZA EFFETTI COLLATERALI<\/a><\/p>\n<p><a href=\"http:\/\/getanabolics.biz\/it\/quale-dovrebbe-essere-la-durata-del-corso-degli-steroidi\/\">COSA DEVE ESSERE LA DURATA DEL CORSO DI STEROIDI?<\/a><\/p>\n","protected":false},"excerpt":{"rendered":"<p>Pacchetto: 50 schede di ciascuna contiene 50 mg di Oxymetholone<br \/>Produttore: Alpha-Pharma<br \/>Marca: Anadrol<br \/>Conosciuto anche come: Oxydrolone<\/p>\n","protected":false},"featured_media":336,"comment_status":"open","ping_status":"closed","template":"","meta":[],"product_cat":[109,119],"product_tag":[64],"_links":{"self":[{"href":"https:\/\/getanabolics.biz\/it\/wp-json\/wp\/v2\/product\/810"}],"collection":[{"href":"https:\/\/getanabolics.biz\/it\/wp-json\/wp\/v2\/product"}],"about":[{"href":"https:\/\/getanabolics.biz\/it\/wp-json\/wp\/v2\/types\/product"}],"replies":[{"embeddable":true,"href":"https:\/\/getanabolics.biz\/it\/wp-json\/wp\/v2\/comments?post=810"}],"wp:featuredmedia":[{"embeddable":true,"href":"https:\/\/getanabolics.biz\/it\/wp-json\/wp\/v2\/media\/336"}],"wp:attachment":[{"href":"https:\/\/getanabolics.biz\/it\/wp-json\/wp\/v2\/media?parent=810"}],"wp:term":[{"taxonomy":"product_cat","embeddable":true,"href":"https:\/\/getanabolics.biz\/it\/wp-json\/wp\/v2\/product_cat?post=810"},{"taxonomy":"product_tag","embeddable":true,"href":"https:\/\/getanabolics.biz\/it\/wp-json\/wp\/v2\/product_tag?post=810"}],"curies":[{"name":"wp","href":"https:\/\/api.w.org\/{rel}","templated":true}]}}