{"id":808,"date":"2017-04-27T10:31:41","date_gmt":"2017-04-27T11:10:58","guid":{"rendered":"http:\/\/getanabolics.biz\/product\/danabol-500-compresse-ogni-compressa-contiene-10-mg-di-methandienone\/"},"modified":"2018-06-25T07:09:31","modified_gmt":"2018-06-25T07:09:31","slug":"danabol-500-compresse-ogni-compressa-contiene-10-mg-di-methandienone","status":"publish","type":"product","link":"https:\/\/getanabolics.biz\/it\/prodotto\/danabol-500-compresse-ogni-compressa-contiene-10-mg-di-methandienone\/","title":{"rendered":"Danabol &#8211; Alpha-Pharma"},"content":{"rendered":"<h2>Comprare Danabol &#8211; Alpha-Pharma (Alphabol)<\/h2>\n<p><a title=\"Comprare Danabol al GetAnabolics\"><img src=\"http:\/\/getanabolics.biz\/images\/danabol-10-500-lap.jpg\" alt=\"Alphabol\" width=\"30%\" align=\"right\" \/><\/a><br \/>\nPer chi \u00e8 alla ricerca di Danabol e chiedendo dove acquistare Danabol dal Alpha-Pharma fatta offriamo Alphabol come la scelta migliore per i veri bodybuilder.<br \/>\nDa oggi una <strong>grande variet\u00e0 di steroidi iniettabili cos\u00ec come gli steroidi per via orale e ciclo di terapia post<\/strong> dal Alpha-Pharma possono essere acquistati in GetAnabolics. Siamo lieti di presentarvi il nuovo Danabol da <span style=\"font-weight: bold;\">Alpha-Pharma<\/span>.<br \/>\n<em>Tutti i prodotti che offriamo sono di autentico, di alta qualit\u00e0 composti e hanno un unico obiettivo: aiutare le persone a ottenere la massa muscolare, la forza complessiva, per bruciare i grassi, e di aiutarli nel cammino di perfezione fisica. Per creare un costruttivo e civile connessione con i nostri clienti, noi faremo il massimo sforzo per garantire un servizio di alta qualit\u00e0 e approccio di ogni persona che indirizzo il nostro negozio con cortesia e rispetto.<\/em><br \/>\nLa costruzione e il mantenimento di un corpo splendido, richiedono una combinazione di metodi. Una dieta corretta \u00e8 la prima nella lista delle componenti essenziali necessari per il corpo. In secondo luogo, assicurarsi sempre di <strong>acquistare e utilizzare steroidi legali online<\/strong> non solo per evitare il conflitto con la legge, ma la cosa pi\u00f9 importante, per evitare complicazioni di salute.<br \/>\n<em><span style=\"font-weight: bold;\">GetAnabolics.Biz<\/span> \u00e8 la online steroidi fornitore appositamente creato e dedicato a fornire a ciascun atleta bodybuilder con i migliori steroidi anabolizzanti a prezzi scontati. Abbiamo scelto marchi pi\u00f9 affidabili di collaborare con, al fine di garantire la sicurezza, la vera e top-notch steroidi per i nostri clienti.<\/em><br \/>\nSpedizione steroidi molto in sicurezza \u00e8 la preoccupazione principale per la consegna di steroidi in tutto il mondo. La nostra spedizione discreta garantisce che nessun altro sa che si acquista steroidi on-line.<\/p>\n<h2>Pi\u00f9 Danabol Alpha-Pharma Informazioni<\/h2>\n<p><b>500 compresse ogni compressa contiene 10 mg di Methandienone<\/b><\/p>\n<p><strong>Classe di droga: Orale Androgeni\/steroidi Anabolizzanti<\/strong><br \/>\n<strong> Consigliato dosaggio medio: Tra i 15 e i 50 mg\/giorno per gli uomini e tra 5 e 10 mg\/giorno per le donne<\/strong><br \/>\n<strong> Vita attiva: da 6 a 8 ore<\/strong><br \/>\n<strong> Ritenzione idrica: S\u00ec<\/strong><br \/>\n<strong> Tossico per il fegato: S\u00ec<\/strong><br \/>\n<strong> Diminuisce la funzione HPTA: S\u00ec, dipende dalla dose e ciclo.<\/strong><br \/>\n<strong> DTH Conversione: N<\/strong><\/p>\n<h1>Dianabol vendita<\/h1>\n<p><a href=\"http:\/\/getanabolics.biz\/it\/prodotto\/dianabol-100-tabs-each-contains-10-mg-methandienone\/\">Dianabol <\/a>\u00e8 stato creato per la prima volta dal Dr. John Ziegler e che \u00e8 stata prodotta e commercializzata nel 1960 dalla Ciba di prodotti Farmaceutici. \u00c8 uno dei pi\u00f9 conosciuti steroidi anabolizzanti ed \u00e8 stata la prima orale di steroidi anabolizzanti per essere sintetizzato. Si tratta di uno dei pi\u00f9 potenti steroidi anabolizzanti disponibili ed \u00e8 pi\u00f9 potente come il testosterone e viene utilizzato estensivamente da parte degli atleti. Dbol \u00e8 pi\u00f9 comunemente indicato come Dbol e anabolizzanti steroidei ormone Methandrostenolone. Questo steroidei ormone anabolizzanti androgeni e moderato tratti. Questo permette di Dbol essere molto efficace quando viene utilizzato per aumentare la massa muscolare e la forza.<\/p>\n<p><em>Dbol per la vendita \u00e8 di steroidi per via orale sotto forma di Methandrostenolone, che \u00e8 disponibile separatamente in forma iniettabile. Dbol \u00e8 molto rapido effetto di steroidi come indicato dalla vita attiva ed \u00e8 meglio utilizzato per costruire massa e forza in cicli di carica. \u00c8 la pi\u00f9 lunga emivita di orale di steroidi anabolizzanti e di conseguenza \u00e8 molto efficace nel dare vita a un ciclo all&#8217;inizio del ciclo. Dianabol pu\u00f2 anche essere utilizzato nelle successive fasi di un ciclo in cui gli utenti devono eliminare altipiani.<\/em><\/p>\n<p>Il dosaggio raccomandato per gli uomini \u00e8 tra i 15 e i 50 mg al giorno, ma i risultati possono essere visti a 20mg al giorno. 100 mg al giorno \u00e8 la quantit\u00e0 massima di Dbol che chiunque dovrebbe usare. Per le donne, il dosaggio \u00e8 molto pi\u00f9 bassa tra 5 e 10 mg\/giorno. 30mg al giorno \u00e8 la dose consigliata per i principianti e come Dbol \u00e8 molto molto forte, basse dosi sono sufficienti a volte.<\/p>\n<p><em>Dianabol aumenta la sintesi proteica, e di conseguenza \u00e8 meglio utilizzato per costruire massa e forza. Dbol aumenta anche povera di grassi massa muscolare e la ritenzione di azoto nei muscoli, che \u00e8 maggiore rispetto a quello fornito da altri steroidi anabolizzanti. Esso permette inoltre agli utenti di conservare la massa muscolare quando su una dieta ristretta di calorie. Tuttavia, come uno steroide per via orale, \u00e8 un 17 AA steroide che riduce l&#8217;aromatizzazione di questo steroide. Questo rende molto tossica per il fegato. Pu\u00f2 anche causare alta pressione sanguigna e le persone che soffrono di pressione alta dovrebbe comprare <a href=\"http:\/\/getanabolics.biz\/it\/prodotto\/dianabol-buy-d-bol-100-tabs-each-contains-10-mg-methandienone\/\">Dianabol<\/a>. Come il farmaco non aromatizza, effetti collaterali di estrogeni come la Ginecomastia pu\u00f2 essere previsto.<\/em><\/p>\n<p>Comprare Dianabol pillole ora che \u00e8 il pi\u00f9 popolare degli steroidi anabolizzanti mai fatto. Tenete a mente che tutti orale di steroidi anabolizzanti non deve essere utilizzato per pi\u00f9 di 6 settimane.<\/p>\n<h3>Leggi di pi\u00f9<\/h3>\n<p><a href=\"http:\/\/getanabolics.biz\/it\/acquistare-dianabol-online-su-getanabolics-biz\/\">ACQUISTA DIANABOL ONLINE SU GETANABOLICS.BIZ<\/a><\/p>\n<p><a href=\"http:\/\/getanabolics.biz\/it\/winstrol-che-cosa-e-e-per-che-cosa-e\/\">WINSTROL, CHE COS&#8217;\u00c8 E PER COSA SERVE?<\/a><\/p>\n<p><a href=\"http:\/\/getanabolics.biz\/it\/recensioni-cytomel-t3-su-getanabolics-biz\/\">CYTOMEL T3 RECENSIONI SU GETANABOLICS.BIZ<\/a><\/p>\n<p><a href=\"http:\/\/getanabolics.biz\/it\/pausa-tra-steroidi-e-pct\/\">PAUSA TRA CORSI STEROIDI E PCT<\/a><\/p>\n<p><a href=\"http:\/\/getanabolics.biz\/it\/quanto-e-efficace-il-ponte-steroideo\/\">QUANTO EFFICACE \u00c8 IL PONTE STEROID?<\/a><\/p>\n","protected":false},"excerpt":{"rendered":"<p>Pacchetto: 50 compresse ogni compressa contiene 10 mg di Methandienone<br \/>Produttore: Alpha-Pharma<br \/>Marca: Danabol<br \/>Conosciuto anche come: Alphabol<\/p>\n","protected":false},"featured_media":324,"comment_status":"open","ping_status":"closed","template":"","meta":[],"product_cat":[109,119],"product_tag":[64],"_links":{"self":[{"href":"https:\/\/getanabolics.biz\/it\/wp-json\/wp\/v2\/product\/808"}],"collection":[{"href":"https:\/\/getanabolics.biz\/it\/wp-json\/wp\/v2\/product"}],"about":[{"href":"https:\/\/getanabolics.biz\/it\/wp-json\/wp\/v2\/types\/product"}],"replies":[{"embeddable":true,"href":"https:\/\/getanabolics.biz\/it\/wp-json\/wp\/v2\/comments?post=808"}],"wp:featuredmedia":[{"embeddable":true,"href":"https:\/\/getanabolics.biz\/it\/wp-json\/wp\/v2\/media\/324"}],"wp:attachment":[{"href":"https:\/\/getanabolics.biz\/it\/wp-json\/wp\/v2\/media?parent=808"}],"wp:term":[{"taxonomy":"product_cat","embeddable":true,"href":"https:\/\/getanabolics.biz\/it\/wp-json\/wp\/v2\/product_cat?post=808"},{"taxonomy":"product_tag","embeddable":true,"href":"https:\/\/getanabolics.biz\/it\/wp-json\/wp\/v2\/product_tag?post=808"}],"curies":[{"name":"wp","href":"https:\/\/api.w.org\/{rel}","templated":true}]}}