{"id":807,"date":"2017-04-27T10:33:38","date_gmt":"2017-04-27T11:10:58","guid":{"rendered":"http:\/\/getanabolics.biz\/product\/hgh-1-flacone-di-10iu-somatropina\/"},"modified":"2018-01-18T12:47:38","modified_gmt":"2018-01-18T12:47:38","slug":"hgh-1-vial-of-10iu-somatropin","status":"publish","type":"product","link":"https:\/\/getanabolics.biz\/it\/prodotto\/hgh-1-vial-of-10iu-somatropin\/","title":{"rendered":"HGH &#8211; Maxtreme"},"content":{"rendered":"<h2>Comprare HGH &#8211; Maxtreme (Soma-Max)<\/h2>\n<p><a title=\"Comprare HGH al GetAnabolics\"><img src=\"http:\/\/getanabolics.biz\/images\/tropin-fitness-100IU-ifetech-1.jpg\" alt=\"Soma-Max\" width=\"30%\" align=\"right\" \/><\/a><br \/>\nPer chi \u00e8 alla ricerca di HGH e chiedendo dove acquistare HGH dal Maxtreme fatta offriamo Soma-Max come la scelta migliore per i veri bodybuilder.<br \/>\nDa oggi una <strong>grande variet\u00e0 di steroidi iniettabili cos\u00ec come gli steroidi per via orale e ciclo di terapia post<\/strong> dal Maxtreme possono essere acquistati in GetAnabolics. Siamo lieti di presentarvi il nuovo HGH da <span style=\"font-weight: bold;\">Maxtreme<\/span>.<br \/>\n<em>Tutti i prodotti che offriamo sono di autentico, di alta qualit\u00e0 composti e hanno un unico obiettivo: aiutare le persone a ottenere la massa muscolare, la forza complessiva, per bruciare i grassi, e di aiutarli nel cammino di perfezione fisica. Per creare un costruttivo e civile connessione con i nostri clienti, noi faremo il massimo sforzo per garantire un servizio di alta qualit\u00e0 e approccio di ogni persona che indirizzo il nostro negozio con cortesia e rispetto.<\/em><br \/>\nLa costruzione e il mantenimento di un corpo splendido, richiedono una combinazione di metodi. Una dieta corretta \u00e8 la prima nella lista delle componenti essenziali necessari per il corpo. In secondo luogo, assicurarsi sempre di <strong>acquistare e utilizzare steroidi legali online<\/strong> non solo per evitare il conflitto con la legge, ma la cosa pi\u00f9 importante, per evitare complicazioni di salute.<br \/>\n<em><span style=\"font-weight: bold;\">GetAnabolics.Biz<\/span> \u00e8 la online steroidi fornitore appositamente creato e dedicato a fornire a ciascun atleta bodybuilder con i migliori steroidi anabolizzanti a prezzi scontati. Abbiamo scelto marchi pi\u00f9 affidabili di collaborare con, al fine di garantire la sicurezza, la vera e top-notch steroidi per i nostri clienti.<\/em><br \/>\nSpedizione steroidi molto in sicurezza \u00e8 la preoccupazione principale per la consegna di steroidi in tutto il mondo. La nostra spedizione discreta garantisce che nessun altro sa che si acquista steroidi on-line.<\/p>\n<h2>Pi\u00f9 HGH Maxtreme Informazioni<\/h2>\n<p><b>1 flacone di 10IU Somatropina<\/b><\/p>\n<ul>\n<li><strong>Laboratorio: Lifetech Labs<\/strong><\/li>\n<li><strong>Forma: Iniezione<\/strong><\/li>\n<li><strong>Molecola: Somatropina<\/strong><\/li>\n<li><strong>la Concentrazione: 10 UI \/ flaconcino<\/strong><\/li>\n<li><strong>Presentazione: 10 fiale da 10 IU<\/strong><\/li>\n<li><strong>il dosaggio Raccomandato: 3.33 IU \/ giorno (prima di colazione)<\/strong><\/li>\n<li><strong>Diluizione: Usare 1 ml di acqua sterilizzata<\/strong><\/li>\n<li><strong>la Dose vial: 3 * 3.33 IU (1 fiala per 3 giorni)<\/strong><\/li>\n<li><strong>la Dose di iniezione: 3.33 IU = 0.33 ml (33 unit\u00e0 su siringa da insulina)<\/strong><\/li>\n<\/ul>\n<div>\n<h3>che Cosa Biotropin HGH<\/h3>\n<blockquote><p><strong>l&#8217;ormone della Crescita (GH o HGH), noto anche come la somatropina, \u00e8 un ormone peptidico che stimola la crescita, la riproduzione delle cellule e la rigenerazione negli esseri umani.<\/strong><\/p>\n<p><strong>l&#8217;ormone della Crescita \u00e8 un 191-aminoacidi, singola catena polipeptidica che \u00e8 prodotto da somatotropic cellule della ghiandola pituitaria anteriore.<\/strong><\/p>\n<p><strong>Somatotropina agisce stimolando il rilascio di un altro ormone chiamato somatomedina dal fegato per stimolare la crescita delle cellule del corpo.<\/strong><\/p>\n<p><strong>GH \u00e8 un ormone dello stress che aumenta la concentrazione di glucosio e acidi grassi liberi. Inoltre, stimola la produzione di IGF-1.<\/strong><\/p><\/blockquote>\n<\/div>\n<div>\n<h3>Biotropin HGH Posologia<\/h3>\n<p>Biotropin\u00ae by Lifetech Labs \u00e8 dato come iniezione.<\/p>\n<p>Ricostituire con 1 ml di acqua sterile \u00e8 migliore, ma di acqua batteriostatica (0,9% di cloruro di sodio) o normale soluzione salina allo 0,9% di Nacl) pu\u00f2 essere utilizzato anche.<\/p>\n<p>non far cadere l&#8217;acqua direttamente nella polvere, ma <strong>permette all&#8217;acqua di scivolare lentamente verso il basso all&#8217;interno della parete della fiala. Maneggiare con cura e non agitare il flacone.<\/strong><\/p>\n<p>Mettere il flacone in frigorifero. Dopo circa 30 minuti, la polvere deve essere sciolta in un liquido chiaro, pronto per l&#8217;iniezione.<\/p>\n<p>Iniettare la dose raccomandata nell&#8217;strato di grasso sotto la pelle.<\/p>\n<p>si consiglia di prendere Biotropin\u00ae <strong>stessa ora ogni giorno, una volta al giorno<\/strong>.<\/p>\n<p>\u00e8 meglio evitare di prendere Biotropin\u00ae, prima di coricarsi, come il corpo si libera dalle endogena di HGH durante il sonno profondo ciclo. Se prendete la dose prima di coricarsi pu\u00f2 interferire con il vostro endogena di HGH rilascio.<\/p>\n<\/div>\n<div>\n<h3>Biotropin HGH Storage<\/h3>\n<p><strong>Prima di ricostituzione (liofilizzato \/ liofilizzato in polvere):<\/strong><\/p>\n<ul>\n<li><strong>Pu\u00f2 essere conservato in frigorifero (2\u00b0C a 8\u00b0C = 35\u00b0F a 47\u00b0F) per 36 mesi.<\/strong><\/li>\n<li><strong>Pu\u00f2 essere conservato a Temperatura ambiente (fino a 37\u00b0C = 99\u00b0F) per 90 giorni.<\/strong><\/li>\n<\/ul>\n<p><strong>Dopo la ricostituzione (liquido):<\/strong><\/p>\n<ul>\n<li><strong>Pu\u00f2 essere conservato in frigorifero (2\u00b0C a 8\u00b0C = 35\u00b0F a 47\u00b0F) per 5 giorni.<\/strong><\/li>\n<\/ul>\n<p><em>Lifetech Laboratori e Lifetech Labs certified partner ufficiali sempre conservare i prodotti in un laboratorio professionale e frigoriferi. Il tempo per il trasporto a temperatura ambiente non ha effetto sulla qualit\u00e0 di un prodotto di degradazione.<\/em><\/p>\n<p>Prima di dare un iniezione, controllare la data di scadenza sulla fiala. Non utilizzare se non \u00e8 scaduto. Non iniettare il farmaco se la soluzione \u00e8 torbida.<\/p>\n<p>una Volta ricostituito, un Ormone della Crescita diventano fragili e devono essere maneggiati con cautela e non devono essere scosso.<\/p>\n<p>e &#8216; il motivo per Lifetech Labs si avvicin\u00f2 con il concetto di <strong>\u201cUna fiala = 3 giorni\u201d.<\/strong><\/p>\n<p>il dosaggio raccomandato \u00e8 calcolato per una durata di 3 giorni per garantire la massima qualit\u00e0 dei nostri prodotti senza alcuna degradazione.<\/p>\n<p><strong>Facilit\u00e0 d&#8217;uso \u00e8 uno dei Lifetech Laboratori concetto chiave.<\/strong><\/p>\n<\/div>\n<div>\n<h3>Biotropin HGH Vantaggi<\/h3>\n<p>Secondo gli utenti e dosaggio, Biotropin\u00ae by Lifetech Labs fornisce alcune delle principali per la salute e l&#8217;estetica vantaggi:<\/p>\n<ul>\n<li>pelle pi\u00f9 Liscia (primo evidente sul dorso della mano e poi sul corpo)<\/li>\n<li>pi\u00f9 Veloce dei capelli e la crescita delle unghie<\/li>\n<li>pi\u00f9 elevati livelli di energia<\/li>\n<li>pi\u00f9 energia di recupero dopo l&#8217;attivit\u00e0 fisica<\/li>\n<li>la perdita di grasso corporeo<\/li>\n<li>la crescita Muscolare<\/li>\n<\/ul>\n<p>La quantit\u00e0 di muscolo guadagnato utilizzando Biotropin\u00ae dipende da molti fattori, tra cui l&#8217;attivit\u00e0 fisica, la genetica, la dieta, l&#8217;et\u00e0, la qualit\u00e0 e la quantit\u00e0 del sonno, stile di vita, e precedente utilizzo di steroidi o hGH.<\/p>\n<p><strong>Una sana prima volta Biotropin\u00ae utente che \u00e8 in buone condizioni (funziona 3-5 volte a settimana, posti letto per almeno 7 ore per notte e mangia una dieta ricca di proteine) possono aspettarsi di guadagnare circa il 25% della massa muscolare entro 4 o 5 mesi. <\/strong><\/p>\n<p>Si pu\u00f2 prendere un paio di settimane prima di vedere i risultati dei vostri Biotropin\u00ae terapia. Si potrebbe non notare le modifiche prima come <strong>risultati viene progressivamente<\/strong>. Se si prende <strong>Biotropin\u00ae ogni giorno, potrai migliorare la probabilit\u00e0 di risultati positivi<\/strong>. I risultati possono eventualmente variare a seconda degli individui.<\/p>\n<h3>Leggi di pi\u00f9<\/h3>\n<p><a href=\"http:\/\/getanabolics.biz\/it\/acquistare-clomid-online-su-getanabolics-biz\/\">ACQUISTA CLOMID ONLINE SU GETANABOLICS.BIZ<\/a><\/p>\n<p><a href=\"http:\/\/getanabolics.biz\/it\/growth-hormone-hgh-fatti-piu-importanti\/\">HORMONE DELLA CRESCITA HGH &#8211; I FATTI PI\u00d9 IMPORTANTI<\/a><\/p>\n<p><a href=\"http:\/\/getanabolics.biz\/it\/caratteristiche-di-brevi-corsi-di-steroidi\/\">CARATTERISTICHE DEI CORSI BREVI DI STEROIDI<\/a><\/p>\n<p><a href=\"http:\/\/getanabolics.biz\/it\/pausa-tra-steroidi-e-pct\/\">PAUSA TRA CORSI STEROIDI E PCT<\/a><\/p>\n<p><a href=\"http:\/\/getanabolics.biz\/it\/quanto-e-efficace-il-ponte-steroideo\/\">QUANTO EFFICACE \u00c8 IL PONTE STEROID?<\/a><\/p>\n<\/div>\n","protected":false},"excerpt":{"rendered":"<p>Pacchetto: 1 flacone di 10IU Somatropina<br \/>Produttore: Maxtreme<br \/>Marca: HGH<br \/>Conosciuto anche come: Soma-Max<\/p>\n","protected":false},"featured_media":588,"comment_status":"open","ping_status":"closed","template":"","meta":[],"product_cat":[101],"product_tag":[61],"_links":{"self":[{"href":"https:\/\/getanabolics.biz\/it\/wp-json\/wp\/v2\/product\/807"}],"collection":[{"href":"https:\/\/getanabolics.biz\/it\/wp-json\/wp\/v2\/product"}],"about":[{"href":"https:\/\/getanabolics.biz\/it\/wp-json\/wp\/v2\/types\/product"}],"replies":[{"embeddable":true,"href":"https:\/\/getanabolics.biz\/it\/wp-json\/wp\/v2\/comments?post=807"}],"wp:featuredmedia":[{"embeddable":true,"href":"https:\/\/getanabolics.biz\/it\/wp-json\/wp\/v2\/media\/588"}],"wp:attachment":[{"href":"https:\/\/getanabolics.biz\/it\/wp-json\/wp\/v2\/media?parent=807"}],"wp:term":[{"taxonomy":"product_cat","embeddable":true,"href":"https:\/\/getanabolics.biz\/it\/wp-json\/wp\/v2\/product_cat?post=807"},{"taxonomy":"product_tag","embeddable":true,"href":"https:\/\/getanabolics.biz\/it\/wp-json\/wp\/v2\/product_tag?post=807"}],"curies":[{"name":"wp","href":"https:\/\/api.w.org\/{rel}","templated":true}]}}