{"id":805,"date":"2017-04-27T10:33:38","date_gmt":"2017-04-27T11:09:21","guid":{"rendered":"http:\/\/getanabolics.biz\/product\/trenbolone-acetate-10-ampere-ogni-1-fiala-dispone-di-100-mg-di-acetato-di-trenbolone\/"},"modified":"2018-01-18T07:47:26","modified_gmt":"2018-01-18T07:47:26","slug":"trenbolone-acetate-10-amps-each-1-ampoule-has-100mg-trenbolone-acetate","status":"publish","type":"product","link":"https:\/\/getanabolics.biz\/it\/prodotto\/trenbolone-acetate-10-amps-each-1-ampoule-has-100mg-trenbolone-acetate\/","title":{"rendered":"Trenbolone Acetate &#8211; Maxtreme"},"content":{"rendered":"<h2>Comprare Trenbolone Acetate &#8211; Maxtreme (Tren-Ace-Max)<\/h2>\n<p><a title=\"Comprare Trenbolone Acetate al GetAnabolics\"><img src=\"http:\/\/getanabolics.biz\/images\/finexal.jpg\" alt=\"Tren-Ace-Max\" width=\"30%\" align=\"right\" \/><\/a><br \/>\nPer chi \u00e8 alla ricerca di Trenbolone Acetate e chiedendo dove acquistare Trenbolone Acetate dal Maxtreme fatta offriamo Tren-Ace-Max come la scelta migliore per i veri bodybuilder.<br \/>\nDa oggi una <strong>grande variet\u00e0 di steroidi iniettabili cos\u00ec come gli steroidi per via orale e ciclo di terapia post<\/strong> dal Maxtreme possono essere acquistati in GetAnabolics. Siamo lieti di presentarvi il nuovo Trenbolone Acetate da <span style=\"font-weight: bold;\">Maxtreme<\/span>.<br \/>\n<em>Tutti i prodotti che offriamo sono di autentico, di alta qualit\u00e0 composti e hanno un unico obiettivo: aiutare le persone a ottenere la massa muscolare, la forza complessiva, per bruciare i grassi, e di aiutarli nel cammino di perfezione fisica. Per creare un costruttivo e civile connessione con i nostri clienti, noi faremo il massimo sforzo per garantire un servizio di alta qualit\u00e0 e approccio di ogni persona che indirizzo il nostro negozio con cortesia e rispetto.<\/em><br \/>\nLa costruzione e il mantenimento di un corpo splendido, richiedono una combinazione di metodi. Una dieta corretta \u00e8 la prima nella lista delle componenti essenziali necessari per il corpo. In secondo luogo, assicurarsi sempre di <strong>acquistare e utilizzare steroidi legali online<\/strong> non solo per evitare il conflitto con la legge, ma la cosa pi\u00f9 importante, per evitare complicazioni di salute.<br \/>\n<em><span style=\"font-weight: bold;\">GetAnabolics.Biz<\/span> \u00e8 la online steroidi fornitore appositamente creato e dedicato a fornire a ciascun atleta bodybuilder con i migliori steroidi anabolizzanti a prezzi scontati. Abbiamo scelto marchi pi\u00f9 affidabili di collaborare con, al fine di garantire la sicurezza, la vera e top-notch steroidi per i nostri clienti.<\/em><br \/>\n<em>Spedizione steroidi molto in sicurezza \u00e8 la preoccupazione principale per la consegna di steroidi in tutto il mondo. La nostra spedizione discreta garantisce che nessun altro sa che si acquista steroidi on-line.<\/em><\/p>\n<h2>Pi\u00f9 Trenbolone Acetate Maxtreme Informazioni<\/h2>\n<p><b>10 ampere ogni 1 fiala dispone di 100 mg di Acetato di Trenbolone<\/b><\/p>\n<p><strong>Classe di droga: la soluzione Iniettabile di androgeni e steroidi anabolizzanti.<\/strong><br \/>\n<strong> Consigliato dosaggio medio: 75 mg al giorno o ogni 2 giorni per gli uomini<\/strong><br \/>\n<strong> Active life: Circa 2 giorni<\/strong><br \/>\n<strong> Ritenzione idrica: No<\/strong><br \/>\n<strong> Tossico per il fegato: S\u00ec<\/strong><br \/>\n<strong> Diminuisce la funzione HPTA: S\u00ec<\/strong><br \/>\n<strong> DTH Conversione: No<\/strong><br \/>\n<strong> Aromatizzazione: No<\/strong><\/p>\n<blockquote><p><a href=\"http:\/\/getanabolics.biz\/it\/prodotto\/trenbolone-acetate-flaconcino-da-10-ml-contiene-1000mg-100mgml-acetato-di-trenbolone\/\">Acetato di Trenbolone <\/a>\u00e8 uno dei pi\u00f9 potenti steroidi anabolizzanti l\u00e0 fuori e molti atleti e body builders lo considerano pi\u00f9 efficace e potente steroide. Questo steroide \u00e8 un veterinario grado di steroidi androgeni anabolizzanti. L&#8217;ormone Trenbolone \u00e8 stato sintetizzato per la prima volta alla fine del 1960 e da allora \u00e8 diventato uno dei pi\u00f9 popolari steroidi tra gli atleti e body builders. Questo steroide fornisce i benefici di altri steroidi anabolizzanti in un molto pi\u00f9 pulito di moda.<\/p><\/blockquote>\n<p>Questo ormone \u00e8 un 19-nor steroide, che rende simili a Deca-Durabolin. Grazie alla sua struttura unica, che non aromatizza, che elimina estrogeni effetti collaterali. Questo rende anche molto pi\u00f9 efficiente e sicuro l&#8217;utilizzo di prodotti di testosterone.<a href=\"http:\/\/getanabolics.biz\/it\/prodotto\/trenbolone-acetate-flaconcino-da-10-ml-contiene-1000mg-100mgml-acetato-di-trenbolone\/\"> Trenlobone Acetato<\/a> \u00e8 molto potente come l&#8217;estere acetato comprende una piccola parte della molecola. Come risultato della sua potenza, il suo dosaggio raccomandato \u00e8 minore rispetto a quella dei prodotti di testosterone. Il dosaggio raccomandato \u00e8 compreso tra 35 e 150 mg al giorno. 50 a 75 mg al giorno \u00e8 l&#8217;ideale per la massa e la forza di miglioramento. A causa della sua forte natura androgena, le donne si consiglia di non utilizzare questo steroide.<\/p>\n<blockquote><p>Ci sono numerosi vantaggi di utilizzare <a href=\"http:\/\/getanabolics.biz\/it\/prodotto\/trenbolone-acetate-flaconcino-da-10-ml-contiene-1000mg-100mgml-acetato-di-trenbolone\/\">Trenlobone Acetato.<\/a> Ancora pi\u00f9 importante, promuove la ritenzione di azoto e la sintesi delle proteine, consentendo di aumentare di massa muscolare in maniera drastica. In quanto ha una forte affinit\u00e0 per i recettori degli androgeni di testosterone, il guadagno di massa muscolare \u00e8 spesso meglio che con l&#8217;uso di testosterone. \u00c8 anti-catabolici, che bloccano l&#8217;effetto degli ormoni glucocorticoidi e previene l&#8217;atrofia muscolare. In quanto promuove la crescita muscolare e riduce l&#8217;atrofia muscolare, migliora anche il tasso metabolico e bruciare i grassi. Inoltre, migliora la qualit\u00e0 del tessuto muscolare.<\/p><\/blockquote>\n<p>Trenlobone Acetato aumenta anche la produzione di IGF-1 nel corpo. IGF-1 \u00e8 fondamentalmente responsabile per la crescita vitale delle relative funzioni. Come risultato, l&#8217;uso di Trenlobone Acetato, inoltre, promuove la guarigione, la riparazione, aumento della resistenza ossea e la densit\u00e0, il miglioramento della cartilagine e del tessuto connettivo e aumento del tessuto nervoso. Questo steroide \u00e8 spesso usato in grandi dosi per stimolare il sistema nervoso e promuovere la guarigione.<\/p>\n<p><span style=\"text-decoration: underline;\">Anche se \u00e8 molto potente, non ha effetti collaterali estrogenici come non aromatizza. Gli effetti collaterali androgeni come l&#8217;acne, aumento della peluria del viso e dei capelli del corpo, comportamento aggressivo, ingrossamento della prostata e della pelle grassa pu\u00f2 essere previsto con l&#8217;uso di questo steroide. Atrofia testicolare dovrebbe essere atteso dagli utenti e Trenlobone Acetato uso pu\u00f2 anche influenzare la funzione renale ed epatica.<\/span><\/p>\n<h3>Leggi di pi\u00f9<\/h3>\n<p><a href=\"http:\/\/getanabolics.biz\/it\/ottimi-risultati-del-miglior-trenbolone-acetato\/\">GRANDI RISULTATI DAL MIGLIOR ACETATO DI TRENBOLONE<\/a><\/p>\n<p><a href=\"http:\/\/getanabolics.biz\/it\/tutto-quello-che-ce-da-sapere-sul-anadrol\/\">TUTTO QUELLO CHE DEVI SAPERE SU ANADROL<\/a><\/p>\n<p><a href=\"http:\/\/getanabolics.biz\/it\/leffetto-degli-steroidi-sulla-pelle-umana\/\">L&#8217;EFFETTO DELLA STEROIDI SULLA PELLE UMANA<\/a><\/p>\n<p><a href=\"http:\/\/getanabolics.biz\/it\/raccogli-una-massa-secca-senza-effetti-collaterali\/\">RACCOGLI UNA MASSA ASCIUTTA SENZA EFFETTI COLLATERALI<\/a><\/p>\n<p><a href=\"http:\/\/getanabolics.biz\/it\/quale-dovrebbe-essere-la-durata-del-corso-degli-steroidi\/\">COSA DEVE ESSERE LA DURATA DEL CORSO DI STEROIDI?<\/a><\/p>\n","protected":false},"excerpt":{"rendered":"<p>Pacchetto: 10 ampere ogni 1 fiala dispone di 100 mg di Acetato di Trenbolone<br \/>Produttore: Maxtreme<br \/>Marca: Trenbolone Acetate<br \/>Conosciuto anche come: Tren-Ace-Max<\/p>\n","protected":false},"featured_media":576,"comment_status":"open","ping_status":"closed","template":"","meta":[],"product_cat":[106,119],"product_tag":[61],"_links":{"self":[{"href":"https:\/\/getanabolics.biz\/it\/wp-json\/wp\/v2\/product\/805"}],"collection":[{"href":"https:\/\/getanabolics.biz\/it\/wp-json\/wp\/v2\/product"}],"about":[{"href":"https:\/\/getanabolics.biz\/it\/wp-json\/wp\/v2\/types\/product"}],"replies":[{"embeddable":true,"href":"https:\/\/getanabolics.biz\/it\/wp-json\/wp\/v2\/comments?post=805"}],"wp:featuredmedia":[{"embeddable":true,"href":"https:\/\/getanabolics.biz\/it\/wp-json\/wp\/v2\/media\/576"}],"wp:attachment":[{"href":"https:\/\/getanabolics.biz\/it\/wp-json\/wp\/v2\/media?parent=805"}],"wp:term":[{"taxonomy":"product_cat","embeddable":true,"href":"https:\/\/getanabolics.biz\/it\/wp-json\/wp\/v2\/product_cat?post=805"},{"taxonomy":"product_tag","embeddable":true,"href":"https:\/\/getanabolics.biz\/it\/wp-json\/wp\/v2\/product_tag?post=805"}],"curies":[{"name":"wp","href":"https:\/\/api.w.org\/{rel}","templated":true}]}}