{"id":804,"date":"2017-04-27T10:33:38","date_gmt":"2017-04-27T11:09:21","guid":{"rendered":"http:\/\/getanabolics.biz\/product\/boldenone-100-1-scatola-da-10-fiale-ciascuna-amp-contiene-100-mg-di-boldenone-undecylenate\/"},"modified":"2018-01-18T08:52:37","modified_gmt":"2018-01-18T08:52:37","slug":"boldenone-100-1-box-of-10-ampoules-each-amp-contains-100-mg-boldenone-undecylenate","status":"publish","type":"product","link":"https:\/\/getanabolics.biz\/it\/prodotto\/boldenone-100-1-box-of-10-ampoules-each-amp-contains-100-mg-boldenone-undecylenate\/","title":{"rendered":"Boldenone 100 &#8211; Maxtreme"},"content":{"rendered":"<h2>Comprare Boldenone 100 &#8211; Maxtreme (Bold-One)<\/h2>\n<p><a title=\"Comprare Boldenone 100 al GetAnabolics\"><img src=\"http:\/\/getanabolics.biz\/images\/boldmax-400-10-la.jpg\" alt=\"Bold-One\" width=\"30%\" align=\"right\" \/><\/a><br \/>\n<em>Per chi \u00e8 alla ricerca di Boldenone 100 e chiedendo dove acquistare Boldenone 100 dal Maxtreme fatta offriamo Bold-One come la scelta migliore per i veri bodybuilder.<\/em><br \/>\n<em> Da oggi una <strong>grande variet\u00e0 di steroidi iniettabili cos\u00ec come gli steroidi per via orale e ciclo di terapia post<\/strong> dal Maxtreme possono essere acquistati in GetAnabolics. Siamo lieti di presentarvi il nuovo Boldenone 100 da <span style=\"font-weight: bold;\">Maxtreme<\/span>.<\/em><br \/>\n<em> Tutti i prodotti che offriamo sono di autentico, di alta qualit\u00e0 composti e hanno un unico obiettivo: aiutare le persone a ottenere la massa muscolare, la forza complessiva, per bruciare i grassi, e di aiutarli nel cammino di perfezione fisica. Per creare un costruttivo e civile connessione con i nostri clienti, noi faremo il massimo sforzo per garantire un servizio di alta qualit\u00e0 e approccio di ogni persona che indirizzo il nostro negozio con cortesia e rispetto.<\/em><br \/>\n<em> La costruzione e il mantenimento di un corpo splendido, richiedono una combinazione di metodi. Una dieta corretta \u00e8 la prima nella lista delle componenti essenziali necessari per il corpo. In secondo luogo, assicurarsi sempre di <strong>acquistare e utilizzare steroidi legali online<\/strong> non solo per evitare il conflitto con la legge, ma la cosa pi\u00f9 importante, per evitare complicazioni di salute.<\/em><br \/>\n<em> <span style=\"font-weight: bold;\">GetAnabolics.Biz<\/span> \u00e8 la online steroidi fornitore appositamente creato e dedicato a fornire a ciascun atleta bodybuilder con i migliori steroidi anabolizzanti a prezzi scontati. Abbiamo scelto marchi pi\u00f9 affidabili di collaborare con, al fine di garantire la sicurezza, la vera e top-notch steroidi per i nostri clienti.<\/em><br \/>\n<em> Spedizione steroidi molto in sicurezza \u00e8 la preoccupazione principale per la consegna di steroidi in tutto il mondo. La nostra spedizione discreta garantisce che nessun altro sa che si acquista steroidi on-line.<\/em><\/p>\n<h2>Pi\u00f9 Boldenone 100 Maxtreme Informazioni<\/h2>\n<p><b>1 scatola da 10 fiale, ciascuna amp contiene 100 mg di Boldenone Undecylenate<\/b><br \/>\n<strong>Nome farmaceutico<\/strong>: Boldenone Undecylenate<br \/>\n<strong>Peso molecolare di base<\/strong>: 286.4132<br \/>\n<strong>Peso molecolare di ester<\/strong>: 186.2936 (undecylic acido, 11 atomi di carbonio)<br \/>\n<strong>Struttura chimica<\/strong>: 1,4-androstadiene-3-one,17b-ol<br \/>\n<strong>Vita attiva<\/strong>: 14-16 giorni<br \/>\n<strong>Anabolizzanti\/Androgenico Rapporto (Range):<\/strong> 100:50<br \/>\n<strong>Tempo di rilevamento<\/strong>: 4-5 Mesi<\/p>\n<p><strong>Boldenone undecylenate \u00e8 un altamente e moderatamente anabolizzanti androgeni steroidi. Il suo utilizzo principale \u00e8 in medicina veterinaria pi\u00f9 comunemente con i cavalli, ma \u00e8 diventato uno dei preferiti di forza gli atleti e culturisti. C&#8217;\u00e8 molto poco di aromatizzazione relative al composto con una quantit\u00e0 molto limitata di ritenzione idrica vissuto dalla maggior parte degli utenti. Un&#8217;altra bella qualit\u00e0 della mescola \u00e8 il conseguente aumento dell&#8217;appetito spesso segnalati dagli utenti durante l&#8217;esecuzione di questo steroide e spesso sar\u00e0 incluso in &#8220;massa&#8221; cicli per questo scopo. Boldenone undecylenate aumenta anche hemaglobin ed ematocrito (il numero di globuli rossi e la percentuale di globuli rossi)[1], provocando cos\u00ec maggiore &#8220;pompe&#8221; durante il lavoro fuori. Anche se questo \u00e8 vero per quasi tutti gli steroidi anabolizzanti effetti sono riferito pi\u00f9 pronunciato con boldenone undecylenate. Un miglioramento della vascolarizzazione dovrebbero essere vissuto a causa di questi aumenti, se il grasso corporeo \u00e8 a un livello abbastanza basso.<\/strong><\/p>\n<p>Gli atleti di diverso da culturisti o interessati principalmente con la forza pu\u00f2 anche beneficiare di boldenone undecylenate. Questo \u00e8 dovuto al fatto che il composto stimola il rilascio di eritropoietina, comunemente indicato come EPO, nei reni. Erythropoeitin i segnali del corpo per aumentare la produzione di eritrociti (globuli rossi). Gli eritrociti sono il vettore di ossigeno nel corpo e, pertanto, se la loro concentrazione \u00e8 maggiore nel corpo, una superiore massima capacit\u00e0 di ossigeno \u00e8 prodotto e le prestazioni possono essere migliorate a causa di un ritardo nell&#8217;sul set di fatica, tra cui l&#8217;accumulo di acido lattico. Mentre i risultati non essere troppo drammatico, un utente deve sicuramente si nota un miglioramento di tutti i fattori sono uguali.<\/p>\n<p><b>Utilizzo\/Dosaggio<\/b><\/p>\n<p>A causa di composti vita attiva, le iniezioni sono di solito effettuate due volte a settimana per mantenere stabili i livelli ematici anche se alcuni utenti preferiscono l&#8217;iniezione solo una volta a settimana. La maggior parte degli utenti aneddoticamente rapporto che la dose minima per la maggior parte dei maschi \u00e8 tra i 300 mg a 400 mg per vedere eventuali effetti sostanziali del farmaco. Le donne, naturalmente, vedrete i risultati a dosi molto inferiori, di solito vanno da 50-150 mg a settimana per gli utenti meno esperti.<\/p>\n<blockquote><p>Come la maggior parte dei composti, la maggior parte degli utenti preferisce stack di boldenone undecylenate con testosterone. Questo dovrebbe negare qualsiasi libido usi che un utente pu\u00f2 incontrare, oltre a fornire una potente combinazione che dovrebbe provocare un drammatico aumento della massa magra. A causa della mancanza di tossicit\u00e0 epatica associata con il composto, altri composti che possono aumentare i valori del fegato (come da 17 alfa alchilati steroidi) pu\u00f2 essere eseguito con boldenone undecylenate senza ulteriori complicazioni.<\/p><\/blockquote>\n<p>Molti utenti credono che boldenone undecylenate pu\u00f2 essere utilizzato sia in &#8220;massa&#8221; cicli e &#8220;taglio&#8221; dei cicli, come la mancanza di ritenzione idrica associato con l&#8217;uso e il miglioramento della vascolarizzazione mentre il composto pu\u00f2 aiutare a vedere un miglioramento nella definizione, mentre un utente sta riducendo il suo corpo grasso. Allo stesso tempo, il composto ha un profondo effetto sulla massa magra e i risultati possono essere drammatici quando viene eseguito con una dieta ad alto contenuto di proteine e calorie, con un adeguato regime di allenamento.<\/p>\n<p>Non \u00e8 considerato un costruttore di massa veloce rispetto ad altri steroidi anabolizzanti, <a href=\"http:\/\/getanabolics.biz\/it\/prodotto\/boldenone-250-1-flacone-da-10-ml-1-ml-contiene-250-mg-di-boldenone\/\">boldenone undecylenate<\/a> aggiungere massa muscolare magra modo coerente in tutto il ciclo. Aneddoticamente, gli utenti hanno segnalato che i cicli di almeno dieci-dodici settimane l&#8217;esecuzione di boldenone undecylenate sono necessari per vedere i pieni effetti del composto.<\/p>\n<p><b> Rischi\/Effetti Collaterali<\/b><\/p>\n<p><em>Per la maggior parte, problemi come la ginecomastia e un alto grado di acqua\/sale di conservazione sono quasi inaudito con questo composto. Boldenone undecylenate tasso di conversione degli estrogeni \u00e8 di circa il cinquanta per cento di quella del testosterone[2,3]. Cos\u00ec, dal momento che boldenone undecylenate non \u00e8 hepatoxic gravi di laurea pu\u00f2 essere utilizzato per lunghi periodi di tempo durante i vasti cicli. Alcuni effetti collaterali che possono essere esperto sono l&#8217;acne e aumento del corpo-la crescita dei capelli, cos\u00ec come i soliti effetti virilizzanti nelle donne, tuttavia, questi sar\u00e0 probabilmente a un ridotto livello di altri composti[3]. Se un utente non \u00e8 in pila il composto con il testosterone possono soffrire di effetti collaterali sessuali, come \u00e8 il caso con la maggior parte degli steroidi anabolizzanti.<\/em><\/p>\n<blockquote><p>Un utente del profilo lipidico saranno influenzati negativamente, come con qualsiasi steroide, ma non allo stesso livello con una forte androgeni. Boldenone undecylenate pu\u00f2 convertire a DHN (molto delicato, androgeni in confronto al DHT) via della 5 &#8211; alfa reduttasi, tuttavia, solo una piccola quantit\u00e0 sar\u00e0 effettivamente convertiti significato che il composto non \u00e8 difficile sulla linea dei capelli[4,5]. Tuttavia, come la maggior parte altri composti se siete inclini a calvizile maschio del modello, boldenone undecylenate pu\u00f2 accelerare o rendere la condizione pi\u00f9 pronunciato. Problemi alla prostata sono anche improbabile per essere vissuta.<\/p><\/blockquote>\n<p>I composti vita attiva \u00e8 di 14-16 giorni, tuttavia <a href=\"http:\/\/getanabolics.biz\/it\/prodotto\/boldenone-300-1-scatola-da-10-ml-fiala-ogni-1-ml-contiene-300-mg-di-boldenone\/\">boldenone undecylenate <\/a>produce metaboliti rilevabili, che appariranno in un&#8217;gli utenti di urine per alcuni mesi dopo la somministrazione del farmaco ha cessato(2). Questo rende il composto meno ideale se il test anti-droga \u00e8 un problema.<\/p>\n<h3>Leggi di pi\u00f9<\/h3>\n<p><a href=\"http:\/\/getanabolics.biz\/it\/deca-durabolin-effetti-collaterali\/\">DECA DURABOLIN EFFETTI COLLATERALI<\/a><\/p>\n<p><a href=\"http:\/\/getanabolics.biz\/it\/tutto-su-proviron-mesterolone\/\">TUTTO SU PROVIRON (MESTEROLONE)<\/a><\/p>\n<p><a href=\"http:\/\/getanabolics.biz\/it\/quale-dovrebbe-essere-la-durata-del-corso-degli-steroidi\/\">COSA DEVE ESSERE LA DURATA DEL CORSO DI STEROIDI?<\/a><\/p>\n<p><a href=\"http:\/\/getanabolics.biz\/it\/creatina-su-un-ciclo-di-steroidi\/\">CREATINA SU UN CORSO DI STEROIDI<\/a><\/p>\n<p><a href=\"http:\/\/getanabolics.biz\/it\/crossfit-e-steroidi\/\">CROSSFIT E STEROIDI<\/a><\/p>\n","protected":false},"excerpt":{"rendered":"<p>Pacchetto: 1 scatola da 10 fiale, ciascuna amp contiene 100 mg di Boldenone Undecylenate<br \/>Produttore: Maxtreme<br \/>Marca: Boldenone 100<br \/>Conosciuto anche come: Bold-One<\/p>\n","protected":false},"featured_media":570,"comment_status":"open","ping_status":"closed","template":"","meta":[],"product_cat":[106],"product_tag":[61],"_links":{"self":[{"href":"https:\/\/getanabolics.biz\/it\/wp-json\/wp\/v2\/product\/804"}],"collection":[{"href":"https:\/\/getanabolics.biz\/it\/wp-json\/wp\/v2\/product"}],"about":[{"href":"https:\/\/getanabolics.biz\/it\/wp-json\/wp\/v2\/types\/product"}],"replies":[{"embeddable":true,"href":"https:\/\/getanabolics.biz\/it\/wp-json\/wp\/v2\/comments?post=804"}],"wp:featuredmedia":[{"embeddable":true,"href":"https:\/\/getanabolics.biz\/it\/wp-json\/wp\/v2\/media\/570"}],"wp:attachment":[{"href":"https:\/\/getanabolics.biz\/it\/wp-json\/wp\/v2\/media?parent=804"}],"wp:term":[{"taxonomy":"product_cat","embeddable":true,"href":"https:\/\/getanabolics.biz\/it\/wp-json\/wp\/v2\/product_cat?post=804"},{"taxonomy":"product_tag","embeddable":true,"href":"https:\/\/getanabolics.biz\/it\/wp-json\/wp\/v2\/product_tag?post=804"}],"curies":[{"name":"wp","href":"https:\/\/api.w.org\/{rel}","templated":true}]}}