{"id":803,"date":"2017-04-27T10:33:38","date_gmt":"2017-04-27T11:09:21","guid":{"rendered":"http:\/\/getanabolics.biz\/product\/deca-100-10xfiale-1ml-ogni-100-mg-1000-mg-di-nandrolone-decaonate\/"},"modified":"2018-01-18T10:02:07","modified_gmt":"2018-01-18T10:02:07","slug":"deca-100-10x1ml-ampoules-each-has-100-mg-total-1000-mg-nandrolone-decaonate","status":"publish","type":"product","link":"https:\/\/getanabolics.biz\/it\/prodotto\/deca-100-10x1ml-ampoules-each-has-100-mg-total-1000-mg-nandrolone-decaonate\/","title":{"rendered":"Deca 100 &#8211; Maxtreme"},"content":{"rendered":"<h2>Comprare Deca 100 &#8211; Maxtreme (N-Lone-D 100)<\/h2>\n<p><a title=\"Comprare Deca 100 al GetAnabolics\"><img src=\"http:\/\/getanabolics.biz\/images\/deca-100.jpg\" alt=\"N-Lone-D 100\" width=\"30%\" align=\"right\" \/><\/a><br \/>\n<em>Per chi \u00e8 alla ricerca di Deca 100 e chiedendo dove acquistare Deca 100 dal Maxtreme fatta offriamo N-Lone-D 100 come la scelta migliore per i veri bodybuilder.<\/em><br \/>\n<em> Da oggi una <strong>grande variet\u00e0 di steroidi iniettabili cos\u00ec come gli steroidi per via orale e ciclo di terapia post<\/strong> dal Maxtreme possono essere acquistati in GetAnabolics. Siamo lieti di presentarvi il nuovo Deca 100 da <span style=\"font-weight: bold;\">Maxtreme<\/span>.<\/em><br \/>\n<em> Tutti i prodotti che offriamo sono di autentico, di alta qualit\u00e0 composti e hanno un unico obiettivo: aiutare le persone a ottenere la massa muscolare, la forza complessiva, per bruciare i grassi, e di aiutarli nel cammino di perfezione fisica. Per creare un costruttivo e civile connessione con i nostri clienti, noi faremo il massimo sforzo per garantire un servizio di alta qualit\u00e0 e approccio di ogni persona che indirizzo il nostro negozio con cortesia e rispetto.<\/em><br \/>\n<em> La costruzione e il mantenimento di un corpo splendido, richiedono una combinazione di metodi. Una dieta corretta \u00e8 la prima nella lista delle componenti essenziali necessari per il corpo. In secondo luogo, assicurarsi sempre di <strong>acquistare e utilizzare steroidi legali online<\/strong> non solo per evitare il conflitto con la legge, ma la cosa pi\u00f9 importante, per evitare complicazioni di salute.<\/em><br \/>\n<em> <span style=\"font-weight: bold;\">GetAnabolics.Biz<\/span> \u00e8 la online steroidi fornitore appositamente creato e dedicato a fornire a ciascun atleta bodybuilder con i migliori steroidi anabolizzanti a prezzi scontati. Abbiamo scelto marchi pi\u00f9 affidabili di collaborare con, al fine di garantire la sicurezza, la vera e top-notch steroidi per i nostri clienti.<\/em><br \/>\n<em> Spedizione steroidi molto in sicurezza \u00e8 la preoccupazione principale per la consegna di steroidi in tutto il mondo. La nostra spedizione discreta garantisce che nessun altro sa che si acquista steroidi on-line.<\/em><\/p>\n<h2>Pi\u00f9 Deca 100 Maxtreme Informazioni<\/h2>\n<p><b>10\u00d7fiale 1ml ogni 100 mg 1000 mg di Nandrolone Decaonate<\/b><\/p>\n<p><u>Segnalato Caratteristiche<\/u><br \/>\n<strong>Attivo-Vita<\/strong>: 14-16 giorni<br \/>\n<strong>Classe di droga<\/strong>: Anabolizzanti\/Androgeni steroidi (Per Iniezione)<br \/>\nMedia Riportata Dosaggio: 200 Uomini-600mg settimanale Donne 50-100mg settimanale<br \/>\n<strong>Acne<\/strong>: S\u00ec, in dosaggi pi\u00f9 elevati degli androgeni gli individui sensibili<br \/>\n<strong>Ritenzione idrica<\/strong>: Alcuni, molto meno testosterone.<br \/>\nDiminuisce la funzione HPTA moderatamente<br \/>\n<strong>Alta Pressione Sanguigna:<\/strong> Rare (Quando utilizzato in dosaggi pi\u00f9 di 600 mg a settimana)<br \/>\n<strong>Aromatizzazione<\/strong>: Basso, converte meno attivi norestrogens<br \/>\nTossico Per Il Fegato: Nessuno.<br \/>\n<strong>Conversione DHT<\/strong>: No, si converte al NOR &#8211; DHT con un basso livello di attivit\u00e0<br \/>\n<strong>Notare i Commenti<\/strong>: anabolizzanti\/moderato effetti androgeni<\/p>\n<p><em>Deca-Durabolin \u00e8 il pi\u00f9 diffuso e il pi\u00f9 comunemente usato steroidi iniettabili. Deca grande popolarit\u00e0 pu\u00f2 essere attribuita alle sue numerose applicazioni possibili e, soprattutto per i suoi risultati positivi. Deca-Durabolin induce le cellule muscolari per memorizzare pi\u00f9 azoto che ri-contratti di locazione in modo che un saldo positivo di azoto \u00e8 realizzato. Un bilancio azotato positivo \u00e8 sinonimo di crescita muscolare in quanto le cellule muscolari, in questa fase, assimila (accumula) una maggiore quantit\u00e0 di proteine rispetto al solito. Il produttore stesso, tuttavia, sottolinea il foglietto illustrativo che un saldo positivo di azoto e proteine-la costruzione di effetto che l&#8217;accompagnano si verifica solo se un numero sufficiente di calorie e proteine sono forniti. Si deve sapere questo, poich\u00e9, altrimenti, risultati soddisfacenti con un Deca non possono essere ottenuti. L&#8217;effetto altamente anabolizzanti Deca-Durabolin \u00e8 collegato a una moderata componente androgena, in modo che un buon guadagno di massa muscolare e la forza si ottiene. Allo stesso tempo, la maggior parte degli atleti avviso notevole ritenzione idrica che, senza dubbio, non \u00e8 distinta come quella con testosterone iniettabili, ma che in dosi elevate pu\u00f2 causare anche un aspetto liscio e acquoso. Dal Deca negozi anche pi\u00f9 acqua nei tessuti connettivi, pu\u00f2 temporaneamente caso o addirittura curare il dolore alle articolazioni esistenti. Questo \u00e8 particolarmente utile per quegli atleti che lamentano dolore alla spalla, gomito e ginocchio, spesso possono godere di allenamenti senza dolore durante il trattamento con Deca-Durabolin. Gli atleti usano Deca, a seconda delle loro esigenze, per la formazione di muscoli e in preparazione per una competizione.<\/em><\/p>\n<blockquote><p>Deca \u00e8 adatto, anche sopra la media, per sviluppare la massa muscolare in quanto promuove la sintesi proteica e, contemporaneamente, porta a ritenzione idrica. La dose ottimale per questo scopo \u00e8 compreso tra 200 e 600 mg\/settimana. La ricerca scientifica ha dimostrato che i migliori risultati possono essere ottenuti con l&#8217;assunzione di 2 mg\/libbra di peso corporeo. Quelli che prendono una dose inferiore a 200 mg\/settimana di solito si sente solo un leggero effetto anabolizzante che, tuttavia, aumenta con un dosaggio pi\u00f9 elevato. La maggior parte degli atleti di sesso maschile esperienza dei buoni risultati l&#8217;assunzione di 400 mg\/settimana. Steroidi novizi di solito hanno bisogno solo di 200 mg\/settimana. Deca funziona molto bene per la formazione di muscolo quando combinato con Dianabol e Testosterone. Il famoso Dianabol\/ Deca risultati dello stack veloce e forte guadagno di massa muscolare. La maggior parte degli atleti di solito 15-40 mg <a href=\"http:\/\/getanabolics.biz\/it\/prodotto\/dianabol-100-tabs-each-contains-10-mg-methandienone\/\">Dianabol<\/a>\/giorno e 200-400 mg Deca\/settimana. Risultati ancora pi\u00f9 veloci possono essere raggiunti con Deca 400 mg\/settimana e 500 mg 5ustanon 250\/settimana. Gli atleti segnalano un aumento enorme della forza e della massa muscolare durante l&#8217;assunzione di 400 mg Deca\/settimana, 500 mg Sustanon 250\/settimana, e <a href=\"http:\/\/getanabolics.biz\/it\/prodotto\/dianabol-buy-d-bol-100-tabs-each-contains-10-mg-methandienone\/\">Dianabol <\/a>30 mg\/giorno. Deca \u00e8 una buona base di steroidi per la costruzione del muscolo, <a href=\"http:\/\/getanabolics.biz\/it\/tutto-su-proviron-mesterolone\/\">pu\u00f2 essere combinato con molti altri steroidi.<\/a><\/p><\/blockquote>\n<p><strong>Una conversione in estrogeni, il che significa un processo di aromatizzare, \u00e8 possibile con Deca-Durabolin, ma si verifica ad un tasso inferiore rispetto ex: il testosterone. Durante le gare con i test antidoping Deca non deve essere presa in quanto i metaboliti nel corpo pu\u00f2 essere dimostrato da un analisi delle urine fino a 18 mesi pi\u00f9 tardi. Il rischio di ritenzione idrica potenziale e aromatizzare agli estrogeni pu\u00f2 essere evitato con successo combinando l&#8217;uso di con Proviron Nolvadex. Una pila di preparazione spesso osservato in atleti comprende 400 mg\/settimana Deca-Durabolin, 50 mg\/die di Winstrol, 228 mg\/settimana Parabolan, e 25 mg\/giorno Oxandrolone.<\/strong><\/p>\n<p>anche se gli effetti collaterali con Deca sono relativamente bassi, con dosi di 400 mg\/settimana, androgeni effetti collaterali causati possono verificarsi. La maggior parte dei problemi si manifestano in alta pressione sanguigna e un pro-atteso il tempo di coagulazione del sangue, che pu\u00f2 causare emorragie nasali e frequente sanguinamento prolungato di tagli, cos\u00ec come un aumento della produzione delle ghiandole sebacee e acne occasionali. Alcuni atleti riportano anche mal di testa e di eccesso di stimolazione sessuale. Quando \u00e8 molto alta dos-et\u00e0 sono presi nel corso di un periodo prolungato di tempo, la spermatogenesi pu\u00f2 essere in-hibited negli uomini, cio\u00e8 i testicoli producono meno testosterone. Il motivo \u00e8 che il Deca-Durabolin, come quasi tutti gli steroidi, inibisce il rilascio di gonadotropine da parte dell&#8217;ipofisi.<\/p>\n<p><em>le Donne con un dosaggio di 100 mg\/settimana di solito l&#8217;esperienza senza grossi problemi con un Deca. A dosaggi pi\u00f9 elevati di androgeni causati virilizzazione sintomi possono verificarsi, tra cui la voce profonda (irreversibile), aumento della crescita dei capelli del corpo, acne, aumento della libido, e forse clitorihypertrophy. Donne che soffrono di disturbo, anche a una dose settimanale di 50 mg\/settimana di Deca-Durabolin, sono spesso meglio prendere le precedenti citate e ad azione rapida-Durabolin. A differenza del long-acting Deca, quando Durabolin \u00e8 somministrato una o due volte a settimana in un dosaggio di 50 mg, la concentrazione di no indesiderati quantit\u00e0 di androgeni verificarsi. Poich\u00e9 la maggior parte degli atleti di sesso femminile trovo bene con Deca-Durabolin una dose di Deca 50 mg\/settimana di solito \u00e8 combinato con Oxandrolone 10 mg\/giorno Entrambi i composti, se assunto in dosi basse, sono solo leggermente androgeni in modo che gli effetti collaterali masculinizing solo raramente si verificano. Deca, attraverso la sua maggiore sintesi proteica, porta anche a un netto guadagno muscolare e la Oxandrolone, basato sull&#8217;aumento della sintesi di fosfocreatina, porta ad un guadagno di forza misurabile con ritenzione di acqua molto bassa. Altre variazioni di amministrazione utilizzato da atleti di sesso femminile sono Deca e <a href=\"http:\/\/getanabolics.biz\/it\/prodotto\/winstrol-tabs-10-acquistare-pillole-winstrol-50-schede-ciascuna-contiene-10-mg-di-stanozolol\/\">Winstrol <\/a>scheda-consente, cos\u00ec come Deca e Primobolan S-compresse.<\/em><\/p>\n<h3>Leggi di pi\u00f9<\/h3>\n<p><a href=\"http:\/\/getanabolics.biz\/it\/acquistare-dianabol-online-su-getanabolics-biz\/\">ACQUISTA DIANABOL ONLINE SU GETANABOLICS.BIZ<\/a><\/p>\n<p><a href=\"http:\/\/getanabolics.biz\/it\/winstrol-che-cosa-e-e-per-che-cosa-e\/\">WINSTROL, CHE COS&#8217;\u00c8 E PER COSA SERVE?<\/a><\/p>\n<p><a href=\"http:\/\/getanabolics.biz\/it\/recensioni-cytomel-t3-su-getanabolics-biz\/\">CYTOMEL T3 RECENSIONI SU GETANABOLICS.BIZ<\/a><\/p>\n<p><a href=\"http:\/\/getanabolics.biz\/it\/pausa-tra-steroidi-e-pct\/\">PAUSA TRA CORSI STEROIDI E PCT<\/a><\/p>\n<p><a href=\"http:\/\/getanabolics.biz\/it\/quanto-e-efficace-il-ponte-steroideo\/\">QUANTO EFFICACE \u00c8 IL PONTE STEROID?<\/a><\/p>\n","protected":false},"excerpt":{"rendered":"<p>Pacchetto: 10\u00d7fiale 1ml ogni 100 mg 1000 mg di Nandrolone Decaonate<br \/>Produttore: Maxtreme<br \/>Marca: Deca 100<br \/>Conosciuto anche come: N-Lone-D 100<\/p>\n","protected":false},"featured_media":564,"comment_status":"open","ping_status":"closed","template":"","meta":[],"product_cat":[106,119],"product_tag":[61],"_links":{"self":[{"href":"https:\/\/getanabolics.biz\/it\/wp-json\/wp\/v2\/product\/803"}],"collection":[{"href":"https:\/\/getanabolics.biz\/it\/wp-json\/wp\/v2\/product"}],"about":[{"href":"https:\/\/getanabolics.biz\/it\/wp-json\/wp\/v2\/types\/product"}],"replies":[{"embeddable":true,"href":"https:\/\/getanabolics.biz\/it\/wp-json\/wp\/v2\/comments?post=803"}],"wp:featuredmedia":[{"embeddable":true,"href":"https:\/\/getanabolics.biz\/it\/wp-json\/wp\/v2\/media\/564"}],"wp:attachment":[{"href":"https:\/\/getanabolics.biz\/it\/wp-json\/wp\/v2\/media?parent=803"}],"wp:term":[{"taxonomy":"product_cat","embeddable":true,"href":"https:\/\/getanabolics.biz\/it\/wp-json\/wp\/v2\/product_cat?post=803"},{"taxonomy":"product_tag","embeddable":true,"href":"https:\/\/getanabolics.biz\/it\/wp-json\/wp\/v2\/product_tag?post=803"}],"curies":[{"name":"wp","href":"https:\/\/api.w.org\/{rel}","templated":true}]}}