{"id":802,"date":"2017-04-27T10:33:38","date_gmt":"2017-04-27T11:09:21","guid":{"rendered":"http:\/\/getanabolics.biz\/product\/parabolan-scatola-da-10-fiale-da-1-ml-75-mg-ml-trenbolone-hexahydrobenzylcarbonate\/"},"modified":"2018-01-18T10:28:02","modified_gmt":"2018-01-18T10:28:02","slug":"parabolan-box-of-10-ampoules-of-1ml-75mg-ml-trenbolone-hexahydrobenzylcarbonate","status":"publish","type":"product","link":"https:\/\/getanabolics.biz\/it\/prodotto\/parabolan-box-of-10-ampoules-of-1ml-75mg-ml-trenbolone-hexahydrobenzylcarbonate\/","title":{"rendered":"Parabolan &#8211; Maxtreme"},"content":{"rendered":"<h2>Comprare Parabolan &#8211; Maxtreme (Tren-Max-1)<\/h2>\n<p><a title=\"Comprare Parabolan al GetAnabolics\"><img src=\"http:\/\/getanabolics.biz\/images\/hetroxyl.jpg\" alt=\"Tren-Max-1\" width=\"30%\" align=\"right\" \/><\/a><br \/>\n<em>Per chi \u00e8 alla ricerca di Parabolan e chiedendo dove acquistare Parabolan dal Maxtreme fatta offriamo Tren-Max-1 come la scelta migliore per i veri bodybuilder.<\/em><br \/>\n<em> Da oggi una <strong>grande variet\u00e0 di steroidi iniettabili cos\u00ec come gli steroidi per via orale e ciclo di terapia post<\/strong> dal Maxtreme possono essere acquistati in GetAnabolics. Siamo lieti di presentarvi il nuovo Parabolan da <span style=\"font-weight: bold;\">Maxtreme<\/span>.<\/em><br \/>\n<em> Tutti i prodotti che offriamo sono di autentico, di alta qualit\u00e0 composti e hanno un unico obiettivo: aiutare le persone a ottenere la massa muscolare, la forza complessiva, per bruciare i grassi, e di aiutarli nel cammino di perfezione fisica. Per creare un costruttivo e civile connessione con i nostri clienti, noi faremo il massimo sforzo per garantire un servizio di alta qualit\u00e0 e approccio di ogni persona che indirizzo il nostro negozio con cortesia e rispetto.<\/em><br \/>\n<em> La costruzione e il mantenimento di un corpo splendido, richiedono una combinazione di metodi. Una dieta corretta \u00e8 la prima nella lista delle componenti essenziali necessari per il corpo. In secondo luogo, assicurarsi sempre di <strong>acquistare e utilizzare steroidi legali online<\/strong> non solo per evitare il conflitto con la legge, ma la cosa pi\u00f9 importante, per evitare complicazioni di salute.<\/em><br \/>\n<em> <span style=\"font-weight: bold;\">GetAnabolics.Biz<\/span> \u00e8 la online steroidi fornitore appositamente creato e dedicato a fornire a ciascun atleta bodybuilder con i migliori steroidi anabolizzanti a prezzi scontati. Abbiamo scelto marchi pi\u00f9 affidabili di collaborare con, al fine di garantire la sicurezza, la vera e top-notch steroidi per i nostri clienti.<\/em><br \/>\n<em> Spedizione steroidi molto in sicurezza \u00e8 la preoccupazione principale per la consegna di steroidi in tutto il mondo. La nostra spedizione discreta garantisce che nessun altro sa che si acquista steroidi on-line.<\/em><\/p>\n<h2>Pi\u00f9 Parabolan Maxtreme Informazioni<\/h2>\n<p><b>Scatola da 10 Fiale da 1 ml, 75 mg \/ ml: Trenbolone Hexahydrobenzylcarbonate<\/b><\/p>\n<ul>\n<li>[17beta-Hydroxyestra-4,9,11-trien-3-one]<\/li>\n<li><strong>Dose Efficace (Uomini):<\/strong> 300 500mgs\/settimana<\/li>\n<li><strong>Dose Efficace (Donne):<\/strong> Non \u00e8 raccomandato<\/li>\n<li><strong>vita Attiva:<\/strong> 5-7 giorni<\/li>\n<li><strong>Tempo di Rilevamento:<\/strong> 4-5 settimane<\/li>\n<li><strong>Anabolizzanti\/Androgenico rapporto:<\/strong> 500\/500<\/li>\n<\/ul>\n<p><em>Parabolan, era stato riconosciuto tra i pi\u00f9 potenti steroidi sul steroide mercato.L&#8217;estere Hexahydrobenzylcarbonate \u00e8 quasi identica alla estere Enanthate, per quanto riguarda il tempo di rilascio nel corpo. Essendo simile a Enantato, iniezione due volte a settimana \u00e8 pi\u00f9 che sufficiente per mantenere i livelli ematici pi\u00f9 stabile possibile.<\/em><\/p>\n<p><em>PARABOLAN Nel bodybuilding e nel powerlifting Parabolan \u00e8 diventato il pi\u00f9 desiderato di steroidi iniettabili composto. Questo non \u00e8 senza ragione, poich\u00e9 Parabolan \u00e8 veramente fenomenale, unico prodotto.<\/em><\/p>\n<p><strong>Parabolan \u00e8 un forte, di steroidi androgeni che ha anche un elevato effetto anabolizzante.<\/strong> Se un novizio, hard gainer, power lifter, o pro body-builder, tutti coloro che usano Parabolan \u00e8 entusiasta dei risultati: un guadagno veloce in solido, di alta qualit\u00e0, massa muscolare accompagnata da un notevole aumento di forza negli esercizi di base. inoltre, l&#8217;applicazione regolare nel corso di un certo numero di settimane risultati in ben visibile durezza muscolare su tutto il corpo senza dieta-ing allo stesso tempo. Spesso il seguente scenario: culturisti che fanno uso di steroidi e per qualche tempo sono stati cervo-nate nel loro sviluppo improvvisamente un nuovo corso con Parabolan. Un&#8217;altra caratteristica \u00e8 che Parabolan, a differenza della maggior parte altamente androgeni steroidi, non aromatizza. Il trenbolone non si converte in estrogeni, in modo che l&#8217;atleta non ha bisogno di combattere un pi\u00f9 alto livello di estrogeni o sintomi di femminilizzazione. Coloro che utilizzano Parabolan noter\u00e0, inoltre, che non c&#8217;\u00e8 ritenzione di acqua nei tessuti. Per dire in modo molto chiaro: Parbolan \u00e8 il numero uno della concorrenza di steroidi. Quando un basso contenuto di grassi \u00e8 stato raggiunto da una dieta ipocalorica, Parabolan offre un significativo aumento della durezza muscolare. In combinazione con una dieta ricca di proteine diventa particolarmente efficace in questa fase, in quanto Parabolan accelera il metabolismo e accelera la combustione dei grassi. L&#8217;elevato effetto androgenico impedisce una possibile sindrome da sovrallenamento, accelera la rigenerazione, e d\u00e0 i muscoli un pieno, vascolare aspetto, ma, allo stesso tempo, strappato e definito.<\/p>\n<p><em>La maggior parte degli atleti iniettare Parabolan almeno due volte alla settimana; alcuni culturisti iniettare 1-2 fiale al giorno durante le ultime tre-quattro settimane prima di una competizione. Normalmente un dosaggio di 228 mg\/settimana \u00e8 utilizzato, corrispondente ad una quantit\u00e0 settimanale di tre fiale. \u00c8 la nostra esperienza, buoni risultati possono essere raggiunti con l&#8217;iniezione di un 76 mg am-pule ogni 2-3 giorni. Parabolan combinato con Winstrol Depot funziona particolarmente bene e d\u00e0 all&#8217;atleta un vantaggio solido di alta qualit\u00e0 e muscoli insieme con un enorme guadagno di forza. Molto efficace stack \u00e8 di 76 mg Parabolan ogni 2 giorni in combinazione con 50 mg Winstrol ogni 2 giorni. Gli atleti che sono interessati ad un guadagno di massa veloce spesso usano anche Dianabol 30 mg\/die, mentre coloro che sono pi\u00f9 interessati alla qualit\u00e0 e la forza come aggiungere 25 mg Oxandrolone\/ giorno. Probabilmente il pi\u00f9 efficace Parabolan, composta 228 mg Parabolan\/settimana, 200 mg <a href=\"http:\/\/getanabolics.biz\/it\/prodotto\/winstrol-tabs-10-acquistare-pillole-winstrol-50-schede-ciascuna-contiene-10-mg-di-stanozolol\/\">Winstrol <\/a>Depot\/settimana, e 40-50 mg Oral-Turinabol\/giorno, e di solito si traduce in una drastica con guadagno di massa muscolare di alta qualit\u00e0 insieme con una gigantesca forza di guadagno. Parabolan sembra anche portare a risultati straordinariamente buoni quando usato in combinazione con ormoni della crescita.<\/em><\/p>\n<p><em><strong>Parabolan non \u00e8 uno steroide adatto per tutto l&#8217;anno di trattamento, dal momento che \u00e8 molto tossico.<\/strong> La durata di assunzione deve essere limitata ad un massimo di 8 settimane. \u00c8 stato dimostrato che Parabolan, soprattutto, affatica i reni, piuttosto che il fegato. Gli atleti che hanno assunto in dosi elevate per diverse settimane spesso segnalano un insolitamente urine di colore scuro. In casi estremi, il sangue pu\u00f2 essere escreto con le urine, un chiaro segno di danno renale. Coloro che utilizzano Parabolan dovrebbe bere un litro supplementare di liquidi al giorno, poich\u00e9 aiuta a lavare i reni. Dal Parabolan non provoca ritenzione di acqua e sale la pressione del sangue aumenta raramente. Simile a Finaject, molti atleti mostrano un atteggiamento aggressivo che viene attribuito ai distinti un&#8217;-drogenic effetto. \u00c8 interessante che l&#8217;acne e perdita di capelli si verificano solo raramente che potrebbe essere dovuto al fatto che la sostanza non viene convertito in diidrotestosterone (DHT). Alcuni atleti report nau-sea, mal di testa, perdita di appetito, quando iniettano pi\u00f9 di una fiala (76 mg a settimana. Poich\u00e9 il Parabolan riduce notevolmente la produzione di testosterone androgenico, l&#8217;uso di testosterone, stimolando composti al termine dell&#8217;assunzione \u00e8 suggerita. In atleti pi\u00f9 anziani vi \u00e8 un aumentato rischio di Parabolan potrebbe indurre la crescita di maschile prostata. Si consiglia di culturisti maschi, durante e dopo un trattamento con Parabolan, hanno il loro medico di controllare la prostata per essere sicuri \u00e8 ancora di piccole dimensioni.<\/em><\/p>\n<p><strong>Steroidi novizi non deve (ancora) utilizzare Parabolan.<\/strong> Lo stesso \u00e8 vero per le donne; tuttavia, ci sono abbastanza gli atleti di sesso femminile che non si cura perch\u00e9 l&#8217;organismo femminile reagisce agli androgeni carica e il forte effetto anabolizzante di Parabolan con distinti aumenti di muscoli e forza, soprattutto da un punto di vista femminile. Cos\u00ec l&#8217;intero corpo ha una pi\u00f9 difficile e look atletico. Parabolan, senza dubbio, \u00e8 un bellissimo prodotto per ambiziosi gli atleti di sesso femminile. Alla fine tutto dipende dalla tua personale propensione al rischio, signore. Il fatto \u00e8 che le norme sulla concorrenza nazionale e internazionale scene di bodybuilding femminile hanno raggiunto livelli che non pu\u00f2 essere raggiunto senza la somministrazione di forte androgeni steroidi composti. Una combinazione ben voluto da bodybuilder femminile si compone di 76 mg Parabolan\/settimana 20 mg Winstrol compresse al giorno, e 100 mcg di Clenbuterolo\/giorno per le Donne non in-ject pi\u00f9 di una fiala di Parabolan a settimana e che limitare il periodo di assunzione di 4-5 settimane principalmente ad evitare o minimizzare i sintomi di virilizzazione. Gli atleti di sesso femminile che sono strafare o che sono sensibili agli androgeni parte di hexahydrobencylcarbonate trenbolone pu\u00f2 essere confrontato con alcune spiacevoli sorprese dopo diverse settimane di utilizzo: acne, androgenically-causato la perdita di capelli sul cuoio capelluto, cicli mestruali irregolari, periodi di mancato, molto pi\u00f9 alti della libido, l&#8217;aggressivit\u00e0, la voce profonda, chtorial ipertrofia, <a href=\"http:\/\/getanabolics.biz\/it\/winstrol-che-cosa-e-e-per-che-cosa-e\/\">e aumento della crescita di peli sul viso e sulle gambe.<\/a> Gli ultimi tre effetti collaterali sono per lo pi\u00f9 irreversibili cambiamenti.<\/p>\n<h3>Leggi di pi\u00f9<\/h3>\n<p><a href=\"http:\/\/getanabolics.biz\/it\/acquistare-dianabol-online-su-getanabolics-biz\/\">ACQUISTA DIANABOL ONLINE SU GETANABOLICS.BIZ<\/a><\/p>\n<p><a href=\"http:\/\/getanabolics.biz\/it\/winstrol-che-cosa-e-e-per-che-cosa-e\/\">WINSTROL, CHE COS&#8217;\u00c8 E PER COSA SERVE?<\/a><\/p>\n<p><a href=\"http:\/\/getanabolics.biz\/it\/recensioni-cytomel-t3-su-getanabolics-biz\/\">CYTOMEL T3 RECENSIONI SU GETANABOLICS.BIZ<\/a><\/p>\n<p><a href=\"http:\/\/getanabolics.biz\/it\/pausa-tra-steroidi-e-pct\/\">PAUSA TRA CORSI STEROIDI E PCT<\/a><\/p>\n<p><a href=\"http:\/\/getanabolics.biz\/it\/quanto-e-efficace-il-ponte-steroideo\/\">QUANTO EFFICACE \u00c8 IL PONTE STEROID?<\/a><\/p>\n","protected":false},"excerpt":{"rendered":"<p>Pacchetto: Scatola da 10 Fiale da 1 ml, 75 mg \/ ml: Trenbolone Hexahydrobenzylcarbonate<br \/>Produttore: Maxtreme<br \/>Marca: Parabolan<br \/>Conosciuto anche come: Tren-Max-1<\/p>\n","protected":false},"featured_media":558,"comment_status":"open","ping_status":"closed","template":"","meta":[],"product_cat":[106],"product_tag":[61],"_links":{"self":[{"href":"https:\/\/getanabolics.biz\/it\/wp-json\/wp\/v2\/product\/802"}],"collection":[{"href":"https:\/\/getanabolics.biz\/it\/wp-json\/wp\/v2\/product"}],"about":[{"href":"https:\/\/getanabolics.biz\/it\/wp-json\/wp\/v2\/types\/product"}],"replies":[{"embeddable":true,"href":"https:\/\/getanabolics.biz\/it\/wp-json\/wp\/v2\/comments?post=802"}],"wp:featuredmedia":[{"embeddable":true,"href":"https:\/\/getanabolics.biz\/it\/wp-json\/wp\/v2\/media\/558"}],"wp:attachment":[{"href":"https:\/\/getanabolics.biz\/it\/wp-json\/wp\/v2\/media?parent=802"}],"wp:term":[{"taxonomy":"product_cat","embeddable":true,"href":"https:\/\/getanabolics.biz\/it\/wp-json\/wp\/v2\/product_cat?post=802"},{"taxonomy":"product_tag","embeddable":true,"href":"https:\/\/getanabolics.biz\/it\/wp-json\/wp\/v2\/product_tag?post=802"}],"curies":[{"name":"wp","href":"https:\/\/api.w.org\/{rel}","templated":true}]}}