{"id":801,"date":"2017-04-27T10:33:38","date_gmt":"2017-04-27T11:09:21","guid":{"rendered":"http:\/\/getanabolics.biz\/product\/deca-300-1-fiala-da-10-ml-contiene-totale-di-3000-mg-di-nandrolone-decaonate\/"},"modified":"2018-01-18T10:45:25","modified_gmt":"2018-01-18T10:45:25","slug":"deca-300-1-vial-of-10-ml-contains-total-3000-mg-nandrolone-decaonate","status":"publish","type":"product","link":"https:\/\/getanabolics.biz\/it\/prodotto\/deca-300-1-vial-of-10-ml-contains-total-3000-mg-nandrolone-decaonate\/","title":{"rendered":"Deca 300 &#8211; Maxtreme"},"content":{"rendered":"<h2>Comprare Deca 300 &#8211; Maxtreme (N-Lone-D 300)<\/h2>\n<p><a title=\"Comprare Deca 300 al GetAnabolics\"><img src=\"http:\/\/getanabolics.biz\/images\/atlas-deca250-get.jpg\" alt=\"N-Lone-D 300\" width=\"30%\" align=\"right\" \/><\/a><br \/>\n<strong>Per chi \u00e8 alla ricerca di Deca 300 e chiedendo dove acquistare Deca 300 dal Maxtreme fatta offriamo N-Lone-D 300 come la scelta migliore per i veri bodybuilder.<\/strong><br \/>\n<strong> Da oggi una grande variet\u00e0 di steroidi iniettabili cos\u00ec come gli steroidi per via orale e ciclo di terapia post dal Maxtreme possono essere acquistati in GetAnabolics. Siamo lieti di presentarvi il nuovo Deca 300 da Maxtreme.<\/strong><br \/>\n<strong> Tutti i prodotti che offriamo sono di autentico, di alta qualit\u00e0 composti e hanno un unico obiettivo: aiutare le persone a ottenere la massa muscolare, la forza complessiva, per bruciare i grassi, e di aiutarli nel cammino di perfezione fisica. Per creare un costruttivo e civile connessione con i nostri clienti, noi faremo il massimo sforzo per garantire un servizio di alta qualit\u00e0 e approccio di ogni persona che indirizzo il nostro negozio con cortesia e rispetto.<\/strong><br \/>\n<strong> La costruzione e il mantenimento di un corpo splendido, richiedono una combinazione di metodi. Una dieta corretta \u00e8 la prima nella lista delle componenti essenziali necessari per il corpo. In secondo luogo, assicurarsi sempre di acquistare e utilizzare steroidi legali online non solo per evitare il conflitto con la legge, ma la cosa pi\u00f9 importante, per evitare complicazioni di salute.<\/strong><br \/>\n<strong> GetAnabolics.Biz \u00e8 la online steroidi fornitore appositamente creato e dedicato a fornire a ciascun atleta bodybuilder con i migliori steroidi anabolizzanti a prezzi scontati. Abbiamo scelto marchi pi\u00f9 affidabili di collaborare con, al fine di garantire la sicurezza, la vera e top-notch steroidi per i nostri clienti.<\/strong><br \/>\n<strong> Spedizione steroidi molto in sicurezza \u00e8 la preoccupazione principale per la consegna di steroidi in tutto il mondo. La nostra spedizione discreta garantisce che nessun altro sa che si acquista steroidi on-line.<\/strong><\/p>\n<h2>Pi\u00f9 Deca 300 Maxtreme Informazioni<\/h2>\n<p><b>1 fiala da 10 ml contiene totale di 3000 mg di Nandrolone Decaonate<br \/>\n<\/b><\/p>\n<p><strong>Classe di droga<\/strong>: Iniettabile Androgeni\/steroidi Anabolizzanti<br \/>\n<strong>Consigliato dosaggio medio:<\/strong> Tra 300 e 800 mg a settimana per gli uomini e tra i 50 e i 100 mg per settimana per le donne.<br \/>\n<strong>Vita attiva:<\/strong> Tra i 14 e i 16 giorni<br \/>\n<strong>Ritenzione idrica<\/strong>: S\u00ec<br \/>\n<strong>Tossico per il fegato<\/strong>: No<br \/>\n<strong>Diminuisce la funzione HPTA<\/strong>: Molto alta<br \/>\n<strong>DTH Conversione<\/strong>: N<\/p>\n<p><em><a href=\"http:\/\/getanabolics.biz\/it\/prodotto\/deca-100-10x1ml-ampoules-each-has-100-mg-total-1000-mg-nandrolone-decaonate\/\">Deca-Durabolin<\/a> o Deca, come \u00e8 popolarmente noto, \u00e8 il pi\u00f9 popolare di steroidi ed \u00e8 stato cos\u00ec per molti anni. Il composto \u00e8 Nandrolone Decanoato e prodotti e commercializzati sotto il marchio Deca Durabolin da azienda farmaceutica Organon. Questo prodotto \u00e8 disponibile dal 1962 ed \u00e8 noto e ampiamente utilizzato per la sua forte anabolizzanti steroidei propriet\u00e0. Deca-Durabolin \u00e8 un 19-nor steroidi anabolizzanti e mima la propriet\u00e0 di Testosterone.<\/em><\/p>\n<p>Nel corpo umano, il Nandrolone \u00e8 l&#8217;ormone che \u00e8 responsabile per la crescita. Utilizzando il Deca-Durabolin, gli utenti sono fondamentalmente aumentando i livelli di Nandrolone nel corpo, che porta ad un aumento della crescita muscolare, il numero di globuli rossi, la ritenzione di azoto e i livelli di emoglobina. Tutti questi effetti sono molto apprezzati da body builders e gli atleti e Deca-Durabolin, inoltre, promuove la rapida rigenerazione dei tessuti danneggiati. Si tratta di un forte steroide e ha la pi\u00f9 lunga vita attiva tra gli steroidi. Come conseguenza di ci\u00f2, \u00e8 anche uno dei il pi\u00f9 lento effetto di steroidi con effetti visibili dopo 4 settimane di somministrazione del farmaco, ma questo significa anche che effetti pu\u00f2 essere visto a lungo dopo che il farmaco viene interrotto.<\/p>\n<blockquote><p><strong>Deca-Durabolin deve essere iniettato per almeno 8 a 12 settimane e alcuni anche di estendere a 16 settimane.<\/strong> Il dosaggio raccomandato per gli uomini \u00e8 di 300 a 400 mg a settimana, ma questo pu\u00f2 essere portato a circa 600 mg\/settimana sotto la stretta supervisione. Il dosaggio raccomandato per le donne \u00e8 molto inferiore a 50 a 100 mg\/settimana, come \u00e8 moderatamente androgeni.<\/p><\/blockquote>\n<p><strong>Oltre ad un&#8217;intensa attivit\u00e0 muscolare crescita, Deca-Durabolin, inoltre, ha in comune alleviare gli effetti.<\/strong> A<a href=\"http:\/\/getanabolics.biz\/it\/acquistare-clomid-online-su-getanabolics-biz\/\">nche in piccole dosi per i soccorsi scopi,<\/a> pu\u00f2 portare a una straordinaria crescita muscolare e la forza. Come si aumenta la ritenzione di azoto nei muscoli, aumento del tessuto muscolare che si verifica con un aumento della sintesi del collagene leader per la costruzione enorme forza.<\/p>\n<p><em>Come un potente steroide anabolizzante, ha tutti gli effetti collaterali negativi di ormoni steroidei. La soppressione di Testosterone \u00e8 di gran lunga maggiore con Deca-Durabolin uso di steroidi anabolizzanti. Questo \u00e8 il motivo per cui i supplementi di testosterone deve essere presa durante un ciclo Deca Durabolin altrimenti il corpo pu\u00f2 diventare completamente deficit di testosterone. La ritenzione idrica \u00e8 un altro effetto collaterale, ma questo \u00e8 relativamente basso rispetto ad altri steroidi anabolizzanti. <strong>Come Deca-Durabolin aromatizza ad un livello moderato, estrogeni effetti collaterali sono prodotti anche.<\/strong><\/em><\/p>\n<h3>Leggi di pi\u00f9<\/h3>\n<p><a href=\"http:\/\/getanabolics.biz\/it\/deca-durabolin-effetti-collaterali\/\">DECA DURABOLIN EFFETTI COLLATERALI<\/a><\/p>\n<p><a href=\"http:\/\/getanabolics.biz\/it\/tutto-su-proviron-mesterolone\/\">TUTTO SU PROVIRON (MESTEROLONE)<\/a><\/p>\n<p><a href=\"http:\/\/getanabolics.biz\/it\/quale-dovrebbe-essere-la-durata-del-corso-degli-steroidi\/\">COSA DEVE ESSERE LA DURATA DEL CORSO DI STEROIDI?<\/a><\/p>\n<p><a href=\"http:\/\/getanabolics.biz\/it\/creatina-su-un-ciclo-di-steroidi\/\">CREATINA SU UN CORSO DI STEROIDI<\/a><\/p>\n<p><a href=\"http:\/\/getanabolics.biz\/it\/crossfit-e-steroidi\/\">CROSSFIT E STEROIDI<\/a><\/p>\n","protected":false},"excerpt":{"rendered":"<p>Pacchetto: 1 fiala da 10 ml contiene totale di 3000 mg di Nandrolone Decaonate<br \/>Produttore: Maxtreme<br \/>Marca: Deca 300<br \/>Conosciuto anche come: N-Lone-D 300<\/p>\n","protected":false},"featured_media":552,"comment_status":"open","ping_status":"closed","template":"","meta":[],"product_cat":[106,119],"product_tag":[61],"_links":{"self":[{"href":"https:\/\/getanabolics.biz\/it\/wp-json\/wp\/v2\/product\/801"}],"collection":[{"href":"https:\/\/getanabolics.biz\/it\/wp-json\/wp\/v2\/product"}],"about":[{"href":"https:\/\/getanabolics.biz\/it\/wp-json\/wp\/v2\/types\/product"}],"replies":[{"embeddable":true,"href":"https:\/\/getanabolics.biz\/it\/wp-json\/wp\/v2\/comments?post=801"}],"wp:featuredmedia":[{"embeddable":true,"href":"https:\/\/getanabolics.biz\/it\/wp-json\/wp\/v2\/media\/552"}],"wp:attachment":[{"href":"https:\/\/getanabolics.biz\/it\/wp-json\/wp\/v2\/media?parent=801"}],"wp:term":[{"taxonomy":"product_cat","embeddable":true,"href":"https:\/\/getanabolics.biz\/it\/wp-json\/wp\/v2\/product_cat?post=801"},{"taxonomy":"product_tag","embeddable":true,"href":"https:\/\/getanabolics.biz\/it\/wp-json\/wp\/v2\/product_tag?post=801"}],"curies":[{"name":"wp","href":"https:\/\/api.w.org\/{rel}","templated":true}]}}