{"id":800,"date":"2017-04-27T10:33:38","date_gmt":"2017-04-27T11:09:21","guid":{"rendered":"http:\/\/getanabolics.biz\/product\/anadrol-50-schede-ogni-scheda-contiene-50-mg-di-oxymetholone\/"},"modified":"2018-01-18T11:01:54","modified_gmt":"2018-01-18T11:01:54","slug":"anadrol-50-tabs-each-tab-contains-50-mg-oxymetholone","status":"publish","type":"product","link":"https:\/\/getanabolics.biz\/it\/prodotto\/anadrol-50-tabs-each-tab-contains-50-mg-oxymetholone\/","title":{"rendered":"Anadrol &#8211; Maxtreme"},"content":{"rendered":"<h2>Comprare Anadrol &#8211; Maxtreme (Max-Drol)<\/h2>\n<p><a title=\"Comprare Anadrol al GetAnabolics\"><img src=\"http:\/\/getanabolics.biz\/images\/oxylone-geta.jpg\" alt=\"Max-Drol\" width=\"30%\" align=\"right\" \/><\/a><br \/>\n<em> Per chi \u00e8 alla ricerca di Anadrol e chiedendo dove acquistare Anadrol dal Maxtreme fatta offriamo Max-Drol come la scelta migliore per i veri bodybuilder.<\/em><br \/>\n<em> Da oggi una <strong>grande variet\u00e0 di steroidi iniettabili cos\u00ec come gli steroidi per via orale e ciclo di terapia post<\/strong> dal Maxtreme possono essere acquistati in GetAnabolics. Siamo lieti di presentarvi il nuovo Anadrol da <span style=\"font-weight: bold;\">Maxtreme<\/span>.<\/em><br \/>\n<em> Tutti i prodotti che offriamo sono di autentico, di alta qualit\u00e0 composti e hanno un unico obiettivo: aiutare le persone a ottenere la massa muscolare, la forza complessiva, per bruciare i grassi, e di aiutarli nel cammino di perfezione fisica. Per creare un costruttivo e civile connessione con i nostri clienti, noi faremo il massimo sforzo per garantire un servizio di alta qualit\u00e0 e approccio di ogni persona che indirizzo il nostro negozio con cortesia e rispetto.<\/em><br \/>\n<em> La costruzione e il mantenimento di un corpo splendido, richiedono una combinazione di metodi. Una dieta corretta \u00e8 la prima nella lista delle componenti essenziali necessari per il corpo. In secondo luogo, assicurarsi sempre di <strong>acquistare e utilizzare steroidi legali online<\/strong> non solo per evitare il conflitto con la legge, ma la cosa pi\u00f9 importante, per evitare complicazioni di salute.<\/em><br \/>\n<span style=\"font-weight: bold;\">GetAnabolics.Biz<\/span> \u00e8 la online steroidi fornitore appositamente creato e dedicato a fornire a ciascun atleta bodybuilder con i migliori steroidi anabolizzanti a prezzi scontati. Abbiamo scelto marchi pi\u00f9 affidabili di collaborare con, al fine di garantire la sicurezza, la vera e top-notch steroidi per i nostri clienti.<br \/>\nSpedizione steroidi molto in sicurezza \u00e8 la preoccupazione principale per la consegna di steroidi in tutto il mondo. La nostra spedizione discreta garantisce che nessun altro sa che si acquista steroidi on-line.<\/p>\n<h2>Pi\u00f9 Anadrol Maxtreme Informazioni<\/h2>\n<p><b>50 schede ogni scheda contiene 50 mg di Oxymetholone<\/b><\/p>\n<p><strong>Classe di droga:<\/strong> Orale di Steroidi Androgeni e anabolizzanti<br \/>\n<strong>Consigliato dosaggio medio:<\/strong> Tra 50 e 150 mg\/giorno per gli uomini<br \/>\n<strong>Vita attiva:<\/strong> al di Sotto di 16 ore;<br \/>\n<strong>La ritenzione di acqua:<\/strong> Molto alta<br \/>\n<strong>Tossico per il fegato:<\/strong> S\u00ec<br \/>\n<strong>Diminuisce la funzione HPTA<\/strong>: S\u00ec<br \/>\n<strong>DTH Conversione<\/strong>: Derivati di DTH<\/p>\n<blockquote><p>Anadrol \u00e8 considerato un potente androgeno orale e va sotto il nome di marca Anadrol 50, negli Stati Uniti. Questo steroide anabolizzante \u00e8 stata prodotta per la prima volta nel 1960 dalla societ\u00e0 farmaceutica internazionale Syntex. <strong>Come Anadrol o Oxymetholone \u00e8 noto per aumentare il numero di globuli rossi in modo abbastanza efficace, \u00e8 stato prima utilizzato per il trattamento di casi gravi di Anemia.<\/strong> Come meglio non-steroidei farmaci sono stati trovati per il trattamento di Anemia, Anadrol \u00e8 caduto in disgrazia ed \u00e8 stato interrotto nel 1993, negli Stati Uniti.<\/p><\/blockquote>\n<p><strong>Tuttavia, Anadrol ha l&#8217;effetto positivo di molti steroidi forti, senza gravi effetti collaterali.<\/strong> Inoltre, recenti studi con l&#8217;HIV\/AIDS, dimostrano gli effetti benefici di oxymetholone. Il dosaggio raccomandato per gli atleti di sesso maschile \u00e8 di 50 mg a 150 mg al giorno. In generale, il dosaggio raccomandato per l&#8217;Anadrol 50 \u00e8 di 1 a 5 mg per kg di peso corporeo. Anche se ad alto dosaggio non \u00e8 necessario e il farmaco \u00e8 disponibile in forma di 50mg tablets, gli atleti devono prendere solo tra 1 e 3 compresse al giorno. Anadrol 50 non dovrebbe essere utilizzato per pi\u00f9 di 4-6 settimane.<\/p>\n<p><em><a href=\"http:\/\/getanabolics.biz\/it\/acquistare-clomid-online-su-getanabolics-biz\/\">Gli effetti di questo steroide \u2013 Anadrol 50<\/a> &#8211; pu\u00f2 essere abbastanza drastica, con risultati visibili in poco tempo. Considerato il pi\u00f9 potente steroide androgeno da molti, l&#8217;utilizzo di questo farmaco da un principiante pu\u00f2 portare a un considerevole guadagno di massa tra i 20 e i 30 kg. Tale massiccio aumento di peso pu\u00f2 essere raggiunto in circa 6 settimane. Anadrol 50 risultati di ritenzione di acqua alta, tanto peso e massa di guadagno pu\u00f2 essere attribuito a gonfiore. A causa della ritenzione idrica, i muscoli dell&#8217;utente sono pieni e le articolazioni sono pi\u00f9 protetti, come la lubrificazione \u00e8 fornito da acqua immagazzinata nel tessuto connettivo. Anche questo aumenta l&#8217;elasticit\u00e0 e riduce il rischio di lesioni durante i faticosi esercizi e allenamento con i pesi. L&#8217;uso di Anadrol 50 d\u00e0 anche un aspetto pi\u00f9 uniforme e pu\u00f2 rendere l&#8217;utente a sentirsi pi\u00f9 sicuri a causa del rapido guadagno di massa.<\/em><\/p>\n<p><strong>Come un potente steroide, che ha molti effetti collaterali.<\/strong> Il guadagno rapido di massa, possono causare danni di pettorali e bicipiti tessuti. Gli utenti, inoltre, hanno la possibilit\u00e0 di sviluppo di ginecomastia e altri estrogeni problemi correlati. <a href=\"http:\/\/getanabolics.biz\/it\/caratteristiche-di-brevi-corsi-di-steroidi\/\">Altre imbarazzante e gli effetti collaterali <\/a>indesiderati di Anadrol 50 includono la pelle grassa, acne grave, e l&#8217;eccessiva del viso e dei capelli del corpo. La calvizie maschile pu\u00f2 anche essere aggravata dall&#8217;uso di questo farmaco. \u00c8 anche molto stressante per il fegato e pu\u00f2 portare a danni al fegato se utilizzati a dosaggi molto elevati per troppo tempo. Gli atleti di sesso femminile si consiglia di non utilizzare Anadrol 50 \u00e8 troppo androgeni.<\/p>\n<h3>Leggi di pi\u00f9<\/h3>\n<p><a href=\"http:\/\/getanabolics.biz\/it\/ottimi-risultati-del-miglior-trenbolone-acetato\/\">GRANDI RISULTATI DAL MIGLIOR ACETATO DI TRENBOLONE<\/a><\/p>\n<p><a href=\"http:\/\/getanabolics.biz\/it\/tutto-quello-che-ce-da-sapere-sul-anadrol\/\">TUTTO QUELLO CHE DEVI SAPERE SU ANADROL<\/a><\/p>\n<p><a href=\"http:\/\/getanabolics.biz\/it\/leffetto-degli-steroidi-sulla-pelle-umana\/\">L&#8217;EFFETTO DELLA STEROIDI SULLA PELLE UMANA<\/a><\/p>\n<p><a href=\"http:\/\/getanabolics.biz\/it\/raccogli-una-massa-secca-senza-effetti-collaterali\/\">RACCOGLI UNA MASSA ASCIUTTA SENZA EFFETTI COLLATERALI<\/a><\/p>\n<p><a href=\"http:\/\/getanabolics.biz\/it\/quale-dovrebbe-essere-la-durata-del-corso-degli-steroidi\/\">COSA DEVE ESSERE LA DURATA DEL CORSO DI STEROIDI?<\/a><\/p>\n","protected":false},"excerpt":{"rendered":"<p>Pacchetto: 50 schede ogni scheda contiene 50 mg di Oxymetholone<br \/>Produttore: Maxtreme<br \/>Marca: Anadrol<br \/>Conosciuto anche come: Max-Drol<\/p>\n","protected":false},"featured_media":1078,"comment_status":"open","ping_status":"closed","template":"","meta":[],"product_cat":[109,119],"product_tag":[61],"_links":{"self":[{"href":"https:\/\/getanabolics.biz\/it\/wp-json\/wp\/v2\/product\/800"}],"collection":[{"href":"https:\/\/getanabolics.biz\/it\/wp-json\/wp\/v2\/product"}],"about":[{"href":"https:\/\/getanabolics.biz\/it\/wp-json\/wp\/v2\/types\/product"}],"replies":[{"embeddable":true,"href":"https:\/\/getanabolics.biz\/it\/wp-json\/wp\/v2\/comments?post=800"}],"wp:featuredmedia":[{"embeddable":true,"href":"https:\/\/getanabolics.biz\/it\/wp-json\/wp\/v2\/media\/1078"}],"wp:attachment":[{"href":"https:\/\/getanabolics.biz\/it\/wp-json\/wp\/v2\/media?parent=800"}],"wp:term":[{"taxonomy":"product_cat","embeddable":true,"href":"https:\/\/getanabolics.biz\/it\/wp-json\/wp\/v2\/product_cat?post=800"},{"taxonomy":"product_tag","embeddable":true,"href":"https:\/\/getanabolics.biz\/it\/wp-json\/wp\/v2\/product_tag?post=800"}],"curies":[{"name":"wp","href":"https:\/\/api.w.org\/{rel}","templated":true}]}}