{"id":799,"date":"2017-04-27T10:33:38","date_gmt":"2017-04-27T11:09:21","guid":{"rendered":"http:\/\/getanabolics.biz\/product\/cytomel-t3-25-50-schede-di-25-mcg-liothyronine-sodio\/"},"modified":"2018-01-18T11:16:12","modified_gmt":"2018-01-18T11:16:12","slug":"cytomel-t3-25-50-tabs-each-25-mcg-liothyronine-sodium","status":"publish","type":"product","link":"https:\/\/getanabolics.biz\/it\/prodotto\/cytomel-t3-25-50-tabs-each-25-mcg-liothyronine-sodium\/","title":{"rendered":"Cytomel (T3) &#8211; 25 &#8211; Maxtreme"},"content":{"rendered":"<h2>Comprare Cytomel (T3) &#8211; 25 &#8211; Maxtreme (T3-Max-25)<\/h2>\n<p><a title=\"Comprare Cytomel (T3) - 25 al GetAnabolics\"><img src=\"http:\/\/getanabolics.biz\/images\/cytomel-meditech.jpg\" alt=\"T3-Max-25\" width=\"30%\" align=\"right\" \/><\/a><br \/>\nPer chi \u00e8 alla ricerca di Cytomel (T3) &#8211; 25 e chiedendo dove acquistare Cytomel (T3) &#8211; 25 dal Maxtreme fatta offriamo T3-Max-25 come la scelta migliore per i veri bodybuilder.<br \/>\nDa oggi una <strong>grande variet\u00e0 di steroidi iniettabili cos\u00ec come gli steroidi per via orale e ciclo di terapia post<\/strong> dal Maxtreme possono essere acquistati in GetAnabolics. Siamo lieti di presentarvi il nuovo Cytomel (T3) &#8211; 25 da <span style=\"font-weight: bold;\">Maxtreme<\/span>.<br \/>\n<em>Tutti i prodotti che offriamo sono di autentico, di alta qualit\u00e0 composti e hanno un unico obiettivo: aiutare le persone a ottenere la massa muscolare, la forza complessiva, per bruciare i grassi, e di aiutarli nel cammino di perfezione fisica. Per creare un costruttivo e civile connessione con i nostri clienti, noi faremo il massimo sforzo per garantire un servizio di alta qualit\u00e0 e approccio di ogni persona che indirizzo il nostro negozio con cortesia e rispetto.<\/em><br \/>\nLa costruzione e il mantenimento di un corpo splendido, richiedono una combinazione di metodi. Una dieta corretta \u00e8 la prima nella lista delle componenti essenziali necessari per il corpo. In secondo luogo, assicurarsi sempre di <strong>acquistare e utilizzare steroidi legali online<\/strong> non solo per evitare il conflitto con la legge, ma la cosa pi\u00f9 importante, per evitare complicazioni di salute.<br \/>\n<span style=\"font-weight: bold;\">GetAnabolics.Biz<\/span> \u00e8 la online steroidi fornitore appositamente creato e dedicato a fornire a ciascun atleta bodybuilder con i migliori steroidi anabolizzanti a prezzi scontati. Abbiamo scelto marchi pi\u00f9 affidabili di collaborare con, al fine di garantire la sicurezza, la vera e top-notch steroidi per i nostri clienti.<br \/>\nSpedizione steroidi molto in sicurezza \u00e8 la preoccupazione principale per la consegna di steroidi in tutto il mondo. La nostra spedizione discreta garantisce che nessun altro sa che si acquista steroidi on-line.<\/p>\n<h2>Pi\u00f9 Cytomel (T3) &#8211; 25 Maxtreme Informazioni<\/h2>\n<p><b>50 compresse ogni 25 mcg Liothyronine sodio<\/b><\/p>\n<p>Classe di droga: ormone tiroideo Sintetico<br \/>\nConsigliato dosaggio medio: Tra i 25 e i 100 mcg\/giorno<\/p>\n<blockquote><p><a href=\"http:\/\/getanabolics.biz\/it\/prodotto\/cytomel-t3-100-50-tabs-each-100-mcg-liothyronine-sodium\/\">Cytomel <\/a>\u00e8 la forma sintetica dell&#8217;ormone tiroideo noto come triiodiothyronine o T3. Questo ormone sintetico \u00e8 stato originariamente prodotto per il trattamento di Ipotiroidismo ed \u00e8 ancora utilizzato principalmente per il trattamento di questa condizione. L&#8217;ipotiroidismo \u00e8 una condizione in cui le quantit\u00e0 insufficiente di ormoni tiroidei vengono prodotti e pu\u00f2 essere causato da carenze di iodio e disfunzioni dell&#8217;ipofisi. Il T3 ormone \u00e8 essenziale per il corpo come regola l&#8217;attivit\u00e0 metabolica, il tasso di crescita, la funzione del cuore, etc. L&#8217;ormone stimolante la tiroide o TSH regola i livelli di T3 nel corpo.<\/p><\/blockquote>\n<p>Tuttavia, con l&#8217;uso di <a href=\"http:\/\/getanabolics.biz\/it\/prodotto\/cytomel-t3-25-30-compresse-ogni-25-mcg-liothyronine-sodio\/\">Cytomel<\/a>, la quantit\u00e0 di T3 pu\u00f2 essere aumentata di pi\u00f9 di quello che TSH sar\u00e0 permesso di soggiorno. Come risultato, Cytomel \u00e8 molto popolare con gli atleti e body builders come si pu\u00f2 aumentare l&#8217;attivit\u00e0 metabolica e la velocit\u00e0 con cui l&#8217;energia \u00e8 utilizzata nel corpo. Cytomel consuma energia grezza che aumenta l&#8217;attivit\u00e0 metabolica nel corpo e grasso depositato nel corpo \u00e8 bruciata anche molto pi\u00f9 veloce di se solo il T3 ormone \u00e8 presente. Tuttavia, adeguate fonti di grassi dovrebbe essere disponibile come fonti di energia come Cytomel pu\u00f2 anche abbattere il tessuto muscolare quando nessun altra fonte di energia \u00e8 disponibile.<\/p>\n<p><em>Cytomel deve essere utilizzato in combinazione con uno steroide anabolizzante.<a href=\"http:\/\/getanabolics.biz\/it\/acquistare-clomid-online-su-getanabolics-biz\/\"> Quando usato da solo<\/a>, \u00e8 solo portare alla rottura del tessuto muscolare. Cytomel \u00e8 spesso usato poco prima i principali eventi sportivi e competizioni per bruciare il grasso in eccesso. Un Cytomel ciclo dovrebbe essere iniziato con basse dosi di 25mcg al giorno, con aumenti graduali di 12,5 mcg sia per gli uomini e le donne. Il dosaggio massimo per gli uomini \u00e8 150mcg al giorno e 100 mcg al giorno per le donne. Un Cytomel ciclo non deve superare le 6-8 settimane e gli utenti devono monitorare attentamente i loro corpi e il peso.<\/em><\/p>\n<p><strong>Cytomel aumenta l&#8217;efficienza proteica del corpo e il tasso al quale la proteina \u00e8 rotto verso il basso \u00e8 anche aumentato.<\/strong> Questo significa che la proteina \u00e8 utilizzata molto meglio. Aumenta anche il tasso di glicogeno \u00e8 rotto e il glucosio viene metabolizzato e come questo aumenta, il corpo inizia a utilizzare il backup memorizzati riserve di grasso pi\u00f9 velocemente. <strong>Assunzione di Cytomel<\/strong>, inoltre, aumenta il tasso di colesterolo \u00e8 rotto.<\/p>\n<p>Tuttavia, ci sono alcuni effetti collaterali difficili da utilizzare Cytomel. In primo luogo, pu\u00f2 portare a perdita di tessuto muscolare, che pu\u00f2 essere dannoso per le prestazioni degli atleti e body builders. Sudorazione eccessiva, insonnia e mal di testa sono altri effetti collaterali comuni. Dopo un uso prolungato di Cytomel, le donne spesso osservare una rottura nella loro cicli mestruali come risultato di molto bassa percentuale di grasso corporeo. <strong>Come accennato in precedenza<\/strong>, Cytomel devono essere sempre prese con gli steroidi anabolizzanti.<\/p>\n<h3>Leggi di pi\u00f9<\/h3>\n<p><a href=\"http:\/\/getanabolics.biz\/it\/acquistare-dianabol-online-su-getanabolics-biz\/\">ACQUISTA DIANABOL ONLINE SU GETANABOLICS.BIZ<\/a><\/p>\n<p><a href=\"http:\/\/getanabolics.biz\/it\/winstrol-che-cosa-e-e-per-che-cosa-e\/\">WINSTROL, CHE COS&#8217;\u00c8 E PER COSA SERVE?<\/a><\/p>\n<p><a href=\"http:\/\/getanabolics.biz\/it\/recensioni-cytomel-t3-su-getanabolics-biz\/\">CYTOMEL T3 RECENSIONI SU GETANABOLICS.BIZ<\/a><\/p>\n<p><a href=\"http:\/\/getanabolics.biz\/it\/pausa-tra-steroidi-e-pct\/\">PAUSA TRA CORSI STEROIDI E PCT<\/a><\/p>\n<p><a href=\"http:\/\/getanabolics.biz\/it\/quanto-e-efficace-il-ponte-steroideo\/\">QUANTO EFFICACE \u00c8 IL PONTE STEROID?<\/a><\/p>\n","protected":false},"excerpt":{"rendered":"<p>Pacchetto: 50 schede di 25 mcg Liothyronine sodio<br \/>Produttore: Maxtreme<br \/>Marca: Cytomel (T3) &#8211; 25<br \/>Conosciuto anche come: T3-Max-25<\/p>\n","protected":false},"featured_media":540,"comment_status":"open","ping_status":"closed","template":"","meta":[],"product_cat":[129,109],"product_tag":[61],"_links":{"self":[{"href":"https:\/\/getanabolics.biz\/it\/wp-json\/wp\/v2\/product\/799"}],"collection":[{"href":"https:\/\/getanabolics.biz\/it\/wp-json\/wp\/v2\/product"}],"about":[{"href":"https:\/\/getanabolics.biz\/it\/wp-json\/wp\/v2\/types\/product"}],"replies":[{"embeddable":true,"href":"https:\/\/getanabolics.biz\/it\/wp-json\/wp\/v2\/comments?post=799"}],"wp:featuredmedia":[{"embeddable":true,"href":"https:\/\/getanabolics.biz\/it\/wp-json\/wp\/v2\/media\/540"}],"wp:attachment":[{"href":"https:\/\/getanabolics.biz\/it\/wp-json\/wp\/v2\/media?parent=799"}],"wp:term":[{"taxonomy":"product_cat","embeddable":true,"href":"https:\/\/getanabolics.biz\/it\/wp-json\/wp\/v2\/product_cat?post=799"},{"taxonomy":"product_tag","embeddable":true,"href":"https:\/\/getanabolics.biz\/it\/wp-json\/wp\/v2\/product_tag?post=799"}],"curies":[{"name":"wp","href":"https:\/\/api.w.org\/{rel}","templated":true}]}}