{"id":798,"date":"2017-04-27T10:33:38","date_gmt":"2017-04-27T11:09:21","guid":{"rendered":"http:\/\/getanabolics.biz\/product\/azolol-azolol-100-schede-ciascuna-contiene-10-mg-di-stanozolol\/"},"modified":"2018-01-18T11:44:03","modified_gmt":"2018-01-18T11:44:03","slug":"azolol-azolol-100-tabs-each-contains-10-mg-stanozolol","status":"publish","type":"product","link":"https:\/\/getanabolics.biz\/it\/prodotto\/azolol-azolol-100-tabs-each-contains-10-mg-stanozolol\/","title":{"rendered":"Azolol &#8211; Maxtreme"},"content":{"rendered":"<h2>Comprare Azolol &#8211; Maxtreme (Stan-Max)<\/h2>\n<p><a title=\"Comprare Azolol al GetAnabolics\"><img src=\"http:\/\/getanabolics.biz\/images\/azolol-british-dispensary-winstrol.jpg\" alt=\"Stan-Max\" width=\"30%\" align=\"right\" \/><\/a><br \/>\nPer chi \u00e8 alla ricerca di Azolol e chiedendo dove acquistare Azolol dal Maxtreme fatta offriamo Stan-Max come la scelta migliore per i veri bodybuilder.<br \/>\nDa oggi una <strong>grande variet\u00e0 di steroidi iniettabili cos\u00ec come gli steroidi per via orale e ciclo di terapia post<\/strong> dal Maxtreme possono essere acquistati in GetAnabolics. Siamo lieti di presentarvi il nuovo Azolol da <span style=\"font-weight: bold;\">Maxtreme<\/span>.<br \/>\n<em>Tutti i prodotti che offriamo sono di autentico, di alta qualit\u00e0 composti e hanno un unico obiettivo: aiutare le persone a ottenere la massa muscolare, la forza complessiva, per bruciare i grassi, e di aiutarli nel cammino di perfezione fisica. Per creare un costruttivo e civile connessione con i nostri clienti, noi faremo il massimo sforzo per garantire un servizio di alta qualit\u00e0 e approccio di ogni persona che indirizzo il nostro negozio con cortesia e rispetto.<\/em><br \/>\n<em>La costruzione e il mantenimento di un corpo splendido, richiedono una combinazione di metodi. Una dieta corretta \u00e8 la prima nella lista delle componenti essenziali necessari per il corpo. In secondo luogo, assicurarsi sempre di <strong>acquistare e utilizzare steroidi legali online<\/strong> non solo per evitare il conflitto con la legge, ma la cosa pi\u00f9 importante, per evitare complicazioni di salute.<\/em><br \/>\n<em><span style=\"font-weight: bold;\">GetAnabolics.Biz<\/span> \u00e8 la online steroidi fornitore appositamente creato e dedicato a fornire a ciascun atleta bodybuilder con i migliori steroidi anabolizzanti a prezzi scontati. Abbiamo scelto marchi pi\u00f9 affidabili di collaborare con, al fine di garantire la sicurezza, la vera e top-notch steroidi per i nostri clienti.<\/em><br \/>\nSpedizione steroidi molto in sicurezza \u00e8 la preoccupazione principale per la consegna di steroidi in tutto il mondo. La nostra spedizione discreta garantisce che nessun altro sa che si acquista steroidi on-line.<\/p>\n<h2>Pi\u00f9 Azolol Maxtreme Informazioni<\/h2>\n<p><b> Azolol 100 schede ciascuna contiene 10 mg di Stanozolol<\/b><\/p>\n<blockquote><p><a href=\"http:\/\/getanabolics.biz\/it\/prodotto\/winstrol-tabs-10-acquistare-pillole-winstrol-50-schede-ciascuna-contiene-10-mg-di-stanozolol\/\">Winstrol <\/a>\u00e8 molto popolare per via orale o iniettabili steroidi anabolizzanti androgeni. Si ranghi fino l\u00ec con deca e dianabol come pi\u00f9 ampiamente usato e abusato di droga da parte di atleti competitivi.<\/p>\n<p>Stanozolol \u00e8 comunemente riferito come winny (winstrol). Winstrol \u00e8 disponibile in due forme, come accennavo prima, sia in forma orale e iniettabile. Le iniezioni sono lo stesso con l&#8217;altro composto, come la forma orale del farmaco. Tuttavia, a causa di questa caratteristica, non pu\u00f2 essere esterificato per il tempo di rilascio. Winstrol ha una breve vita attiva di circa 8 ore.<\/p>\n<p>Winstrol contrasta estrogenici effetti collaterali come gyno e ritenzione idrica &#8211; un&#8217;altra qualit\u00e0, che lo rende attraente per l&#8217;atleta in cerca di guadagni di massa magra.<a href=\"http:\/\/getanabolics.biz\/it\/caratteristiche-di-brevi-corsi-di-steroidi\/\"> Winstrol \u00e8 un 5-alfa ridotto substrato.<\/a> 5-alfa-riduzione rompe il doppio legame tra le posizioni 4 e 5, che \u00e8 ci\u00f2 che \u00e8 necessario per aromatasi per la conversione in estrogeni. L&#8217;aromatasi \u00e8 un enzima principale utilizzato per la produzione di estrogeni all&#8217;interno del corpo maschile. Per evitare gyno, winstrol \u00e8 adatto.<\/p><\/blockquote>\n<h1>Azolol Per la Vendita<\/h1>\n<p>Dal winstrol non \u00e8 in grado di convertire in estrogeni, anti-estrogeni farmaci accessorie come nolvadex o clomid non sono necessari quando si utilizza questo steroide. Gyno non sar\u00e0 un problema anche per i pi\u00f9 sensibili le persone durante l&#8217;utilizzo di questo steroide. Winstrol \u00e8 eccellente per l&#8217;aumento della massa magra dato che la ritenzione idrica \u00e8 ridotta quando si utilizza questo steroide. Questo \u00e8 dovuto al fatto che gli estrogeni \u00e8 la causa di ritenzione idrica. \u00c8 eccellente per l&#8217;uso tra gli atleti che sono alla ricerca di una combinazione di forza e velocit\u00e0.<\/p>\n<p><em>Un altro punto su stanozolol \u00e8 il suo presunto anti-progestagenic effetti. Winstrol \u00e8 detto di legare e di competere per una posizione presso il recettore del progesterone, nello stesso modo che clomid o nolvadex fa al recettore degli estrogeni. Questo \u00e8 detto per provocare winstrol per inibire gli effetti progestagenic. Progesterone gioca un ruolo nello sviluppo di gyno in quanto pu\u00f2 aggravare estrogenici effetti collaterali da estrogeni agonizzante e svolge un ruolo importante anche nella gyno.<\/em><\/p>\n<p>Winstrol, come dianabol, non deve essere utilizzato per lunghi periodi di tempo, poich\u00e9 si tratta di una di 17-alfa-alchilati sostanza. Utilizzando per molto pi\u00f9 di 4-6 settimane non \u00e8 consigliabile. Alcuni atleti sono stati conosciuti per usare per otto settimane o anche di pi\u00f9, ma i valori epatici sono una possibilit\u00e0, se questo \u00e8 il caso. Per ragioni di sicurezza, una lunga durata di utilizzo non \u00e8 raccomandato. 4-6 settimane permetter\u00e0 all&#8217;utente di avere buoni risultati e aggiungere una spinta al suo ciclo di steroidi, soprattutto se in pi\u00f9 la funzione iniettabile estere. La ragione per risultati rapidi con winstrol \u00e8 a causa della sua breve vita attiva e combinato con una maggiore frequenza di iniezione o per via orale consumo, i risultati sono abbastanza veloce. <a href=\"http:\/\/getanabolics.biz\/it\/prodotto\/dianabol-buy-d-bol-100-tabs-each-contains-10-mg-methandienone\/\">Dianabol <\/a>\u00e8 utilizzato anche per questo scopo.<\/p>\n<p><em>Quando si utilizza il winstrol, molti dei soliti effetti collaterali sono rari. Questi includono l&#8217;acne, ritenzione idrica, pressione arteriosa alta, e aromatizzazione leader per gyno. Winstrol non viene convertito in DHT e il risultato \u00e8 molto minimale soppressione dell&#8217;HPTA. Tuttavia, poich\u00e9 si tratta di un 17-alfa-alchilati substrato, la tossicit\u00e0 epatica \u00e8 una preoccupazione in dosi elevate di winstrol o quando viene utilizzato per lunghi periodi di tempo. Tuttavia, \u00e8 leggermente inferiore rispetto alla maggior parte hepatoxic altri 17-AA steroidi. Elevazione valori del fegato \u00e8 tuttavia comune con winstrol, se utilizzati per lunghi periodi di tempo o ad alte dosi.<\/em><\/p>\n<p>Il dosaggio normale per gli uomini \u00e8 tra 30-70 mg al giorno per le compresse e di 25-50 mg al giorno per la versione iniettabile di winstrol. Winstrol \u00e8 spesso combinato con altri steroidi a seconda di obiettivi personali dell&#8217;atleta. Per aumentare la massa muscolare massa (massa), winstrol \u00e8 meglio combinato con un pi\u00f9 forte androgeni come il testosterone. Questo dar\u00e0 il ciclo di un buon effetto anabolizzante, minimizzando l&#8217;attivit\u00e0 estrogenica. Questo si traduce in un eccellente aumenta la massa muscolare magra, invece del pi\u00f9 comune ciclo di massa che aumenta notevolmente la massa muscolare, mentre anche aumentando la ritenzione di acqua e di alcuni vantaggi in grasso. Per perdere grasso (tagliare), winstrol \u00e8 meglio combinato con un non-aromatizzare androgeni come trenbolone o halotestin. Questa combinazione pu\u00f2 creare un forte stato definito, sguardo duro. Questo \u00e8 un aspetto molto attraente, cercato da molti bodybuilders.<br \/>\nLe donne dovrebbero prendere circa 5-10 mg al giorno per la lunghezza consigliata di tempo di 4-6 settimane.<\/p>\n<h3>Leggi di pi\u00f9<\/h3>\n<p><a href=\"http:\/\/getanabolics.biz\/it\/posso-risparmiare-peso-dopo-un-corso-di-steroidi\/\">POSSO SALVARE IL PESO DOPO UN CORSO DI STEROIDO?<\/a><\/p>\n<p><a href=\"http:\/\/getanabolics.biz\/it\/creatina-su-un-ciclo-di-steroidi\/\">CREATINA SU UN CORSO DI STEROIDI<\/a><\/p>\n<p><a href=\"http:\/\/getanabolics.biz\/it\/quale-dovrebbe-essere-la-durata-del-corso-degli-steroidi\/\">COSA DEVE ESSERE LA DURATA DEL CORSO DI STEROIDI?<\/a><\/p>\n<p><a href=\"http:\/\/getanabolics.biz\/it\/acquistare-clomid-online-su-getanabolics-biz\/\">ACQUISTA CLOMID ONLINE SU GETANABOLICS.BIZ<\/a><\/p>\n<p><a href=\"http:\/\/getanabolics.biz\/it\/caratteristiche-di-brevi-corsi-di-steroidi\/\">CARATTERISTICHE DEI CORSI BREVI DI STEROIDI<\/a><\/p>\n","protected":false},"excerpt":{"rendered":"<p>Pacchetto: Azolol 100 schede ciascuna contiene 10 mg di Stanozolol<br \/>Produttore: Maxtreme<br \/>Marca: Azolol<br \/>Conosciuto anche come: Stan-Max<\/p>\n","protected":false},"featured_media":32350523,"comment_status":"open","ping_status":"closed","template":"","meta":[],"product_cat":[91,109],"product_tag":[61],"_links":{"self":[{"href":"https:\/\/getanabolics.biz\/it\/wp-json\/wp\/v2\/product\/798"}],"collection":[{"href":"https:\/\/getanabolics.biz\/it\/wp-json\/wp\/v2\/product"}],"about":[{"href":"https:\/\/getanabolics.biz\/it\/wp-json\/wp\/v2\/types\/product"}],"replies":[{"embeddable":true,"href":"https:\/\/getanabolics.biz\/it\/wp-json\/wp\/v2\/comments?post=798"}],"wp:featuredmedia":[{"embeddable":true,"href":"https:\/\/getanabolics.biz\/it\/wp-json\/wp\/v2\/media\/32350523"}],"wp:attachment":[{"href":"https:\/\/getanabolics.biz\/it\/wp-json\/wp\/v2\/media?parent=798"}],"wp:term":[{"taxonomy":"product_cat","embeddable":true,"href":"https:\/\/getanabolics.biz\/it\/wp-json\/wp\/v2\/product_cat?post=798"},{"taxonomy":"product_tag","embeddable":true,"href":"https:\/\/getanabolics.biz\/it\/wp-json\/wp\/v2\/product_tag?post=798"}],"curies":[{"name":"wp","href":"https:\/\/api.w.org\/{rel}","templated":true}]}}