{"id":796,"date":"2017-04-27T10:33:38","date_gmt":"2017-04-27T11:09:21","guid":{"rendered":"http:\/\/getanabolics.biz\/product\/dianabol-100-schede-ciascuna-contiene-10-mg-di-methandienone\/"},"modified":"2018-01-19T07:28:13","modified_gmt":"2018-01-19T07:28:13","slug":"dianabol-100-tabs-each-contains-10-mg-methandienone","status":"publish","type":"product","link":"https:\/\/getanabolics.biz\/it\/prodotto\/dianabol-100-tabs-each-contains-10-mg-methandienone\/","title":{"rendered":"Dianabol &#8211; Maxtreme"},"content":{"rendered":"<h2>Comprare Dianabol &#8211; Maxtreme (Max-One)<\/h2>\n<p><a title=\"Comprare Dianabol al GetAnabolics\"><img src=\"http:\/\/getanabolics.biz\/images\/dianabol-10-100-atlasp.jpg\" alt=\"Max-One\" width=\"30%\" align=\"right\" \/><\/a><br \/>\n<strong>Per chi \u00e8 alla ricerca di Dianabol e chiedendo dove acquistare Dianabol dal Maxtreme fatta offriamo Max-One come la scelta migliore per i veri bodybuilder.<\/strong><br \/>\n<strong> Da oggi una grande variet\u00e0 di steroidi iniettabili cos\u00ec come gli steroidi per via orale e ciclo di terapia post dal Maxtreme possono essere acquistati in GetAnabolics. Siamo lieti di presentarvi il nuovo Dianabol da Maxtreme.<\/strong><br \/>\n<strong> Tutti i prodotti che offriamo sono di autentico, di alta qualit\u00e0 composti e hanno un unico obiettivo: aiutare le persone a ottenere la massa muscolare, la forza complessiva, per bruciare i grassi, e di aiutarli nel cammino di perfezione fisica. Per creare un costruttivo e civile connessione con i nostri clienti, noi faremo il massimo sforzo per garantire un servizio di alta qualit\u00e0 e approccio di ogni persona che indirizzo il nostro negozio con cortesia e rispetto.<\/strong><br \/>\nLa costruzione e il mantenimento di un corpo splendido, richiedono una combinazione di metodi. Una dieta corretta \u00e8 la prima nella lista delle componenti essenziali necessari per il corpo. In secondo luogo, assicurarsi sempre di <strong>acquistare e utilizzare steroidi legali online<\/strong> non solo per evitare il conflitto con la legge, ma la cosa pi\u00f9 importante, per evitare complicazioni di salute.<br \/>\n<span style=\"font-weight: bold;\">GetAnabolics.Biz<\/span> \u00e8 la online steroidi fornitore appositamente creato e dedicato a fornire a ciascun atleta bodybuilder con i migliori steroidi anabolizzanti a prezzi scontati. Abbiamo scelto marchi pi\u00f9 affidabili di collaborare con, al fine di garantire la sicurezza, la vera e top-notch steroidi per i nostri clienti.<br \/>\nSpedizione steroidi molto in sicurezza \u00e8 la preoccupazione principale per la consegna di steroidi in tutto il mondo. La nostra spedizione discreta garantisce che nessun altro sa che si acquista steroidi on-line.<\/p>\n<h2>Pi\u00f9 Dianabol Maxtreme Informazioni<\/h2>\n<p><b>100 schede ciascuna contiene 10 mg di Methandienone<\/b><\/p>\n<p><strong>Nome farmaceutico:<\/strong> Methandrostenolone \/ methandienone<br \/>\n<strong>Denominazione chimica:<\/strong> 17a-methyl-17b-idrossi-1, 4-androstadien-3-1-Deidro-17-methyltestosterone methandienone<br \/>\n<strong>Peso molecolare<\/strong>: 300.44<br \/>\n<strong>Formula<\/strong>: C20H28O2<br \/>\n<strong>Punto di fusione:<\/strong> 159-164 gradi Celsius<br \/>\n<strong>Active Life<\/strong>: 3-8 ore<br \/>\n<strong>Tempo di rilevamento<\/strong>: fino a 6 settimane<br \/>\n<strong>Anabolizzanti\/Androgenico Rapporto (Range):<\/strong> 90-210:40-60<\/p>\n<blockquote><p><a href=\"http:\/\/getanabolics.biz\/it\/prodotto\/dianabol-buy-d-bol-100-tabs-each-contains-10-mg-methandienone\/\">Methandrostenolone <\/a>\u00e8 stato a lungo uno dei preferiti di forza gli atleti e culturisti dalla sua creazione nel 1956, con l&#8217;esplicito scopo della creazione \u00e8 per l&#8217;uso da parte degli atleti. \u00c8 stata la capacit\u00e0 del complesso di promuovere la drastica sintesi proteica, stimolare la forza in modo diretto e ad azione rapida, e la capacit\u00e0 di aumentare la glicogenolisi che ha reso cos\u00ec popolare, e i motivi della sua popolarit\u00e0 rimane alta di oggi.<\/p><\/blockquote>\n<p>In termini di uso medico, methandrostenolone \u00e8\/\u00e8 stato utilizzato nel trattamento di condizioni come la interstiziale-ipofisi insufficienza, cronica insufficienza corticosurrenale, tireotossicosi, diabetici angiopathies (retinopatia e nefropatia), steroidei farmaci diabete, e nanismo ipofisario, tra gli altri (1). Tuttavia, a causa della Food and Drug Administration e la convinzione che il composto \u00e8 stato utilizzato all&#8217;interno della comunit\u00e0 bodybuilding molto di pi\u00f9 che nel trattamento di condizioni mediche, ha ordinato che le aziende Americane annullare o interrompere la produzione nei primi anni del 1990. Numerose le aziende farmaceutiche al di fuori dei confini degli USA continuano a fare la droga, per\u00f2, ed \u00e8 la prevalenza sul mercato nero \u00e8 rimasto molto alto.<\/p>\n<p><b>Utilizzo\/Dosaggio<\/b><\/p>\n<p><em>Si pu\u00f2 concludere che l&#8217;uso migliore per methandrostenolone \u00e8 di breve termine con la maggior parte degli utenti preferendo utilizzare il prodotto per un periodo tra i quattro e i sei settimane, anche se alcuni prolungare l&#8217;utilizzo con limitate conseguenze per la salute, nonostante la sua forte hepatoxic effetti. Per la maggior parte, la maggior parte delle attivit\u00e0 ricreative iniziare admistering methandrostenolone all&#8217;inizio di una lunga pila di carica &#8220;jumpstart&#8221; guadagni di massa e forza. Tuttavia, \u00e8 l&#8217;uso prima di vari tipi di competizioni \u00e8 anche abbastanza comune, in modo che i suoi effetti sono realizzati in un periodo specifico.<\/em><\/p>\n<p>A causa della vita attiva, che \u00e8 da tre a otto ore, pi\u00f9 dosi durante la giornata di methandrostenolone dovrebbero essere utilizzati. \u00c8 meglio mantenere bloodlevels il pi\u00f9 uniformemente possibile, quindi dividendo dosi durante il giorno di iscrizione \u00e8 richiesto. Alcuni sostengono che la somministrazione del farmaco dovrebbe cessare un paio d&#8217;ore prima di dormire come sar\u00e0 causa di ulteriori HPTA arrestato, come la naturale produzione di testosterone durante il sonno potrebbe essere interessato. Tuttavia, se si stanno assumendo altri composti insieme con methandrostenolone, questi saranno gi\u00e0 di spegnere la naturale produzione di testosterone, quindi questa non \u00e8 una preoccupazione. In termini di dosaggio, \u00e8 stato riferito che le dosi di 10 mg possono aumentare androgeni attivit\u00e0 di cinque volte, cos\u00ec come un effetto di un 50% al 70% di diminuzione del cortisolo attivit\u00e0 (2). Nonostante questo, la maggior parte di evidenza aneddotica suggerisce che da venti a quaranta milligrammi \u00e8 la norma in termini di utenti prima volta (come accertato dall&#8217;aneddotica conoscenza \u00e8 spuntata da vari utenti). Tuttavia, le dosi che vanno da 100-150mg e superiore sono stati segnalati da alcuni utenti esperti. Come con la maggior parte dei ananbolic farmaci, i rendimenti sono apparentemente diminuito e il rischio di effetti collaterali come aumentare le dosi.<\/p>\n<p><a href=\"http:\/\/getanabolics.biz\/it\/caratteristiche-di-brevi-corsi-di-steroidi\/\">Simile a quasi tutti gli steroidi per via orale<\/a>, la stragrande maggioranza degli utenti di riconoscere il fatto che methandrostenolone non deve essere eseguito solo e soltanto impilato con altri composti. Questo \u00e8 dovuto al fatto che la maggior parte degli utenti che hanno eseguito methandrostenolone solo cyles hanno segnalato un aneddoto che \u00e8 estremamente difficile mantenere guadagni post ciclo. Tuttavia, lo stesso vale quando viene sospeso il farmaco e di avere altri composti &#8220;calcio&#8221;, se essi sono di lunga estere. \u00c8 spesso il caso che la ritenzione idrica percepito su methandrostenolone saranno versate, ma i guadagni di forza e massa rimarr\u00e0 a causa di altri composti presenti. Si pu\u00f2 affermare che, di conseguenza, i guadagni percepito su methandrostenolone \u00e8 di breve durata, non importa ci\u00f2 che le circostanze e il composto deve essere utilizzato solo come una soluzione rapida per la concorrenza o altro semplicemente come una motivazione in attesa di notare gli effetti di lungo estered composti. Tuttavia, altri sostengono che i guadagni si fanno mentre si utilizza il composto, in effetti, sono gestibili. Pertanto, la sperimentazione personale \u00e8, ancora una volta, l&#8217;unico modo per vedere come una persona reagisce.<\/p>\n<p><b> Rischi\/Effetti Collaterali <\/b><\/p>\n<p><em>Estrogenici effetti collaterali pu\u00f2 essere un problema con methandrostenolone, come si trasforma di estradiolo per via dell&#8217;aromatasi, anche se questo \u00e8 abbastanza modesto. L&#8217;alta pressione sanguigna, ritenzione idrica, gynocomastia, e l&#8217;acne sono tutti i possibili indesiderabili effetti collaterali durante l&#8217;utilizzo di methandrostenolone. Come parte, un elevato numero di utenti che hanno segnalato vivendo naso mentre si utilizza il composto. Alcuni attribuiscono questo aumento di pressione sanguigna, mentre altri non hanno notato un aumento nella loro pressione del sangue, ma ancora un aumento del numero di naso hanno durante l&#8217;utilizzo di methandrostenolone.<\/em><\/p>\n<p>L&#8217;uso di un inibitore dell&#8217;aromatasi come armidex o bloccante di estrogeni come nolvadex dovrebbe aiutare a contrastare alcuni di questi effetti collaterali. Come per la potenziale perdita di capelli, la androgeni metabolita 5-alfa dihydromethandrostenolone \u00e8 prodotto solo in tracce, e quindi la perdita dei capelli non dovrebbe essere un problema(3). Nella donna non \u00e8 raro per virilizzanti effetti indesiderati, tra cui la maggiore crescita di androgeno-sensibili capelli e approfondimento della voce, tra gli altri. Non ci sono modi per ridurre al minimo questi effetti collaterali nelle donne se sono esperti, oltre che per mantenere il dosaggio che \u00e8 fino a un minimo.<\/p>\n<p><strong>Come la maggior parte steroidi per via orale methandrostenolone \u00e8 di 17-alfa-alchilati, in modo che non pu\u00f2 essere suddiviso in 17-ketosteroid, e quindi rendere la sostanza inefficace. Tuttavia, in questo modo i valori del fegato a diventare elevati per un breve periodo di tempo. \u00c8 per questo motivo che l&#8217;uso a lungo termine di qualsiasi di 17-alfa-alchilati steroidi \u00e8 considerato pericoloso. Nonostante questo, per\u00f2, nessun danno a lungo termine dovrebbe essere, se l&#8217;uso \u00e8 tenuto a periodi relativamente brevi, con i valori del fegato di tornare ai livelli precedenti dopo l&#8217;uso \u00e8 interrotto in quasi tutti i casi (4).<\/strong><\/p>\n<p>Dovrebbe anche essere notato che methandrostenolone pu\u00f2 essere meno utile a quelli che competono in aerobico eventi in quanto diminuisce anche la respirazione cellulare(5). Questo pu\u00f2 inibire la capacit\u00e0 di un individuo di eseguire al massimo della loro capacit\u00e0.<\/p>\n<p><b>di raccordo con D-Bol: \u00c8 possibile?<\/b><\/p>\n<p>Una convinzione diffusa tra gli steroidi comunit\u00e0 \u00e8 che una piccola dose di methandrostenolone pu\u00f2 essere utilizzato per il &#8220;ponte&#8221; tra i cicli. Questo \u00e8 dovuto al fatto, come spiegato sopra, 10 mg presi in una sola volta consentir\u00e0 di aumentare le vostre medio livello di testosterone di cinque volte e diminuire la vostra endogeneous cosrtisone del 50-70%. Questo, insieme con la breve vita attiva del farmaco, suggeriscono che utilizzando una piccola dose prima cosa al risveglio \u00e8 pensato da alcuni per aiutare a combattere i problemi asscociated con l&#8217;uscita di steroidi anabolizzanti. Coincidendo la dose di methandrostenolone con il corpo di testosterone naturale, spike, al risveglio, molti sostenitori di &#8220;bridging&#8221; suggeriscono che il corpo sar\u00e0 in qualche modo essere ingannato a credere che questo picco \u00e8 naturale e che LH funzione rimarr\u00e0 solo parzialmente soppressa, come methandrostenolone \u00e8 una relativamente piccola influenza sulla naturale sistema endocrino(6). Le solite dosi consigliate per il bridging di solito \u00e8 di 10 mg al giorno.<\/p>\n<p><em>Nonostante le apparenze, questa teoria ha molto poco di prove a sostegno di se stesso, senza reali prove scientifiche suggeriscono che un ponte \u00e8 anche possibile, anche se scontato che la maggior parte del nostro lavoro di conoscenza passa attraverso tentativi ed errori. Tuttavia, anche il propnents di un &#8220;d-bol ponte&#8221; ammettere che il restauro completo di LH fucntion non essere raggiunto fino a quando uno \u00e8 completamente fuori di tutti i composti. Detto questo, \u00e8 improbabile che un &#8220;ponte&#8221; contribuir\u00e0 a mantenere la massa muscolare mentre si \u00e8 in grado di recuperare sia HPTA e funzione di LH. L&#8217;unica soluzione \u00e8 venuto completamente fuori tutte le sostanze ed eseguire una corretta terapia post-ciclo.<\/em><\/p>\n<p>Methandrostenolone \u00e8 uno steroide efficace, tuttavia, essa non deve essere diretto verso un obiettivo specifico, come la maggior parte dei composti dell&#8217;utilizzo non solo soddisfa una quantit\u00e0 limitata di effetti desiderati. Con questo in mente, methandrostenolone pu\u00f2 essere utilizzato in modo sicuro ed efficace.<br \/>\n<i> Riferimenti<br \/>\n1. Metkinen Online Profilo farmacologico, via internet, che si trova a http:\/\/www.metkinen.fi\/products\/ferm&#8230;androstenolone<br \/>\n2. Rea, Autore L., 2002, Chimica Potenziamento Muscolare: Bodybuilder\u00c3\u00a2\u00e2, \u00e2&#8221;\u00a2s Desk Reference<br \/>\n3. Llewellyn, William, Anabolizzanti 2004, 2003-4, Nutrizione Molecolare, pp. 93-6<br \/>\n4. Harrison LM, Fennessey PV., Methandrostenolone metabolismo nell&#8217;uomo: problemi potenziali associati con l&#8217;isolamento e l&#8217;identificazione di metaboliti, Steroid Biochem 1990 Aug 14;36(5):407-14<br \/>\n5. Blasberg ME, Langan CJ, Clark., Gli effetti del 17 alfa-methyltestosterone, methandrostenolone, e nandrolone decanoato su ratto ciclo estrale, Physiol Behav 1997 Feb;61(2)<br \/>\n6. Serakovskii S, Stuoie&#8217;koviak I., Effetto di methanedienone (methandrostenolone) su processi energetici e il metabolismo dei carboidrati nel fegato di ratto cellule, Farmakol Toksikol 1981 Mar-Apr;44(2):213-7<br \/>\n<\/i><\/p>\n<h3>Leggi di pi\u00f9<\/h3>\n<p><a href=\"http:\/\/getanabolics.biz\/it\/acquistare-dianabol-online-su-getanabolics-biz\/\">ACQUISTA DIANABOL ONLINE SU GETANABOLICS.BIZ<\/a><\/p>\n<p><a href=\"http:\/\/getanabolics.biz\/it\/winstrol-che-cosa-e-e-per-che-cosa-e\/\">WINSTROL, CHE COS&#8217;\u00c8 E PER COSA SERVE?<\/a><\/p>\n<p><a href=\"http:\/\/getanabolics.biz\/it\/recensioni-cytomel-t3-su-getanabolics-biz\/\">CYTOMEL T3 RECENSIONI SU GETANABOLICS.BIZ<\/a><\/p>\n<p><a href=\"http:\/\/getanabolics.biz\/it\/pausa-tra-steroidi-e-pct\/\">PAUSA TRA CORSI STEROIDI E PCT<\/a><\/p>\n<p><a href=\"http:\/\/getanabolics.biz\/it\/quanto-e-efficace-il-ponte-steroideo\/\">QUANTO EFFICACE \u00c8 IL PONTE STEROID?<\/a><\/p>\n","protected":false},"excerpt":{"rendered":"<p>Pacchetto: 100 schede ciascuna contiene 10 mg di Methandienone<br \/>Produttore: Maxtreme<br \/>Marca: Dianabol<br \/>Conosciuto anche come: Max-One<\/p>\n","protected":false},"featured_media":522,"comment_status":"open","ping_status":"closed","template":"","meta":[],"product_cat":[109,119],"product_tag":[61],"_links":{"self":[{"href":"https:\/\/getanabolics.biz\/it\/wp-json\/wp\/v2\/product\/796"}],"collection":[{"href":"https:\/\/getanabolics.biz\/it\/wp-json\/wp\/v2\/product"}],"about":[{"href":"https:\/\/getanabolics.biz\/it\/wp-json\/wp\/v2\/types\/product"}],"replies":[{"embeddable":true,"href":"https:\/\/getanabolics.biz\/it\/wp-json\/wp\/v2\/comments?post=796"}],"wp:featuredmedia":[{"embeddable":true,"href":"https:\/\/getanabolics.biz\/it\/wp-json\/wp\/v2\/media\/522"}],"wp:attachment":[{"href":"https:\/\/getanabolics.biz\/it\/wp-json\/wp\/v2\/media?parent=796"}],"wp:term":[{"taxonomy":"product_cat","embeddable":true,"href":"https:\/\/getanabolics.biz\/it\/wp-json\/wp\/v2\/product_cat?post=796"},{"taxonomy":"product_tag","embeddable":true,"href":"https:\/\/getanabolics.biz\/it\/wp-json\/wp\/v2\/product_tag?post=796"}],"curies":[{"name":"wp","href":"https:\/\/api.w.org\/{rel}","templated":true}]}}